{"id":11,"date":"2022-03-03T14:45:35","date_gmt":"2022-03-03T14:45:35","guid":{"rendered":"https:\/\/xlabstiftung.vwebfile-test.gwdg.de\/?page_id=11"},"modified":"2025-02-17T09:42:54","modified_gmt":"2025-02-17T09:42:54","slug":"xlab-stiftung","status":"publish","type":"page","link":"https:\/\/xlab-stiftung.de\/en\/","title":{"rendered":"XLAB Stiftung"},"content":{"rendered":"<h1 class=\"wp-block-heading has-large-font-size\">XLAB Stiftung<\/h1>\n\n\n\n<div style=\"height:29px\" aria-hidden=\"true\" class=\"wp-block-spacer\"><\/div>\n\n\n\n<h4 class=\"wp-block-heading\">Purpose of the foundation<\/h4>\n\n\n\n<div style=\"height:38px\" aria-hidden=\"true\" class=\"wp-block-spacer\"><\/div>\n\n\n\n<p class=\"block\">The purpose of the XLAB Foundation is to promote education, popular and vocational training, including student support, as well as science and research in the field of natural sciences, including the promotion of dialog between science and society.<\/p>\n\n\n\n<p class=\"block\">The purpose of the foundation is realized in particular by raising funds for experimentation courses for pupils from Germany and abroad, <a href=\"https:\/\/xlab-goettingen.de\/ueber-uns\/kurse-und-camps\/international-science-camp\">Internationale Science Camps<\/a>, <a href=\"https:\/\/xlab-goettingen.de\/angebote-fuer\/lehrerinnen\">Lehrerfortbildungen<\/a> as well as measures to promote science and research that are carried out in or in connection with the <a href=\"https:\/\/xlab-goettingen.de\/\">XLAB &#8211; G\u00f6ttinger Experimentallabor f\u00fcr junge Leute<\/a> - (...) be carried out.<\/p>\n\n\n\n<p class=\"block\">The foundation can also directly realize its tax-privileged purposes itself by establishing and operating a meeting center for education, science and research as well as building international networks and its own events such as lectures, workshops, courses and symposia.<\/p>\n\n\n\n<div style=\"height:49px\" aria-hidden=\"true\" class=\"wp-block-spacer\"><\/div>\n\n\n\n<h4 class=\"wp-block-heading\">Prof. Dr. Eva-Maria Neher<\/h4>\n\n\n\n<h5 class=\"wp-block-heading\">Founder and former director of the XLAB<\/h5>\n\n\n\n<div style=\"height:34px\" aria-hidden=\"true\" class=\"wp-block-spacer\"><\/div>\n\n\n\n<figure class=\"wp-block-image size-large emphasize-dark\"><img decoding=\"async\" loading=\"lazy\" width=\"1024\" height=\"683\" src=\"https:\/\/xlabstiftung.vwebfile-test.gwdg.de\/wp-content\/uploads\/2022\/03\/emn-1024x683.jpg\" alt=\"Prof. Dr. Eva-Maria Neher\" class=\"wp-image-15\" srcset=\"https:\/\/xlab-stiftung.de\/wp-content\/uploads\/2022\/03\/emn-1024x683.jpg 1024w, https:\/\/xlab-stiftung.de\/wp-content\/uploads\/2022\/03\/emn-300x200.jpg 300w, https:\/\/xlab-stiftung.de\/wp-content\/uploads\/2022\/03\/emn-768x512.jpg 768w, https:\/\/xlab-stiftung.de\/wp-content\/uploads\/2022\/03\/emn.jpg 1200w\" sizes=\"(max-width: 1024px) 100vw, 1024px\" \/><\/figure>\n\n\n\n<div style=\"height:27px\" aria-hidden=\"true\" class=\"wp-block-spacer\"><\/div>\n\n\n\n<h4 class=\"wp-block-heading\">Vita<\/h4>\n\n\n\n<p class=\"block\">Eva-Maria Neher embarked on a scientific career as a biochemist at the Max Planck Institute for Biophysical Chemistry and at the Medical Faculty of the University of G\u00f6ttingen. During a longer family phase, she accompanied the education of her five children and developed the concept of an experimental laboratory for school classes, with which she convinced politicians and university management. The XLAB - G\u00f6ttingen Experimental Laboratory for Young People was founded in 2000 and the characteristic laboratory building was inaugurated in 2004. Through numerous collaborations with research institutions and the annual International Science Camp, Eva-Maria Neher established the outstanding reputation of the XLAB in Germany and abroad. She established the XLAB Foundation, and as Chairwoman of the Board she continues to promote the XLAB.<\/p>\n\n\n\n<div style=\"height:45px\" aria-hidden=\"true\" class=\"wp-block-spacer\"><\/div>\n\n\n\n<h4 class=\"wp-block-heading\">Awards and offices (selection)<\/h4>\n\n\n\n<ul>\n<li>Communication Award of the Society for Biochemistry and Molecular Biology (2005)<\/li>\n\n\n\n<li>Lower Saxony State Prize (2007)<\/li>\n\n\n\n<li>Member of the Board of Trustees of HAWK (University of Applied Sciences and Arts, Hildesheim, Holzminden G\u00f6ttingen) since 2008, Chairwoman of the University Council since 2014<\/li>\n\n\n\n<li>Vertrauensdozentin der Studienstiftung des deutschen Volkes (2011-2019)<\/li>\n\n\n\n<li>Mitglied des Vorstands der GDN\u00c4 \u2013 Gesellschaft deutscher Naturforscher und \u00c4rzte (2013-2018), Pr\u00e4sidentin (2014-2016), Gast im Vorstand (seit 2019)<\/li>\n\n\n\n<li>Cross of Merit 1st Class of the Federal Republic of Germany (2013)<\/li>\n\n\n\n<li>Chairwoman of the University Council of the European University of Flensburg (2014-2021)<\/li>\n\n\n\n<li>Lower Saxony State Medal and Grand Cross of Merit of Lower Saxony (2018)<\/li>\n\n\n\n<li>Mitglied der Real European Academy of Doctors, Barcelona (seit 2019)<\/li>\n\n\n\n<li>Initiative Prize of the Susanne and Gerd Litfin Foundation (2019)<\/li>\n\n\n\n<li>University Medal Aureus Gottingensis of the University of G\u00f6ttingen (2023)<\/li>\n\n\n\n<li>Alexander von Humboldt Medal of the Society of German Natural Scientists and Physicians (GDN\u00c4) (2024)<\/li>\n<\/ul>","protected":false},"excerpt":{"rendered":"<p>XLAB Stiftung Stiftungszweck Zweck der XLAB-Stiftung ist die F\u00f6rderung der Erziehung, Volks- und Berufsbildung einschlie\u00dflich der Studentenhilfe sowie der Wissenschaft und Forschung auf&hellip;<\/p>","protected":false},"author":1,"featured_media":89,"parent":0,"menu_order":4,"comment_status":"closed","ping_status":"closed","template":"","meta":[],"yoast_head":"<!-- This site is optimized with the Yoast SEO plugin v21.2 - https:\/\/yoast.com\/wordpress\/plugins\/seo\/ -->\n<title>XLAB Stiftung - XLAB Stiftung<\/title>\n<meta name=\"description\" content=\"Zweck der XLAB Stiftung ist die F\u00f6rderung der Erziehung, Volks- und Berufsbildung einschlie\u00dflich der Studentenhilfe und der Wissenschaft und Forschung im Bereich der Naturwissenschaften, auch durch F\u00f6rderung des Dialogs zwischen Wissenschaft und Gesellschaft.\" \/>\n<meta name=\"robots\" content=\"index, follow, max-snippet:-1, max-image-preview:large, max-video-preview:-1\" \/>\n<link rel=\"canonical\" href=\"https:\/\/xlab-stiftung.de\/en\/\" \/>\n<meta property=\"og:locale\" content=\"en_US\" \/>\n<meta property=\"og:type\" content=\"article\" \/>\n<meta property=\"og:title\" content=\"XLAB Stiftung - XLAB Stiftung\" \/>\n<meta property=\"og:description\" content=\"Zweck der XLAB Stiftung ist die F\u00f6rderung der Erziehung, Volks- und Berufsbildung einschlie\u00dflich der Studentenhilfe und der Wissenschaft und Forschung im Bereich der Naturwissenschaften, auch durch F\u00f6rderung des Dialogs zwischen Wissenschaft und Gesellschaft.\" \/>\n<meta property=\"og:url\" content=\"https:\/\/xlab-stiftung.de\/en\/\" \/>\n<meta property=\"og:site_name\" content=\"XLAB Stiftung\" \/>\n<meta property=\"article:modified_time\" content=\"2025-02-17T09:42:54+00:00\" \/>\n<meta property=\"og:image\" content=\"https:\/\/xlab-stiftung.de\/wp-content\/uploads\/2022\/11\/logostiftung.jpg\" \/>\n\t<meta property=\"og:image:width\" content=\"2400\" \/>\n\t<meta property=\"og:image:height\" content=\"687\" \/>\n\t<meta property=\"og:image:type\" content=\"image\/jpeg\" \/>\n<meta name=\"twitter:card\" content=\"summary_large_image\" \/>\n<meta name=\"twitter:label1\" content=\"Est. reading time\" \/>\n\t<meta name=\"twitter:data1\" content=\"3 minutes\" \/>\n<script type=\"application\/ld+json\" class=\"yoast-schema-graph\">{\"@context\":\"https:\/\/schema.org\",\"@graph\":[{\"@type\":\"WebPage\",\"@id\":\"https:\/\/xlab-stiftung.de\/\",\"url\":\"https:\/\/xlab-stiftung.de\/\",\"name\":\"XLAB Stiftung - XLAB Stiftung\",\"isPartOf\":{\"@id\":\"https:\/\/xlab-stiftung.de\/#website\"},\"datePublished\":\"2022-03-03T14:45:35+00:00\",\"dateModified\":\"2025-02-17T09:42:54+00:00\",\"description\":\"Zweck der XLAB Stiftung ist die F\u00f6rderung der Erziehung, Volks- und Berufsbildung einschlie\u00dflich der Studentenhilfe und der Wissenschaft und Forschung im Bereich der Naturwissenschaften, auch durch F\u00f6rderung des Dialogs zwischen Wissenschaft und Gesellschaft.\",\"breadcrumb\":{\"@id\":\"https:\/\/xlab-stiftung.de\/#breadcrumb\"},\"inLanguage\":\"en-US\",\"potentialAction\":[{\"@type\":\"ReadAction\",\"target\":[\"https:\/\/xlab-stiftung.de\/\"]}]},{\"@type\":\"BreadcrumbList\",\"@id\":\"https:\/\/xlab-stiftung.de\/#breadcrumb\",\"itemListElement\":[{\"@type\":\"ListItem\",\"position\":1,\"name\":\"Startseite\",\"item\":\"https:\/\/xlab-stiftung.de\/\"},{\"@type\":\"ListItem\",\"position\":2,\"name\":\"XLAB Stiftung\"}]},{\"@type\":\"WebSite\",\"@id\":\"https:\/\/xlab-stiftung.de\/#website\",\"url\":\"https:\/\/xlab-stiftung.de\/\",\"name\":\"XLAB Stiftung\",\"description\":\"\",\"publisher\":{\"@id\":\"https:\/\/xlab-stiftung.de\/#organization\"},\"potentialAction\":[{\"@type\":\"SearchAction\",\"target\":{\"@type\":\"EntryPoint\",\"urlTemplate\":\"https:\/\/xlab-stiftung.de\/?s={search_term_string}\"},\"query-input\":\"required name=search_term_string\"}],\"inLanguage\":\"en-US\"},{\"@type\":\"Organization\",\"@id\":\"https:\/\/xlab-stiftung.de\/#organization\",\"name\":\"XLAB Stiftung\",\"url\":\"https:\/\/xlab-stiftung.de\/\",\"logo\":{\"@type\":\"ImageObject\",\"inLanguage\":\"en-US\",\"@id\":\"https:\/\/xlab-stiftung.de\/#\/schema\/logo\/image\/\",\"url\":\"https:\/\/xlab-stiftung.de\/wp-content\/uploads\/2023\/01\/ezgif.com-gif-maker-5.gif\",\"contentUrl\":\"https:\/\/xlab-stiftung.de\/wp-content\/uploads\/2023\/01\/ezgif.com-gif-maker-5.gif\",\"width\":2048,\"height\":230,\"caption\":\"XLAB Stiftung\"},\"image\":{\"@id\":\"https:\/\/xlab-stiftung.de\/#\/schema\/logo\/image\/\"}}]}<\/script>\n<!-- \/ Yoast SEO plugin. -->","yoast_head_json":{"title":"XLAB Stiftung - XLAB Stiftung","description":"Zweck der XLAB Stiftung ist die F\u00f6rderung der Erziehung, Volks- und Berufsbildung einschlie\u00dflich der Studentenhilfe und der Wissenschaft und Forschung im Bereich der Naturwissenschaften, auch durch F\u00f6rderung des Dialogs zwischen Wissenschaft und Gesellschaft.","robots":{"index":"index","follow":"follow","max-snippet":"max-snippet:-1","max-image-preview":"max-image-preview:large","max-video-preview":"max-video-preview:-1"},"canonical":"https:\/\/xlab-stiftung.de\/en\/","og_locale":"en_US","og_type":"article","og_title":"XLAB Stiftung - XLAB Stiftung","og_description":"Zweck der XLAB Stiftung ist die F\u00f6rderung der Erziehung, Volks- und Berufsbildung einschlie\u00dflich der Studentenhilfe und der Wissenschaft und Forschung im Bereich der Naturwissenschaften, auch durch F\u00f6rderung des Dialogs zwischen Wissenschaft und Gesellschaft.","og_url":"https:\/\/xlab-stiftung.de\/en\/","og_site_name":"XLAB Stiftung","article_modified_time":"2025-02-17T09:42:54+00:00","og_image":[{"width":2400,"height":687,"url":"https:\/\/xlab-stiftung.de\/wp-content\/uploads\/2022\/11\/logostiftung.jpg","type":"image\/jpeg"}],"twitter_card":"summary_large_image","twitter_misc":{"Est. reading time":"3 minutes"},"schema":{"@context":"https:\/\/schema.org","@graph":[{"@type":"WebPage","@id":"https:\/\/xlab-stiftung.de\/","url":"https:\/\/xlab-stiftung.de\/","name":"XLAB Stiftung - XLAB Stiftung","isPartOf":{"@id":"https:\/\/xlab-stiftung.de\/#website"},"datePublished":"2022-03-03T14:45:35+00:00","dateModified":"2025-02-17T09:42:54+00:00","description":"Zweck der XLAB Stiftung ist die F\u00f6rderung der Erziehung, Volks- und Berufsbildung einschlie\u00dflich der Studentenhilfe und der Wissenschaft und Forschung im Bereich der Naturwissenschaften, auch durch F\u00f6rderung des Dialogs zwischen Wissenschaft und Gesellschaft.","breadcrumb":{"@id":"https:\/\/xlab-stiftung.de\/#breadcrumb"},"inLanguage":"en-US","potentialAction":[{"@type":"ReadAction","target":["https:\/\/xlab-stiftung.de\/"]}]},{"@type":"BreadcrumbList","@id":"https:\/\/xlab-stiftung.de\/#breadcrumb","itemListElement":[{"@type":"ListItem","position":1,"name":"Startseite","item":"https:\/\/xlab-stiftung.de\/"},{"@type":"ListItem","position":2,"name":"XLAB Stiftung"}]},{"@type":"WebSite","@id":"https:\/\/xlab-stiftung.de\/#website","url":"https:\/\/xlab-stiftung.de\/","name":"XLAB Stiftung","description":"","publisher":{"@id":"https:\/\/xlab-stiftung.de\/#organization"},"potentialAction":[{"@type":"SearchAction","target":{"@type":"EntryPoint","urlTemplate":"https:\/\/xlab-stiftung.de\/?s={search_term_string}"},"query-input":"required name=search_term_string"}],"inLanguage":"en-US"},{"@type":"Organization","@id":"https:\/\/xlab-stiftung.de\/#organization","name":"XLAB Stiftung","url":"https:\/\/xlab-stiftung.de\/","logo":{"@type":"ImageObject","inLanguage":"en-US","@id":"https:\/\/xlab-stiftung.de\/#\/schema\/logo\/image\/","url":"https:\/\/xlab-stiftung.de\/wp-content\/uploads\/2023\/01\/ezgif.com-gif-maker-5.gif","contentUrl":"https:\/\/xlab-stiftung.de\/wp-content\/uploads\/2023\/01\/ezgif.com-gif-maker-5.gif","width":2048,"height":230,"caption":"XLAB Stiftung"},"image":{"@id":"https:\/\/xlab-stiftung.de\/#\/schema\/logo\/image\/"}}]}},"_links":{"self":[{"href":"https:\/\/xlab-stiftung.de\/en\/wp-json\/wp\/v2\/pages\/11"}],"collection":[{"href":"https:\/\/xlab-stiftung.de\/en\/wp-json\/wp\/v2\/pages"}],"about":[{"href":"https:\/\/xlab-stiftung.de\/en\/wp-json\/wp\/v2\/types\/page"}],"author":[{"embeddable":true,"href":"https:\/\/xlab-stiftung.de\/en\/wp-json\/wp\/v2\/users\/1"}],"replies":[{"embeddable":true,"href":"https:\/\/xlab-stiftung.de\/en\/wp-json\/wp\/v2\/comments?post=11"}],"version-history":[{"count":22,"href":"https:\/\/xlab-stiftung.de\/en\/wp-json\/wp\/v2\/pages\/11\/revisions"}],"predecessor-version":[{"id":5840,"href":"https:\/\/xlab-stiftung.de\/en\/wp-json\/wp\/v2\/pages\/11\/revisions\/5840"}],"wp:featuredmedia":[{"embeddable":true,"href":"https:\/\/xlab-stiftung.de\/en\/wp-json\/wp\/v2\/media\/89"}],"wp:attachment":[{"href":"https:\/\/xlab-stiftung.de\/en\/wp-json\/wp\/v2\/media?parent=11"}],"curies":[{"name":"wp","href":"https:\/\/api.w.org\/{rel}","templated":true}]}}