{"id":1319,"date":"2023-02-07T09:35:08","date_gmt":"2023-02-07T09:35:08","guid":{"rendered":"https:\/\/xlab-stiftung.de\/?page_id=1319"},"modified":"2023-02-07T09:35:09","modified_gmt":"2023-02-07T09:35:09","slug":"sf-2012-nach-3000-jahren-ins-labor-die-analyse-alter-dna","status":"publish","type":"page","link":"https:\/\/xlab-stiftung.de\/en\/science-festival-2004-2017-2\/sf-2012-nach-3000-jahren-ins-labor-die-analyse-alter-dna\/","title":{"rendered":"SF-2012-Nach 3000 Jahren ins Labor: die Analyse alter DNA"},"content":{"rendered":"<p><em>Dr. Susanne Hummel, Abteilung Historische Anthropologie und Human\u00f6kologie der Universit\u00e4t G\u00f6ttingen<\/em><\/p>\n\n\n\n<p>Die Analyse so genannter alter DNA ist eine junge Disziplin. Alte DNA wird aus arch\u00e4ologischen oder pal\u00e4ontologischen Funden gewonnen, die in neueren Grabungen ans Tageslicht gebracht werden oder seit Jahrhunderten in Museen ausgestellt werden. Ihr Alter reicht von unter hundert Jahren bis zu mehreren zehn Millionen Jahren. M\u00f6glich wird die Analyse alter DNA durch die PCR-Technologie (Polymerase-Kettenreaktion), mit der winzige DNA-Partikel von wenigen hundert Basenpaaren L\u00e4nge prinzipiell beliebig oft amplifiziert werden k\u00f6nnen. Obwohl die PCR seit Jahrzehnten eine Standardmethode der Molekularbiologie ist, stellten sich Aufsehen erregende Erfolge bei der Analyse alter DNA erst in j\u00fcngster Zeit ein. Die Besonderheit des Probenmaterials erforderte Pioniergeist bei der Entwicklung geeigneter Methoden der Probennahme, Aufarbeitung und Identifizierung moderner Kontaminationen. Heute er\u00f6ffnet sich eine F\u00fclle m\u00f6glicher Anwendungen. Derzeit wird beispielsweise die knapp 3000 Jahre alte nieders\u00e4chsische Moorleiche \u201eMoora\u201c genetisch untersucht.<br>Bei den bronzezeitlichen Skelettfunden in der Lichtensteinh\u00f6hle im S\u00fcdharz handelt es sich um einen besonderen Gl\u00fccksfall f\u00fcr die historische Anthropologie. Die DNA in Knochen und Z\u00e4hnen war so gut konserviert, dass man die Skelettfunde rund 60 Individuen zuweisen, deren Geschlecht bestimmen und genetisch bedingte, individuelle Eigenschaften wie&nbsp; Milchzuckervert\u00e4glichkeit, AB0-Blutgruppenzugeh\u00f6rigkeit, Rhesus-Unvertr\u00e4glichkeiten und verschiedene immungenetische Marker untersuchen konnte. Spezielle DNA-Marker gaben Auskunft \u00fcber Hauttyp, Augen- und Haarfarbe. Durch die genetischen Fingerabdr\u00fccke konnte au\u00dferdem der genealogische Stammbaum der pr\u00e4historischen Toten rekonstruiert werden. Ein Speicheltest und ein besonderes Y-chromosomales Markerpanel halfen, heute lebende Verwandte&nbsp; der v\u00e4terlichen Familienlinie in der Region zu identifizieren.<\/p>","protected":false},"excerpt":{"rendered":"<p>Dr. Susanne Hummel, Abteilung Historische Anthropologie und Human\u00f6kologie der Universit\u00e4t G\u00f6ttingen Die Analyse so genannter alter DNA ist eine junge Disziplin. Alte DNA&hellip;<\/p>","protected":false},"author":1,"featured_media":0,"parent":133,"menu_order":26,"comment_status":"closed","ping_status":"closed","template":"","meta":[],"yoast_head":"<!-- This site is optimized with the Yoast SEO plugin v21.2 - https:\/\/yoast.com\/wordpress\/plugins\/seo\/ -->\n<title>SF-2012-Nach 3000 Jahren ins Labor: die Analyse alter DNA - XLAB Stiftung<\/title>\n<meta name=\"robots\" content=\"index, follow, max-snippet:-1, max-image-preview:large, max-video-preview:-1\" \/>\n<link rel=\"canonical\" href=\"https:\/\/xlab-stiftung.de\/en\/science-festival-2004-2017-2\/sf-2012-nach-3000-jahren-ins-labor-die-analyse-alter-dna\/\" \/>\n<meta property=\"og:locale\" content=\"en_US\" \/>\n<meta property=\"og:type\" content=\"article\" \/>\n<meta property=\"og:title\" content=\"SF-2012-Nach 3000 Jahren ins Labor: die Analyse alter DNA - XLAB Stiftung\" \/>\n<meta property=\"og:description\" content=\"Dr. Susanne Hummel, Abteilung Historische Anthropologie und Human\u00f6kologie der Universit\u00e4t G\u00f6ttingen Die Analyse so genannter alter DNA ist eine junge Disziplin. Alte DNA&hellip;\" \/>\n<meta property=\"og:url\" content=\"https:\/\/xlab-stiftung.de\/en\/science-festival-2004-2017-2\/sf-2012-nach-3000-jahren-ins-labor-die-analyse-alter-dna\/\" \/>\n<meta property=\"og:site_name\" content=\"XLAB Stiftung\" \/>\n<meta property=\"article:modified_time\" content=\"2023-02-07T09:35:09+00:00\" \/>\n<meta name=\"twitter:card\" content=\"summary_large_image\" \/>\n<meta name=\"twitter:label1\" content=\"Est. reading time\" \/>\n\t<meta name=\"twitter:data1\" content=\"2 minutes\" \/>\n<script type=\"application\/ld+json\" class=\"yoast-schema-graph\">{\"@context\":\"https:\/\/schema.org\",\"@graph\":[{\"@type\":\"WebPage\",\"@id\":\"https:\/\/xlab-stiftung.de\/science-festival-2004-2017-2\/sf-2012-nach-3000-jahren-ins-labor-die-analyse-alter-dna\/\",\"url\":\"https:\/\/xlab-stiftung.de\/science-festival-2004-2017-2\/sf-2012-nach-3000-jahren-ins-labor-die-analyse-alter-dna\/\",\"name\":\"SF-2012-Nach 3000 Jahren ins Labor: die Analyse alter DNA - XLAB Stiftung\",\"isPartOf\":{\"@id\":\"https:\/\/xlab-stiftung.de\/#website\"},\"datePublished\":\"2023-02-07T09:35:08+00:00\",\"dateModified\":\"2023-02-07T09:35:09+00:00\",\"breadcrumb\":{\"@id\":\"https:\/\/xlab-stiftung.de\/science-festival-2004-2017-2\/sf-2012-nach-3000-jahren-ins-labor-die-analyse-alter-dna\/#breadcrumb\"},\"inLanguage\":\"en-US\",\"potentialAction\":[{\"@type\":\"ReadAction\",\"target\":[\"https:\/\/xlab-stiftung.de\/science-festival-2004-2017-2\/sf-2012-nach-3000-jahren-ins-labor-die-analyse-alter-dna\/\"]}]},{\"@type\":\"BreadcrumbList\",\"@id\":\"https:\/\/xlab-stiftung.de\/science-festival-2004-2017-2\/sf-2012-nach-3000-jahren-ins-labor-die-analyse-alter-dna\/#breadcrumb\",\"itemListElement\":[{\"@type\":\"ListItem\",\"position\":1,\"name\":\"Startseite\",\"item\":\"https:\/\/xlab-stiftung.de\/\"},{\"@type\":\"ListItem\",\"position\":2,\"name\":\"Science Festival 2004-2023\",\"item\":\"https:\/\/xlab-stiftung.de\/science-festival-2004-2017-2\/\"},{\"@type\":\"ListItem\",\"position\":3,\"name\":\"SF-2012-Nach 3000 Jahren ins Labor: die Analyse alter DNA\"}]},{\"@type\":\"WebSite\",\"@id\":\"https:\/\/xlab-stiftung.de\/#website\",\"url\":\"https:\/\/xlab-stiftung.de\/\",\"name\":\"XLAB Stiftung\",\"description\":\"\",\"publisher\":{\"@id\":\"https:\/\/xlab-stiftung.de\/#organization\"},\"potentialAction\":[{\"@type\":\"SearchAction\",\"target\":{\"@type\":\"EntryPoint\",\"urlTemplate\":\"https:\/\/xlab-stiftung.de\/?s={search_term_string}\"},\"query-input\":\"required name=search_term_string\"}],\"inLanguage\":\"en-US\"},{\"@type\":\"Organization\",\"@id\":\"https:\/\/xlab-stiftung.de\/#organization\",\"name\":\"XLAB Stiftung\",\"url\":\"https:\/\/xlab-stiftung.de\/\",\"logo\":{\"@type\":\"ImageObject\",\"inLanguage\":\"en-US\",\"@id\":\"https:\/\/xlab-stiftung.de\/#\/schema\/logo\/image\/\",\"url\":\"https:\/\/xlab-stiftung.de\/wp-content\/uploads\/2023\/01\/ezgif.com-gif-maker-5.gif\",\"contentUrl\":\"https:\/\/xlab-stiftung.de\/wp-content\/uploads\/2023\/01\/ezgif.com-gif-maker-5.gif\",\"width\":2048,\"height\":230,\"caption\":\"XLAB Stiftung\"},\"image\":{\"@id\":\"https:\/\/xlab-stiftung.de\/#\/schema\/logo\/image\/\"}}]}<\/script>\n<!-- \/ Yoast SEO plugin. -->","yoast_head_json":{"title":"SF-2012-Nach 3000 Jahren ins Labor: die Analyse alter DNA - XLAB Stiftung","robots":{"index":"index","follow":"follow","max-snippet":"max-snippet:-1","max-image-preview":"max-image-preview:large","max-video-preview":"max-video-preview:-1"},"canonical":"https:\/\/xlab-stiftung.de\/en\/science-festival-2004-2017-2\/sf-2012-nach-3000-jahren-ins-labor-die-analyse-alter-dna\/","og_locale":"en_US","og_type":"article","og_title":"SF-2012-Nach 3000 Jahren ins Labor: die Analyse alter DNA - XLAB Stiftung","og_description":"Dr. Susanne Hummel, Abteilung Historische Anthropologie und Human\u00f6kologie der Universit\u00e4t G\u00f6ttingen Die Analyse so genannter alter DNA ist eine junge Disziplin. Alte DNA&hellip;","og_url":"https:\/\/xlab-stiftung.de\/en\/science-festival-2004-2017-2\/sf-2012-nach-3000-jahren-ins-labor-die-analyse-alter-dna\/","og_site_name":"XLAB Stiftung","article_modified_time":"2023-02-07T09:35:09+00:00","twitter_card":"summary_large_image","twitter_misc":{"Est. reading time":"2 minutes"},"schema":{"@context":"https:\/\/schema.org","@graph":[{"@type":"WebPage","@id":"https:\/\/xlab-stiftung.de\/science-festival-2004-2017-2\/sf-2012-nach-3000-jahren-ins-labor-die-analyse-alter-dna\/","url":"https:\/\/xlab-stiftung.de\/science-festival-2004-2017-2\/sf-2012-nach-3000-jahren-ins-labor-die-analyse-alter-dna\/","name":"SF-2012-Nach 3000 Jahren ins Labor: die Analyse alter DNA - XLAB Stiftung","isPartOf":{"@id":"https:\/\/xlab-stiftung.de\/#website"},"datePublished":"2023-02-07T09:35:08+00:00","dateModified":"2023-02-07T09:35:09+00:00","breadcrumb":{"@id":"https:\/\/xlab-stiftung.de\/science-festival-2004-2017-2\/sf-2012-nach-3000-jahren-ins-labor-die-analyse-alter-dna\/#breadcrumb"},"inLanguage":"en-US","potentialAction":[{"@type":"ReadAction","target":["https:\/\/xlab-stiftung.de\/science-festival-2004-2017-2\/sf-2012-nach-3000-jahren-ins-labor-die-analyse-alter-dna\/"]}]},{"@type":"BreadcrumbList","@id":"https:\/\/xlab-stiftung.de\/science-festival-2004-2017-2\/sf-2012-nach-3000-jahren-ins-labor-die-analyse-alter-dna\/#breadcrumb","itemListElement":[{"@type":"ListItem","position":1,"name":"Startseite","item":"https:\/\/xlab-stiftung.de\/"},{"@type":"ListItem","position":2,"name":"Science Festival 2004-2023","item":"https:\/\/xlab-stiftung.de\/science-festival-2004-2017-2\/"},{"@type":"ListItem","position":3,"name":"SF-2012-Nach 3000 Jahren ins Labor: die Analyse alter DNA"}]},{"@type":"WebSite","@id":"https:\/\/xlab-stiftung.de\/#website","url":"https:\/\/xlab-stiftung.de\/","name":"XLAB Stiftung","description":"","publisher":{"@id":"https:\/\/xlab-stiftung.de\/#organization"},"potentialAction":[{"@type":"SearchAction","target":{"@type":"EntryPoint","urlTemplate":"https:\/\/xlab-stiftung.de\/?s={search_term_string}"},"query-input":"required name=search_term_string"}],"inLanguage":"en-US"},{"@type":"Organization","@id":"https:\/\/xlab-stiftung.de\/#organization","name":"XLAB Stiftung","url":"https:\/\/xlab-stiftung.de\/","logo":{"@type":"ImageObject","inLanguage":"en-US","@id":"https:\/\/xlab-stiftung.de\/#\/schema\/logo\/image\/","url":"https:\/\/xlab-stiftung.de\/wp-content\/uploads\/2023\/01\/ezgif.com-gif-maker-5.gif","contentUrl":"https:\/\/xlab-stiftung.de\/wp-content\/uploads\/2023\/01\/ezgif.com-gif-maker-5.gif","width":2048,"height":230,"caption":"XLAB Stiftung"},"image":{"@id":"https:\/\/xlab-stiftung.de\/#\/schema\/logo\/image\/"}}]}},"_links":{"self":[{"href":"https:\/\/xlab-stiftung.de\/en\/wp-json\/wp\/v2\/pages\/1319"}],"collection":[{"href":"https:\/\/xlab-stiftung.de\/en\/wp-json\/wp\/v2\/pages"}],"about":[{"href":"https:\/\/xlab-stiftung.de\/en\/wp-json\/wp\/v2\/types\/page"}],"author":[{"embeddable":true,"href":"https:\/\/xlab-stiftung.de\/en\/wp-json\/wp\/v2\/users\/1"}],"replies":[{"embeddable":true,"href":"https:\/\/xlab-stiftung.de\/en\/wp-json\/wp\/v2\/comments?post=1319"}],"version-history":[{"count":1,"href":"https:\/\/xlab-stiftung.de\/en\/wp-json\/wp\/v2\/pages\/1319\/revisions"}],"predecessor-version":[{"id":1321,"href":"https:\/\/xlab-stiftung.de\/en\/wp-json\/wp\/v2\/pages\/1319\/revisions\/1321"}],"up":[{"embeddable":true,"href":"https:\/\/xlab-stiftung.de\/en\/wp-json\/wp\/v2\/pages\/133"}],"wp:attachment":[{"href":"https:\/\/xlab-stiftung.de\/en\/wp-json\/wp\/v2\/media?parent=1319"}],"curies":[{"name":"wp","href":"https:\/\/api.w.org\/{rel}","templated":true}]}}