{"id":1327,"date":"2023-02-07T09:36:15","date_gmt":"2023-02-07T09:36:15","guid":{"rendered":"https:\/\/xlab-stiftung.de\/?page_id=1327"},"modified":"2023-02-07T09:36:16","modified_gmt":"2023-02-07T09:36:16","slug":"metallische-materialien-in-kontakt-mit-luft","status":"publish","type":"page","link":"https:\/\/xlab-stiftung.de\/en\/science-festival-2004-2017-2\/metallische-materialien-in-kontakt-mit-luft\/","title":{"rendered":"Metallische Materialien in Kontakt mit Luft"},"content":{"rendered":"<p><em>Dr.-Ing. Janina Zimmermann<br>Fraunhofer-Institut f\u00fcr Werkstoffmechanik IWM Freiburg<br><br><\/em>Noch heute kann man im US-Staat Pennsylvania die \u00dcberreste der einst h\u00f6chsten und l\u00e4ngsten Eisenbahnbr\u00fccke der Welt bewundern. Die historische Stahlkonstruktion von 1882, stark von Rost befallen, st\u00fcrzte 2003 fast vollst\u00e4ndig in sich zusammen. Stahl oxidiert bekannterweise unter Einfluss von Sauerstoff und Wasser aus der Umgebung. Dadurch kann Rost entstehen, der leicht abbr\u00f6ckelt und das darunterliegende Metall weiterem Sauerstoff ausliefert, der sich in das Material \u201ehineinfrisst\u201c. Ganz im Gegensatz dazu stehen Edelmetalle wie Gold, Platin und Silber, an deren Oberfl\u00e4chen der Luftsauerstoff abprallt oder sich allerh\u00f6chstens in einer atomar-d\u00fcnnen Schicht absetzt. Nicht zu Unrecht sind sie die teuersten und edelsten Metalle.<br>Warum k\u00f6nnen sich Metalle so gegens\u00e4tzlich verhalten? Und ist Oxidation wirklich immer ein negatives, ungewolltes Ph\u00e4nomen? Die Ursachen der Oxidation sind auf der atomaren Gr\u00f6\u00dfenskala zu suchen, ab dem Moment wo sich erste Sauerstoffmolek\u00fcle (O<sub>2<\/sub>) den Atomen der Metalloberfl\u00e4che n\u00e4hern und mit ihnen reagieren. Auf einer solchen Oberfl\u00e4che herrscht ein wirres Treiben: Atome, Molek\u00fcle, Ionen n\u00e4hern sich einander, interagieren, kommen und gehen. Am Beispiel unterschiedlicher Materialien werden wir sehen, wie man diese Geschehnisse auf der Nanometerskala Schritt f\u00fcr Schritt am Computer simulieren und veranschaulichen kann. Dabei werden wir entdecken, was winzige Elektronen alles bewirken k\u00f6nnen.<\/p>\n\n\n\n<p>Janina Zimmermann ist Klaus Tschira Preistr\u00e4gerin f\u00fcr verst\u00e4ndliche Wissenschaft 2010.<\/p>","protected":false},"excerpt":{"rendered":"<p>Dr.-Ing. Janina ZimmermannFraunhofer-Institut f\u00fcr Werkstoffmechanik IWM Freiburg Noch heute kann man im US-Staat Pennsylvania die \u00dcberreste der einst h\u00f6chsten und l\u00e4ngsten Eisenbahnbr\u00fccke der&hellip;<\/p>","protected":false},"author":1,"featured_media":0,"parent":133,"menu_order":25,"comment_status":"closed","ping_status":"closed","template":"","meta":[],"yoast_head":"<!-- This site is optimized with the Yoast SEO plugin v21.2 - https:\/\/yoast.com\/wordpress\/plugins\/seo\/ -->\n<title>Metallische Materialien in Kontakt mit Luft - XLAB Stiftung<\/title>\n<meta name=\"robots\" content=\"index, follow, max-snippet:-1, max-image-preview:large, max-video-preview:-1\" \/>\n<link rel=\"canonical\" href=\"https:\/\/xlab-stiftung.de\/en\/science-festival-2004-2017-2\/metallische-materialien-in-kontakt-mit-luft\/\" \/>\n<meta property=\"og:locale\" content=\"en_US\" \/>\n<meta property=\"og:type\" content=\"article\" \/>\n<meta property=\"og:title\" content=\"Metallische Materialien in Kontakt mit Luft - XLAB Stiftung\" \/>\n<meta property=\"og:description\" content=\"Dr.-Ing. Janina ZimmermannFraunhofer-Institut f\u00fcr Werkstoffmechanik IWM Freiburg Noch heute kann man im US-Staat Pennsylvania die \u00dcberreste der einst h\u00f6chsten und l\u00e4ngsten Eisenbahnbr\u00fccke der&hellip;\" \/>\n<meta property=\"og:url\" content=\"https:\/\/xlab-stiftung.de\/en\/science-festival-2004-2017-2\/metallische-materialien-in-kontakt-mit-luft\/\" \/>\n<meta property=\"og:site_name\" content=\"XLAB Stiftung\" \/>\n<meta property=\"article:modified_time\" content=\"2023-02-07T09:36:16+00:00\" \/>\n<meta name=\"twitter:card\" content=\"summary_large_image\" \/>\n<meta name=\"twitter:label1\" content=\"Est. reading time\" \/>\n\t<meta name=\"twitter:data1\" content=\"2 minutes\" \/>\n<script type=\"application\/ld+json\" class=\"yoast-schema-graph\">{\"@context\":\"https:\/\/schema.org\",\"@graph\":[{\"@type\":\"WebPage\",\"@id\":\"https:\/\/xlab-stiftung.de\/science-festival-2004-2017-2\/metallische-materialien-in-kontakt-mit-luft\/\",\"url\":\"https:\/\/xlab-stiftung.de\/science-festival-2004-2017-2\/metallische-materialien-in-kontakt-mit-luft\/\",\"name\":\"Metallische Materialien in Kontakt mit Luft - XLAB Stiftung\",\"isPartOf\":{\"@id\":\"https:\/\/xlab-stiftung.de\/#website\"},\"datePublished\":\"2023-02-07T09:36:15+00:00\",\"dateModified\":\"2023-02-07T09:36:16+00:00\",\"breadcrumb\":{\"@id\":\"https:\/\/xlab-stiftung.de\/science-festival-2004-2017-2\/metallische-materialien-in-kontakt-mit-luft\/#breadcrumb\"},\"inLanguage\":\"en-US\",\"potentialAction\":[{\"@type\":\"ReadAction\",\"target\":[\"https:\/\/xlab-stiftung.de\/science-festival-2004-2017-2\/metallische-materialien-in-kontakt-mit-luft\/\"]}]},{\"@type\":\"BreadcrumbList\",\"@id\":\"https:\/\/xlab-stiftung.de\/science-festival-2004-2017-2\/metallische-materialien-in-kontakt-mit-luft\/#breadcrumb\",\"itemListElement\":[{\"@type\":\"ListItem\",\"position\":1,\"name\":\"Startseite\",\"item\":\"https:\/\/xlab-stiftung.de\/\"},{\"@type\":\"ListItem\",\"position\":2,\"name\":\"Science Festival 2004-2023\",\"item\":\"https:\/\/xlab-stiftung.de\/science-festival-2004-2017-2\/\"},{\"@type\":\"ListItem\",\"position\":3,\"name\":\"Metallische Materialien in Kontakt mit Luft\"}]},{\"@type\":\"WebSite\",\"@id\":\"https:\/\/xlab-stiftung.de\/#website\",\"url\":\"https:\/\/xlab-stiftung.de\/\",\"name\":\"XLAB Stiftung\",\"description\":\"\",\"publisher\":{\"@id\":\"https:\/\/xlab-stiftung.de\/#organization\"},\"potentialAction\":[{\"@type\":\"SearchAction\",\"target\":{\"@type\":\"EntryPoint\",\"urlTemplate\":\"https:\/\/xlab-stiftung.de\/?s={search_term_string}\"},\"query-input\":\"required name=search_term_string\"}],\"inLanguage\":\"en-US\"},{\"@type\":\"Organization\",\"@id\":\"https:\/\/xlab-stiftung.de\/#organization\",\"name\":\"XLAB Stiftung\",\"url\":\"https:\/\/xlab-stiftung.de\/\",\"logo\":{\"@type\":\"ImageObject\",\"inLanguage\":\"en-US\",\"@id\":\"https:\/\/xlab-stiftung.de\/#\/schema\/logo\/image\/\",\"url\":\"https:\/\/xlab-stiftung.de\/wp-content\/uploads\/2023\/01\/ezgif.com-gif-maker-5.gif\",\"contentUrl\":\"https:\/\/xlab-stiftung.de\/wp-content\/uploads\/2023\/01\/ezgif.com-gif-maker-5.gif\",\"width\":2048,\"height\":230,\"caption\":\"XLAB Stiftung\"},\"image\":{\"@id\":\"https:\/\/xlab-stiftung.de\/#\/schema\/logo\/image\/\"}}]}<\/script>\n<!-- \/ Yoast SEO plugin. -->","yoast_head_json":{"title":"Metallische Materialien in Kontakt mit Luft - XLAB Stiftung","robots":{"index":"index","follow":"follow","max-snippet":"max-snippet:-1","max-image-preview":"max-image-preview:large","max-video-preview":"max-video-preview:-1"},"canonical":"https:\/\/xlab-stiftung.de\/en\/science-festival-2004-2017-2\/metallische-materialien-in-kontakt-mit-luft\/","og_locale":"en_US","og_type":"article","og_title":"Metallische Materialien in Kontakt mit Luft - XLAB Stiftung","og_description":"Dr.-Ing. Janina ZimmermannFraunhofer-Institut f\u00fcr Werkstoffmechanik IWM Freiburg Noch heute kann man im US-Staat Pennsylvania die \u00dcberreste der einst h\u00f6chsten und l\u00e4ngsten Eisenbahnbr\u00fccke der&hellip;","og_url":"https:\/\/xlab-stiftung.de\/en\/science-festival-2004-2017-2\/metallische-materialien-in-kontakt-mit-luft\/","og_site_name":"XLAB Stiftung","article_modified_time":"2023-02-07T09:36:16+00:00","twitter_card":"summary_large_image","twitter_misc":{"Est. reading time":"2 minutes"},"schema":{"@context":"https:\/\/schema.org","@graph":[{"@type":"WebPage","@id":"https:\/\/xlab-stiftung.de\/science-festival-2004-2017-2\/metallische-materialien-in-kontakt-mit-luft\/","url":"https:\/\/xlab-stiftung.de\/science-festival-2004-2017-2\/metallische-materialien-in-kontakt-mit-luft\/","name":"Metallische Materialien in Kontakt mit Luft - XLAB Stiftung","isPartOf":{"@id":"https:\/\/xlab-stiftung.de\/#website"},"datePublished":"2023-02-07T09:36:15+00:00","dateModified":"2023-02-07T09:36:16+00:00","breadcrumb":{"@id":"https:\/\/xlab-stiftung.de\/science-festival-2004-2017-2\/metallische-materialien-in-kontakt-mit-luft\/#breadcrumb"},"inLanguage":"en-US","potentialAction":[{"@type":"ReadAction","target":["https:\/\/xlab-stiftung.de\/science-festival-2004-2017-2\/metallische-materialien-in-kontakt-mit-luft\/"]}]},{"@type":"BreadcrumbList","@id":"https:\/\/xlab-stiftung.de\/science-festival-2004-2017-2\/metallische-materialien-in-kontakt-mit-luft\/#breadcrumb","itemListElement":[{"@type":"ListItem","position":1,"name":"Startseite","item":"https:\/\/xlab-stiftung.de\/"},{"@type":"ListItem","position":2,"name":"Science Festival 2004-2023","item":"https:\/\/xlab-stiftung.de\/science-festival-2004-2017-2\/"},{"@type":"ListItem","position":3,"name":"Metallische Materialien in Kontakt mit Luft"}]},{"@type":"WebSite","@id":"https:\/\/xlab-stiftung.de\/#website","url":"https:\/\/xlab-stiftung.de\/","name":"XLAB Stiftung","description":"","publisher":{"@id":"https:\/\/xlab-stiftung.de\/#organization"},"potentialAction":[{"@type":"SearchAction","target":{"@type":"EntryPoint","urlTemplate":"https:\/\/xlab-stiftung.de\/?s={search_term_string}"},"query-input":"required name=search_term_string"}],"inLanguage":"en-US"},{"@type":"Organization","@id":"https:\/\/xlab-stiftung.de\/#organization","name":"XLAB Stiftung","url":"https:\/\/xlab-stiftung.de\/","logo":{"@type":"ImageObject","inLanguage":"en-US","@id":"https:\/\/xlab-stiftung.de\/#\/schema\/logo\/image\/","url":"https:\/\/xlab-stiftung.de\/wp-content\/uploads\/2023\/01\/ezgif.com-gif-maker-5.gif","contentUrl":"https:\/\/xlab-stiftung.de\/wp-content\/uploads\/2023\/01\/ezgif.com-gif-maker-5.gif","width":2048,"height":230,"caption":"XLAB Stiftung"},"image":{"@id":"https:\/\/xlab-stiftung.de\/#\/schema\/logo\/image\/"}}]}},"_links":{"self":[{"href":"https:\/\/xlab-stiftung.de\/en\/wp-json\/wp\/v2\/pages\/1327"}],"collection":[{"href":"https:\/\/xlab-stiftung.de\/en\/wp-json\/wp\/v2\/pages"}],"about":[{"href":"https:\/\/xlab-stiftung.de\/en\/wp-json\/wp\/v2\/types\/page"}],"author":[{"embeddable":true,"href":"https:\/\/xlab-stiftung.de\/en\/wp-json\/wp\/v2\/users\/1"}],"replies":[{"embeddable":true,"href":"https:\/\/xlab-stiftung.de\/en\/wp-json\/wp\/v2\/comments?post=1327"}],"version-history":[{"count":1,"href":"https:\/\/xlab-stiftung.de\/en\/wp-json\/wp\/v2\/pages\/1327\/revisions"}],"predecessor-version":[{"id":1329,"href":"https:\/\/xlab-stiftung.de\/en\/wp-json\/wp\/v2\/pages\/1327\/revisions\/1329"}],"up":[{"embeddable":true,"href":"https:\/\/xlab-stiftung.de\/en\/wp-json\/wp\/v2\/pages\/133"}],"wp:attachment":[{"href":"https:\/\/xlab-stiftung.de\/en\/wp-json\/wp\/v2\/media?parent=1327"}],"curies":[{"name":"wp","href":"https:\/\/api.w.org\/{rel}","templated":true}]}}