{"id":1331,"date":"2023-02-07T09:36:47","date_gmt":"2023-02-07T09:36:47","guid":{"rendered":"https:\/\/xlab-stiftung.de\/?page_id=1331"},"modified":"2023-02-07T09:36:49","modified_gmt":"2023-02-07T09:36:49","slug":"sf-2012-bauchentscheidungen-die-intelligenz-des-unbewussten","status":"publish","type":"page","link":"https:\/\/xlab-stiftung.de\/en\/science-festival-2004-2017-2\/sf-2012-bauchentscheidungen-die-intelligenz-des-unbewussten\/","title":{"rendered":"SF-2012-Bauchentscheidungen: Die Intelligenz des Unbewussten"},"content":{"rendered":"<p><em>Prof. Dr. Gerd Gigerenzer<br>Max-Planck-Institut f\u00fcr Bildungsforschung und Harding-Zentrum f\u00fcr Risikokompetenz Berlin<\/em><\/p>\n\n\n\n<p>Intelligenz stellen wir uns als eine \u00fcberlegte, bewusste T\u00e4tigkeit vor, die von den Gesetzen der Logik bestimmt wird. Den Bauchgef\u00fchlen, der Intuition, hingegen werfen wir systematische Unzul\u00e4nglichkeit vor, weil sie Informationen missachten w\u00fcrden, gegen die Gesetze der Logik verstie\u00dfen und die Ursache menschlicher Katastrophen seien.<br>Doch ein Gro\u00dfteil unseres geistigen Lebens vollzieht sich unbewusst und beruht auf Prozessen, die nichts mit Logik zu tun haben. Unsere Intuition erm\u00f6glicht uns, schnelle und einfache L\u00f6sungen f\u00fcr komplexe Probleme zu finden. Was auf den ersten Blick unlogisch und daher unvern\u00fcnftig erscheint, sind evolvierte F\u00e4higkeiten menschlicher Intelligenz. Intuition l\u00e4sst sich als ein Werkzeugkasten aus genetisch, kulturell und individuell hervorgebrachten Faustregeln (Heuristiken) betrachten. Interessant ist, dass es Situationen gibt, in denen Bauchentscheidungen einer Bilanzmethode wie beispielsweise dem Abw\u00e4gen von Pro und Kontra \u00fcberlegen sind und in denen bewusstes Nachdenken im Vergleich mit Intuition zu schlechteren Ergebnissen f\u00fchrt.<br>Der Vortrag gibt Antwort auf die Fragen, wie Intuition zustande kommt, welches rationale Prinzip einem Bauchgef\u00fchl zugrunde liegt und wann Bauchentscheidungen zum Erfolg oder zum Scheitern f\u00fchren.<\/p>","protected":false},"excerpt":{"rendered":"<p>Prof. Dr. Gerd GigerenzerMax-Planck-Institut f\u00fcr Bildungsforschung und Harding-Zentrum f\u00fcr Risikokompetenz Berlin Intelligenz stellen wir uns als eine \u00fcberlegte, bewusste T\u00e4tigkeit vor, die von&hellip;<\/p>","protected":false},"author":1,"featured_media":0,"parent":133,"menu_order":27,"comment_status":"closed","ping_status":"closed","template":"","meta":[],"yoast_head":"<!-- This site is optimized with the Yoast SEO plugin v21.2 - https:\/\/yoast.com\/wordpress\/plugins\/seo\/ -->\n<title>SF-2012-Bauchentscheidungen: Die Intelligenz des Unbewussten - XLAB Stiftung<\/title>\n<meta name=\"robots\" content=\"index, follow, max-snippet:-1, max-image-preview:large, max-video-preview:-1\" \/>\n<link rel=\"canonical\" href=\"https:\/\/xlab-stiftung.de\/en\/science-festival-2004-2017-2\/sf-2012-bauchentscheidungen-die-intelligenz-des-unbewussten\/\" \/>\n<meta property=\"og:locale\" content=\"en_US\" \/>\n<meta property=\"og:type\" content=\"article\" \/>\n<meta property=\"og:title\" content=\"SF-2012-Bauchentscheidungen: Die Intelligenz des Unbewussten - XLAB Stiftung\" \/>\n<meta property=\"og:description\" content=\"Prof. Dr. Gerd GigerenzerMax-Planck-Institut f\u00fcr Bildungsforschung und Harding-Zentrum f\u00fcr Risikokompetenz Berlin Intelligenz stellen wir uns als eine \u00fcberlegte, bewusste T\u00e4tigkeit vor, die von&hellip;\" \/>\n<meta property=\"og:url\" content=\"https:\/\/xlab-stiftung.de\/en\/science-festival-2004-2017-2\/sf-2012-bauchentscheidungen-die-intelligenz-des-unbewussten\/\" \/>\n<meta property=\"og:site_name\" content=\"XLAB Stiftung\" \/>\n<meta property=\"article:modified_time\" content=\"2023-02-07T09:36:49+00:00\" \/>\n<meta name=\"twitter:card\" content=\"summary_large_image\" \/>\n<meta name=\"twitter:label1\" content=\"Est. reading time\" \/>\n\t<meta name=\"twitter:data1\" content=\"2 minutes\" \/>\n<script type=\"application\/ld+json\" class=\"yoast-schema-graph\">{\"@context\":\"https:\/\/schema.org\",\"@graph\":[{\"@type\":\"WebPage\",\"@id\":\"https:\/\/xlab-stiftung.de\/science-festival-2004-2017-2\/sf-2012-bauchentscheidungen-die-intelligenz-des-unbewussten\/\",\"url\":\"https:\/\/xlab-stiftung.de\/science-festival-2004-2017-2\/sf-2012-bauchentscheidungen-die-intelligenz-des-unbewussten\/\",\"name\":\"SF-2012-Bauchentscheidungen: Die Intelligenz des Unbewussten - XLAB Stiftung\",\"isPartOf\":{\"@id\":\"https:\/\/xlab-stiftung.de\/#website\"},\"datePublished\":\"2023-02-07T09:36:47+00:00\",\"dateModified\":\"2023-02-07T09:36:49+00:00\",\"breadcrumb\":{\"@id\":\"https:\/\/xlab-stiftung.de\/science-festival-2004-2017-2\/sf-2012-bauchentscheidungen-die-intelligenz-des-unbewussten\/#breadcrumb\"},\"inLanguage\":\"en-US\",\"potentialAction\":[{\"@type\":\"ReadAction\",\"target\":[\"https:\/\/xlab-stiftung.de\/science-festival-2004-2017-2\/sf-2012-bauchentscheidungen-die-intelligenz-des-unbewussten\/\"]}]},{\"@type\":\"BreadcrumbList\",\"@id\":\"https:\/\/xlab-stiftung.de\/science-festival-2004-2017-2\/sf-2012-bauchentscheidungen-die-intelligenz-des-unbewussten\/#breadcrumb\",\"itemListElement\":[{\"@type\":\"ListItem\",\"position\":1,\"name\":\"Startseite\",\"item\":\"https:\/\/xlab-stiftung.de\/\"},{\"@type\":\"ListItem\",\"position\":2,\"name\":\"Science Festival 2004-2023\",\"item\":\"https:\/\/xlab-stiftung.de\/science-festival-2004-2017-2\/\"},{\"@type\":\"ListItem\",\"position\":3,\"name\":\"SF-2012-Bauchentscheidungen: Die Intelligenz des Unbewussten\"}]},{\"@type\":\"WebSite\",\"@id\":\"https:\/\/xlab-stiftung.de\/#website\",\"url\":\"https:\/\/xlab-stiftung.de\/\",\"name\":\"XLAB Stiftung\",\"description\":\"\",\"publisher\":{\"@id\":\"https:\/\/xlab-stiftung.de\/#organization\"},\"potentialAction\":[{\"@type\":\"SearchAction\",\"target\":{\"@type\":\"EntryPoint\",\"urlTemplate\":\"https:\/\/xlab-stiftung.de\/?s={search_term_string}\"},\"query-input\":\"required name=search_term_string\"}],\"inLanguage\":\"en-US\"},{\"@type\":\"Organization\",\"@id\":\"https:\/\/xlab-stiftung.de\/#organization\",\"name\":\"XLAB Stiftung\",\"url\":\"https:\/\/xlab-stiftung.de\/\",\"logo\":{\"@type\":\"ImageObject\",\"inLanguage\":\"en-US\",\"@id\":\"https:\/\/xlab-stiftung.de\/#\/schema\/logo\/image\/\",\"url\":\"https:\/\/xlab-stiftung.de\/wp-content\/uploads\/2023\/01\/ezgif.com-gif-maker-5.gif\",\"contentUrl\":\"https:\/\/xlab-stiftung.de\/wp-content\/uploads\/2023\/01\/ezgif.com-gif-maker-5.gif\",\"width\":2048,\"height\":230,\"caption\":\"XLAB Stiftung\"},\"image\":{\"@id\":\"https:\/\/xlab-stiftung.de\/#\/schema\/logo\/image\/\"}}]}<\/script>\n<!-- \/ Yoast SEO plugin. -->","yoast_head_json":{"title":"SF-2012-Bauchentscheidungen: Die Intelligenz des Unbewussten - XLAB Stiftung","robots":{"index":"index","follow":"follow","max-snippet":"max-snippet:-1","max-image-preview":"max-image-preview:large","max-video-preview":"max-video-preview:-1"},"canonical":"https:\/\/xlab-stiftung.de\/en\/science-festival-2004-2017-2\/sf-2012-bauchentscheidungen-die-intelligenz-des-unbewussten\/","og_locale":"en_US","og_type":"article","og_title":"SF-2012-Bauchentscheidungen: Die Intelligenz des Unbewussten - XLAB Stiftung","og_description":"Prof. Dr. Gerd GigerenzerMax-Planck-Institut f\u00fcr Bildungsforschung und Harding-Zentrum f\u00fcr Risikokompetenz Berlin Intelligenz stellen wir uns als eine \u00fcberlegte, bewusste T\u00e4tigkeit vor, die von&hellip;","og_url":"https:\/\/xlab-stiftung.de\/en\/science-festival-2004-2017-2\/sf-2012-bauchentscheidungen-die-intelligenz-des-unbewussten\/","og_site_name":"XLAB Stiftung","article_modified_time":"2023-02-07T09:36:49+00:00","twitter_card":"summary_large_image","twitter_misc":{"Est. reading time":"2 minutes"},"schema":{"@context":"https:\/\/schema.org","@graph":[{"@type":"WebPage","@id":"https:\/\/xlab-stiftung.de\/science-festival-2004-2017-2\/sf-2012-bauchentscheidungen-die-intelligenz-des-unbewussten\/","url":"https:\/\/xlab-stiftung.de\/science-festival-2004-2017-2\/sf-2012-bauchentscheidungen-die-intelligenz-des-unbewussten\/","name":"SF-2012-Bauchentscheidungen: Die Intelligenz des Unbewussten - XLAB Stiftung","isPartOf":{"@id":"https:\/\/xlab-stiftung.de\/#website"},"datePublished":"2023-02-07T09:36:47+00:00","dateModified":"2023-02-07T09:36:49+00:00","breadcrumb":{"@id":"https:\/\/xlab-stiftung.de\/science-festival-2004-2017-2\/sf-2012-bauchentscheidungen-die-intelligenz-des-unbewussten\/#breadcrumb"},"inLanguage":"en-US","potentialAction":[{"@type":"ReadAction","target":["https:\/\/xlab-stiftung.de\/science-festival-2004-2017-2\/sf-2012-bauchentscheidungen-die-intelligenz-des-unbewussten\/"]}]},{"@type":"BreadcrumbList","@id":"https:\/\/xlab-stiftung.de\/science-festival-2004-2017-2\/sf-2012-bauchentscheidungen-die-intelligenz-des-unbewussten\/#breadcrumb","itemListElement":[{"@type":"ListItem","position":1,"name":"Startseite","item":"https:\/\/xlab-stiftung.de\/"},{"@type":"ListItem","position":2,"name":"Science Festival 2004-2023","item":"https:\/\/xlab-stiftung.de\/science-festival-2004-2017-2\/"},{"@type":"ListItem","position":3,"name":"SF-2012-Bauchentscheidungen: Die Intelligenz des Unbewussten"}]},{"@type":"WebSite","@id":"https:\/\/xlab-stiftung.de\/#website","url":"https:\/\/xlab-stiftung.de\/","name":"XLAB Stiftung","description":"","publisher":{"@id":"https:\/\/xlab-stiftung.de\/#organization"},"potentialAction":[{"@type":"SearchAction","target":{"@type":"EntryPoint","urlTemplate":"https:\/\/xlab-stiftung.de\/?s={search_term_string}"},"query-input":"required name=search_term_string"}],"inLanguage":"en-US"},{"@type":"Organization","@id":"https:\/\/xlab-stiftung.de\/#organization","name":"XLAB Stiftung","url":"https:\/\/xlab-stiftung.de\/","logo":{"@type":"ImageObject","inLanguage":"en-US","@id":"https:\/\/xlab-stiftung.de\/#\/schema\/logo\/image\/","url":"https:\/\/xlab-stiftung.de\/wp-content\/uploads\/2023\/01\/ezgif.com-gif-maker-5.gif","contentUrl":"https:\/\/xlab-stiftung.de\/wp-content\/uploads\/2023\/01\/ezgif.com-gif-maker-5.gif","width":2048,"height":230,"caption":"XLAB Stiftung"},"image":{"@id":"https:\/\/xlab-stiftung.de\/#\/schema\/logo\/image\/"}}]}},"_links":{"self":[{"href":"https:\/\/xlab-stiftung.de\/en\/wp-json\/wp\/v2\/pages\/1331"}],"collection":[{"href":"https:\/\/xlab-stiftung.de\/en\/wp-json\/wp\/v2\/pages"}],"about":[{"href":"https:\/\/xlab-stiftung.de\/en\/wp-json\/wp\/v2\/types\/page"}],"author":[{"embeddable":true,"href":"https:\/\/xlab-stiftung.de\/en\/wp-json\/wp\/v2\/users\/1"}],"replies":[{"embeddable":true,"href":"https:\/\/xlab-stiftung.de\/en\/wp-json\/wp\/v2\/comments?post=1331"}],"version-history":[{"count":1,"href":"https:\/\/xlab-stiftung.de\/en\/wp-json\/wp\/v2\/pages\/1331\/revisions"}],"predecessor-version":[{"id":1333,"href":"https:\/\/xlab-stiftung.de\/en\/wp-json\/wp\/v2\/pages\/1331\/revisions\/1333"}],"up":[{"embeddable":true,"href":"https:\/\/xlab-stiftung.de\/en\/wp-json\/wp\/v2\/pages\/133"}],"wp:attachment":[{"href":"https:\/\/xlab-stiftung.de\/en\/wp-json\/wp\/v2\/media?parent=1331"}],"curies":[{"name":"wp","href":"https:\/\/api.w.org\/{rel}","templated":true}]}}