{"id":1335,"date":"2023-02-07T09:37:21","date_gmt":"2023-02-07T09:37:21","guid":{"rendered":"https:\/\/xlab-stiftung.de\/?page_id=1335"},"modified":"2023-02-07T09:37:22","modified_gmt":"2023-02-07T09:37:22","slug":"sf-2012-von-der-materie-zum-leben-chemie-chemie","status":"publish","type":"page","link":"https:\/\/xlab-stiftung.de\/en\/science-festival-2004-2017-2\/sf-2012-von-der-materie-zum-leben-chemie-chemie\/","title":{"rendered":"SF-2012-Von der Materie zum Leben: Chemie? Chemie!"},"content":{"rendered":"<p><em>rof. Jean-Marie Lehn<br>ISIS, Universit\u00e9 de Strasbourg<\/em><\/p>\n\n\n\n<p><br>Sowohl unbelebte als auch belebte Materie, sowohl k\u00fcnstliche Materialien als auch lebende Organismen bestehen aus Molek\u00fclen und deren \u00fcbergeordneten Strukturen, die durch die Wechselwirkung der Molek\u00fcle erm\u00f6glicht werden. Die Chemie schl\u00e4gt eine Br\u00fccke zwischen den Molek\u00fclen der unbelebten Materie und den hoch komplexen molekularen Anordnungen und Systemen, die lebende Organismen ausmachen. Molekulare Wechselwirkungen sind die Basis f\u00fcr die hochselektiven Erkennungs-, Reaktions-, Transport- und Regulationsprozesse, denen man in der Biologie begegnet.<br>In der molekularen Chemie, der Chemie der kovalenten Bindungen, ist eine Vielzahl leistungsf\u00e4higer Methoden entwickelt worden, die den Aufbau immer komplexerer Molek\u00fcle erlauben. In der so genannten Supramolekularen Chemie wird versucht, \u00fcbergeordnete molekulare Anordnungen durch die nicht kovalenten Wechselwirkungen der Molek\u00fcle untereinander (elektrostatische Wechselwirkungen, Wasserstoffbr\u00fcckenbindungen, Van-der-Waals-Kr\u00e4fte etc.) kontrolliert zu erzeugen. Das Design von k\u00fcnstlichen, abiotischen Rezeptoren, die mit h\u00f6chstem Wirkungsgrad und h\u00f6chster Selektivit\u00e4t funktionieren, erfordert den pr\u00e4zisen Umgang mit den energetischen und stereochemischen Besonderheiten der nichtkovalenten Kr\u00e4fte. Chemie und Informationswissenschaften werden bei dieser \u201emolekularen Programmierung\u201c verkn\u00fcpft. Weitere biologische Vorg\u00e4nge, die dem Chemiker als Ideenquellen dienten, sind z.B. enzymatische Reaktionen, Bildung von Protein-Protein-Komplexen, immunologische Antigen-Antik\u00f6rper-Assoziationen, Replikation, Translation und Transkription und die Signalausl\u00f6sung durch Neurotransmitter.<br>Heute besteht das Arbeitsgebiet der Chemie aus der Gesamtheit aller m\u00f6glichen molekularen und supramolekularen Spezies, von denen die in der Natur bereits erschaffenen Strukturen und Prozesse nur einen kleinen Teilbereich darstellen. Die anderen warten noch darauf, von Chemikern erschaffen zu werden.<br><br>Jean-Marie Lehn ist Nobelpreistr\u00e4ger f\u00fcr Chemie 1987.<\/p>","protected":false},"excerpt":{"rendered":"<p>rof. Jean-Marie LehnISIS, Universit\u00e9 de Strasbourg Sowohl unbelebte als auch belebte Materie, sowohl k\u00fcnstliche Materialien als auch lebende Organismen bestehen aus Molek\u00fclen und&hellip;<\/p>","protected":false},"author":1,"featured_media":0,"parent":133,"menu_order":29,"comment_status":"closed","ping_status":"closed","template":"","meta":[],"yoast_head":"<!-- This site is optimized with the Yoast SEO plugin v21.2 - https:\/\/yoast.com\/wordpress\/plugins\/seo\/ -->\n<title>SF-2012-Von der Materie zum Leben: Chemie? Chemie! - XLAB Stiftung<\/title>\n<meta name=\"robots\" content=\"index, follow, max-snippet:-1, max-image-preview:large, max-video-preview:-1\" \/>\n<link rel=\"canonical\" href=\"https:\/\/xlab-stiftung.de\/en\/science-festival-2004-2017-2\/sf-2012-von-der-materie-zum-leben-chemie-chemie\/\" \/>\n<meta property=\"og:locale\" content=\"en_US\" \/>\n<meta property=\"og:type\" content=\"article\" \/>\n<meta property=\"og:title\" content=\"SF-2012-Von der Materie zum Leben: Chemie? Chemie! - XLAB Stiftung\" \/>\n<meta property=\"og:description\" content=\"rof. Jean-Marie LehnISIS, Universit\u00e9 de Strasbourg Sowohl unbelebte als auch belebte Materie, sowohl k\u00fcnstliche Materialien als auch lebende Organismen bestehen aus Molek\u00fclen und&hellip;\" \/>\n<meta property=\"og:url\" content=\"https:\/\/xlab-stiftung.de\/en\/science-festival-2004-2017-2\/sf-2012-von-der-materie-zum-leben-chemie-chemie\/\" \/>\n<meta property=\"og:site_name\" content=\"XLAB Stiftung\" \/>\n<meta property=\"article:modified_time\" content=\"2023-02-07T09:37:22+00:00\" \/>\n<meta name=\"twitter:card\" content=\"summary_large_image\" \/>\n<meta name=\"twitter:label1\" content=\"Est. reading time\" \/>\n\t<meta name=\"twitter:data1\" content=\"2 minutes\" \/>\n<script type=\"application\/ld+json\" class=\"yoast-schema-graph\">{\"@context\":\"https:\/\/schema.org\",\"@graph\":[{\"@type\":\"WebPage\",\"@id\":\"https:\/\/xlab-stiftung.de\/science-festival-2004-2017-2\/sf-2012-von-der-materie-zum-leben-chemie-chemie\/\",\"url\":\"https:\/\/xlab-stiftung.de\/science-festival-2004-2017-2\/sf-2012-von-der-materie-zum-leben-chemie-chemie\/\",\"name\":\"SF-2012-Von der Materie zum Leben: Chemie? Chemie! - XLAB Stiftung\",\"isPartOf\":{\"@id\":\"https:\/\/xlab-stiftung.de\/#website\"},\"datePublished\":\"2023-02-07T09:37:21+00:00\",\"dateModified\":\"2023-02-07T09:37:22+00:00\",\"breadcrumb\":{\"@id\":\"https:\/\/xlab-stiftung.de\/science-festival-2004-2017-2\/sf-2012-von-der-materie-zum-leben-chemie-chemie\/#breadcrumb\"},\"inLanguage\":\"en-US\",\"potentialAction\":[{\"@type\":\"ReadAction\",\"target\":[\"https:\/\/xlab-stiftung.de\/science-festival-2004-2017-2\/sf-2012-von-der-materie-zum-leben-chemie-chemie\/\"]}]},{\"@type\":\"BreadcrumbList\",\"@id\":\"https:\/\/xlab-stiftung.de\/science-festival-2004-2017-2\/sf-2012-von-der-materie-zum-leben-chemie-chemie\/#breadcrumb\",\"itemListElement\":[{\"@type\":\"ListItem\",\"position\":1,\"name\":\"Startseite\",\"item\":\"https:\/\/xlab-stiftung.de\/\"},{\"@type\":\"ListItem\",\"position\":2,\"name\":\"Science Festival 2004-2023\",\"item\":\"https:\/\/xlab-stiftung.de\/science-festival-2004-2017-2\/\"},{\"@type\":\"ListItem\",\"position\":3,\"name\":\"SF-2012-Von der Materie zum Leben: Chemie? Chemie!\"}]},{\"@type\":\"WebSite\",\"@id\":\"https:\/\/xlab-stiftung.de\/#website\",\"url\":\"https:\/\/xlab-stiftung.de\/\",\"name\":\"XLAB Stiftung\",\"description\":\"\",\"publisher\":{\"@id\":\"https:\/\/xlab-stiftung.de\/#organization\"},\"potentialAction\":[{\"@type\":\"SearchAction\",\"target\":{\"@type\":\"EntryPoint\",\"urlTemplate\":\"https:\/\/xlab-stiftung.de\/?s={search_term_string}\"},\"query-input\":\"required name=search_term_string\"}],\"inLanguage\":\"en-US\"},{\"@type\":\"Organization\",\"@id\":\"https:\/\/xlab-stiftung.de\/#organization\",\"name\":\"XLAB Stiftung\",\"url\":\"https:\/\/xlab-stiftung.de\/\",\"logo\":{\"@type\":\"ImageObject\",\"inLanguage\":\"en-US\",\"@id\":\"https:\/\/xlab-stiftung.de\/#\/schema\/logo\/image\/\",\"url\":\"https:\/\/xlab-stiftung.de\/wp-content\/uploads\/2023\/01\/ezgif.com-gif-maker-5.gif\",\"contentUrl\":\"https:\/\/xlab-stiftung.de\/wp-content\/uploads\/2023\/01\/ezgif.com-gif-maker-5.gif\",\"width\":2048,\"height\":230,\"caption\":\"XLAB Stiftung\"},\"image\":{\"@id\":\"https:\/\/xlab-stiftung.de\/#\/schema\/logo\/image\/\"}}]}<\/script>\n<!-- \/ Yoast SEO plugin. -->","yoast_head_json":{"title":"SF-2012-Von der Materie zum Leben: Chemie? Chemie! - XLAB Stiftung","robots":{"index":"index","follow":"follow","max-snippet":"max-snippet:-1","max-image-preview":"max-image-preview:large","max-video-preview":"max-video-preview:-1"},"canonical":"https:\/\/xlab-stiftung.de\/en\/science-festival-2004-2017-2\/sf-2012-von-der-materie-zum-leben-chemie-chemie\/","og_locale":"en_US","og_type":"article","og_title":"SF-2012-Von der Materie zum Leben: Chemie? Chemie! - XLAB Stiftung","og_description":"rof. Jean-Marie LehnISIS, Universit\u00e9 de Strasbourg Sowohl unbelebte als auch belebte Materie, sowohl k\u00fcnstliche Materialien als auch lebende Organismen bestehen aus Molek\u00fclen und&hellip;","og_url":"https:\/\/xlab-stiftung.de\/en\/science-festival-2004-2017-2\/sf-2012-von-der-materie-zum-leben-chemie-chemie\/","og_site_name":"XLAB Stiftung","article_modified_time":"2023-02-07T09:37:22+00:00","twitter_card":"summary_large_image","twitter_misc":{"Est. reading time":"2 minutes"},"schema":{"@context":"https:\/\/schema.org","@graph":[{"@type":"WebPage","@id":"https:\/\/xlab-stiftung.de\/science-festival-2004-2017-2\/sf-2012-von-der-materie-zum-leben-chemie-chemie\/","url":"https:\/\/xlab-stiftung.de\/science-festival-2004-2017-2\/sf-2012-von-der-materie-zum-leben-chemie-chemie\/","name":"SF-2012-Von der Materie zum Leben: Chemie? Chemie! - XLAB Stiftung","isPartOf":{"@id":"https:\/\/xlab-stiftung.de\/#website"},"datePublished":"2023-02-07T09:37:21+00:00","dateModified":"2023-02-07T09:37:22+00:00","breadcrumb":{"@id":"https:\/\/xlab-stiftung.de\/science-festival-2004-2017-2\/sf-2012-von-der-materie-zum-leben-chemie-chemie\/#breadcrumb"},"inLanguage":"en-US","potentialAction":[{"@type":"ReadAction","target":["https:\/\/xlab-stiftung.de\/science-festival-2004-2017-2\/sf-2012-von-der-materie-zum-leben-chemie-chemie\/"]}]},{"@type":"BreadcrumbList","@id":"https:\/\/xlab-stiftung.de\/science-festival-2004-2017-2\/sf-2012-von-der-materie-zum-leben-chemie-chemie\/#breadcrumb","itemListElement":[{"@type":"ListItem","position":1,"name":"Startseite","item":"https:\/\/xlab-stiftung.de\/"},{"@type":"ListItem","position":2,"name":"Science Festival 2004-2023","item":"https:\/\/xlab-stiftung.de\/science-festival-2004-2017-2\/"},{"@type":"ListItem","position":3,"name":"SF-2012-Von der Materie zum Leben: Chemie? Chemie!"}]},{"@type":"WebSite","@id":"https:\/\/xlab-stiftung.de\/#website","url":"https:\/\/xlab-stiftung.de\/","name":"XLAB Stiftung","description":"","publisher":{"@id":"https:\/\/xlab-stiftung.de\/#organization"},"potentialAction":[{"@type":"SearchAction","target":{"@type":"EntryPoint","urlTemplate":"https:\/\/xlab-stiftung.de\/?s={search_term_string}"},"query-input":"required name=search_term_string"}],"inLanguage":"en-US"},{"@type":"Organization","@id":"https:\/\/xlab-stiftung.de\/#organization","name":"XLAB Stiftung","url":"https:\/\/xlab-stiftung.de\/","logo":{"@type":"ImageObject","inLanguage":"en-US","@id":"https:\/\/xlab-stiftung.de\/#\/schema\/logo\/image\/","url":"https:\/\/xlab-stiftung.de\/wp-content\/uploads\/2023\/01\/ezgif.com-gif-maker-5.gif","contentUrl":"https:\/\/xlab-stiftung.de\/wp-content\/uploads\/2023\/01\/ezgif.com-gif-maker-5.gif","width":2048,"height":230,"caption":"XLAB Stiftung"},"image":{"@id":"https:\/\/xlab-stiftung.de\/#\/schema\/logo\/image\/"}}]}},"_links":{"self":[{"href":"https:\/\/xlab-stiftung.de\/en\/wp-json\/wp\/v2\/pages\/1335"}],"collection":[{"href":"https:\/\/xlab-stiftung.de\/en\/wp-json\/wp\/v2\/pages"}],"about":[{"href":"https:\/\/xlab-stiftung.de\/en\/wp-json\/wp\/v2\/types\/page"}],"author":[{"embeddable":true,"href":"https:\/\/xlab-stiftung.de\/en\/wp-json\/wp\/v2\/users\/1"}],"replies":[{"embeddable":true,"href":"https:\/\/xlab-stiftung.de\/en\/wp-json\/wp\/v2\/comments?post=1335"}],"version-history":[{"count":1,"href":"https:\/\/xlab-stiftung.de\/en\/wp-json\/wp\/v2\/pages\/1335\/revisions"}],"predecessor-version":[{"id":1337,"href":"https:\/\/xlab-stiftung.de\/en\/wp-json\/wp\/v2\/pages\/1335\/revisions\/1337"}],"up":[{"embeddable":true,"href":"https:\/\/xlab-stiftung.de\/en\/wp-json\/wp\/v2\/pages\/133"}],"wp:attachment":[{"href":"https:\/\/xlab-stiftung.de\/en\/wp-json\/wp\/v2\/media?parent=1335"}],"curies":[{"name":"wp","href":"https:\/\/api.w.org\/{rel}","templated":true}]}}