{"id":1345,"date":"2023-02-07T09:38:21","date_gmt":"2023-02-07T09:38:21","guid":{"rendered":"https:\/\/xlab-stiftung.de\/?page_id=1345"},"modified":"2023-02-07T09:38:23","modified_gmt":"2023-02-07T09:38:23","slug":"sf-2012-die-klimakrise","status":"publish","type":"page","link":"https:\/\/xlab-stiftung.de\/en\/science-festival-2004-2017-2\/sf-2012-die-klimakrise\/","title":{"rendered":"SF-2012-Die Klimakrise"},"content":{"rendered":"<p><em>Prof. Dr. Stefan Rahmstorf<br>Potsdam-Institut f\u00fcr Klimafolgenforschung (PIK) und Universit\u00e4t Potsdam<\/em><\/p>\n\n\n\n<p>Seit Beginn der Industrialisierung ist der Kohlenstoffdioxidgehalt der Atmosph\u00e4re auf den bei weitem h\u00f6chsten Wert seit rund einer Million Jahre angestiegen. Gleichzeitig stieg die mittlere Oberfl\u00e4chentemperatur der Erde um 0,8 Grad Celsius. Die Erw\u00e4rmung schreitet bislang ungebremst fort: 2010 war gleichauf mit 2005 das global w\u00e4rmste Jahr seit Beginn der Aufzeichnungen vor mehr als 130 Jahren. Die Eisdecke auf dem arktischen Ozean schwindet immer weiter. Der Meeresspiegel steigt immer rascher: in den letzten beiden Jahrzehnten schon um mehr als drei Zentimeter pro Jahrzehnt. Die letzte Dekade hat eine H\u00e4ufung nie dagewesener Wetterextreme erlebt, wie die Hitzewelle 2010 im \u00f6stlichen Europa oder die \u00dcberflutungen in Pakistan.<br>Was k\u00f6nnen, was sollten wir tun? Der Vortrag diskutiert Ursachen und Folgen der globalen Erw\u00e4rmung und m\u00f6gliche Ans\u00e4tze zur L\u00f6sung des Problems.<\/p>\n\n\n\n<p>Stefan Rahmstorf ist Mitautor des IPCC-Weltklimaberichts. F\u00fcr seine Aufkl\u00e4rungsarbeit zum Klimawandel wurde er 2007 mit dem DUH-Umwelt-Medienpreis ausgezeichnet.<\/p>","protected":false},"excerpt":{"rendered":"<p>Prof. Dr. Stefan RahmstorfPotsdam-Institut f\u00fcr Klimafolgenforschung (PIK) und Universit\u00e4t Potsdam Seit Beginn der Industrialisierung ist der Kohlenstoffdioxidgehalt der Atmosph\u00e4re auf den bei weitem&hellip;<\/p>","protected":false},"author":1,"featured_media":0,"parent":133,"menu_order":31,"comment_status":"closed","ping_status":"closed","template":"","meta":[],"yoast_head":"<!-- This site is optimized with the Yoast SEO plugin v21.2 - https:\/\/yoast.com\/wordpress\/plugins\/seo\/ -->\n<title>SF-2012-Die Klimakrise - XLAB Stiftung<\/title>\n<meta name=\"robots\" content=\"index, follow, max-snippet:-1, max-image-preview:large, max-video-preview:-1\" \/>\n<link rel=\"canonical\" href=\"https:\/\/xlab-stiftung.de\/en\/science-festival-2004-2017-2\/sf-2012-die-klimakrise\/\" \/>\n<meta property=\"og:locale\" content=\"en_US\" \/>\n<meta property=\"og:type\" content=\"article\" \/>\n<meta property=\"og:title\" content=\"SF-2012-Die Klimakrise - XLAB Stiftung\" \/>\n<meta property=\"og:description\" content=\"Prof. Dr. Stefan RahmstorfPotsdam-Institut f\u00fcr Klimafolgenforschung (PIK) und Universit\u00e4t Potsdam Seit Beginn der Industrialisierung ist der Kohlenstoffdioxidgehalt der Atmosph\u00e4re auf den bei weitem&hellip;\" \/>\n<meta property=\"og:url\" content=\"https:\/\/xlab-stiftung.de\/en\/science-festival-2004-2017-2\/sf-2012-die-klimakrise\/\" \/>\n<meta property=\"og:site_name\" content=\"XLAB Stiftung\" \/>\n<meta property=\"article:modified_time\" content=\"2023-02-07T09:38:23+00:00\" \/>\n<meta name=\"twitter:card\" content=\"summary_large_image\" \/>\n<meta name=\"twitter:label1\" content=\"Est. reading time\" \/>\n\t<meta name=\"twitter:data1\" content=\"1 minute\" \/>\n<script type=\"application\/ld+json\" class=\"yoast-schema-graph\">{\"@context\":\"https:\/\/schema.org\",\"@graph\":[{\"@type\":\"WebPage\",\"@id\":\"https:\/\/xlab-stiftung.de\/science-festival-2004-2017-2\/sf-2012-die-klimakrise\/\",\"url\":\"https:\/\/xlab-stiftung.de\/science-festival-2004-2017-2\/sf-2012-die-klimakrise\/\",\"name\":\"SF-2012-Die Klimakrise - XLAB Stiftung\",\"isPartOf\":{\"@id\":\"https:\/\/xlab-stiftung.de\/#website\"},\"datePublished\":\"2023-02-07T09:38:21+00:00\",\"dateModified\":\"2023-02-07T09:38:23+00:00\",\"breadcrumb\":{\"@id\":\"https:\/\/xlab-stiftung.de\/science-festival-2004-2017-2\/sf-2012-die-klimakrise\/#breadcrumb\"},\"inLanguage\":\"en-US\",\"potentialAction\":[{\"@type\":\"ReadAction\",\"target\":[\"https:\/\/xlab-stiftung.de\/science-festival-2004-2017-2\/sf-2012-die-klimakrise\/\"]}]},{\"@type\":\"BreadcrumbList\",\"@id\":\"https:\/\/xlab-stiftung.de\/science-festival-2004-2017-2\/sf-2012-die-klimakrise\/#breadcrumb\",\"itemListElement\":[{\"@type\":\"ListItem\",\"position\":1,\"name\":\"Startseite\",\"item\":\"https:\/\/xlab-stiftung.de\/\"},{\"@type\":\"ListItem\",\"position\":2,\"name\":\"Science Festival 2004-2023\",\"item\":\"https:\/\/xlab-stiftung.de\/science-festival-2004-2017-2\/\"},{\"@type\":\"ListItem\",\"position\":3,\"name\":\"SF-2012-Die Klimakrise\"}]},{\"@type\":\"WebSite\",\"@id\":\"https:\/\/xlab-stiftung.de\/#website\",\"url\":\"https:\/\/xlab-stiftung.de\/\",\"name\":\"XLAB Stiftung\",\"description\":\"\",\"publisher\":{\"@id\":\"https:\/\/xlab-stiftung.de\/#organization\"},\"potentialAction\":[{\"@type\":\"SearchAction\",\"target\":{\"@type\":\"EntryPoint\",\"urlTemplate\":\"https:\/\/xlab-stiftung.de\/?s={search_term_string}\"},\"query-input\":\"required name=search_term_string\"}],\"inLanguage\":\"en-US\"},{\"@type\":\"Organization\",\"@id\":\"https:\/\/xlab-stiftung.de\/#organization\",\"name\":\"XLAB Stiftung\",\"url\":\"https:\/\/xlab-stiftung.de\/\",\"logo\":{\"@type\":\"ImageObject\",\"inLanguage\":\"en-US\",\"@id\":\"https:\/\/xlab-stiftung.de\/#\/schema\/logo\/image\/\",\"url\":\"https:\/\/xlab-stiftung.de\/wp-content\/uploads\/2023\/01\/ezgif.com-gif-maker-5.gif\",\"contentUrl\":\"https:\/\/xlab-stiftung.de\/wp-content\/uploads\/2023\/01\/ezgif.com-gif-maker-5.gif\",\"width\":2048,\"height\":230,\"caption\":\"XLAB Stiftung\"},\"image\":{\"@id\":\"https:\/\/xlab-stiftung.de\/#\/schema\/logo\/image\/\"}}]}<\/script>\n<!-- \/ Yoast SEO plugin. -->","yoast_head_json":{"title":"SF-2012-Die Klimakrise - XLAB Stiftung","robots":{"index":"index","follow":"follow","max-snippet":"max-snippet:-1","max-image-preview":"max-image-preview:large","max-video-preview":"max-video-preview:-1"},"canonical":"https:\/\/xlab-stiftung.de\/en\/science-festival-2004-2017-2\/sf-2012-die-klimakrise\/","og_locale":"en_US","og_type":"article","og_title":"SF-2012-Die Klimakrise - XLAB Stiftung","og_description":"Prof. Dr. Stefan RahmstorfPotsdam-Institut f\u00fcr Klimafolgenforschung (PIK) und Universit\u00e4t Potsdam Seit Beginn der Industrialisierung ist der Kohlenstoffdioxidgehalt der Atmosph\u00e4re auf den bei weitem&hellip;","og_url":"https:\/\/xlab-stiftung.de\/en\/science-festival-2004-2017-2\/sf-2012-die-klimakrise\/","og_site_name":"XLAB Stiftung","article_modified_time":"2023-02-07T09:38:23+00:00","twitter_card":"summary_large_image","twitter_misc":{"Est. reading time":"1 minute"},"schema":{"@context":"https:\/\/schema.org","@graph":[{"@type":"WebPage","@id":"https:\/\/xlab-stiftung.de\/science-festival-2004-2017-2\/sf-2012-die-klimakrise\/","url":"https:\/\/xlab-stiftung.de\/science-festival-2004-2017-2\/sf-2012-die-klimakrise\/","name":"SF-2012-Die Klimakrise - XLAB Stiftung","isPartOf":{"@id":"https:\/\/xlab-stiftung.de\/#website"},"datePublished":"2023-02-07T09:38:21+00:00","dateModified":"2023-02-07T09:38:23+00:00","breadcrumb":{"@id":"https:\/\/xlab-stiftung.de\/science-festival-2004-2017-2\/sf-2012-die-klimakrise\/#breadcrumb"},"inLanguage":"en-US","potentialAction":[{"@type":"ReadAction","target":["https:\/\/xlab-stiftung.de\/science-festival-2004-2017-2\/sf-2012-die-klimakrise\/"]}]},{"@type":"BreadcrumbList","@id":"https:\/\/xlab-stiftung.de\/science-festival-2004-2017-2\/sf-2012-die-klimakrise\/#breadcrumb","itemListElement":[{"@type":"ListItem","position":1,"name":"Startseite","item":"https:\/\/xlab-stiftung.de\/"},{"@type":"ListItem","position":2,"name":"Science Festival 2004-2023","item":"https:\/\/xlab-stiftung.de\/science-festival-2004-2017-2\/"},{"@type":"ListItem","position":3,"name":"SF-2012-Die Klimakrise"}]},{"@type":"WebSite","@id":"https:\/\/xlab-stiftung.de\/#website","url":"https:\/\/xlab-stiftung.de\/","name":"XLAB Stiftung","description":"","publisher":{"@id":"https:\/\/xlab-stiftung.de\/#organization"},"potentialAction":[{"@type":"SearchAction","target":{"@type":"EntryPoint","urlTemplate":"https:\/\/xlab-stiftung.de\/?s={search_term_string}"},"query-input":"required name=search_term_string"}],"inLanguage":"en-US"},{"@type":"Organization","@id":"https:\/\/xlab-stiftung.de\/#organization","name":"XLAB Stiftung","url":"https:\/\/xlab-stiftung.de\/","logo":{"@type":"ImageObject","inLanguage":"en-US","@id":"https:\/\/xlab-stiftung.de\/#\/schema\/logo\/image\/","url":"https:\/\/xlab-stiftung.de\/wp-content\/uploads\/2023\/01\/ezgif.com-gif-maker-5.gif","contentUrl":"https:\/\/xlab-stiftung.de\/wp-content\/uploads\/2023\/01\/ezgif.com-gif-maker-5.gif","width":2048,"height":230,"caption":"XLAB Stiftung"},"image":{"@id":"https:\/\/xlab-stiftung.de\/#\/schema\/logo\/image\/"}}]}},"_links":{"self":[{"href":"https:\/\/xlab-stiftung.de\/en\/wp-json\/wp\/v2\/pages\/1345"}],"collection":[{"href":"https:\/\/xlab-stiftung.de\/en\/wp-json\/wp\/v2\/pages"}],"about":[{"href":"https:\/\/xlab-stiftung.de\/en\/wp-json\/wp\/v2\/types\/page"}],"author":[{"embeddable":true,"href":"https:\/\/xlab-stiftung.de\/en\/wp-json\/wp\/v2\/users\/1"}],"replies":[{"embeddable":true,"href":"https:\/\/xlab-stiftung.de\/en\/wp-json\/wp\/v2\/comments?post=1345"}],"version-history":[{"count":1,"href":"https:\/\/xlab-stiftung.de\/en\/wp-json\/wp\/v2\/pages\/1345\/revisions"}],"predecessor-version":[{"id":1347,"href":"https:\/\/xlab-stiftung.de\/en\/wp-json\/wp\/v2\/pages\/1345\/revisions\/1347"}],"up":[{"embeddable":true,"href":"https:\/\/xlab-stiftung.de\/en\/wp-json\/wp\/v2\/pages\/133"}],"wp:attachment":[{"href":"https:\/\/xlab-stiftung.de\/en\/wp-json\/wp\/v2\/media?parent=1345"}],"curies":[{"name":"wp","href":"https:\/\/api.w.org\/{rel}","templated":true}]}}