{"id":1353,"date":"2023-02-07T09:46:16","date_gmt":"2023-02-07T09:46:16","guid":{"rendered":"https:\/\/xlab-stiftung.de\/?page_id=1353"},"modified":"2023-02-07T09:46:17","modified_gmt":"2023-02-07T09:46:17","slug":"sf-2012-plastikwelt-von-der-alltagswirklichkeit-zur-zukunftstechnologie-2","status":"publish","type":"page","link":"https:\/\/xlab-stiftung.de\/en\/science-festival-2004-2017-2\/sf-2012-plastikwelt-von-der-alltagswirklichkeit-zur-zukunftstechnologie-2\/","title":{"rendered":"SF-2012-Plastikwelt \u2013 von der Alltagswirklichkeit zur Zukunftstechnologie"},"content":{"rendered":"<p><em>Prof. Dr. Klaus M\u00fcllen,<br>Max-Planck-Institut f\u00fcr Polymer-Forschung, Mainz<\/em><\/p>\n\n\n\n<p>Die Plastikt\u00fcte erscheint geradezu als Symbol unserer Wegwerfgesellschaft. Plastik, das ist aber auch der k\u00fcnstliche H\u00fcftgelenkkopf oder der Tr\u00e4ger zum Einschleusen einer fremden DNA in eine Zelle. Plastik, vielfach Kunststoff genannt, ist in unserem Alltag allgegenw\u00e4rtig, ist aber ebenfalls die materielle Grundlage vieler Technologien, nicht zuletzt im Bereich der Energie und Elektronik. Das l\u00e4sst sich leicht f\u00fcr energierelevante Verfahren zeigen, f\u00fcr Energieeinsparung ebenso wie f\u00fcr Energieerzeugung und Energiespeicherung. W\u00e4rmed\u00e4mmung ist keineswegs als \u201elow-tech\u201c-Variante der Kunststofferzeugung zu sehen, und Windr\u00e4der gro\u00dfer Spannbreite lassen sich ohne kohlefaserverst\u00e4rkte Kunststoffe kaum konstruieren. \u00c4hnliche \u00dcberlegungen gelten f\u00fcr elektronische und optoelektronische Bauelemente wie Solarzellen, Leuchtdioden oder Feldeffekttransistoren. Hier m\u00fcssen Kunststoffe Ladungen transportieren oder mit Licht wechselwirken k\u00f6nnen.<br>Kunststoffe sind in hohem Ma\u00dfe ressourcenschonend. Die landl\u00e4ufig gestellten Fragen nach dem Recycling sind wissenschaftlich und technisch alle gel\u00f6st. Auf einem ganz anderen Blatt stehen politische und gesellschaftliche Entscheidungen.<\/p>","protected":false},"excerpt":{"rendered":"<p>Prof. Dr. Klaus M\u00fcllen,Max-Planck-Institut f\u00fcr Polymer-Forschung, Mainz Die Plastikt\u00fcte erscheint geradezu als Symbol unserer Wegwerfgesellschaft. Plastik, das ist aber auch der k\u00fcnstliche H\u00fcftgelenkkopf&hellip;<\/p>","protected":false},"author":1,"featured_media":0,"parent":133,"menu_order":32,"comment_status":"closed","ping_status":"closed","template":"","meta":[],"yoast_head":"<!-- This site is optimized with the Yoast SEO plugin v21.2 - https:\/\/yoast.com\/wordpress\/plugins\/seo\/ -->\n<title>SF-2012-Plastikwelt \u2013 von der Alltagswirklichkeit zur Zukunftstechnologie - XLAB Stiftung<\/title>\n<meta name=\"robots\" content=\"index, follow, max-snippet:-1, max-image-preview:large, max-video-preview:-1\" \/>\n<link rel=\"canonical\" href=\"https:\/\/xlab-stiftung.de\/en\/science-festival-2004-2017-2\/sf-2012-plastikwelt-von-der-alltagswirklichkeit-zur-zukunftstechnologie-2\/\" \/>\n<meta property=\"og:locale\" content=\"en_US\" \/>\n<meta property=\"og:type\" content=\"article\" \/>\n<meta property=\"og:title\" content=\"SF-2012-Plastikwelt \u2013 von der Alltagswirklichkeit zur Zukunftstechnologie - XLAB Stiftung\" \/>\n<meta property=\"og:description\" content=\"Prof. Dr. Klaus M\u00fcllen,Max-Planck-Institut f\u00fcr Polymer-Forschung, Mainz Die Plastikt\u00fcte erscheint geradezu als Symbol unserer Wegwerfgesellschaft. Plastik, das ist aber auch der k\u00fcnstliche H\u00fcftgelenkkopf&hellip;\" \/>\n<meta property=\"og:url\" content=\"https:\/\/xlab-stiftung.de\/en\/science-festival-2004-2017-2\/sf-2012-plastikwelt-von-der-alltagswirklichkeit-zur-zukunftstechnologie-2\/\" \/>\n<meta property=\"og:site_name\" content=\"XLAB Stiftung\" \/>\n<meta property=\"article:modified_time\" content=\"2023-02-07T09:46:17+00:00\" \/>\n<meta name=\"twitter:card\" content=\"summary_large_image\" \/>\n<meta name=\"twitter:label1\" content=\"Est. reading time\" \/>\n\t<meta name=\"twitter:data1\" content=\"1 minute\" \/>\n<script type=\"application\/ld+json\" class=\"yoast-schema-graph\">{\"@context\":\"https:\/\/schema.org\",\"@graph\":[{\"@type\":\"WebPage\",\"@id\":\"https:\/\/xlab-stiftung.de\/science-festival-2004-2017-2\/sf-2012-plastikwelt-von-der-alltagswirklichkeit-zur-zukunftstechnologie-2\/\",\"url\":\"https:\/\/xlab-stiftung.de\/science-festival-2004-2017-2\/sf-2012-plastikwelt-von-der-alltagswirklichkeit-zur-zukunftstechnologie-2\/\",\"name\":\"SF-2012-Plastikwelt \u2013 von der Alltagswirklichkeit zur Zukunftstechnologie - XLAB Stiftung\",\"isPartOf\":{\"@id\":\"https:\/\/xlab-stiftung.de\/#website\"},\"datePublished\":\"2023-02-07T09:46:16+00:00\",\"dateModified\":\"2023-02-07T09:46:17+00:00\",\"breadcrumb\":{\"@id\":\"https:\/\/xlab-stiftung.de\/science-festival-2004-2017-2\/sf-2012-plastikwelt-von-der-alltagswirklichkeit-zur-zukunftstechnologie-2\/#breadcrumb\"},\"inLanguage\":\"en-US\",\"potentialAction\":[{\"@type\":\"ReadAction\",\"target\":[\"https:\/\/xlab-stiftung.de\/science-festival-2004-2017-2\/sf-2012-plastikwelt-von-der-alltagswirklichkeit-zur-zukunftstechnologie-2\/\"]}]},{\"@type\":\"BreadcrumbList\",\"@id\":\"https:\/\/xlab-stiftung.de\/science-festival-2004-2017-2\/sf-2012-plastikwelt-von-der-alltagswirklichkeit-zur-zukunftstechnologie-2\/#breadcrumb\",\"itemListElement\":[{\"@type\":\"ListItem\",\"position\":1,\"name\":\"Startseite\",\"item\":\"https:\/\/xlab-stiftung.de\/\"},{\"@type\":\"ListItem\",\"position\":2,\"name\":\"Science Festival 2004-2023\",\"item\":\"https:\/\/xlab-stiftung.de\/science-festival-2004-2017-2\/\"},{\"@type\":\"ListItem\",\"position\":3,\"name\":\"SF-2012-Plastikwelt \u2013 von der Alltagswirklichkeit zur Zukunftstechnologie\"}]},{\"@type\":\"WebSite\",\"@id\":\"https:\/\/xlab-stiftung.de\/#website\",\"url\":\"https:\/\/xlab-stiftung.de\/\",\"name\":\"XLAB Stiftung\",\"description\":\"\",\"publisher\":{\"@id\":\"https:\/\/xlab-stiftung.de\/#organization\"},\"potentialAction\":[{\"@type\":\"SearchAction\",\"target\":{\"@type\":\"EntryPoint\",\"urlTemplate\":\"https:\/\/xlab-stiftung.de\/?s={search_term_string}\"},\"query-input\":\"required name=search_term_string\"}],\"inLanguage\":\"en-US\"},{\"@type\":\"Organization\",\"@id\":\"https:\/\/xlab-stiftung.de\/#organization\",\"name\":\"XLAB Stiftung\",\"url\":\"https:\/\/xlab-stiftung.de\/\",\"logo\":{\"@type\":\"ImageObject\",\"inLanguage\":\"en-US\",\"@id\":\"https:\/\/xlab-stiftung.de\/#\/schema\/logo\/image\/\",\"url\":\"https:\/\/xlab-stiftung.de\/wp-content\/uploads\/2023\/01\/ezgif.com-gif-maker-5.gif\",\"contentUrl\":\"https:\/\/xlab-stiftung.de\/wp-content\/uploads\/2023\/01\/ezgif.com-gif-maker-5.gif\",\"width\":2048,\"height\":230,\"caption\":\"XLAB Stiftung\"},\"image\":{\"@id\":\"https:\/\/xlab-stiftung.de\/#\/schema\/logo\/image\/\"}}]}<\/script>\n<!-- \/ Yoast SEO plugin. -->","yoast_head_json":{"title":"SF-2012-Plastikwelt \u2013 von der Alltagswirklichkeit zur Zukunftstechnologie - XLAB Stiftung","robots":{"index":"index","follow":"follow","max-snippet":"max-snippet:-1","max-image-preview":"max-image-preview:large","max-video-preview":"max-video-preview:-1"},"canonical":"https:\/\/xlab-stiftung.de\/en\/science-festival-2004-2017-2\/sf-2012-plastikwelt-von-der-alltagswirklichkeit-zur-zukunftstechnologie-2\/","og_locale":"en_US","og_type":"article","og_title":"SF-2012-Plastikwelt \u2013 von der Alltagswirklichkeit zur Zukunftstechnologie - XLAB Stiftung","og_description":"Prof. Dr. Klaus M\u00fcllen,Max-Planck-Institut f\u00fcr Polymer-Forschung, Mainz Die Plastikt\u00fcte erscheint geradezu als Symbol unserer Wegwerfgesellschaft. Plastik, das ist aber auch der k\u00fcnstliche H\u00fcftgelenkkopf&hellip;","og_url":"https:\/\/xlab-stiftung.de\/en\/science-festival-2004-2017-2\/sf-2012-plastikwelt-von-der-alltagswirklichkeit-zur-zukunftstechnologie-2\/","og_site_name":"XLAB Stiftung","article_modified_time":"2023-02-07T09:46:17+00:00","twitter_card":"summary_large_image","twitter_misc":{"Est. reading time":"1 minute"},"schema":{"@context":"https:\/\/schema.org","@graph":[{"@type":"WebPage","@id":"https:\/\/xlab-stiftung.de\/science-festival-2004-2017-2\/sf-2012-plastikwelt-von-der-alltagswirklichkeit-zur-zukunftstechnologie-2\/","url":"https:\/\/xlab-stiftung.de\/science-festival-2004-2017-2\/sf-2012-plastikwelt-von-der-alltagswirklichkeit-zur-zukunftstechnologie-2\/","name":"SF-2012-Plastikwelt \u2013 von der Alltagswirklichkeit zur Zukunftstechnologie - XLAB Stiftung","isPartOf":{"@id":"https:\/\/xlab-stiftung.de\/#website"},"datePublished":"2023-02-07T09:46:16+00:00","dateModified":"2023-02-07T09:46:17+00:00","breadcrumb":{"@id":"https:\/\/xlab-stiftung.de\/science-festival-2004-2017-2\/sf-2012-plastikwelt-von-der-alltagswirklichkeit-zur-zukunftstechnologie-2\/#breadcrumb"},"inLanguage":"en-US","potentialAction":[{"@type":"ReadAction","target":["https:\/\/xlab-stiftung.de\/science-festival-2004-2017-2\/sf-2012-plastikwelt-von-der-alltagswirklichkeit-zur-zukunftstechnologie-2\/"]}]},{"@type":"BreadcrumbList","@id":"https:\/\/xlab-stiftung.de\/science-festival-2004-2017-2\/sf-2012-plastikwelt-von-der-alltagswirklichkeit-zur-zukunftstechnologie-2\/#breadcrumb","itemListElement":[{"@type":"ListItem","position":1,"name":"Startseite","item":"https:\/\/xlab-stiftung.de\/"},{"@type":"ListItem","position":2,"name":"Science Festival 2004-2023","item":"https:\/\/xlab-stiftung.de\/science-festival-2004-2017-2\/"},{"@type":"ListItem","position":3,"name":"SF-2012-Plastikwelt \u2013 von der Alltagswirklichkeit zur Zukunftstechnologie"}]},{"@type":"WebSite","@id":"https:\/\/xlab-stiftung.de\/#website","url":"https:\/\/xlab-stiftung.de\/","name":"XLAB Stiftung","description":"","publisher":{"@id":"https:\/\/xlab-stiftung.de\/#organization"},"potentialAction":[{"@type":"SearchAction","target":{"@type":"EntryPoint","urlTemplate":"https:\/\/xlab-stiftung.de\/?s={search_term_string}"},"query-input":"required name=search_term_string"}],"inLanguage":"en-US"},{"@type":"Organization","@id":"https:\/\/xlab-stiftung.de\/#organization","name":"XLAB Stiftung","url":"https:\/\/xlab-stiftung.de\/","logo":{"@type":"ImageObject","inLanguage":"en-US","@id":"https:\/\/xlab-stiftung.de\/#\/schema\/logo\/image\/","url":"https:\/\/xlab-stiftung.de\/wp-content\/uploads\/2023\/01\/ezgif.com-gif-maker-5.gif","contentUrl":"https:\/\/xlab-stiftung.de\/wp-content\/uploads\/2023\/01\/ezgif.com-gif-maker-5.gif","width":2048,"height":230,"caption":"XLAB Stiftung"},"image":{"@id":"https:\/\/xlab-stiftung.de\/#\/schema\/logo\/image\/"}}]}},"_links":{"self":[{"href":"https:\/\/xlab-stiftung.de\/en\/wp-json\/wp\/v2\/pages\/1353"}],"collection":[{"href":"https:\/\/xlab-stiftung.de\/en\/wp-json\/wp\/v2\/pages"}],"about":[{"href":"https:\/\/xlab-stiftung.de\/en\/wp-json\/wp\/v2\/types\/page"}],"author":[{"embeddable":true,"href":"https:\/\/xlab-stiftung.de\/en\/wp-json\/wp\/v2\/users\/1"}],"replies":[{"embeddable":true,"href":"https:\/\/xlab-stiftung.de\/en\/wp-json\/wp\/v2\/comments?post=1353"}],"version-history":[{"count":1,"href":"https:\/\/xlab-stiftung.de\/en\/wp-json\/wp\/v2\/pages\/1353\/revisions"}],"predecessor-version":[{"id":1355,"href":"https:\/\/xlab-stiftung.de\/en\/wp-json\/wp\/v2\/pages\/1353\/revisions\/1355"}],"up":[{"embeddable":true,"href":"https:\/\/xlab-stiftung.de\/en\/wp-json\/wp\/v2\/pages\/133"}],"wp:attachment":[{"href":"https:\/\/xlab-stiftung.de\/en\/wp-json\/wp\/v2\/media?parent=1353"}],"curies":[{"name":"wp","href":"https:\/\/api.w.org\/{rel}","templated":true}]}}