{"id":1359,"date":"2023-02-08T13:21:50","date_gmt":"2023-02-08T13:21:50","guid":{"rendered":"https:\/\/xlab-stiftung.de\/?page_id=1359"},"modified":"2023-02-08T13:21:52","modified_gmt":"2023-02-08T13:21:52","slug":"sf-2011-das-innere-der-planeten-und-ihre-magnetfelder","status":"publish","type":"page","link":"https:\/\/xlab-stiftung.de\/en\/science-festival-2004-2017-2\/sf-2011-das-innere-der-planeten-und-ihre-magnetfelder\/","title":{"rendered":"SF-2011-Das Innere der Planeten und ihre Magnetfelder"},"content":{"rendered":"<p><em>Prof. Dr. Ulrich Christensen<br>MPI f\u00fcr Sonnensystemforschung Katlenburg-Lindau<\/em><\/p>\n\n\n\n<p>Raummissionen liefern spektakul\u00e4re Bilder von den Oberfl\u00e4chen unserer Nachbarn im Sonnensystem, ihr innerer Aufbau und die dort ablaufenden Prozesse erschlie\u00dfen sich aber nur aus indirekten Indizien. Erloschener oder noch aktiver Vulkanismus zeigt, dass das Innere hei\u00df war oder ist. Aus dem Schwerefeld und der Rotation l\u00e4sst sich ableiten, dass beispielsweise Mars und Merkur wie die Erde unter einem Gesteinsmantel einen fl\u00fcssigen Eisenkern besitzen. Die meisten gro\u00dfen Monde von Jupiter und Saturn haben sogar einen dreigeteilten Aufbau, bei dem au\u00dfen noch ein m\u00e4chtiger Eispanzer hinzukommt. Die geringe Dichte der gro\u00dfen Planeten im \u00e4u\u00dferen Sonnensystem zeigt, dass sie h\u00f6chstens einen kleinen Gesteinskern besitzen k\u00f6nnen und haupts\u00e4chlich aus leichten Elementen bestehen.<br>Viele Planeten haben ein Magnetfeld, das nur in einem Dynamoprozess durch Str\u00f6mungen in einem fl\u00fcssigen und elektrisch leitenden Kern erzeugt werden kann. Die Magnetfelder sind aber sehr unterschiedlich, beispielsweise ist es beim Merkur viel schw\u00e4cher als bei der Erde und beim Saturn viel genauer an den Rotationspolen ausgerichtet als bei uns. Die Ursachen f\u00fcr diese Unterschiede kennen wir nur teilweise, sie zeigen aber, dass trotz aller Gemeinsamkeiten jeder Planet ein Individuum ist.<\/p>","protected":false},"excerpt":{"rendered":"<p>Prof. Dr. Ulrich ChristensenMPI f\u00fcr Sonnensystemforschung Katlenburg-Lindau Raummissionen liefern spektakul\u00e4re Bilder von den Oberfl\u00e4chen unserer Nachbarn im Sonnensystem, ihr innerer Aufbau und die&hellip;<\/p>","protected":false},"author":1,"featured_media":0,"parent":133,"menu_order":18,"comment_status":"closed","ping_status":"closed","template":"","meta":[],"yoast_head":"<!-- This site is optimized with the Yoast SEO plugin v21.2 - https:\/\/yoast.com\/wordpress\/plugins\/seo\/ -->\n<title>SF-2011-Das Innere der Planeten und ihre Magnetfelder - XLAB Stiftung<\/title>\n<meta name=\"robots\" content=\"index, follow, max-snippet:-1, max-image-preview:large, max-video-preview:-1\" \/>\n<link rel=\"canonical\" href=\"https:\/\/xlab-stiftung.de\/en\/science-festival-2004-2017-2\/sf-2011-das-innere-der-planeten-und-ihre-magnetfelder\/\" \/>\n<meta property=\"og:locale\" content=\"en_US\" \/>\n<meta property=\"og:type\" content=\"article\" \/>\n<meta property=\"og:title\" content=\"SF-2011-Das Innere der Planeten und ihre Magnetfelder - XLAB Stiftung\" \/>\n<meta property=\"og:description\" content=\"Prof. Dr. Ulrich ChristensenMPI f\u00fcr Sonnensystemforschung Katlenburg-Lindau Raummissionen liefern spektakul\u00e4re Bilder von den Oberfl\u00e4chen unserer Nachbarn im Sonnensystem, ihr innerer Aufbau und die&hellip;\" \/>\n<meta property=\"og:url\" content=\"https:\/\/xlab-stiftung.de\/en\/science-festival-2004-2017-2\/sf-2011-das-innere-der-planeten-und-ihre-magnetfelder\/\" \/>\n<meta property=\"og:site_name\" content=\"XLAB Stiftung\" \/>\n<meta property=\"article:modified_time\" content=\"2023-02-08T13:21:52+00:00\" \/>\n<meta name=\"twitter:card\" content=\"summary_large_image\" \/>\n<meta name=\"twitter:label1\" content=\"Est. reading time\" \/>\n\t<meta name=\"twitter:data1\" content=\"2 minutes\" \/>\n<script type=\"application\/ld+json\" class=\"yoast-schema-graph\">{\"@context\":\"https:\/\/schema.org\",\"@graph\":[{\"@type\":\"WebPage\",\"@id\":\"https:\/\/xlab-stiftung.de\/science-festival-2004-2017-2\/sf-2011-das-innere-der-planeten-und-ihre-magnetfelder\/\",\"url\":\"https:\/\/xlab-stiftung.de\/science-festival-2004-2017-2\/sf-2011-das-innere-der-planeten-und-ihre-magnetfelder\/\",\"name\":\"SF-2011-Das Innere der Planeten und ihre Magnetfelder - XLAB Stiftung\",\"isPartOf\":{\"@id\":\"https:\/\/xlab-stiftung.de\/#website\"},\"datePublished\":\"2023-02-08T13:21:50+00:00\",\"dateModified\":\"2023-02-08T13:21:52+00:00\",\"breadcrumb\":{\"@id\":\"https:\/\/xlab-stiftung.de\/science-festival-2004-2017-2\/sf-2011-das-innere-der-planeten-und-ihre-magnetfelder\/#breadcrumb\"},\"inLanguage\":\"en-US\",\"potentialAction\":[{\"@type\":\"ReadAction\",\"target\":[\"https:\/\/xlab-stiftung.de\/science-festival-2004-2017-2\/sf-2011-das-innere-der-planeten-und-ihre-magnetfelder\/\"]}]},{\"@type\":\"BreadcrumbList\",\"@id\":\"https:\/\/xlab-stiftung.de\/science-festival-2004-2017-2\/sf-2011-das-innere-der-planeten-und-ihre-magnetfelder\/#breadcrumb\",\"itemListElement\":[{\"@type\":\"ListItem\",\"position\":1,\"name\":\"Startseite\",\"item\":\"https:\/\/xlab-stiftung.de\/\"},{\"@type\":\"ListItem\",\"position\":2,\"name\":\"Science Festival 2004-2023\",\"item\":\"https:\/\/xlab-stiftung.de\/science-festival-2004-2017-2\/\"},{\"@type\":\"ListItem\",\"position\":3,\"name\":\"SF-2011-Das Innere der Planeten und ihre Magnetfelder\"}]},{\"@type\":\"WebSite\",\"@id\":\"https:\/\/xlab-stiftung.de\/#website\",\"url\":\"https:\/\/xlab-stiftung.de\/\",\"name\":\"XLAB Stiftung\",\"description\":\"\",\"publisher\":{\"@id\":\"https:\/\/xlab-stiftung.de\/#organization\"},\"potentialAction\":[{\"@type\":\"SearchAction\",\"target\":{\"@type\":\"EntryPoint\",\"urlTemplate\":\"https:\/\/xlab-stiftung.de\/?s={search_term_string}\"},\"query-input\":\"required name=search_term_string\"}],\"inLanguage\":\"en-US\"},{\"@type\":\"Organization\",\"@id\":\"https:\/\/xlab-stiftung.de\/#organization\",\"name\":\"XLAB Stiftung\",\"url\":\"https:\/\/xlab-stiftung.de\/\",\"logo\":{\"@type\":\"ImageObject\",\"inLanguage\":\"en-US\",\"@id\":\"https:\/\/xlab-stiftung.de\/#\/schema\/logo\/image\/\",\"url\":\"https:\/\/xlab-stiftung.de\/wp-content\/uploads\/2023\/01\/ezgif.com-gif-maker-5.gif\",\"contentUrl\":\"https:\/\/xlab-stiftung.de\/wp-content\/uploads\/2023\/01\/ezgif.com-gif-maker-5.gif\",\"width\":2048,\"height\":230,\"caption\":\"XLAB Stiftung\"},\"image\":{\"@id\":\"https:\/\/xlab-stiftung.de\/#\/schema\/logo\/image\/\"}}]}<\/script>\n<!-- \/ Yoast SEO plugin. -->","yoast_head_json":{"title":"SF-2011-Das Innere der Planeten und ihre Magnetfelder - XLAB Stiftung","robots":{"index":"index","follow":"follow","max-snippet":"max-snippet:-1","max-image-preview":"max-image-preview:large","max-video-preview":"max-video-preview:-1"},"canonical":"https:\/\/xlab-stiftung.de\/en\/science-festival-2004-2017-2\/sf-2011-das-innere-der-planeten-und-ihre-magnetfelder\/","og_locale":"en_US","og_type":"article","og_title":"SF-2011-Das Innere der Planeten und ihre Magnetfelder - XLAB Stiftung","og_description":"Prof. Dr. Ulrich ChristensenMPI f\u00fcr Sonnensystemforschung Katlenburg-Lindau Raummissionen liefern spektakul\u00e4re Bilder von den Oberfl\u00e4chen unserer Nachbarn im Sonnensystem, ihr innerer Aufbau und die&hellip;","og_url":"https:\/\/xlab-stiftung.de\/en\/science-festival-2004-2017-2\/sf-2011-das-innere-der-planeten-und-ihre-magnetfelder\/","og_site_name":"XLAB Stiftung","article_modified_time":"2023-02-08T13:21:52+00:00","twitter_card":"summary_large_image","twitter_misc":{"Est. reading time":"2 minutes"},"schema":{"@context":"https:\/\/schema.org","@graph":[{"@type":"WebPage","@id":"https:\/\/xlab-stiftung.de\/science-festival-2004-2017-2\/sf-2011-das-innere-der-planeten-und-ihre-magnetfelder\/","url":"https:\/\/xlab-stiftung.de\/science-festival-2004-2017-2\/sf-2011-das-innere-der-planeten-und-ihre-magnetfelder\/","name":"SF-2011-Das Innere der Planeten und ihre Magnetfelder - XLAB Stiftung","isPartOf":{"@id":"https:\/\/xlab-stiftung.de\/#website"},"datePublished":"2023-02-08T13:21:50+00:00","dateModified":"2023-02-08T13:21:52+00:00","breadcrumb":{"@id":"https:\/\/xlab-stiftung.de\/science-festival-2004-2017-2\/sf-2011-das-innere-der-planeten-und-ihre-magnetfelder\/#breadcrumb"},"inLanguage":"en-US","potentialAction":[{"@type":"ReadAction","target":["https:\/\/xlab-stiftung.de\/science-festival-2004-2017-2\/sf-2011-das-innere-der-planeten-und-ihre-magnetfelder\/"]}]},{"@type":"BreadcrumbList","@id":"https:\/\/xlab-stiftung.de\/science-festival-2004-2017-2\/sf-2011-das-innere-der-planeten-und-ihre-magnetfelder\/#breadcrumb","itemListElement":[{"@type":"ListItem","position":1,"name":"Startseite","item":"https:\/\/xlab-stiftung.de\/"},{"@type":"ListItem","position":2,"name":"Science Festival 2004-2023","item":"https:\/\/xlab-stiftung.de\/science-festival-2004-2017-2\/"},{"@type":"ListItem","position":3,"name":"SF-2011-Das Innere der Planeten und ihre Magnetfelder"}]},{"@type":"WebSite","@id":"https:\/\/xlab-stiftung.de\/#website","url":"https:\/\/xlab-stiftung.de\/","name":"XLAB Stiftung","description":"","publisher":{"@id":"https:\/\/xlab-stiftung.de\/#organization"},"potentialAction":[{"@type":"SearchAction","target":{"@type":"EntryPoint","urlTemplate":"https:\/\/xlab-stiftung.de\/?s={search_term_string}"},"query-input":"required name=search_term_string"}],"inLanguage":"en-US"},{"@type":"Organization","@id":"https:\/\/xlab-stiftung.de\/#organization","name":"XLAB Stiftung","url":"https:\/\/xlab-stiftung.de\/","logo":{"@type":"ImageObject","inLanguage":"en-US","@id":"https:\/\/xlab-stiftung.de\/#\/schema\/logo\/image\/","url":"https:\/\/xlab-stiftung.de\/wp-content\/uploads\/2023\/01\/ezgif.com-gif-maker-5.gif","contentUrl":"https:\/\/xlab-stiftung.de\/wp-content\/uploads\/2023\/01\/ezgif.com-gif-maker-5.gif","width":2048,"height":230,"caption":"XLAB Stiftung"},"image":{"@id":"https:\/\/xlab-stiftung.de\/#\/schema\/logo\/image\/"}}]}},"_links":{"self":[{"href":"https:\/\/xlab-stiftung.de\/en\/wp-json\/wp\/v2\/pages\/1359"}],"collection":[{"href":"https:\/\/xlab-stiftung.de\/en\/wp-json\/wp\/v2\/pages"}],"about":[{"href":"https:\/\/xlab-stiftung.de\/en\/wp-json\/wp\/v2\/types\/page"}],"author":[{"embeddable":true,"href":"https:\/\/xlab-stiftung.de\/en\/wp-json\/wp\/v2\/users\/1"}],"replies":[{"embeddable":true,"href":"https:\/\/xlab-stiftung.de\/en\/wp-json\/wp\/v2\/comments?post=1359"}],"version-history":[{"count":1,"href":"https:\/\/xlab-stiftung.de\/en\/wp-json\/wp\/v2\/pages\/1359\/revisions"}],"predecessor-version":[{"id":1361,"href":"https:\/\/xlab-stiftung.de\/en\/wp-json\/wp\/v2\/pages\/1359\/revisions\/1361"}],"up":[{"embeddable":true,"href":"https:\/\/xlab-stiftung.de\/en\/wp-json\/wp\/v2\/pages\/133"}],"wp:attachment":[{"href":"https:\/\/xlab-stiftung.de\/en\/wp-json\/wp\/v2\/media?parent=1359"}],"curies":[{"name":"wp","href":"https:\/\/api.w.org\/{rel}","templated":true}]}}