{"id":1363,"date":"2023-02-08T13:22:26","date_gmt":"2023-02-08T13:22:26","guid":{"rendered":"https:\/\/xlab-stiftung.de\/?page_id=1363"},"modified":"2023-02-08T13:22:27","modified_gmt":"2023-02-08T13:22:27","slug":"sf-2011-spitzenathlet-im-federkleid-der-strauss-im-fokus-moderner-biomechanik","status":"publish","type":"page","link":"https:\/\/xlab-stiftung.de\/en\/science-festival-2004-2017-2\/sf-2011-spitzenathlet-im-federkleid-der-strauss-im-fokus-moderner-biomechanik\/","title":{"rendered":"SF-2011-Spitzenathlet im Federkleid \u2013 der Strau\u00df im Fokus moderner Biomechanik"},"content":{"rendered":"<p><em>Dr. Nina Schaller<br>Senckenberg Forschungsinstitut und Naturmuseum Frankfurt<\/em><\/p>\n\n\n\n<p>Dass er den Kopf in den Sand steckt, sagt man ihm nach. Dass alt\u00e4gyptische K\u00f6niginnen ihn als exklusives Reittier benutzten, ist historisch belegt. Die Wirksamkeit seiner Eier als Blitzableiter in nordafrikanischen Landstrichen darf aus naturwissenschaftlicher Sicht jedoch bezweifelt werden. Tatsache ist, dass der Strau\u00df mit konstantem Tempo 70 f\u00fcr mehr als eine halbe Stunde rennen und damit leichten Fu\u00dfes einem trainierten Rennpferd davonlaufen kann.<br>Wie schafft er das? Ein ausdauernder L\u00e4ufer muss wie ein sparsames Auto Antriebsenergie m\u00f6glichst verlustfrei auf einen effizienten Bewegungsapparat \u00fcbertragen. Der Bewegungsapparat des Strau\u00dfes verf\u00fcgt daher \u00fcber ganz besondere Energiesparmechanismen, um mit relativ wenig \u201eTreibstoff\u201c besonders weit zu kommen: Beine in Leichtbauweise, ein \u201eHampelmannprinzip\u201c, das Beinbewegungen automatisch koppelt und \u201eeingeschnappte\u201c Gelenke, die die Muskulatur entlasten und das Tragen des schweren Strau\u00dfenk\u00f6rpers erleichtern.<br>Diese Strukturen, perfektioniert in 60 Millionen Jahren Evolutionsgeschichte, k\u00f6nnen auch in modernen Antriebssystemen wie Robotern eingesetzt werden oder Aufschluss dar\u00fcber geben, ob zweibeinige Dinosaurier, die Vorfahren unserer heutigen V\u00f6gel, flinke J\u00e4ger oder beh\u00e4bige Aasfresser waren.<br>Nina Schaller ist Klaus Tschira-Preistr\u00e4gerin f\u00fcr verst\u00e4ndliche Wissenschaft 2009.<\/p>","protected":false},"excerpt":{"rendered":"<p>Dr. Nina SchallerSenckenberg Forschungsinstitut und Naturmuseum Frankfurt Dass er den Kopf in den Sand steckt, sagt man ihm nach. Dass alt\u00e4gyptische K\u00f6niginnen ihn&hellip;<\/p>","protected":false},"author":1,"featured_media":0,"parent":133,"menu_order":19,"comment_status":"closed","ping_status":"closed","template":"","meta":[],"yoast_head":"<!-- This site is optimized with the Yoast SEO plugin v21.2 - https:\/\/yoast.com\/wordpress\/plugins\/seo\/ -->\n<title>SF-2011-Spitzenathlet im Federkleid \u2013 der Strau\u00df im Fokus moderner Biomechanik - XLAB Stiftung<\/title>\n<meta name=\"robots\" content=\"index, follow, max-snippet:-1, max-image-preview:large, max-video-preview:-1\" \/>\n<link rel=\"canonical\" href=\"https:\/\/xlab-stiftung.de\/en\/science-festival-2004-2017-2\/sf-2011-spitzenathlet-im-federkleid-der-strauss-im-fokus-moderner-biomechanik\/\" \/>\n<meta property=\"og:locale\" content=\"en_US\" \/>\n<meta property=\"og:type\" content=\"article\" \/>\n<meta property=\"og:title\" content=\"SF-2011-Spitzenathlet im Federkleid \u2013 der Strau\u00df im Fokus moderner Biomechanik - XLAB Stiftung\" \/>\n<meta property=\"og:description\" content=\"Dr. Nina SchallerSenckenberg Forschungsinstitut und Naturmuseum Frankfurt Dass er den Kopf in den Sand steckt, sagt man ihm nach. Dass alt\u00e4gyptische K\u00f6niginnen ihn&hellip;\" \/>\n<meta property=\"og:url\" content=\"https:\/\/xlab-stiftung.de\/en\/science-festival-2004-2017-2\/sf-2011-spitzenathlet-im-federkleid-der-strauss-im-fokus-moderner-biomechanik\/\" \/>\n<meta property=\"og:site_name\" content=\"XLAB Stiftung\" \/>\n<meta property=\"article:modified_time\" content=\"2023-02-08T13:22:27+00:00\" \/>\n<meta name=\"twitter:card\" content=\"summary_large_image\" \/>\n<meta name=\"twitter:label1\" content=\"Est. reading time\" \/>\n\t<meta name=\"twitter:data1\" content=\"1 minute\" \/>\n<script type=\"application\/ld+json\" class=\"yoast-schema-graph\">{\"@context\":\"https:\/\/schema.org\",\"@graph\":[{\"@type\":\"WebPage\",\"@id\":\"https:\/\/xlab-stiftung.de\/science-festival-2004-2017-2\/sf-2011-spitzenathlet-im-federkleid-der-strauss-im-fokus-moderner-biomechanik\/\",\"url\":\"https:\/\/xlab-stiftung.de\/science-festival-2004-2017-2\/sf-2011-spitzenathlet-im-federkleid-der-strauss-im-fokus-moderner-biomechanik\/\",\"name\":\"SF-2011-Spitzenathlet im Federkleid \u2013 der Strau\u00df im Fokus moderner Biomechanik - XLAB Stiftung\",\"isPartOf\":{\"@id\":\"https:\/\/xlab-stiftung.de\/#website\"},\"datePublished\":\"2023-02-08T13:22:26+00:00\",\"dateModified\":\"2023-02-08T13:22:27+00:00\",\"breadcrumb\":{\"@id\":\"https:\/\/xlab-stiftung.de\/science-festival-2004-2017-2\/sf-2011-spitzenathlet-im-federkleid-der-strauss-im-fokus-moderner-biomechanik\/#breadcrumb\"},\"inLanguage\":\"en-US\",\"potentialAction\":[{\"@type\":\"ReadAction\",\"target\":[\"https:\/\/xlab-stiftung.de\/science-festival-2004-2017-2\/sf-2011-spitzenathlet-im-federkleid-der-strauss-im-fokus-moderner-biomechanik\/\"]}]},{\"@type\":\"BreadcrumbList\",\"@id\":\"https:\/\/xlab-stiftung.de\/science-festival-2004-2017-2\/sf-2011-spitzenathlet-im-federkleid-der-strauss-im-fokus-moderner-biomechanik\/#breadcrumb\",\"itemListElement\":[{\"@type\":\"ListItem\",\"position\":1,\"name\":\"Startseite\",\"item\":\"https:\/\/xlab-stiftung.de\/\"},{\"@type\":\"ListItem\",\"position\":2,\"name\":\"Science Festival 2004-2023\",\"item\":\"https:\/\/xlab-stiftung.de\/science-festival-2004-2017-2\/\"},{\"@type\":\"ListItem\",\"position\":3,\"name\":\"SF-2011-Spitzenathlet im Federkleid \u2013 der Strau\u00df im Fokus moderner Biomechanik\"}]},{\"@type\":\"WebSite\",\"@id\":\"https:\/\/xlab-stiftung.de\/#website\",\"url\":\"https:\/\/xlab-stiftung.de\/\",\"name\":\"XLAB Stiftung\",\"description\":\"\",\"publisher\":{\"@id\":\"https:\/\/xlab-stiftung.de\/#organization\"},\"potentialAction\":[{\"@type\":\"SearchAction\",\"target\":{\"@type\":\"EntryPoint\",\"urlTemplate\":\"https:\/\/xlab-stiftung.de\/?s={search_term_string}\"},\"query-input\":\"required name=search_term_string\"}],\"inLanguage\":\"en-US\"},{\"@type\":\"Organization\",\"@id\":\"https:\/\/xlab-stiftung.de\/#organization\",\"name\":\"XLAB Stiftung\",\"url\":\"https:\/\/xlab-stiftung.de\/\",\"logo\":{\"@type\":\"ImageObject\",\"inLanguage\":\"en-US\",\"@id\":\"https:\/\/xlab-stiftung.de\/#\/schema\/logo\/image\/\",\"url\":\"https:\/\/xlab-stiftung.de\/wp-content\/uploads\/2023\/01\/ezgif.com-gif-maker-5.gif\",\"contentUrl\":\"https:\/\/xlab-stiftung.de\/wp-content\/uploads\/2023\/01\/ezgif.com-gif-maker-5.gif\",\"width\":2048,\"height\":230,\"caption\":\"XLAB Stiftung\"},\"image\":{\"@id\":\"https:\/\/xlab-stiftung.de\/#\/schema\/logo\/image\/\"}}]}<\/script>\n<!-- \/ Yoast SEO plugin. -->","yoast_head_json":{"title":"SF-2011-Spitzenathlet im Federkleid \u2013 der Strau\u00df im Fokus moderner Biomechanik - XLAB Stiftung","robots":{"index":"index","follow":"follow","max-snippet":"max-snippet:-1","max-image-preview":"max-image-preview:large","max-video-preview":"max-video-preview:-1"},"canonical":"https:\/\/xlab-stiftung.de\/en\/science-festival-2004-2017-2\/sf-2011-spitzenathlet-im-federkleid-der-strauss-im-fokus-moderner-biomechanik\/","og_locale":"en_US","og_type":"article","og_title":"SF-2011-Spitzenathlet im Federkleid \u2013 der Strau\u00df im Fokus moderner Biomechanik - XLAB Stiftung","og_description":"Dr. Nina SchallerSenckenberg Forschungsinstitut und Naturmuseum Frankfurt Dass er den Kopf in den Sand steckt, sagt man ihm nach. Dass alt\u00e4gyptische K\u00f6niginnen ihn&hellip;","og_url":"https:\/\/xlab-stiftung.de\/en\/science-festival-2004-2017-2\/sf-2011-spitzenathlet-im-federkleid-der-strauss-im-fokus-moderner-biomechanik\/","og_site_name":"XLAB Stiftung","article_modified_time":"2023-02-08T13:22:27+00:00","twitter_card":"summary_large_image","twitter_misc":{"Est. reading time":"1 minute"},"schema":{"@context":"https:\/\/schema.org","@graph":[{"@type":"WebPage","@id":"https:\/\/xlab-stiftung.de\/science-festival-2004-2017-2\/sf-2011-spitzenathlet-im-federkleid-der-strauss-im-fokus-moderner-biomechanik\/","url":"https:\/\/xlab-stiftung.de\/science-festival-2004-2017-2\/sf-2011-spitzenathlet-im-federkleid-der-strauss-im-fokus-moderner-biomechanik\/","name":"SF-2011-Spitzenathlet im Federkleid \u2013 der Strau\u00df im Fokus moderner Biomechanik - XLAB Stiftung","isPartOf":{"@id":"https:\/\/xlab-stiftung.de\/#website"},"datePublished":"2023-02-08T13:22:26+00:00","dateModified":"2023-02-08T13:22:27+00:00","breadcrumb":{"@id":"https:\/\/xlab-stiftung.de\/science-festival-2004-2017-2\/sf-2011-spitzenathlet-im-federkleid-der-strauss-im-fokus-moderner-biomechanik\/#breadcrumb"},"inLanguage":"en-US","potentialAction":[{"@type":"ReadAction","target":["https:\/\/xlab-stiftung.de\/science-festival-2004-2017-2\/sf-2011-spitzenathlet-im-federkleid-der-strauss-im-fokus-moderner-biomechanik\/"]}]},{"@type":"BreadcrumbList","@id":"https:\/\/xlab-stiftung.de\/science-festival-2004-2017-2\/sf-2011-spitzenathlet-im-federkleid-der-strauss-im-fokus-moderner-biomechanik\/#breadcrumb","itemListElement":[{"@type":"ListItem","position":1,"name":"Startseite","item":"https:\/\/xlab-stiftung.de\/"},{"@type":"ListItem","position":2,"name":"Science Festival 2004-2023","item":"https:\/\/xlab-stiftung.de\/science-festival-2004-2017-2\/"},{"@type":"ListItem","position":3,"name":"SF-2011-Spitzenathlet im Federkleid \u2013 der Strau\u00df im Fokus moderner Biomechanik"}]},{"@type":"WebSite","@id":"https:\/\/xlab-stiftung.de\/#website","url":"https:\/\/xlab-stiftung.de\/","name":"XLAB Stiftung","description":"","publisher":{"@id":"https:\/\/xlab-stiftung.de\/#organization"},"potentialAction":[{"@type":"SearchAction","target":{"@type":"EntryPoint","urlTemplate":"https:\/\/xlab-stiftung.de\/?s={search_term_string}"},"query-input":"required name=search_term_string"}],"inLanguage":"en-US"},{"@type":"Organization","@id":"https:\/\/xlab-stiftung.de\/#organization","name":"XLAB Stiftung","url":"https:\/\/xlab-stiftung.de\/","logo":{"@type":"ImageObject","inLanguage":"en-US","@id":"https:\/\/xlab-stiftung.de\/#\/schema\/logo\/image\/","url":"https:\/\/xlab-stiftung.de\/wp-content\/uploads\/2023\/01\/ezgif.com-gif-maker-5.gif","contentUrl":"https:\/\/xlab-stiftung.de\/wp-content\/uploads\/2023\/01\/ezgif.com-gif-maker-5.gif","width":2048,"height":230,"caption":"XLAB Stiftung"},"image":{"@id":"https:\/\/xlab-stiftung.de\/#\/schema\/logo\/image\/"}}]}},"_links":{"self":[{"href":"https:\/\/xlab-stiftung.de\/en\/wp-json\/wp\/v2\/pages\/1363"}],"collection":[{"href":"https:\/\/xlab-stiftung.de\/en\/wp-json\/wp\/v2\/pages"}],"about":[{"href":"https:\/\/xlab-stiftung.de\/en\/wp-json\/wp\/v2\/types\/page"}],"author":[{"embeddable":true,"href":"https:\/\/xlab-stiftung.de\/en\/wp-json\/wp\/v2\/users\/1"}],"replies":[{"embeddable":true,"href":"https:\/\/xlab-stiftung.de\/en\/wp-json\/wp\/v2\/comments?post=1363"}],"version-history":[{"count":1,"href":"https:\/\/xlab-stiftung.de\/en\/wp-json\/wp\/v2\/pages\/1363\/revisions"}],"predecessor-version":[{"id":1365,"href":"https:\/\/xlab-stiftung.de\/en\/wp-json\/wp\/v2\/pages\/1363\/revisions\/1365"}],"up":[{"embeddable":true,"href":"https:\/\/xlab-stiftung.de\/en\/wp-json\/wp\/v2\/pages\/133"}],"wp:attachment":[{"href":"https:\/\/xlab-stiftung.de\/en\/wp-json\/wp\/v2\/media?parent=1363"}],"curies":[{"name":"wp","href":"https:\/\/api.w.org\/{rel}","templated":true}]}}