{"id":137,"date":"2022-11-16T07:52:21","date_gmt":"2022-11-16T07:52:21","guid":{"rendered":"https:\/\/xlabstiftung.vwebfile-test.gwdg.de\/?page_id=137"},"modified":"2025-02-17T10:12:24","modified_gmt":"2025-02-17T10:12:24","slug":"broschueren","status":"publish","type":"page","link":"https:\/\/xlab-stiftung.de\/en\/broschueren\/","title":{"rendered":"Brosch\u00fcren"},"content":{"rendered":"<h1 class=\"wp-block-heading has-large-font-size\">Brosch\u00fcren<\/h1>\n\n\n\n<div style=\"height:40px\" aria-hidden=\"true\" class=\"wp-block-spacer\"><\/div>\n\n\n\n<p>Liebe Besucherinnen und Besucher des XLAB Science Festivals,<\/p>\n\n\n\n<p class=\"block\">wir freuen uns, Ihnen unsere Brosch\u00fcren zum Lesen und Herunterladen anbieten zu k\u00f6nnen. In den Brosch\u00fcren finden Sie alle wichtigen Informationen zum Festival, wie z.B. das Programm, die teilnehmenden Wissenschaftlerinnen und Wissenschaftler sowie die verschiedenen Veranstaltungsorte.<\/p>\n\n\n\n<p class=\"block\">Um die Brosch\u00fcren zu lesen, klicken Sie einfach auf die Links oder die Titelbilder der Brosch\u00fcren. Wenn Sie die Brosch\u00fcren lieber herunterladen und ausdrucken m\u00f6chten, k\u00f6nnen Sie dies ebenfalls tun. Klicken Sie einfach auf den Link und w\u00e4hlen Sie \u201eSpeichern unter\u201c oder \u201eDrucken\u201c.<\/p>\n\n\n\n<p class=\"block\">Wir hoffen, dass Ihnen die Brosch\u00fcren weiterhelfen und w\u00fcnschen Ihnen viel Spa\u00df beim XLAB Science Festival.<\/p>\n\n\n\n<p>Mit freundlichen Gr\u00fc\u00dfen Ihr XLAB Science Festival Team<\/p>\n\n\n\n<div style=\"height:40px\" aria-hidden=\"true\" class=\"wp-block-spacer\"><\/div>\n\n\n\n<div class=\"wp-block-columns is-layout-flex wp-container-3\">\n<div class=\"wp-block-column is-layout-flow\">\n<figure class=\"wp-block-image size-full is-resized shadow-effect download-link\"><a href=\"https:\/\/xlab-stiftung.de\/wp-content\/uploads\/2022\/11\/Broschuere_10Jahre_SF.pdf\"><img decoding=\"async\" loading=\"lazy\" src=\"https:\/\/xlab-stiftung.de\/wp-content\/uploads\/2022\/11\/Umschlag-110Jahre.jpg\" alt=\"Brosch\u00fcre XLAB Science Festivals 10 Jahre\" class=\"wp-image-245\" width=\"424\" height=\"212\" srcset=\"https:\/\/xlab-stiftung.de\/wp-content\/uploads\/2022\/11\/Umschlag-110Jahre.jpg 800w, https:\/\/xlab-stiftung.de\/wp-content\/uploads\/2022\/11\/Umschlag-110Jahre-300x150.jpg 300w, https:\/\/xlab-stiftung.de\/wp-content\/uploads\/2022\/11\/Umschlag-110Jahre-768x384.jpg 768w\" sizes=\"(max-width: 424px) 100vw, 424px\" \/><\/a><\/figure>\n<\/div>\n\n\n\n<div class=\"wp-block-column is-layout-flow\">\n<p style=\"font-size:18px\"><a href=\"https:\/\/xlab-stiftung.de\/wp-content\/uploads\/2022\/11\/Broschuere_10Jahre_SF.pdf\">Brosch\u00fcre XLAB Science Festivals 10 Jahre<\/a><\/p>\n\n\n\n<p class=\"zeilenabstand block\" style=\"font-size:14px\">Von 2004 bis 2013 war es uns verg\u00f6nnt, die Festival-Vortr\u00e4ge in der Buchreihe &#8222;Aus den Elfenbeint\u00fcrmen der Wissenschaft&#8220; zu ver\u00ad\u00f6ffent\u00adlichen. Doch ist es immer weniger zu\u00admut\u00adbar, von Wis\u00adsenschaft\u00adlern mit\u00adten im For\u00adschungs- und Lehr\u00adbe\u00adtrieb einen all\u00adgemein\u00adver\u00adst\u00e4nd\u00adlichen Ar\u00adtikel in deut\u00adscher Spra\u00adche zu erwarten. Statt\u00addessen soll mit Foto\u00adbro\u00adsch\u00fcren wie dieser an gro\u00dfar\u00adtige Vor\u00adtr\u00e4ge und be\u00adeindrucken\u00adde Mo\u00admente der Science Festivals er\u00adinnert wer\u00adden.<\/p>\n<\/div>\n<\/div>\n\n\n\n<div class=\"wp-block-columns is-layout-flex wp-container-6\">\n<div class=\"wp-block-column is-layout-flow\">\n<figure class=\"wp-block-image size-large is-resized shadow-effect download-link\"><a href=\"https:\/\/xlab-stiftung.de\/wp-content\/uploads\/2022\/11\/SF_2014_2017_druck_Optimized.pdf\"><img decoding=\"async\" loading=\"lazy\" src=\"https:\/\/xlab-stiftung.de\/wp-content\/uploads\/2022\/11\/2014-2017_broschuere_titel-1024x508.jpg\" alt=\"\" class=\"wp-image-401\" width=\"424\" height=\"210\" srcset=\"https:\/\/xlab-stiftung.de\/wp-content\/uploads\/2022\/11\/2014-2017_broschuere_titel-1024x508.jpg 1024w, https:\/\/xlab-stiftung.de\/wp-content\/uploads\/2022\/11\/2014-2017_broschuere_titel-300x149.jpg 300w, https:\/\/xlab-stiftung.de\/wp-content\/uploads\/2022\/11\/2014-2017_broschuere_titel-768x381.jpg 768w, https:\/\/xlab-stiftung.de\/wp-content\/uploads\/2022\/11\/2014-2017_broschuere_titel-1536x762.jpg 1536w, https:\/\/xlab-stiftung.de\/wp-content\/uploads\/2022\/11\/2014-2017_broschuere_titel-850x422.jpg 850w, https:\/\/xlab-stiftung.de\/wp-content\/uploads\/2022\/11\/2014-2017_broschuere_titel.jpg 1642w\" sizes=\"(max-width: 424px) 100vw, 424px\" \/><\/a><\/figure>\n<\/div>\n\n\n\n<div class=\"wp-block-column is-layout-flow\">\n<p style=\"font-size:18px\"><a href=\"https:\/\/xlab-stiftung.de\/wp-content\/uploads\/2022\/11\/SF_2014_2017_druck_Optimized.pdf\">Brosch\u00fcre XLAB Science Festival 2014 &#8211; 2017<\/a><\/p>\n\n\n\n<p class=\"zeilenabstand block\" style=\"font-size:14px\">Mit dem Science Festival 2015 sind wir in die zweite Dekade der erfolgreichen Vortragsveranstaltungen eingetreten, die j\u00e4hrlich in einem gro\u00dfen H\u00f6rsaal auf dem Nordcampus und in der Aula der Universit\u00e4t G\u00f6ttingen stattfindet. Mehr als 28.400 G\u00e4ste, vorwiegend Oberstufensch\u00fcler und interessierte B\u00fcrger, sind der Einladung bereits gefolgt.<\/p>\n<\/div>\n<\/div>\n\n\n\n<div class=\"wp-block-columns is-layout-flex wp-container-9\">\n<div class=\"wp-block-column is-layout-flow\">\n<figure class=\"wp-block-image size-large is-resized shadow-effect download-link\"><a href=\"https:\/\/xlabstiftung.vwebfile-test.gwdg.de\/wp-content\/uploads\/2022\/11\/Broschuere_Sciencefestival_2014u2015.pdf\"><img decoding=\"async\" loading=\"lazy\" src=\"https:\/\/xlab-stiftung.de\/wp-content\/uploads\/2022\/11\/2014-2017_broschuere_titel-1024x508.jpg\" alt=\"\" class=\"wp-image-401\" width=\"430\" height=\"213\" srcset=\"https:\/\/xlab-stiftung.de\/wp-content\/uploads\/2022\/11\/2014-2017_broschuere_titel-1024x508.jpg 1024w, https:\/\/xlab-stiftung.de\/wp-content\/uploads\/2022\/11\/2014-2017_broschuere_titel-300x149.jpg 300w, https:\/\/xlab-stiftung.de\/wp-content\/uploads\/2022\/11\/2014-2017_broschuere_titel-768x381.jpg 768w, https:\/\/xlab-stiftung.de\/wp-content\/uploads\/2022\/11\/2014-2017_broschuere_titel-1536x762.jpg 1536w, https:\/\/xlab-stiftung.de\/wp-content\/uploads\/2022\/11\/2014-2017_broschuere_titel-850x422.jpg 850w, https:\/\/xlab-stiftung.de\/wp-content\/uploads\/2022\/11\/2014-2017_broschuere_titel.jpg 1642w\" sizes=\"(max-width: 430px) 100vw, 430px\" \/><\/a><\/figure>\n<\/div>\n\n\n\n<div class=\"wp-block-column is-layout-flow\">\n<p style=\"font-size:18px\"><a href=\"https:\/\/xlabstiftung.vwebfile-test.gwdg.de\/wp-content\/uploads\/2022\/11\/Broschuere_Sciencefestival_2014u2015.pdf\">Brosch\u00fcre XLAB Science Festivals 2014 und 2015<\/a><\/p>\n\n\n\n<p class=\"zeilenabstand block\" style=\"font-size:14px\">Der Anlass f\u00fcr das erste Science Festival war 2004 die Freude \u00fcber den Einzug in das neue XLAB-Laborgeb\u00e4ude auf dem natur\u00adwis\u00adsenschaft\u00adlichen Campus. Das Konzept, dort anspruchsvolle und in\u00adtensive Ex\u00adperimen\u00adtalkurse f\u00fcr Sch\u00fclerinnen und Sch\u00fcler sowie Stu\u00addierende aus dem In- und Ausland an\u00adzu\u00adbieten, ist auf\u00adge\u00adgangen. Das XLAB z\u00e4hlt seit seiner Gr\u00fcn\u00addung mehr als 150.000 Teil\u00adnehmer\u00adtage (Stand 2015).<\/p>\n<\/div>\n<\/div>\n\n\n\n<p><\/p>","protected":false},"excerpt":{"rendered":"<p>Brosch\u00fcren Liebe Besucherinnen und Besucher des XLAB Science Festivals, wir freuen uns, Ihnen unsere Brosch\u00fcren zum Lesen und Herunterladen anbieten zu k\u00f6nnen. In&hellip;<\/p>","protected":false},"author":1,"featured_media":0,"parent":0,"menu_order":10,"comment_status":"closed","ping_status":"closed","template":"","meta":[],"yoast_head":"<!-- This site is optimized with the Yoast SEO plugin v21.2 - https:\/\/yoast.com\/wordpress\/plugins\/seo\/ -->\n<title>Brosch\u00fcren - XLAB Stiftung<\/title>\n<meta name=\"robots\" content=\"index, follow, max-snippet:-1, max-image-preview:large, max-video-preview:-1\" \/>\n<link rel=\"canonical\" href=\"https:\/\/xlab-stiftung.de\/en\/broschueren\/\" \/>\n<meta property=\"og:locale\" content=\"en_US\" \/>\n<meta property=\"og:type\" content=\"article\" \/>\n<meta property=\"og:title\" content=\"Brosch\u00fcren - XLAB Stiftung\" \/>\n<meta property=\"og:description\" content=\"Brosch\u00fcren Liebe Besucherinnen und Besucher des XLAB Science Festivals, wir freuen uns, Ihnen unsere Brosch\u00fcren zum Lesen und Herunterladen anbieten zu k\u00f6nnen. In&hellip;\" \/>\n<meta property=\"og:url\" content=\"https:\/\/xlab-stiftung.de\/en\/broschueren\/\" \/>\n<meta property=\"og:site_name\" content=\"XLAB Stiftung\" \/>\n<meta property=\"article:modified_time\" content=\"2025-02-17T10:12:24+00:00\" \/>\n<meta property=\"og:image\" content=\"https:\/\/xlab-stiftung.de\/wp-content\/uploads\/2022\/11\/Umschlag-110Jahre.jpg\" \/>\n<meta name=\"twitter:card\" content=\"summary_large_image\" \/>\n<meta name=\"twitter:label1\" content=\"Est. reading time\" \/>\n\t<meta name=\"twitter:data1\" content=\"3 minutes\" \/>\n<script type=\"application\/ld+json\" class=\"yoast-schema-graph\">{\"@context\":\"https:\/\/schema.org\",\"@graph\":[{\"@type\":\"WebPage\",\"@id\":\"https:\/\/xlab-stiftung.de\/broschueren\/\",\"url\":\"https:\/\/xlab-stiftung.de\/broschueren\/\",\"name\":\"Brosch\u00fcren - XLAB Stiftung\",\"isPartOf\":{\"@id\":\"https:\/\/xlab-stiftung.de\/#website\"},\"datePublished\":\"2022-11-16T07:52:21+00:00\",\"dateModified\":\"2025-02-17T10:12:24+00:00\",\"breadcrumb\":{\"@id\":\"https:\/\/xlab-stiftung.de\/broschueren\/#breadcrumb\"},\"inLanguage\":\"en-US\",\"potentialAction\":[{\"@type\":\"ReadAction\",\"target\":[\"https:\/\/xlab-stiftung.de\/broschueren\/\"]}]},{\"@type\":\"BreadcrumbList\",\"@id\":\"https:\/\/xlab-stiftung.de\/broschueren\/#breadcrumb\",\"itemListElement\":[{\"@type\":\"ListItem\",\"position\":1,\"name\":\"Startseite\",\"item\":\"https:\/\/xlab-stiftung.de\/\"},{\"@type\":\"ListItem\",\"position\":2,\"name\":\"Brosch\u00fcren\"}]},{\"@type\":\"WebSite\",\"@id\":\"https:\/\/xlab-stiftung.de\/#website\",\"url\":\"https:\/\/xlab-stiftung.de\/\",\"name\":\"XLAB Stiftung\",\"description\":\"\",\"publisher\":{\"@id\":\"https:\/\/xlab-stiftung.de\/#organization\"},\"potentialAction\":[{\"@type\":\"SearchAction\",\"target\":{\"@type\":\"EntryPoint\",\"urlTemplate\":\"https:\/\/xlab-stiftung.de\/?s={search_term_string}\"},\"query-input\":\"required name=search_term_string\"}],\"inLanguage\":\"en-US\"},{\"@type\":\"Organization\",\"@id\":\"https:\/\/xlab-stiftung.de\/#organization\",\"name\":\"XLAB Stiftung\",\"url\":\"https:\/\/xlab-stiftung.de\/\",\"logo\":{\"@type\":\"ImageObject\",\"inLanguage\":\"en-US\",\"@id\":\"https:\/\/xlab-stiftung.de\/#\/schema\/logo\/image\/\",\"url\":\"https:\/\/xlab-stiftung.de\/wp-content\/uploads\/2023\/01\/ezgif.com-gif-maker-5.gif\",\"contentUrl\":\"https:\/\/xlab-stiftung.de\/wp-content\/uploads\/2023\/01\/ezgif.com-gif-maker-5.gif\",\"width\":2048,\"height\":230,\"caption\":\"XLAB Stiftung\"},\"image\":{\"@id\":\"https:\/\/xlab-stiftung.de\/#\/schema\/logo\/image\/\"}}]}<\/script>\n<!-- \/ Yoast SEO plugin. -->","yoast_head_json":{"title":"Brosch\u00fcren - XLAB Stiftung","robots":{"index":"index","follow":"follow","max-snippet":"max-snippet:-1","max-image-preview":"max-image-preview:large","max-video-preview":"max-video-preview:-1"},"canonical":"https:\/\/xlab-stiftung.de\/en\/broschueren\/","og_locale":"en_US","og_type":"article","og_title":"Brosch\u00fcren - XLAB Stiftung","og_description":"Brosch\u00fcren Liebe Besucherinnen und Besucher des XLAB Science Festivals, wir freuen uns, Ihnen unsere Brosch\u00fcren zum Lesen und Herunterladen anbieten zu k\u00f6nnen. In&hellip;","og_url":"https:\/\/xlab-stiftung.de\/en\/broschueren\/","og_site_name":"XLAB Stiftung","article_modified_time":"2025-02-17T10:12:24+00:00","og_image":[{"url":"https:\/\/xlab-stiftung.de\/wp-content\/uploads\/2022\/11\/Umschlag-110Jahre.jpg"}],"twitter_card":"summary_large_image","twitter_misc":{"Est. reading time":"3 minutes"},"schema":{"@context":"https:\/\/schema.org","@graph":[{"@type":"WebPage","@id":"https:\/\/xlab-stiftung.de\/broschueren\/","url":"https:\/\/xlab-stiftung.de\/broschueren\/","name":"Brosch\u00fcren - XLAB Stiftung","isPartOf":{"@id":"https:\/\/xlab-stiftung.de\/#website"},"datePublished":"2022-11-16T07:52:21+00:00","dateModified":"2025-02-17T10:12:24+00:00","breadcrumb":{"@id":"https:\/\/xlab-stiftung.de\/broschueren\/#breadcrumb"},"inLanguage":"en-US","potentialAction":[{"@type":"ReadAction","target":["https:\/\/xlab-stiftung.de\/broschueren\/"]}]},{"@type":"BreadcrumbList","@id":"https:\/\/xlab-stiftung.de\/broschueren\/#breadcrumb","itemListElement":[{"@type":"ListItem","position":1,"name":"Startseite","item":"https:\/\/xlab-stiftung.de\/"},{"@type":"ListItem","position":2,"name":"Brosch\u00fcren"}]},{"@type":"WebSite","@id":"https:\/\/xlab-stiftung.de\/#website","url":"https:\/\/xlab-stiftung.de\/","name":"XLAB Stiftung","description":"","publisher":{"@id":"https:\/\/xlab-stiftung.de\/#organization"},"potentialAction":[{"@type":"SearchAction","target":{"@type":"EntryPoint","urlTemplate":"https:\/\/xlab-stiftung.de\/?s={search_term_string}"},"query-input":"required name=search_term_string"}],"inLanguage":"en-US"},{"@type":"Organization","@id":"https:\/\/xlab-stiftung.de\/#organization","name":"XLAB Stiftung","url":"https:\/\/xlab-stiftung.de\/","logo":{"@type":"ImageObject","inLanguage":"en-US","@id":"https:\/\/xlab-stiftung.de\/#\/schema\/logo\/image\/","url":"https:\/\/xlab-stiftung.de\/wp-content\/uploads\/2023\/01\/ezgif.com-gif-maker-5.gif","contentUrl":"https:\/\/xlab-stiftung.de\/wp-content\/uploads\/2023\/01\/ezgif.com-gif-maker-5.gif","width":2048,"height":230,"caption":"XLAB Stiftung"},"image":{"@id":"https:\/\/xlab-stiftung.de\/#\/schema\/logo\/image\/"}}]}},"_links":{"self":[{"href":"https:\/\/xlab-stiftung.de\/en\/wp-json\/wp\/v2\/pages\/137"}],"collection":[{"href":"https:\/\/xlab-stiftung.de\/en\/wp-json\/wp\/v2\/pages"}],"about":[{"href":"https:\/\/xlab-stiftung.de\/en\/wp-json\/wp\/v2\/types\/page"}],"author":[{"embeddable":true,"href":"https:\/\/xlab-stiftung.de\/en\/wp-json\/wp\/v2\/users\/1"}],"replies":[{"embeddable":true,"href":"https:\/\/xlab-stiftung.de\/en\/wp-json\/wp\/v2\/comments?post=137"}],"version-history":[{"count":35,"href":"https:\/\/xlab-stiftung.de\/en\/wp-json\/wp\/v2\/pages\/137\/revisions"}],"predecessor-version":[{"id":5860,"href":"https:\/\/xlab-stiftung.de\/en\/wp-json\/wp\/v2\/pages\/137\/revisions\/5860"}],"wp:attachment":[{"href":"https:\/\/xlab-stiftung.de\/en\/wp-json\/wp\/v2\/media?parent=137"}],"curies":[{"name":"wp","href":"https:\/\/api.w.org\/{rel}","templated":true}]}}