{"id":1371,"date":"2023-02-08T13:23:34","date_gmt":"2023-02-08T13:23:34","guid":{"rendered":"https:\/\/xlab-stiftung.de\/?page_id=1371"},"modified":"2023-02-08T13:23:44","modified_gmt":"2023-02-08T13:23:44","slug":"sf-2011-ist-musik-die-sprache-der-gefuehle","status":"publish","type":"page","link":"https:\/\/xlab-stiftung.de\/en\/science-festival-2004-2017-2\/sf-2011-ist-musik-die-sprache-der-gefuehle\/","title":{"rendered":"SF-2011-Ist Musik die Sprache der Gef\u00fchle?"},"content":{"rendered":"<p><em>Prof. Dr. Eckart Altenm\u00fcller<br>Institut f\u00fcr Musikphysiologie und Musiker-Medizin an der Hochschule f\u00fcr Musik und Theater Hannover<\/em><\/p>\n\n\n\n<p>Musik ist neben der Sprache ein zweites, nur den Menschen eigenes Kommunikationssystem. Mit Musik werden m\u00e4chtige Emotionen erzeugt und soziale Bindungen vertieft und organisiert. Die \u201eKonstruktion\u201c von Musik in unserem Kopf h\u00e4ngt stark von Lernprozessen ab. Ge\u00fcbte Musiker verarbeiten Musik anders als unerfahrene H\u00f6rer. So wird es einem ge\u00fcbten H\u00f6rer im Gegensatz zu einem Laien nicht schwer fallen, die Fugenthemen einer Fuge von Johann Sebastian Bach in allen ihren Umwandlungen w\u00e4hrend des St\u00fcckes zu erkennen. Doch auch musikalische Laien k\u00f6nnen dank der Plastizit\u00e4t des H\u00f6rsystems schon nach 20 Minuten H\u00f6rtraining ungewohnte Kl\u00e4nge besser unterscheiden. Nach neuen Erkenntnissen h\u00e4ngen auch die Emotionen beim Musikh\u00f6ren teilweise von Lernprozessen ab. Starke Emotionen, die zu einem \u201eG\u00e4nsehauterlebnis\u201c f\u00fchren, treten dann h\u00e4ufiger auf, wenn musikalische Strukturparameter erkannt werden. Besonders wirkungsvoll sind dabei Verletzungen der musikalischen Erwartung, insbesondere der Einsatz einer Stimme. Dies ist im Einklang mit der Vorstellung, dass Emotionen in engem Zusammenhang mit einem evolution\u00e4r sehr alten System der Orientierungsfunktionen stehen.<br>In dem Vortrag werden neue psychophysiologische und psychoakustische Befunde zu den Emotionen beim H\u00f6ren von Musik vorgestellt. Typische Merkmale von \u201eG\u00e4nsehaut\u201c-Stellen werden erl\u00e4utert und die Rolle des Lernens f\u00fcr derartige Empfindungen diskutiert. Die psychophysiologischen Reaktionen werden in Bezug zur Neurobiologie emotionaler Systeme gesetzt.<\/p>","protected":false},"excerpt":{"rendered":"<p>Prof. Dr. Eckart Altenm\u00fcllerInstitut f\u00fcr Musikphysiologie und Musiker-Medizin an der Hochschule f\u00fcr Musik und Theater Hannover Musik ist neben der Sprache ein zweites,&hellip;<\/p>","protected":false},"author":1,"featured_media":0,"parent":133,"menu_order":21,"comment_status":"closed","ping_status":"closed","template":"","meta":[],"yoast_head":"<!-- This site is optimized with the Yoast SEO plugin v21.2 - https:\/\/yoast.com\/wordpress\/plugins\/seo\/ -->\n<title>SF-2011-Ist Musik die Sprache der Gef\u00fchle? - XLAB Stiftung<\/title>\n<meta name=\"robots\" content=\"index, follow, max-snippet:-1, max-image-preview:large, max-video-preview:-1\" \/>\n<link rel=\"canonical\" href=\"https:\/\/xlab-stiftung.de\/en\/science-festival-2004-2017-2\/sf-2011-ist-musik-die-sprache-der-gefuehle\/\" \/>\n<meta property=\"og:locale\" content=\"en_US\" \/>\n<meta property=\"og:type\" content=\"article\" \/>\n<meta property=\"og:title\" content=\"SF-2011-Ist Musik die Sprache der Gef\u00fchle? - XLAB Stiftung\" \/>\n<meta property=\"og:description\" content=\"Prof. Dr. Eckart Altenm\u00fcllerInstitut f\u00fcr Musikphysiologie und Musiker-Medizin an der Hochschule f\u00fcr Musik und Theater Hannover Musik ist neben der Sprache ein zweites,&hellip;\" \/>\n<meta property=\"og:url\" content=\"https:\/\/xlab-stiftung.de\/en\/science-festival-2004-2017-2\/sf-2011-ist-musik-die-sprache-der-gefuehle\/\" \/>\n<meta property=\"og:site_name\" content=\"XLAB Stiftung\" \/>\n<meta property=\"article:modified_time\" content=\"2023-02-08T13:23:44+00:00\" \/>\n<meta name=\"twitter:card\" content=\"summary_large_image\" \/>\n<meta name=\"twitter:label1\" content=\"Est. reading time\" \/>\n\t<meta name=\"twitter:data1\" content=\"2 minutes\" \/>\n<script type=\"application\/ld+json\" class=\"yoast-schema-graph\">{\"@context\":\"https:\/\/schema.org\",\"@graph\":[{\"@type\":\"WebPage\",\"@id\":\"https:\/\/xlab-stiftung.de\/science-festival-2004-2017-2\/sf-2011-ist-musik-die-sprache-der-gefuehle\/\",\"url\":\"https:\/\/xlab-stiftung.de\/science-festival-2004-2017-2\/sf-2011-ist-musik-die-sprache-der-gefuehle\/\",\"name\":\"SF-2011-Ist Musik die Sprache der Gef\u00fchle? - XLAB Stiftung\",\"isPartOf\":{\"@id\":\"https:\/\/xlab-stiftung.de\/#website\"},\"datePublished\":\"2023-02-08T13:23:34+00:00\",\"dateModified\":\"2023-02-08T13:23:44+00:00\",\"breadcrumb\":{\"@id\":\"https:\/\/xlab-stiftung.de\/science-festival-2004-2017-2\/sf-2011-ist-musik-die-sprache-der-gefuehle\/#breadcrumb\"},\"inLanguage\":\"en-US\",\"potentialAction\":[{\"@type\":\"ReadAction\",\"target\":[\"https:\/\/xlab-stiftung.de\/science-festival-2004-2017-2\/sf-2011-ist-musik-die-sprache-der-gefuehle\/\"]}]},{\"@type\":\"BreadcrumbList\",\"@id\":\"https:\/\/xlab-stiftung.de\/science-festival-2004-2017-2\/sf-2011-ist-musik-die-sprache-der-gefuehle\/#breadcrumb\",\"itemListElement\":[{\"@type\":\"ListItem\",\"position\":1,\"name\":\"Startseite\",\"item\":\"https:\/\/xlab-stiftung.de\/\"},{\"@type\":\"ListItem\",\"position\":2,\"name\":\"Science Festival 2004-2023\",\"item\":\"https:\/\/xlab-stiftung.de\/science-festival-2004-2017-2\/\"},{\"@type\":\"ListItem\",\"position\":3,\"name\":\"SF-2011-Ist Musik die Sprache der Gef\u00fchle?\"}]},{\"@type\":\"WebSite\",\"@id\":\"https:\/\/xlab-stiftung.de\/#website\",\"url\":\"https:\/\/xlab-stiftung.de\/\",\"name\":\"XLAB Stiftung\",\"description\":\"\",\"publisher\":{\"@id\":\"https:\/\/xlab-stiftung.de\/#organization\"},\"potentialAction\":[{\"@type\":\"SearchAction\",\"target\":{\"@type\":\"EntryPoint\",\"urlTemplate\":\"https:\/\/xlab-stiftung.de\/?s={search_term_string}\"},\"query-input\":\"required name=search_term_string\"}],\"inLanguage\":\"en-US\"},{\"@type\":\"Organization\",\"@id\":\"https:\/\/xlab-stiftung.de\/#organization\",\"name\":\"XLAB Stiftung\",\"url\":\"https:\/\/xlab-stiftung.de\/\",\"logo\":{\"@type\":\"ImageObject\",\"inLanguage\":\"en-US\",\"@id\":\"https:\/\/xlab-stiftung.de\/#\/schema\/logo\/image\/\",\"url\":\"https:\/\/xlab-stiftung.de\/wp-content\/uploads\/2023\/01\/ezgif.com-gif-maker-5.gif\",\"contentUrl\":\"https:\/\/xlab-stiftung.de\/wp-content\/uploads\/2023\/01\/ezgif.com-gif-maker-5.gif\",\"width\":2048,\"height\":230,\"caption\":\"XLAB Stiftung\"},\"image\":{\"@id\":\"https:\/\/xlab-stiftung.de\/#\/schema\/logo\/image\/\"}}]}<\/script>\n<!-- \/ Yoast SEO plugin. -->","yoast_head_json":{"title":"SF-2011-Ist Musik die Sprache der Gef\u00fchle? - XLAB Stiftung","robots":{"index":"index","follow":"follow","max-snippet":"max-snippet:-1","max-image-preview":"max-image-preview:large","max-video-preview":"max-video-preview:-1"},"canonical":"https:\/\/xlab-stiftung.de\/en\/science-festival-2004-2017-2\/sf-2011-ist-musik-die-sprache-der-gefuehle\/","og_locale":"en_US","og_type":"article","og_title":"SF-2011-Ist Musik die Sprache der Gef\u00fchle? - XLAB Stiftung","og_description":"Prof. Dr. Eckart Altenm\u00fcllerInstitut f\u00fcr Musikphysiologie und Musiker-Medizin an der Hochschule f\u00fcr Musik und Theater Hannover Musik ist neben der Sprache ein zweites,&hellip;","og_url":"https:\/\/xlab-stiftung.de\/en\/science-festival-2004-2017-2\/sf-2011-ist-musik-die-sprache-der-gefuehle\/","og_site_name":"XLAB Stiftung","article_modified_time":"2023-02-08T13:23:44+00:00","twitter_card":"summary_large_image","twitter_misc":{"Est. reading time":"2 minutes"},"schema":{"@context":"https:\/\/schema.org","@graph":[{"@type":"WebPage","@id":"https:\/\/xlab-stiftung.de\/science-festival-2004-2017-2\/sf-2011-ist-musik-die-sprache-der-gefuehle\/","url":"https:\/\/xlab-stiftung.de\/science-festival-2004-2017-2\/sf-2011-ist-musik-die-sprache-der-gefuehle\/","name":"SF-2011-Ist Musik die Sprache der Gef\u00fchle? - XLAB Stiftung","isPartOf":{"@id":"https:\/\/xlab-stiftung.de\/#website"},"datePublished":"2023-02-08T13:23:34+00:00","dateModified":"2023-02-08T13:23:44+00:00","breadcrumb":{"@id":"https:\/\/xlab-stiftung.de\/science-festival-2004-2017-2\/sf-2011-ist-musik-die-sprache-der-gefuehle\/#breadcrumb"},"inLanguage":"en-US","potentialAction":[{"@type":"ReadAction","target":["https:\/\/xlab-stiftung.de\/science-festival-2004-2017-2\/sf-2011-ist-musik-die-sprache-der-gefuehle\/"]}]},{"@type":"BreadcrumbList","@id":"https:\/\/xlab-stiftung.de\/science-festival-2004-2017-2\/sf-2011-ist-musik-die-sprache-der-gefuehle\/#breadcrumb","itemListElement":[{"@type":"ListItem","position":1,"name":"Startseite","item":"https:\/\/xlab-stiftung.de\/"},{"@type":"ListItem","position":2,"name":"Science Festival 2004-2023","item":"https:\/\/xlab-stiftung.de\/science-festival-2004-2017-2\/"},{"@type":"ListItem","position":3,"name":"SF-2011-Ist Musik die Sprache der Gef\u00fchle?"}]},{"@type":"WebSite","@id":"https:\/\/xlab-stiftung.de\/#website","url":"https:\/\/xlab-stiftung.de\/","name":"XLAB Stiftung","description":"","publisher":{"@id":"https:\/\/xlab-stiftung.de\/#organization"},"potentialAction":[{"@type":"SearchAction","target":{"@type":"EntryPoint","urlTemplate":"https:\/\/xlab-stiftung.de\/?s={search_term_string}"},"query-input":"required name=search_term_string"}],"inLanguage":"en-US"},{"@type":"Organization","@id":"https:\/\/xlab-stiftung.de\/#organization","name":"XLAB Stiftung","url":"https:\/\/xlab-stiftung.de\/","logo":{"@type":"ImageObject","inLanguage":"en-US","@id":"https:\/\/xlab-stiftung.de\/#\/schema\/logo\/image\/","url":"https:\/\/xlab-stiftung.de\/wp-content\/uploads\/2023\/01\/ezgif.com-gif-maker-5.gif","contentUrl":"https:\/\/xlab-stiftung.de\/wp-content\/uploads\/2023\/01\/ezgif.com-gif-maker-5.gif","width":2048,"height":230,"caption":"XLAB Stiftung"},"image":{"@id":"https:\/\/xlab-stiftung.de\/#\/schema\/logo\/image\/"}}]}},"_links":{"self":[{"href":"https:\/\/xlab-stiftung.de\/en\/wp-json\/wp\/v2\/pages\/1371"}],"collection":[{"href":"https:\/\/xlab-stiftung.de\/en\/wp-json\/wp\/v2\/pages"}],"about":[{"href":"https:\/\/xlab-stiftung.de\/en\/wp-json\/wp\/v2\/types\/page"}],"author":[{"embeddable":true,"href":"https:\/\/xlab-stiftung.de\/en\/wp-json\/wp\/v2\/users\/1"}],"replies":[{"embeddable":true,"href":"https:\/\/xlab-stiftung.de\/en\/wp-json\/wp\/v2\/comments?post=1371"}],"version-history":[{"count":2,"href":"https:\/\/xlab-stiftung.de\/en\/wp-json\/wp\/v2\/pages\/1371\/revisions"}],"predecessor-version":[{"id":1375,"href":"https:\/\/xlab-stiftung.de\/en\/wp-json\/wp\/v2\/pages\/1371\/revisions\/1375"}],"up":[{"embeddable":true,"href":"https:\/\/xlab-stiftung.de\/en\/wp-json\/wp\/v2\/pages\/133"}],"wp:attachment":[{"href":"https:\/\/xlab-stiftung.de\/en\/wp-json\/wp\/v2\/media?parent=1371"}],"curies":[{"name":"wp","href":"https:\/\/api.w.org\/{rel}","templated":true}]}}