{"id":1377,"date":"2023-02-08T13:24:15","date_gmt":"2023-02-08T13:24:15","guid":{"rendered":"https:\/\/xlab-stiftung.de\/?page_id=1377"},"modified":"2023-02-08T13:24:24","modified_gmt":"2023-02-08T13:24:24","slug":"sf-2011-parties-mp3-player-hoergeraete-leistungen-physikalischer-hoermodelle","status":"publish","type":"page","link":"https:\/\/xlab-stiftung.de\/en\/science-festival-2004-2017-2\/sf-2011-parties-mp3-player-hoergeraete-leistungen-physikalischer-hoermodelle\/","title":{"rendered":"SF-2011-Parties, MP3-Player, H\u00f6rger\u00e4te \u2013 Leistungen physikalischer H\u00f6rmodelle"},"content":{"rendered":"<p><em>Prof. Dr. Dr. Birger Kollmeier<br>Medizinische Physik &amp; Kompetenzzentrum H\u00f6rTech der Universit\u00e4t Oldenburg<\/em><\/p>\n\n\n\n<p>Die H\u00f6rakustik hat unmittelbare Auswirkungen auf unser t\u00e4gliches Leben \u2013 nicht nur, wenn eine H\u00f6rst\u00f6rung auftritt oder wenn man auf einer lebhaften Party nichts mehr versteht. Sie erm\u00f6glicht sowohl die Musik\u00fcbertragung per MP3 im Internet als auch die objektive Beurteilung der Klangqualit\u00e4t von Handies oder in Konzerts\u00e4len.<br>H\u00f6ren ist weit mehr als eine 1:1-\u00dcbersetzung von Schallwellen in Nervenimpulse und das Ohr weit mehr als ein einfacher mechano-elektrischer Wandler. Wenn Schall auf das Innenohr trifft, setzt er dort aktive, nichtlineare Prozesse in Gang. Haarsinneszellen, Basilarmembran, auditorischer Nerv und Kortex stellen sich in der Analyse des Physikers als Bandpassfilter, Kompression, Einh\u00fcllendenbildung und Mustererkennung dar. Ein derartiges Modell der \u201eeffektiven\u201c Funktion des Geh\u00f6rs erm\u00f6glicht wiederum eine Vielzahl technischer Anwendungen, darunter die robuste Spracherkennung unter Umgebungsl\u00e4rm. Dazu sind f\u00fcr den Computer \u00e4hnliche Algorithmen erforderlich, wie sie auch in neuartigen H\u00f6rger\u00e4ten eingesetzt werden, um Innenohrschwerh\u00f6rigen in Party-Situationen zu einem besseren Sprachverst\u00e4ndnis zu verhelfen.<br>Der Vortrag gibt einen Einblick in die Spitzenleistungen unseres H\u00f6rsystems. Anhand von H\u00f6rbeispielen wird verdeutlicht, welche ausgekl\u00fcgelten Mechanismen unser Ohr bei der Wahrnehmung von Schall ausnutzt und welche Probleme auftreten, wenn sie gest\u00f6rt sind. Au\u00dferdem wird erl\u00e4utert, wie unsere Kenntnisse bereits Eingang in die heutige Kommunikationstechnologie gefunden haben. Dabei soll der Beitrag des G\u00f6ttinger Physikers Manfred R. Schroeder (1926\u20132009) als Pionier der Raumakustik, Sprach\u00fcbertragung und H\u00f6rakustik besonders gew\u00fcrdigt werden.<\/p>","protected":false},"excerpt":{"rendered":"<p>Prof. Dr. Dr. Birger KollmeierMedizinische Physik &amp; Kompetenzzentrum H\u00f6rTech der Universit\u00e4t Oldenburg Die H\u00f6rakustik hat unmittelbare Auswirkungen auf unser t\u00e4gliches Leben \u2013 nicht&hellip;<\/p>","protected":false},"author":1,"featured_media":0,"parent":133,"menu_order":22,"comment_status":"closed","ping_status":"closed","template":"","meta":[],"yoast_head":"<!-- This site is optimized with the Yoast SEO plugin v21.2 - https:\/\/yoast.com\/wordpress\/plugins\/seo\/ -->\n<title>SF-2011-Parties, MP3-Player, H\u00f6rger\u00e4te \u2013 Leistungen physikalischer H\u00f6rmodelle - XLAB Stiftung<\/title>\n<meta name=\"robots\" content=\"index, follow, max-snippet:-1, max-image-preview:large, max-video-preview:-1\" \/>\n<link rel=\"canonical\" href=\"https:\/\/xlab-stiftung.de\/en\/science-festival-2004-2017-2\/sf-2011-parties-mp3-player-hoergeraete-leistungen-physikalischer-hoermodelle\/\" \/>\n<meta property=\"og:locale\" content=\"en_US\" \/>\n<meta property=\"og:type\" content=\"article\" \/>\n<meta property=\"og:title\" content=\"SF-2011-Parties, MP3-Player, H\u00f6rger\u00e4te \u2013 Leistungen physikalischer H\u00f6rmodelle - XLAB Stiftung\" \/>\n<meta property=\"og:description\" content=\"Prof. Dr. Dr. Birger KollmeierMedizinische Physik &amp; Kompetenzzentrum H\u00f6rTech der Universit\u00e4t Oldenburg Die H\u00f6rakustik hat unmittelbare Auswirkungen auf unser t\u00e4gliches Leben \u2013 nicht&hellip;\" \/>\n<meta property=\"og:url\" content=\"https:\/\/xlab-stiftung.de\/en\/science-festival-2004-2017-2\/sf-2011-parties-mp3-player-hoergeraete-leistungen-physikalischer-hoermodelle\/\" \/>\n<meta property=\"og:site_name\" content=\"XLAB Stiftung\" \/>\n<meta property=\"article:modified_time\" content=\"2023-02-08T13:24:24+00:00\" \/>\n<meta name=\"twitter:card\" content=\"summary_large_image\" \/>\n<meta name=\"twitter:label1\" content=\"Est. reading time\" \/>\n\t<meta name=\"twitter:data1\" content=\"2 minutes\" \/>\n<script type=\"application\/ld+json\" class=\"yoast-schema-graph\">{\"@context\":\"https:\/\/schema.org\",\"@graph\":[{\"@type\":\"WebPage\",\"@id\":\"https:\/\/xlab-stiftung.de\/science-festival-2004-2017-2\/sf-2011-parties-mp3-player-hoergeraete-leistungen-physikalischer-hoermodelle\/\",\"url\":\"https:\/\/xlab-stiftung.de\/science-festival-2004-2017-2\/sf-2011-parties-mp3-player-hoergeraete-leistungen-physikalischer-hoermodelle\/\",\"name\":\"SF-2011-Parties, MP3-Player, H\u00f6rger\u00e4te \u2013 Leistungen physikalischer H\u00f6rmodelle - XLAB Stiftung\",\"isPartOf\":{\"@id\":\"https:\/\/xlab-stiftung.de\/#website\"},\"datePublished\":\"2023-02-08T13:24:15+00:00\",\"dateModified\":\"2023-02-08T13:24:24+00:00\",\"breadcrumb\":{\"@id\":\"https:\/\/xlab-stiftung.de\/science-festival-2004-2017-2\/sf-2011-parties-mp3-player-hoergeraete-leistungen-physikalischer-hoermodelle\/#breadcrumb\"},\"inLanguage\":\"en-US\",\"potentialAction\":[{\"@type\":\"ReadAction\",\"target\":[\"https:\/\/xlab-stiftung.de\/science-festival-2004-2017-2\/sf-2011-parties-mp3-player-hoergeraete-leistungen-physikalischer-hoermodelle\/\"]}]},{\"@type\":\"BreadcrumbList\",\"@id\":\"https:\/\/xlab-stiftung.de\/science-festival-2004-2017-2\/sf-2011-parties-mp3-player-hoergeraete-leistungen-physikalischer-hoermodelle\/#breadcrumb\",\"itemListElement\":[{\"@type\":\"ListItem\",\"position\":1,\"name\":\"Startseite\",\"item\":\"https:\/\/xlab-stiftung.de\/\"},{\"@type\":\"ListItem\",\"position\":2,\"name\":\"Science Festival 2004-2023\",\"item\":\"https:\/\/xlab-stiftung.de\/science-festival-2004-2017-2\/\"},{\"@type\":\"ListItem\",\"position\":3,\"name\":\"SF-2011-Parties, MP3-Player, H\u00f6rger\u00e4te \u2013 Leistungen physikalischer H\u00f6rmodelle\"}]},{\"@type\":\"WebSite\",\"@id\":\"https:\/\/xlab-stiftung.de\/#website\",\"url\":\"https:\/\/xlab-stiftung.de\/\",\"name\":\"XLAB Stiftung\",\"description\":\"\",\"publisher\":{\"@id\":\"https:\/\/xlab-stiftung.de\/#organization\"},\"potentialAction\":[{\"@type\":\"SearchAction\",\"target\":{\"@type\":\"EntryPoint\",\"urlTemplate\":\"https:\/\/xlab-stiftung.de\/?s={search_term_string}\"},\"query-input\":\"required name=search_term_string\"}],\"inLanguage\":\"en-US\"},{\"@type\":\"Organization\",\"@id\":\"https:\/\/xlab-stiftung.de\/#organization\",\"name\":\"XLAB Stiftung\",\"url\":\"https:\/\/xlab-stiftung.de\/\",\"logo\":{\"@type\":\"ImageObject\",\"inLanguage\":\"en-US\",\"@id\":\"https:\/\/xlab-stiftung.de\/#\/schema\/logo\/image\/\",\"url\":\"https:\/\/xlab-stiftung.de\/wp-content\/uploads\/2023\/01\/ezgif.com-gif-maker-5.gif\",\"contentUrl\":\"https:\/\/xlab-stiftung.de\/wp-content\/uploads\/2023\/01\/ezgif.com-gif-maker-5.gif\",\"width\":2048,\"height\":230,\"caption\":\"XLAB Stiftung\"},\"image\":{\"@id\":\"https:\/\/xlab-stiftung.de\/#\/schema\/logo\/image\/\"}}]}<\/script>\n<!-- \/ Yoast SEO plugin. -->","yoast_head_json":{"title":"SF-2011-Parties, MP3-Player, H\u00f6rger\u00e4te \u2013 Leistungen physikalischer H\u00f6rmodelle - XLAB Stiftung","robots":{"index":"index","follow":"follow","max-snippet":"max-snippet:-1","max-image-preview":"max-image-preview:large","max-video-preview":"max-video-preview:-1"},"canonical":"https:\/\/xlab-stiftung.de\/en\/science-festival-2004-2017-2\/sf-2011-parties-mp3-player-hoergeraete-leistungen-physikalischer-hoermodelle\/","og_locale":"en_US","og_type":"article","og_title":"SF-2011-Parties, MP3-Player, H\u00f6rger\u00e4te \u2013 Leistungen physikalischer H\u00f6rmodelle - XLAB Stiftung","og_description":"Prof. Dr. Dr. Birger KollmeierMedizinische Physik &amp; Kompetenzzentrum H\u00f6rTech der Universit\u00e4t Oldenburg Die H\u00f6rakustik hat unmittelbare Auswirkungen auf unser t\u00e4gliches Leben \u2013 nicht&hellip;","og_url":"https:\/\/xlab-stiftung.de\/en\/science-festival-2004-2017-2\/sf-2011-parties-mp3-player-hoergeraete-leistungen-physikalischer-hoermodelle\/","og_site_name":"XLAB Stiftung","article_modified_time":"2023-02-08T13:24:24+00:00","twitter_card":"summary_large_image","twitter_misc":{"Est. reading time":"2 minutes"},"schema":{"@context":"https:\/\/schema.org","@graph":[{"@type":"WebPage","@id":"https:\/\/xlab-stiftung.de\/science-festival-2004-2017-2\/sf-2011-parties-mp3-player-hoergeraete-leistungen-physikalischer-hoermodelle\/","url":"https:\/\/xlab-stiftung.de\/science-festival-2004-2017-2\/sf-2011-parties-mp3-player-hoergeraete-leistungen-physikalischer-hoermodelle\/","name":"SF-2011-Parties, MP3-Player, H\u00f6rger\u00e4te \u2013 Leistungen physikalischer H\u00f6rmodelle - XLAB Stiftung","isPartOf":{"@id":"https:\/\/xlab-stiftung.de\/#website"},"datePublished":"2023-02-08T13:24:15+00:00","dateModified":"2023-02-08T13:24:24+00:00","breadcrumb":{"@id":"https:\/\/xlab-stiftung.de\/science-festival-2004-2017-2\/sf-2011-parties-mp3-player-hoergeraete-leistungen-physikalischer-hoermodelle\/#breadcrumb"},"inLanguage":"en-US","potentialAction":[{"@type":"ReadAction","target":["https:\/\/xlab-stiftung.de\/science-festival-2004-2017-2\/sf-2011-parties-mp3-player-hoergeraete-leistungen-physikalischer-hoermodelle\/"]}]},{"@type":"BreadcrumbList","@id":"https:\/\/xlab-stiftung.de\/science-festival-2004-2017-2\/sf-2011-parties-mp3-player-hoergeraete-leistungen-physikalischer-hoermodelle\/#breadcrumb","itemListElement":[{"@type":"ListItem","position":1,"name":"Startseite","item":"https:\/\/xlab-stiftung.de\/"},{"@type":"ListItem","position":2,"name":"Science Festival 2004-2023","item":"https:\/\/xlab-stiftung.de\/science-festival-2004-2017-2\/"},{"@type":"ListItem","position":3,"name":"SF-2011-Parties, MP3-Player, H\u00f6rger\u00e4te \u2013 Leistungen physikalischer H\u00f6rmodelle"}]},{"@type":"WebSite","@id":"https:\/\/xlab-stiftung.de\/#website","url":"https:\/\/xlab-stiftung.de\/","name":"XLAB Stiftung","description":"","publisher":{"@id":"https:\/\/xlab-stiftung.de\/#organization"},"potentialAction":[{"@type":"SearchAction","target":{"@type":"EntryPoint","urlTemplate":"https:\/\/xlab-stiftung.de\/?s={search_term_string}"},"query-input":"required name=search_term_string"}],"inLanguage":"en-US"},{"@type":"Organization","@id":"https:\/\/xlab-stiftung.de\/#organization","name":"XLAB Stiftung","url":"https:\/\/xlab-stiftung.de\/","logo":{"@type":"ImageObject","inLanguage":"en-US","@id":"https:\/\/xlab-stiftung.de\/#\/schema\/logo\/image\/","url":"https:\/\/xlab-stiftung.de\/wp-content\/uploads\/2023\/01\/ezgif.com-gif-maker-5.gif","contentUrl":"https:\/\/xlab-stiftung.de\/wp-content\/uploads\/2023\/01\/ezgif.com-gif-maker-5.gif","width":2048,"height":230,"caption":"XLAB Stiftung"},"image":{"@id":"https:\/\/xlab-stiftung.de\/#\/schema\/logo\/image\/"}}]}},"_links":{"self":[{"href":"https:\/\/xlab-stiftung.de\/en\/wp-json\/wp\/v2\/pages\/1377"}],"collection":[{"href":"https:\/\/xlab-stiftung.de\/en\/wp-json\/wp\/v2\/pages"}],"about":[{"href":"https:\/\/xlab-stiftung.de\/en\/wp-json\/wp\/v2\/types\/page"}],"author":[{"embeddable":true,"href":"https:\/\/xlab-stiftung.de\/en\/wp-json\/wp\/v2\/users\/1"}],"replies":[{"embeddable":true,"href":"https:\/\/xlab-stiftung.de\/en\/wp-json\/wp\/v2\/comments?post=1377"}],"version-history":[{"count":2,"href":"https:\/\/xlab-stiftung.de\/en\/wp-json\/wp\/v2\/pages\/1377\/revisions"}],"predecessor-version":[{"id":1381,"href":"https:\/\/xlab-stiftung.de\/en\/wp-json\/wp\/v2\/pages\/1377\/revisions\/1381"}],"up":[{"embeddable":true,"href":"https:\/\/xlab-stiftung.de\/en\/wp-json\/wp\/v2\/pages\/133"}],"wp:attachment":[{"href":"https:\/\/xlab-stiftung.de\/en\/wp-json\/wp\/v2\/media?parent=1377"}],"curies":[{"name":"wp","href":"https:\/\/api.w.org\/{rel}","templated":true}]}}