{"id":1383,"date":"2023-02-08T13:24:53","date_gmt":"2023-02-08T13:24:53","guid":{"rendered":"https:\/\/xlab-stiftung.de\/?page_id=1383"},"modified":"2023-02-08T13:24:54","modified_gmt":"2023-02-08T13:24:54","slug":"sf-2011-was-einstein-gern-gesehen-haette-visualisierung-relativistischer-effekte","status":"publish","type":"page","link":"https:\/\/xlab-stiftung.de\/en\/science-festival-2004-2017-2\/sf-2011-was-einstein-gern-gesehen-haette-visualisierung-relativistischer-effekte\/","title":{"rendered":"SF-2011-Was Einstein gern gesehen h\u00e4tte: Visualisierung relativistischer Effekte"},"content":{"rendered":"<p><em>PD. Dr. Hans-Peter Nollert<br>Universit\u00e4t T\u00fcbingen<\/em><\/p>\n\n\n\n<p>Da wir Menschen nicht t\u00e4glich mit 90% der Lichtgeschwindigkeit durch ein Wurmloch zu unserem Arbeitsplatz in der N\u00e4he eines Schwarzen Lochs fliegen, sondern lediglich auf der Erde in einem durch die Newtonschen Gesetze sehr gut beschriebenen Bereich des Universums leben, konnten wir leider keinen intuitiven Zugang f\u00fcr die spezielle und allgemeinrelativistische Raumzeit entwickeln. Dank schneller Rechner und moderner Computergrafik k\u00f6nnen wir aber heute die relativistischen Effekte simulieren und visualisieren. Man \u201eversteht\u201c sie dadurch zwar nicht unbedingt besser, aber man sieht sie!<br>Im Vortrag geht es zun\u00e4chst um das Aussehen schnell bewegter Objekte, also um Effekte der speziellen Relativit\u00e4tstheorie. Hier ergeben sich durch das Zusammenwirken von Lorentz-Kontraktion und endlicher Lichtgeschwindigkeit \u00fcberraschende Effekte, die erstaunlicherweise erst \u00fcber 50 Jahre nach Einsteins fundamentaler Arbeit von 1905 erkannt und richtig beschrieben wurden. Im zweiten Teil des Vortrags werden die Effekte der gravitativen Lichtablenkung visualisiert. Was w\u00fcrde man in der N\u00e4he von Neutronensternen, Schwarzen L\u00f6chern und Wurml\u00f6chern sehen?<\/p>","protected":false},"excerpt":{"rendered":"<p>PD. Dr. Hans-Peter NollertUniversit\u00e4t T\u00fcbingen Da wir Menschen nicht t\u00e4glich mit 90% der Lichtgeschwindigkeit durch ein Wurmloch zu unserem Arbeitsplatz in der N\u00e4he&hellip;<\/p>","protected":false},"author":1,"featured_media":0,"parent":133,"menu_order":23,"comment_status":"closed","ping_status":"closed","template":"","meta":[],"yoast_head":"<!-- This site is optimized with the Yoast SEO plugin v21.2 - https:\/\/yoast.com\/wordpress\/plugins\/seo\/ -->\n<title>SF-2011-Was Einstein gern gesehen h\u00e4tte: Visualisierung relativistischer Effekte - XLAB Stiftung<\/title>\n<meta name=\"robots\" content=\"index, follow, max-snippet:-1, max-image-preview:large, max-video-preview:-1\" \/>\n<link rel=\"canonical\" href=\"https:\/\/xlab-stiftung.de\/en\/science-festival-2004-2017-2\/sf-2011-was-einstein-gern-gesehen-haette-visualisierung-relativistischer-effekte\/\" \/>\n<meta property=\"og:locale\" content=\"en_US\" \/>\n<meta property=\"og:type\" content=\"article\" \/>\n<meta property=\"og:title\" content=\"SF-2011-Was Einstein gern gesehen h\u00e4tte: Visualisierung relativistischer Effekte - XLAB Stiftung\" \/>\n<meta property=\"og:description\" content=\"PD. Dr. Hans-Peter NollertUniversit\u00e4t T\u00fcbingen Da wir Menschen nicht t\u00e4glich mit 90% der Lichtgeschwindigkeit durch ein Wurmloch zu unserem Arbeitsplatz in der N\u00e4he&hellip;\" \/>\n<meta property=\"og:url\" content=\"https:\/\/xlab-stiftung.de\/en\/science-festival-2004-2017-2\/sf-2011-was-einstein-gern-gesehen-haette-visualisierung-relativistischer-effekte\/\" \/>\n<meta property=\"og:site_name\" content=\"XLAB Stiftung\" \/>\n<meta property=\"article:modified_time\" content=\"2023-02-08T13:24:54+00:00\" \/>\n<meta name=\"twitter:card\" content=\"summary_large_image\" \/>\n<meta name=\"twitter:label1\" content=\"Est. reading time\" \/>\n\t<meta name=\"twitter:data1\" content=\"1 minute\" \/>\n<script type=\"application\/ld+json\" class=\"yoast-schema-graph\">{\"@context\":\"https:\/\/schema.org\",\"@graph\":[{\"@type\":\"WebPage\",\"@id\":\"https:\/\/xlab-stiftung.de\/science-festival-2004-2017-2\/sf-2011-was-einstein-gern-gesehen-haette-visualisierung-relativistischer-effekte\/\",\"url\":\"https:\/\/xlab-stiftung.de\/science-festival-2004-2017-2\/sf-2011-was-einstein-gern-gesehen-haette-visualisierung-relativistischer-effekte\/\",\"name\":\"SF-2011-Was Einstein gern gesehen h\u00e4tte: Visualisierung relativistischer Effekte - XLAB Stiftung\",\"isPartOf\":{\"@id\":\"https:\/\/xlab-stiftung.de\/#website\"},\"datePublished\":\"2023-02-08T13:24:53+00:00\",\"dateModified\":\"2023-02-08T13:24:54+00:00\",\"breadcrumb\":{\"@id\":\"https:\/\/xlab-stiftung.de\/science-festival-2004-2017-2\/sf-2011-was-einstein-gern-gesehen-haette-visualisierung-relativistischer-effekte\/#breadcrumb\"},\"inLanguage\":\"en-US\",\"potentialAction\":[{\"@type\":\"ReadAction\",\"target\":[\"https:\/\/xlab-stiftung.de\/science-festival-2004-2017-2\/sf-2011-was-einstein-gern-gesehen-haette-visualisierung-relativistischer-effekte\/\"]}]},{\"@type\":\"BreadcrumbList\",\"@id\":\"https:\/\/xlab-stiftung.de\/science-festival-2004-2017-2\/sf-2011-was-einstein-gern-gesehen-haette-visualisierung-relativistischer-effekte\/#breadcrumb\",\"itemListElement\":[{\"@type\":\"ListItem\",\"position\":1,\"name\":\"Startseite\",\"item\":\"https:\/\/xlab-stiftung.de\/\"},{\"@type\":\"ListItem\",\"position\":2,\"name\":\"Science Festival 2004-2023\",\"item\":\"https:\/\/xlab-stiftung.de\/science-festival-2004-2017-2\/\"},{\"@type\":\"ListItem\",\"position\":3,\"name\":\"SF-2011-Was Einstein gern gesehen h\u00e4tte: Visualisierung relativistischer Effekte\"}]},{\"@type\":\"WebSite\",\"@id\":\"https:\/\/xlab-stiftung.de\/#website\",\"url\":\"https:\/\/xlab-stiftung.de\/\",\"name\":\"XLAB Stiftung\",\"description\":\"\",\"publisher\":{\"@id\":\"https:\/\/xlab-stiftung.de\/#organization\"},\"potentialAction\":[{\"@type\":\"SearchAction\",\"target\":{\"@type\":\"EntryPoint\",\"urlTemplate\":\"https:\/\/xlab-stiftung.de\/?s={search_term_string}\"},\"query-input\":\"required name=search_term_string\"}],\"inLanguage\":\"en-US\"},{\"@type\":\"Organization\",\"@id\":\"https:\/\/xlab-stiftung.de\/#organization\",\"name\":\"XLAB Stiftung\",\"url\":\"https:\/\/xlab-stiftung.de\/\",\"logo\":{\"@type\":\"ImageObject\",\"inLanguage\":\"en-US\",\"@id\":\"https:\/\/xlab-stiftung.de\/#\/schema\/logo\/image\/\",\"url\":\"https:\/\/xlab-stiftung.de\/wp-content\/uploads\/2023\/01\/ezgif.com-gif-maker-5.gif\",\"contentUrl\":\"https:\/\/xlab-stiftung.de\/wp-content\/uploads\/2023\/01\/ezgif.com-gif-maker-5.gif\",\"width\":2048,\"height\":230,\"caption\":\"XLAB Stiftung\"},\"image\":{\"@id\":\"https:\/\/xlab-stiftung.de\/#\/schema\/logo\/image\/\"}}]}<\/script>\n<!-- \/ Yoast SEO plugin. -->","yoast_head_json":{"title":"SF-2011-Was Einstein gern gesehen h\u00e4tte: Visualisierung relativistischer Effekte - XLAB Stiftung","robots":{"index":"index","follow":"follow","max-snippet":"max-snippet:-1","max-image-preview":"max-image-preview:large","max-video-preview":"max-video-preview:-1"},"canonical":"https:\/\/xlab-stiftung.de\/en\/science-festival-2004-2017-2\/sf-2011-was-einstein-gern-gesehen-haette-visualisierung-relativistischer-effekte\/","og_locale":"en_US","og_type":"article","og_title":"SF-2011-Was Einstein gern gesehen h\u00e4tte: Visualisierung relativistischer Effekte - XLAB Stiftung","og_description":"PD. Dr. Hans-Peter NollertUniversit\u00e4t T\u00fcbingen Da wir Menschen nicht t\u00e4glich mit 90% der Lichtgeschwindigkeit durch ein Wurmloch zu unserem Arbeitsplatz in der N\u00e4he&hellip;","og_url":"https:\/\/xlab-stiftung.de\/en\/science-festival-2004-2017-2\/sf-2011-was-einstein-gern-gesehen-haette-visualisierung-relativistischer-effekte\/","og_site_name":"XLAB Stiftung","article_modified_time":"2023-02-08T13:24:54+00:00","twitter_card":"summary_large_image","twitter_misc":{"Est. reading time":"1 minute"},"schema":{"@context":"https:\/\/schema.org","@graph":[{"@type":"WebPage","@id":"https:\/\/xlab-stiftung.de\/science-festival-2004-2017-2\/sf-2011-was-einstein-gern-gesehen-haette-visualisierung-relativistischer-effekte\/","url":"https:\/\/xlab-stiftung.de\/science-festival-2004-2017-2\/sf-2011-was-einstein-gern-gesehen-haette-visualisierung-relativistischer-effekte\/","name":"SF-2011-Was Einstein gern gesehen h\u00e4tte: Visualisierung relativistischer Effekte - XLAB Stiftung","isPartOf":{"@id":"https:\/\/xlab-stiftung.de\/#website"},"datePublished":"2023-02-08T13:24:53+00:00","dateModified":"2023-02-08T13:24:54+00:00","breadcrumb":{"@id":"https:\/\/xlab-stiftung.de\/science-festival-2004-2017-2\/sf-2011-was-einstein-gern-gesehen-haette-visualisierung-relativistischer-effekte\/#breadcrumb"},"inLanguage":"en-US","potentialAction":[{"@type":"ReadAction","target":["https:\/\/xlab-stiftung.de\/science-festival-2004-2017-2\/sf-2011-was-einstein-gern-gesehen-haette-visualisierung-relativistischer-effekte\/"]}]},{"@type":"BreadcrumbList","@id":"https:\/\/xlab-stiftung.de\/science-festival-2004-2017-2\/sf-2011-was-einstein-gern-gesehen-haette-visualisierung-relativistischer-effekte\/#breadcrumb","itemListElement":[{"@type":"ListItem","position":1,"name":"Startseite","item":"https:\/\/xlab-stiftung.de\/"},{"@type":"ListItem","position":2,"name":"Science Festival 2004-2023","item":"https:\/\/xlab-stiftung.de\/science-festival-2004-2017-2\/"},{"@type":"ListItem","position":3,"name":"SF-2011-Was Einstein gern gesehen h\u00e4tte: Visualisierung relativistischer Effekte"}]},{"@type":"WebSite","@id":"https:\/\/xlab-stiftung.de\/#website","url":"https:\/\/xlab-stiftung.de\/","name":"XLAB Stiftung","description":"","publisher":{"@id":"https:\/\/xlab-stiftung.de\/#organization"},"potentialAction":[{"@type":"SearchAction","target":{"@type":"EntryPoint","urlTemplate":"https:\/\/xlab-stiftung.de\/?s={search_term_string}"},"query-input":"required name=search_term_string"}],"inLanguage":"en-US"},{"@type":"Organization","@id":"https:\/\/xlab-stiftung.de\/#organization","name":"XLAB Stiftung","url":"https:\/\/xlab-stiftung.de\/","logo":{"@type":"ImageObject","inLanguage":"en-US","@id":"https:\/\/xlab-stiftung.de\/#\/schema\/logo\/image\/","url":"https:\/\/xlab-stiftung.de\/wp-content\/uploads\/2023\/01\/ezgif.com-gif-maker-5.gif","contentUrl":"https:\/\/xlab-stiftung.de\/wp-content\/uploads\/2023\/01\/ezgif.com-gif-maker-5.gif","width":2048,"height":230,"caption":"XLAB Stiftung"},"image":{"@id":"https:\/\/xlab-stiftung.de\/#\/schema\/logo\/image\/"}}]}},"_links":{"self":[{"href":"https:\/\/xlab-stiftung.de\/en\/wp-json\/wp\/v2\/pages\/1383"}],"collection":[{"href":"https:\/\/xlab-stiftung.de\/en\/wp-json\/wp\/v2\/pages"}],"about":[{"href":"https:\/\/xlab-stiftung.de\/en\/wp-json\/wp\/v2\/types\/page"}],"author":[{"embeddable":true,"href":"https:\/\/xlab-stiftung.de\/en\/wp-json\/wp\/v2\/users\/1"}],"replies":[{"embeddable":true,"href":"https:\/\/xlab-stiftung.de\/en\/wp-json\/wp\/v2\/comments?post=1383"}],"version-history":[{"count":1,"href":"https:\/\/xlab-stiftung.de\/en\/wp-json\/wp\/v2\/pages\/1383\/revisions"}],"predecessor-version":[{"id":1385,"href":"https:\/\/xlab-stiftung.de\/en\/wp-json\/wp\/v2\/pages\/1383\/revisions\/1385"}],"up":[{"embeddable":true,"href":"https:\/\/xlab-stiftung.de\/en\/wp-json\/wp\/v2\/pages\/133"}],"wp:attachment":[{"href":"https:\/\/xlab-stiftung.de\/en\/wp-json\/wp\/v2\/media?parent=1383"}],"curies":[{"name":"wp","href":"https:\/\/api.w.org\/{rel}","templated":true}]}}