{"id":1387,"date":"2023-02-08T13:25:22","date_gmt":"2023-02-08T13:25:22","guid":{"rendered":"https:\/\/xlab-stiftung.de\/?page_id=1387"},"modified":"2023-02-08T13:25:50","modified_gmt":"2023-02-08T13:25:50","slug":"sf-2011-schnee-von-gestern-rekonstruktion-vergangener-umweltbedingungen-aus-polaren-eisschilden","status":"publish","type":"page","link":"https:\/\/xlab-stiftung.de\/en\/science-festival-2004-2017-2\/sf-2011-schnee-von-gestern-rekonstruktion-vergangener-umweltbedingungen-aus-polaren-eisschilden\/","title":{"rendered":"SF-2011-Schnee von gestern? \u2013 Rekonstruktion vergangener Umweltbedingungen aus polaren Eisschilden"},"content":{"rendered":"<p><em>Prof. Dr. Frank Wilhelms<br>Stiftung Alfred-Wegener-Institut f\u00fcr Polar- und Meeresforschung, Bremerhaven<\/em><\/p>\n\n\n\n<p>Vor 50 Jahren regte Willi Dansgaard an, den in Gletschern konservierten Altschnee zu studieren, um das Klima vergangener Zeiten zu rekonstruieren. Als einer der ersten hatte er nachgewiesen, dass sich die Temperatur in der Wolke auf die isotopische Zusammensetzung des Wassers im Niederschlag auswirkt. Damit begr\u00fcndete er das Proxie-Konzept der modernen Klimaforschung. Ein der Untersuchung zug\u00e4nglicher Parameter (hier die isotopische Zusammensetzung des Wassers) wird dabei zum Stellvertreter \u2013 engl. Proxie \u2013 f\u00fcr einen nicht messbaren Klima-Parameter (hier die mittlere Umgebungstemperatur fr\u00fcherer Zeit).<br>Wasser aus vergangenen Epochen finden Klimaforscher heute in Gletschern und Eiskappen. An geeigneten Stellen der Eisschilde erbohren sie eine Zeitreihe (Chronologie) entlang eines mehrere hundert Meter langen Eiskerns. Die physikalisch-chemische Grundlage ihrer Spurensuche im Eis ist die Isotopenfraktionierung beim Umsatz im Wasserkreislauf. Neben der mittleren Umgebungstemperatur gewinnen die Forscher aus dem Eiskern eine ganze Reihe weiterer Informationen \u00fcber das Klima und die Geschichte der Eiskappe selbst. Der Vergleich von gr\u00f6nl\u00e4ndischen und antarktischen Eiskernen brachte die Klimaforschung k\u00fcrzlich ein gro\u00dfes St\u00fcck voran: Er lieferte einen experimentellen Beleg f\u00fcr die seit langem theoretisch postulierten globalen Ozeanstr\u00f6mungen.<\/p>\n\n\n\n<figure class=\"wp-block-image\"><img decoding=\"async\" src=\"\" alt=\"\"\/><\/figure>","protected":false},"excerpt":{"rendered":"<p>Prof. Dr. Frank WilhelmsStiftung Alfred-Wegener-Institut f\u00fcr Polar- und Meeresforschung, Bremerhaven Vor 50 Jahren regte Willi Dansgaard an, den in Gletschern konservierten Altschnee zu&hellip;<\/p>","protected":false},"author":1,"featured_media":0,"parent":133,"menu_order":24,"comment_status":"closed","ping_status":"closed","template":"","meta":[],"yoast_head":"<!-- This site is optimized with the Yoast SEO plugin v21.2 - https:\/\/yoast.com\/wordpress\/plugins\/seo\/ -->\n<title>SF-2011-Schnee von gestern? \u2013 Rekonstruktion vergangener Umweltbedingungen aus polaren Eisschilden - XLAB Stiftung<\/title>\n<meta name=\"robots\" content=\"index, follow, max-snippet:-1, max-image-preview:large, max-video-preview:-1\" \/>\n<link rel=\"canonical\" href=\"https:\/\/xlab-stiftung.de\/en\/science-festival-2004-2017-2\/sf-2011-schnee-von-gestern-rekonstruktion-vergangener-umweltbedingungen-aus-polaren-eisschilden\/\" \/>\n<meta property=\"og:locale\" content=\"en_US\" \/>\n<meta property=\"og:type\" content=\"article\" \/>\n<meta property=\"og:title\" content=\"SF-2011-Schnee von gestern? \u2013 Rekonstruktion vergangener Umweltbedingungen aus polaren Eisschilden - XLAB Stiftung\" \/>\n<meta property=\"og:description\" content=\"Prof. Dr. Frank WilhelmsStiftung Alfred-Wegener-Institut f\u00fcr Polar- und Meeresforschung, Bremerhaven Vor 50 Jahren regte Willi Dansgaard an, den in Gletschern konservierten Altschnee zu&hellip;\" \/>\n<meta property=\"og:url\" content=\"https:\/\/xlab-stiftung.de\/en\/science-festival-2004-2017-2\/sf-2011-schnee-von-gestern-rekonstruktion-vergangener-umweltbedingungen-aus-polaren-eisschilden\/\" \/>\n<meta property=\"og:site_name\" content=\"XLAB Stiftung\" \/>\n<meta property=\"article:modified_time\" content=\"2023-02-08T13:25:50+00:00\" \/>\n<meta name=\"twitter:card\" content=\"summary_large_image\" \/>\n<meta name=\"twitter:label1\" content=\"Est. reading time\" \/>\n\t<meta name=\"twitter:data1\" content=\"2 minutes\" \/>\n<script type=\"application\/ld+json\" class=\"yoast-schema-graph\">{\"@context\":\"https:\/\/schema.org\",\"@graph\":[{\"@type\":\"WebPage\",\"@id\":\"https:\/\/xlab-stiftung.de\/science-festival-2004-2017-2\/sf-2011-schnee-von-gestern-rekonstruktion-vergangener-umweltbedingungen-aus-polaren-eisschilden\/\",\"url\":\"https:\/\/xlab-stiftung.de\/science-festival-2004-2017-2\/sf-2011-schnee-von-gestern-rekonstruktion-vergangener-umweltbedingungen-aus-polaren-eisschilden\/\",\"name\":\"SF-2011-Schnee von gestern? \u2013 Rekonstruktion vergangener Umweltbedingungen aus polaren Eisschilden - XLAB Stiftung\",\"isPartOf\":{\"@id\":\"https:\/\/xlab-stiftung.de\/#website\"},\"datePublished\":\"2023-02-08T13:25:22+00:00\",\"dateModified\":\"2023-02-08T13:25:50+00:00\",\"breadcrumb\":{\"@id\":\"https:\/\/xlab-stiftung.de\/science-festival-2004-2017-2\/sf-2011-schnee-von-gestern-rekonstruktion-vergangener-umweltbedingungen-aus-polaren-eisschilden\/#breadcrumb\"},\"inLanguage\":\"en-US\",\"potentialAction\":[{\"@type\":\"ReadAction\",\"target\":[\"https:\/\/xlab-stiftung.de\/science-festival-2004-2017-2\/sf-2011-schnee-von-gestern-rekonstruktion-vergangener-umweltbedingungen-aus-polaren-eisschilden\/\"]}]},{\"@type\":\"BreadcrumbList\",\"@id\":\"https:\/\/xlab-stiftung.de\/science-festival-2004-2017-2\/sf-2011-schnee-von-gestern-rekonstruktion-vergangener-umweltbedingungen-aus-polaren-eisschilden\/#breadcrumb\",\"itemListElement\":[{\"@type\":\"ListItem\",\"position\":1,\"name\":\"Startseite\",\"item\":\"https:\/\/xlab-stiftung.de\/\"},{\"@type\":\"ListItem\",\"position\":2,\"name\":\"Science Festival 2004-2023\",\"item\":\"https:\/\/xlab-stiftung.de\/science-festival-2004-2017-2\/\"},{\"@type\":\"ListItem\",\"position\":3,\"name\":\"SF-2011-Schnee von gestern? \u2013 Rekonstruktion vergangener Umweltbedingungen aus polaren Eisschilden\"}]},{\"@type\":\"WebSite\",\"@id\":\"https:\/\/xlab-stiftung.de\/#website\",\"url\":\"https:\/\/xlab-stiftung.de\/\",\"name\":\"XLAB Stiftung\",\"description\":\"\",\"publisher\":{\"@id\":\"https:\/\/xlab-stiftung.de\/#organization\"},\"potentialAction\":[{\"@type\":\"SearchAction\",\"target\":{\"@type\":\"EntryPoint\",\"urlTemplate\":\"https:\/\/xlab-stiftung.de\/?s={search_term_string}\"},\"query-input\":\"required name=search_term_string\"}],\"inLanguage\":\"en-US\"},{\"@type\":\"Organization\",\"@id\":\"https:\/\/xlab-stiftung.de\/#organization\",\"name\":\"XLAB Stiftung\",\"url\":\"https:\/\/xlab-stiftung.de\/\",\"logo\":{\"@type\":\"ImageObject\",\"inLanguage\":\"en-US\",\"@id\":\"https:\/\/xlab-stiftung.de\/#\/schema\/logo\/image\/\",\"url\":\"https:\/\/xlab-stiftung.de\/wp-content\/uploads\/2023\/01\/ezgif.com-gif-maker-5.gif\",\"contentUrl\":\"https:\/\/xlab-stiftung.de\/wp-content\/uploads\/2023\/01\/ezgif.com-gif-maker-5.gif\",\"width\":2048,\"height\":230,\"caption\":\"XLAB Stiftung\"},\"image\":{\"@id\":\"https:\/\/xlab-stiftung.de\/#\/schema\/logo\/image\/\"}}]}<\/script>\n<!-- \/ Yoast SEO plugin. -->","yoast_head_json":{"title":"SF-2011-Schnee von gestern? \u2013 Rekonstruktion vergangener Umweltbedingungen aus polaren Eisschilden - XLAB Stiftung","robots":{"index":"index","follow":"follow","max-snippet":"max-snippet:-1","max-image-preview":"max-image-preview:large","max-video-preview":"max-video-preview:-1"},"canonical":"https:\/\/xlab-stiftung.de\/en\/science-festival-2004-2017-2\/sf-2011-schnee-von-gestern-rekonstruktion-vergangener-umweltbedingungen-aus-polaren-eisschilden\/","og_locale":"en_US","og_type":"article","og_title":"SF-2011-Schnee von gestern? \u2013 Rekonstruktion vergangener Umweltbedingungen aus polaren Eisschilden - XLAB Stiftung","og_description":"Prof. Dr. Frank WilhelmsStiftung Alfred-Wegener-Institut f\u00fcr Polar- und Meeresforschung, Bremerhaven Vor 50 Jahren regte Willi Dansgaard an, den in Gletschern konservierten Altschnee zu&hellip;","og_url":"https:\/\/xlab-stiftung.de\/en\/science-festival-2004-2017-2\/sf-2011-schnee-von-gestern-rekonstruktion-vergangener-umweltbedingungen-aus-polaren-eisschilden\/","og_site_name":"XLAB Stiftung","article_modified_time":"2023-02-08T13:25:50+00:00","twitter_card":"summary_large_image","twitter_misc":{"Est. reading time":"2 minutes"},"schema":{"@context":"https:\/\/schema.org","@graph":[{"@type":"WebPage","@id":"https:\/\/xlab-stiftung.de\/science-festival-2004-2017-2\/sf-2011-schnee-von-gestern-rekonstruktion-vergangener-umweltbedingungen-aus-polaren-eisschilden\/","url":"https:\/\/xlab-stiftung.de\/science-festival-2004-2017-2\/sf-2011-schnee-von-gestern-rekonstruktion-vergangener-umweltbedingungen-aus-polaren-eisschilden\/","name":"SF-2011-Schnee von gestern? \u2013 Rekonstruktion vergangener Umweltbedingungen aus polaren Eisschilden - XLAB Stiftung","isPartOf":{"@id":"https:\/\/xlab-stiftung.de\/#website"},"datePublished":"2023-02-08T13:25:22+00:00","dateModified":"2023-02-08T13:25:50+00:00","breadcrumb":{"@id":"https:\/\/xlab-stiftung.de\/science-festival-2004-2017-2\/sf-2011-schnee-von-gestern-rekonstruktion-vergangener-umweltbedingungen-aus-polaren-eisschilden\/#breadcrumb"},"inLanguage":"en-US","potentialAction":[{"@type":"ReadAction","target":["https:\/\/xlab-stiftung.de\/science-festival-2004-2017-2\/sf-2011-schnee-von-gestern-rekonstruktion-vergangener-umweltbedingungen-aus-polaren-eisschilden\/"]}]},{"@type":"BreadcrumbList","@id":"https:\/\/xlab-stiftung.de\/science-festival-2004-2017-2\/sf-2011-schnee-von-gestern-rekonstruktion-vergangener-umweltbedingungen-aus-polaren-eisschilden\/#breadcrumb","itemListElement":[{"@type":"ListItem","position":1,"name":"Startseite","item":"https:\/\/xlab-stiftung.de\/"},{"@type":"ListItem","position":2,"name":"Science Festival 2004-2023","item":"https:\/\/xlab-stiftung.de\/science-festival-2004-2017-2\/"},{"@type":"ListItem","position":3,"name":"SF-2011-Schnee von gestern? \u2013 Rekonstruktion vergangener Umweltbedingungen aus polaren Eisschilden"}]},{"@type":"WebSite","@id":"https:\/\/xlab-stiftung.de\/#website","url":"https:\/\/xlab-stiftung.de\/","name":"XLAB Stiftung","description":"","publisher":{"@id":"https:\/\/xlab-stiftung.de\/#organization"},"potentialAction":[{"@type":"SearchAction","target":{"@type":"EntryPoint","urlTemplate":"https:\/\/xlab-stiftung.de\/?s={search_term_string}"},"query-input":"required name=search_term_string"}],"inLanguage":"en-US"},{"@type":"Organization","@id":"https:\/\/xlab-stiftung.de\/#organization","name":"XLAB Stiftung","url":"https:\/\/xlab-stiftung.de\/","logo":{"@type":"ImageObject","inLanguage":"en-US","@id":"https:\/\/xlab-stiftung.de\/#\/schema\/logo\/image\/","url":"https:\/\/xlab-stiftung.de\/wp-content\/uploads\/2023\/01\/ezgif.com-gif-maker-5.gif","contentUrl":"https:\/\/xlab-stiftung.de\/wp-content\/uploads\/2023\/01\/ezgif.com-gif-maker-5.gif","width":2048,"height":230,"caption":"XLAB Stiftung"},"image":{"@id":"https:\/\/xlab-stiftung.de\/#\/schema\/logo\/image\/"}}]}},"_links":{"self":[{"href":"https:\/\/xlab-stiftung.de\/en\/wp-json\/wp\/v2\/pages\/1387"}],"collection":[{"href":"https:\/\/xlab-stiftung.de\/en\/wp-json\/wp\/v2\/pages"}],"about":[{"href":"https:\/\/xlab-stiftung.de\/en\/wp-json\/wp\/v2\/types\/page"}],"author":[{"embeddable":true,"href":"https:\/\/xlab-stiftung.de\/en\/wp-json\/wp\/v2\/users\/1"}],"replies":[{"embeddable":true,"href":"https:\/\/xlab-stiftung.de\/en\/wp-json\/wp\/v2\/comments?post=1387"}],"version-history":[{"count":2,"href":"https:\/\/xlab-stiftung.de\/en\/wp-json\/wp\/v2\/pages\/1387\/revisions"}],"predecessor-version":[{"id":1391,"href":"https:\/\/xlab-stiftung.de\/en\/wp-json\/wp\/v2\/pages\/1387\/revisions\/1391"}],"up":[{"embeddable":true,"href":"https:\/\/xlab-stiftung.de\/en\/wp-json\/wp\/v2\/pages\/133"}],"wp:attachment":[{"href":"https:\/\/xlab-stiftung.de\/en\/wp-json\/wp\/v2\/media?parent=1387"}],"curies":[{"name":"wp","href":"https:\/\/api.w.org\/{rel}","templated":true}]}}