{"id":1397,"date":"2023-02-08T13:32:32","date_gmt":"2023-02-08T13:32:32","guid":{"rendered":"https:\/\/xlab-stiftung.de\/?page_id=1397"},"modified":"2023-02-08T13:32:33","modified_gmt":"2023-02-08T13:32:33","slug":"sf-2010-aff-sprak-eine-einfuehrung-in-die-kommunikation-von-affen","status":"publish","type":"page","link":"https:\/\/xlab-stiftung.de\/en\/science-festival-2004-2017-2\/sf-2010-aff-sprak-eine-einfuehrung-in-die-kommunikation-von-affen\/","title":{"rendered":"SF-2010-Aff Sprak? Eine Einf\u00fchrung in die Kommunikation von Affen"},"content":{"rendered":"<p><em>Prof. Dr. Julia Fischer,<br>Deutsches Primatenzentrum G\u00f6ttingen<\/em><\/p>\n\n\n\n<p>Zum Thema Affenkommunikation f\u00e4llt vielen zun\u00e4chst einmal das Schreien und Grunzen wilder Affenhorden ein. Andererseits gibt es Berichte, dass Schimpansen und Gorillas, die in Menschenobhut aufwachsen, mittels Geb\u00e4rdensprache und kleinen Symbolen mit Menschen kommunizieren. Doch was wissen wir wirklich dar\u00fcber, wie sich Affen untereinander verst\u00e4ndigen? Welche Informationen tauschen Affen mittels ihrer Laute aus und was mittels ihrer Gesten und Grimassen? Haben Affen so etwas wie eine Sprache? Und gibt es Unterschiede in zwischen den uns n\u00e4her verwandten Menschenaffen und den so genannten Tieraffen? Im Vortrag wird diesen Fragen rund um die Kommunikation unserer n\u00e4chsten lebenden Verwandten nachgegangen und gezeigt, welche Gemeinsamkeiten, aber auch welche Unterschiede es zwischen der Kommunikation von Affen und Menschen gibt und was wir daraus \u00fcber die Evolution der menschlichen Sprache lernen k\u00f6nnen.<br>Prof. Julia Fischer leitet die Abteilung Kognitive Ethologie am Deutschen Primatenzentrum.<\/p>","protected":false},"excerpt":{"rendered":"<p>Prof. Dr. Julia Fischer,Deutsches Primatenzentrum G\u00f6ttingen Zum Thema Affenkommunikation f\u00e4llt vielen zun\u00e4chst einmal das Schreien und Grunzen wilder Affenhorden ein. Andererseits gibt es&hellip;<\/p>","protected":false},"author":1,"featured_media":0,"parent":133,"menu_order":11,"comment_status":"closed","ping_status":"closed","template":"","meta":[],"yoast_head":"<!-- This site is optimized with the Yoast SEO plugin v21.2 - https:\/\/yoast.com\/wordpress\/plugins\/seo\/ -->\n<title>SF-2010-Aff Sprak? Eine Einf\u00fchrung in die Kommunikation von Affen - XLAB Stiftung<\/title>\n<meta name=\"robots\" content=\"index, follow, max-snippet:-1, max-image-preview:large, max-video-preview:-1\" \/>\n<link rel=\"canonical\" href=\"https:\/\/xlab-stiftung.de\/en\/science-festival-2004-2017-2\/sf-2010-aff-sprak-eine-einfuehrung-in-die-kommunikation-von-affen\/\" \/>\n<meta property=\"og:locale\" content=\"en_US\" \/>\n<meta property=\"og:type\" content=\"article\" \/>\n<meta property=\"og:title\" content=\"SF-2010-Aff Sprak? Eine Einf\u00fchrung in die Kommunikation von Affen - XLAB Stiftung\" \/>\n<meta property=\"og:description\" content=\"Prof. Dr. Julia Fischer,Deutsches Primatenzentrum G\u00f6ttingen Zum Thema Affenkommunikation f\u00e4llt vielen zun\u00e4chst einmal das Schreien und Grunzen wilder Affenhorden ein. Andererseits gibt es&hellip;\" \/>\n<meta property=\"og:url\" content=\"https:\/\/xlab-stiftung.de\/en\/science-festival-2004-2017-2\/sf-2010-aff-sprak-eine-einfuehrung-in-die-kommunikation-von-affen\/\" \/>\n<meta property=\"og:site_name\" content=\"XLAB Stiftung\" \/>\n<meta property=\"article:modified_time\" content=\"2023-02-08T13:32:33+00:00\" \/>\n<meta name=\"twitter:card\" content=\"summary_large_image\" \/>\n<meta name=\"twitter:label1\" content=\"Est. reading time\" \/>\n\t<meta name=\"twitter:data1\" content=\"1 minute\" \/>\n<script type=\"application\/ld+json\" class=\"yoast-schema-graph\">{\"@context\":\"https:\/\/schema.org\",\"@graph\":[{\"@type\":\"WebPage\",\"@id\":\"https:\/\/xlab-stiftung.de\/science-festival-2004-2017-2\/sf-2010-aff-sprak-eine-einfuehrung-in-die-kommunikation-von-affen\/\",\"url\":\"https:\/\/xlab-stiftung.de\/science-festival-2004-2017-2\/sf-2010-aff-sprak-eine-einfuehrung-in-die-kommunikation-von-affen\/\",\"name\":\"SF-2010-Aff Sprak? Eine Einf\u00fchrung in die Kommunikation von Affen - XLAB Stiftung\",\"isPartOf\":{\"@id\":\"https:\/\/xlab-stiftung.de\/#website\"},\"datePublished\":\"2023-02-08T13:32:32+00:00\",\"dateModified\":\"2023-02-08T13:32:33+00:00\",\"breadcrumb\":{\"@id\":\"https:\/\/xlab-stiftung.de\/science-festival-2004-2017-2\/sf-2010-aff-sprak-eine-einfuehrung-in-die-kommunikation-von-affen\/#breadcrumb\"},\"inLanguage\":\"en-US\",\"potentialAction\":[{\"@type\":\"ReadAction\",\"target\":[\"https:\/\/xlab-stiftung.de\/science-festival-2004-2017-2\/sf-2010-aff-sprak-eine-einfuehrung-in-die-kommunikation-von-affen\/\"]}]},{\"@type\":\"BreadcrumbList\",\"@id\":\"https:\/\/xlab-stiftung.de\/science-festival-2004-2017-2\/sf-2010-aff-sprak-eine-einfuehrung-in-die-kommunikation-von-affen\/#breadcrumb\",\"itemListElement\":[{\"@type\":\"ListItem\",\"position\":1,\"name\":\"Startseite\",\"item\":\"https:\/\/xlab-stiftung.de\/\"},{\"@type\":\"ListItem\",\"position\":2,\"name\":\"Science Festival 2004-2023\",\"item\":\"https:\/\/xlab-stiftung.de\/science-festival-2004-2017-2\/\"},{\"@type\":\"ListItem\",\"position\":3,\"name\":\"SF-2010-Aff Sprak? Eine Einf\u00fchrung in die Kommunikation von Affen\"}]},{\"@type\":\"WebSite\",\"@id\":\"https:\/\/xlab-stiftung.de\/#website\",\"url\":\"https:\/\/xlab-stiftung.de\/\",\"name\":\"XLAB Stiftung\",\"description\":\"\",\"publisher\":{\"@id\":\"https:\/\/xlab-stiftung.de\/#organization\"},\"potentialAction\":[{\"@type\":\"SearchAction\",\"target\":{\"@type\":\"EntryPoint\",\"urlTemplate\":\"https:\/\/xlab-stiftung.de\/?s={search_term_string}\"},\"query-input\":\"required name=search_term_string\"}],\"inLanguage\":\"en-US\"},{\"@type\":\"Organization\",\"@id\":\"https:\/\/xlab-stiftung.de\/#organization\",\"name\":\"XLAB Stiftung\",\"url\":\"https:\/\/xlab-stiftung.de\/\",\"logo\":{\"@type\":\"ImageObject\",\"inLanguage\":\"en-US\",\"@id\":\"https:\/\/xlab-stiftung.de\/#\/schema\/logo\/image\/\",\"url\":\"https:\/\/xlab-stiftung.de\/wp-content\/uploads\/2023\/01\/ezgif.com-gif-maker-5.gif\",\"contentUrl\":\"https:\/\/xlab-stiftung.de\/wp-content\/uploads\/2023\/01\/ezgif.com-gif-maker-5.gif\",\"width\":2048,\"height\":230,\"caption\":\"XLAB Stiftung\"},\"image\":{\"@id\":\"https:\/\/xlab-stiftung.de\/#\/schema\/logo\/image\/\"}}]}<\/script>\n<!-- \/ Yoast SEO plugin. -->","yoast_head_json":{"title":"SF-2010-Aff Sprak? Eine Einf\u00fchrung in die Kommunikation von Affen - XLAB Stiftung","robots":{"index":"index","follow":"follow","max-snippet":"max-snippet:-1","max-image-preview":"max-image-preview:large","max-video-preview":"max-video-preview:-1"},"canonical":"https:\/\/xlab-stiftung.de\/en\/science-festival-2004-2017-2\/sf-2010-aff-sprak-eine-einfuehrung-in-die-kommunikation-von-affen\/","og_locale":"en_US","og_type":"article","og_title":"SF-2010-Aff Sprak? Eine Einf\u00fchrung in die Kommunikation von Affen - XLAB Stiftung","og_description":"Prof. Dr. Julia Fischer,Deutsches Primatenzentrum G\u00f6ttingen Zum Thema Affenkommunikation f\u00e4llt vielen zun\u00e4chst einmal das Schreien und Grunzen wilder Affenhorden ein. Andererseits gibt es&hellip;","og_url":"https:\/\/xlab-stiftung.de\/en\/science-festival-2004-2017-2\/sf-2010-aff-sprak-eine-einfuehrung-in-die-kommunikation-von-affen\/","og_site_name":"XLAB Stiftung","article_modified_time":"2023-02-08T13:32:33+00:00","twitter_card":"summary_large_image","twitter_misc":{"Est. reading time":"1 minute"},"schema":{"@context":"https:\/\/schema.org","@graph":[{"@type":"WebPage","@id":"https:\/\/xlab-stiftung.de\/science-festival-2004-2017-2\/sf-2010-aff-sprak-eine-einfuehrung-in-die-kommunikation-von-affen\/","url":"https:\/\/xlab-stiftung.de\/science-festival-2004-2017-2\/sf-2010-aff-sprak-eine-einfuehrung-in-die-kommunikation-von-affen\/","name":"SF-2010-Aff Sprak? Eine Einf\u00fchrung in die Kommunikation von Affen - XLAB Stiftung","isPartOf":{"@id":"https:\/\/xlab-stiftung.de\/#website"},"datePublished":"2023-02-08T13:32:32+00:00","dateModified":"2023-02-08T13:32:33+00:00","breadcrumb":{"@id":"https:\/\/xlab-stiftung.de\/science-festival-2004-2017-2\/sf-2010-aff-sprak-eine-einfuehrung-in-die-kommunikation-von-affen\/#breadcrumb"},"inLanguage":"en-US","potentialAction":[{"@type":"ReadAction","target":["https:\/\/xlab-stiftung.de\/science-festival-2004-2017-2\/sf-2010-aff-sprak-eine-einfuehrung-in-die-kommunikation-von-affen\/"]}]},{"@type":"BreadcrumbList","@id":"https:\/\/xlab-stiftung.de\/science-festival-2004-2017-2\/sf-2010-aff-sprak-eine-einfuehrung-in-die-kommunikation-von-affen\/#breadcrumb","itemListElement":[{"@type":"ListItem","position":1,"name":"Startseite","item":"https:\/\/xlab-stiftung.de\/"},{"@type":"ListItem","position":2,"name":"Science Festival 2004-2023","item":"https:\/\/xlab-stiftung.de\/science-festival-2004-2017-2\/"},{"@type":"ListItem","position":3,"name":"SF-2010-Aff Sprak? Eine Einf\u00fchrung in die Kommunikation von Affen"}]},{"@type":"WebSite","@id":"https:\/\/xlab-stiftung.de\/#website","url":"https:\/\/xlab-stiftung.de\/","name":"XLAB Stiftung","description":"","publisher":{"@id":"https:\/\/xlab-stiftung.de\/#organization"},"potentialAction":[{"@type":"SearchAction","target":{"@type":"EntryPoint","urlTemplate":"https:\/\/xlab-stiftung.de\/?s={search_term_string}"},"query-input":"required name=search_term_string"}],"inLanguage":"en-US"},{"@type":"Organization","@id":"https:\/\/xlab-stiftung.de\/#organization","name":"XLAB Stiftung","url":"https:\/\/xlab-stiftung.de\/","logo":{"@type":"ImageObject","inLanguage":"en-US","@id":"https:\/\/xlab-stiftung.de\/#\/schema\/logo\/image\/","url":"https:\/\/xlab-stiftung.de\/wp-content\/uploads\/2023\/01\/ezgif.com-gif-maker-5.gif","contentUrl":"https:\/\/xlab-stiftung.de\/wp-content\/uploads\/2023\/01\/ezgif.com-gif-maker-5.gif","width":2048,"height":230,"caption":"XLAB Stiftung"},"image":{"@id":"https:\/\/xlab-stiftung.de\/#\/schema\/logo\/image\/"}}]}},"_links":{"self":[{"href":"https:\/\/xlab-stiftung.de\/en\/wp-json\/wp\/v2\/pages\/1397"}],"collection":[{"href":"https:\/\/xlab-stiftung.de\/en\/wp-json\/wp\/v2\/pages"}],"about":[{"href":"https:\/\/xlab-stiftung.de\/en\/wp-json\/wp\/v2\/types\/page"}],"author":[{"embeddable":true,"href":"https:\/\/xlab-stiftung.de\/en\/wp-json\/wp\/v2\/users\/1"}],"replies":[{"embeddable":true,"href":"https:\/\/xlab-stiftung.de\/en\/wp-json\/wp\/v2\/comments?post=1397"}],"version-history":[{"count":1,"href":"https:\/\/xlab-stiftung.de\/en\/wp-json\/wp\/v2\/pages\/1397\/revisions"}],"predecessor-version":[{"id":1399,"href":"https:\/\/xlab-stiftung.de\/en\/wp-json\/wp\/v2\/pages\/1397\/revisions\/1399"}],"up":[{"embeddable":true,"href":"https:\/\/xlab-stiftung.de\/en\/wp-json\/wp\/v2\/pages\/133"}],"wp:attachment":[{"href":"https:\/\/xlab-stiftung.de\/en\/wp-json\/wp\/v2\/media?parent=1397"}],"curies":[{"name":"wp","href":"https:\/\/api.w.org\/{rel}","templated":true}]}}