{"id":1405,"date":"2023-02-08T13:33:31","date_gmt":"2023-02-08T13:33:31","guid":{"rendered":"https:\/\/xlab-stiftung.de\/?page_id=1405"},"modified":"2023-02-08T13:33:55","modified_gmt":"2023-02-08T13:33:55","slug":"sf-2010-oekologische-gentechnik-wie-gentechnik-und-oekologie-gemeinsam-zu-einem-besseren-verstaendnis-von-oekosystemen-beitragen-koennen","status":"publish","type":"page","link":"https:\/\/xlab-stiftung.de\/en\/science-festival-2004-2017-2\/sf-2010-oekologische-gentechnik-wie-gentechnik-und-oekologie-gemeinsam-zu-einem-besseren-verstaendnis-von-oekosystemen-beitragen-koennen\/","title":{"rendered":"SF-2010-\u00d6kologische Gentechnik? Wie Gentechnik und \u00d6kologie gemeinsam zu einem besseren Verst\u00e4ndnis von \u00d6kosystemen beitragen k\u00f6nnen"},"content":{"rendered":"<p><em>Markus Hartl,<br>Max-Planck-Institut f\u00fcr chemische \u00d6kologi<\/em>e<\/p>\n\n\n\n<p>Die Entschl\u00fcsselung des Erbguts zahlreicher Arten ist f\u00fcr die Biologie von gro\u00dfer Bedeutung. Wir k\u00f6nnen systematisch im Buch des Lebens bl\u00e4ttern und herausfinden, welche Gene f\u00fcr Entwicklung, \u00dcberleben und Fortpflanzung wichtig sind. Vom Lesen des genetischen Codes bis zum Verstehen, was er bedeutet und bewirkt, ist es allerdings ein m\u00fchsamer Weg. Gentechnische Methoden, z.B. das gezielte Ausschalten einzelner Gene, k\u00f6nnen helfen, deren Funktion zu bestimmen. Diese Methode st\u00f6\u00dft aber, wenn sie im Labor verbleibt, an Grenzen. Schlie\u00dflich existiert jedes Lebewesen nicht f\u00fcr sich allein, sondern ist in der Natur von anderen Organismen und weiteren Einfl\u00fcssen umgeben und abh\u00e4ngig. Deswegen kann die Funktion vieler Gene erst verstanden werden, wenn wir Lebewesen in Beziehung zu ihrem \u00d6kosystem betrachten. Indem wir gentechnisch ver\u00e4nderte Pflanzen an ihrem nat\u00fcrlichen Standort freisetzen, beobachten und untersuchen, k\u00f6nnen wir herausfinden, wie sie in ihrer Umwelt \u00fcberleben, wie sie sich daran angepasst haben und wie sie zwischen Freund und Feind unterscheiden. Eine derartige gr\u00fcne Gentechnik liefert Erkenntnisse, die im Labor nicht zu erhalten sind, die aber unser Verst\u00e4ndnis von \u00d6kosystemen bedeutend erweitern.<\/p>","protected":false},"excerpt":{"rendered":"<p>Markus Hartl,Max-Planck-Institut f\u00fcr chemische \u00d6kologie Die Entschl\u00fcsselung des Erbguts zahlreicher Arten ist f\u00fcr die Biologie von gro\u00dfer Bedeutung. Wir k\u00f6nnen systematisch im Buch&hellip;<\/p>","protected":false},"author":1,"featured_media":0,"parent":133,"menu_order":12,"comment_status":"closed","ping_status":"closed","template":"","meta":[],"yoast_head":"<!-- This site is optimized with the Yoast SEO plugin v21.2 - https:\/\/yoast.com\/wordpress\/plugins\/seo\/ -->\n<title>SF-2010-\u00d6kologische Gentechnik? Wie Gentechnik und \u00d6kologie gemeinsam zu einem besseren Verst\u00e4ndnis von \u00d6kosystemen beitragen k\u00f6nnen - XLAB Stiftung<\/title>\n<meta name=\"robots\" content=\"index, follow, max-snippet:-1, max-image-preview:large, max-video-preview:-1\" \/>\n<link rel=\"canonical\" href=\"https:\/\/xlab-stiftung.de\/en\/science-festival-2004-2017-2\/sf-2010-oekologische-gentechnik-wie-gentechnik-und-oekologie-gemeinsam-zu-einem-besseren-verstaendnis-von-oekosystemen-beitragen-koennen\/\" \/>\n<meta property=\"og:locale\" content=\"en_US\" \/>\n<meta property=\"og:type\" content=\"article\" \/>\n<meta property=\"og:title\" content=\"SF-2010-\u00d6kologische Gentechnik? Wie Gentechnik und \u00d6kologie gemeinsam zu einem besseren Verst\u00e4ndnis von \u00d6kosystemen beitragen k\u00f6nnen - XLAB Stiftung\" \/>\n<meta property=\"og:description\" content=\"Markus Hartl,Max-Planck-Institut f\u00fcr chemische \u00d6kologie Die Entschl\u00fcsselung des Erbguts zahlreicher Arten ist f\u00fcr die Biologie von gro\u00dfer Bedeutung. Wir k\u00f6nnen systematisch im Buch&hellip;\" \/>\n<meta property=\"og:url\" content=\"https:\/\/xlab-stiftung.de\/en\/science-festival-2004-2017-2\/sf-2010-oekologische-gentechnik-wie-gentechnik-und-oekologie-gemeinsam-zu-einem-besseren-verstaendnis-von-oekosystemen-beitragen-koennen\/\" \/>\n<meta property=\"og:site_name\" content=\"XLAB Stiftung\" \/>\n<meta property=\"article:modified_time\" content=\"2023-02-08T13:33:55+00:00\" \/>\n<meta name=\"twitter:card\" content=\"summary_large_image\" \/>\n<meta name=\"twitter:label1\" content=\"Est. reading time\" \/>\n\t<meta name=\"twitter:data1\" content=\"2 minutes\" \/>\n<script type=\"application\/ld+json\" class=\"yoast-schema-graph\">{\"@context\":\"https:\/\/schema.org\",\"@graph\":[{\"@type\":\"WebPage\",\"@id\":\"https:\/\/xlab-stiftung.de\/science-festival-2004-2017-2\/sf-2010-oekologische-gentechnik-wie-gentechnik-und-oekologie-gemeinsam-zu-einem-besseren-verstaendnis-von-oekosystemen-beitragen-koennen\/\",\"url\":\"https:\/\/xlab-stiftung.de\/science-festival-2004-2017-2\/sf-2010-oekologische-gentechnik-wie-gentechnik-und-oekologie-gemeinsam-zu-einem-besseren-verstaendnis-von-oekosystemen-beitragen-koennen\/\",\"name\":\"SF-2010-\u00d6kologische Gentechnik? Wie Gentechnik und \u00d6kologie gemeinsam zu einem besseren Verst\u00e4ndnis von \u00d6kosystemen beitragen k\u00f6nnen - XLAB Stiftung\",\"isPartOf\":{\"@id\":\"https:\/\/xlab-stiftung.de\/#website\"},\"datePublished\":\"2023-02-08T13:33:31+00:00\",\"dateModified\":\"2023-02-08T13:33:55+00:00\",\"breadcrumb\":{\"@id\":\"https:\/\/xlab-stiftung.de\/science-festival-2004-2017-2\/sf-2010-oekologische-gentechnik-wie-gentechnik-und-oekologie-gemeinsam-zu-einem-besseren-verstaendnis-von-oekosystemen-beitragen-koennen\/#breadcrumb\"},\"inLanguage\":\"en-US\",\"potentialAction\":[{\"@type\":\"ReadAction\",\"target\":[\"https:\/\/xlab-stiftung.de\/science-festival-2004-2017-2\/sf-2010-oekologische-gentechnik-wie-gentechnik-und-oekologie-gemeinsam-zu-einem-besseren-verstaendnis-von-oekosystemen-beitragen-koennen\/\"]}]},{\"@type\":\"BreadcrumbList\",\"@id\":\"https:\/\/xlab-stiftung.de\/science-festival-2004-2017-2\/sf-2010-oekologische-gentechnik-wie-gentechnik-und-oekologie-gemeinsam-zu-einem-besseren-verstaendnis-von-oekosystemen-beitragen-koennen\/#breadcrumb\",\"itemListElement\":[{\"@type\":\"ListItem\",\"position\":1,\"name\":\"Startseite\",\"item\":\"https:\/\/xlab-stiftung.de\/\"},{\"@type\":\"ListItem\",\"position\":2,\"name\":\"Science Festival 2004-2023\",\"item\":\"https:\/\/xlab-stiftung.de\/science-festival-2004-2017-2\/\"},{\"@type\":\"ListItem\",\"position\":3,\"name\":\"SF-2010-\u00d6kologische Gentechnik? Wie Gentechnik und \u00d6kologie gemeinsam zu einem besseren Verst\u00e4ndnis von \u00d6kosystemen beitragen k\u00f6nnen\"}]},{\"@type\":\"WebSite\",\"@id\":\"https:\/\/xlab-stiftung.de\/#website\",\"url\":\"https:\/\/xlab-stiftung.de\/\",\"name\":\"XLAB Stiftung\",\"description\":\"\",\"publisher\":{\"@id\":\"https:\/\/xlab-stiftung.de\/#organization\"},\"potentialAction\":[{\"@type\":\"SearchAction\",\"target\":{\"@type\":\"EntryPoint\",\"urlTemplate\":\"https:\/\/xlab-stiftung.de\/?s={search_term_string}\"},\"query-input\":\"required name=search_term_string\"}],\"inLanguage\":\"en-US\"},{\"@type\":\"Organization\",\"@id\":\"https:\/\/xlab-stiftung.de\/#organization\",\"name\":\"XLAB Stiftung\",\"url\":\"https:\/\/xlab-stiftung.de\/\",\"logo\":{\"@type\":\"ImageObject\",\"inLanguage\":\"en-US\",\"@id\":\"https:\/\/xlab-stiftung.de\/#\/schema\/logo\/image\/\",\"url\":\"https:\/\/xlab-stiftung.de\/wp-content\/uploads\/2023\/01\/ezgif.com-gif-maker-5.gif\",\"contentUrl\":\"https:\/\/xlab-stiftung.de\/wp-content\/uploads\/2023\/01\/ezgif.com-gif-maker-5.gif\",\"width\":2048,\"height\":230,\"caption\":\"XLAB Stiftung\"},\"image\":{\"@id\":\"https:\/\/xlab-stiftung.de\/#\/schema\/logo\/image\/\"}}]}<\/script>\n<!-- \/ Yoast SEO plugin. -->","yoast_head_json":{"title":"SF-2010-\u00d6kologische Gentechnik? Wie Gentechnik und \u00d6kologie gemeinsam zu einem besseren Verst\u00e4ndnis von \u00d6kosystemen beitragen k\u00f6nnen - XLAB Stiftung","robots":{"index":"index","follow":"follow","max-snippet":"max-snippet:-1","max-image-preview":"max-image-preview:large","max-video-preview":"max-video-preview:-1"},"canonical":"https:\/\/xlab-stiftung.de\/en\/science-festival-2004-2017-2\/sf-2010-oekologische-gentechnik-wie-gentechnik-und-oekologie-gemeinsam-zu-einem-besseren-verstaendnis-von-oekosystemen-beitragen-koennen\/","og_locale":"en_US","og_type":"article","og_title":"SF-2010-\u00d6kologische Gentechnik? Wie Gentechnik und \u00d6kologie gemeinsam zu einem besseren Verst\u00e4ndnis von \u00d6kosystemen beitragen k\u00f6nnen - XLAB Stiftung","og_description":"Markus Hartl,Max-Planck-Institut f\u00fcr chemische \u00d6kologie Die Entschl\u00fcsselung des Erbguts zahlreicher Arten ist f\u00fcr die Biologie von gro\u00dfer Bedeutung. Wir k\u00f6nnen systematisch im Buch&hellip;","og_url":"https:\/\/xlab-stiftung.de\/en\/science-festival-2004-2017-2\/sf-2010-oekologische-gentechnik-wie-gentechnik-und-oekologie-gemeinsam-zu-einem-besseren-verstaendnis-von-oekosystemen-beitragen-koennen\/","og_site_name":"XLAB Stiftung","article_modified_time":"2023-02-08T13:33:55+00:00","twitter_card":"summary_large_image","twitter_misc":{"Est. reading time":"2 minutes"},"schema":{"@context":"https:\/\/schema.org","@graph":[{"@type":"WebPage","@id":"https:\/\/xlab-stiftung.de\/science-festival-2004-2017-2\/sf-2010-oekologische-gentechnik-wie-gentechnik-und-oekologie-gemeinsam-zu-einem-besseren-verstaendnis-von-oekosystemen-beitragen-koennen\/","url":"https:\/\/xlab-stiftung.de\/science-festival-2004-2017-2\/sf-2010-oekologische-gentechnik-wie-gentechnik-und-oekologie-gemeinsam-zu-einem-besseren-verstaendnis-von-oekosystemen-beitragen-koennen\/","name":"SF-2010-\u00d6kologische Gentechnik? Wie Gentechnik und \u00d6kologie gemeinsam zu einem besseren Verst\u00e4ndnis von \u00d6kosystemen beitragen k\u00f6nnen - XLAB Stiftung","isPartOf":{"@id":"https:\/\/xlab-stiftung.de\/#website"},"datePublished":"2023-02-08T13:33:31+00:00","dateModified":"2023-02-08T13:33:55+00:00","breadcrumb":{"@id":"https:\/\/xlab-stiftung.de\/science-festival-2004-2017-2\/sf-2010-oekologische-gentechnik-wie-gentechnik-und-oekologie-gemeinsam-zu-einem-besseren-verstaendnis-von-oekosystemen-beitragen-koennen\/#breadcrumb"},"inLanguage":"en-US","potentialAction":[{"@type":"ReadAction","target":["https:\/\/xlab-stiftung.de\/science-festival-2004-2017-2\/sf-2010-oekologische-gentechnik-wie-gentechnik-und-oekologie-gemeinsam-zu-einem-besseren-verstaendnis-von-oekosystemen-beitragen-koennen\/"]}]},{"@type":"BreadcrumbList","@id":"https:\/\/xlab-stiftung.de\/science-festival-2004-2017-2\/sf-2010-oekologische-gentechnik-wie-gentechnik-und-oekologie-gemeinsam-zu-einem-besseren-verstaendnis-von-oekosystemen-beitragen-koennen\/#breadcrumb","itemListElement":[{"@type":"ListItem","position":1,"name":"Startseite","item":"https:\/\/xlab-stiftung.de\/"},{"@type":"ListItem","position":2,"name":"Science Festival 2004-2023","item":"https:\/\/xlab-stiftung.de\/science-festival-2004-2017-2\/"},{"@type":"ListItem","position":3,"name":"SF-2010-\u00d6kologische Gentechnik? Wie Gentechnik und \u00d6kologie gemeinsam zu einem besseren Verst\u00e4ndnis von \u00d6kosystemen beitragen k\u00f6nnen"}]},{"@type":"WebSite","@id":"https:\/\/xlab-stiftung.de\/#website","url":"https:\/\/xlab-stiftung.de\/","name":"XLAB Stiftung","description":"","publisher":{"@id":"https:\/\/xlab-stiftung.de\/#organization"},"potentialAction":[{"@type":"SearchAction","target":{"@type":"EntryPoint","urlTemplate":"https:\/\/xlab-stiftung.de\/?s={search_term_string}"},"query-input":"required name=search_term_string"}],"inLanguage":"en-US"},{"@type":"Organization","@id":"https:\/\/xlab-stiftung.de\/#organization","name":"XLAB Stiftung","url":"https:\/\/xlab-stiftung.de\/","logo":{"@type":"ImageObject","inLanguage":"en-US","@id":"https:\/\/xlab-stiftung.de\/#\/schema\/logo\/image\/","url":"https:\/\/xlab-stiftung.de\/wp-content\/uploads\/2023\/01\/ezgif.com-gif-maker-5.gif","contentUrl":"https:\/\/xlab-stiftung.de\/wp-content\/uploads\/2023\/01\/ezgif.com-gif-maker-5.gif","width":2048,"height":230,"caption":"XLAB Stiftung"},"image":{"@id":"https:\/\/xlab-stiftung.de\/#\/schema\/logo\/image\/"}}]}},"_links":{"self":[{"href":"https:\/\/xlab-stiftung.de\/en\/wp-json\/wp\/v2\/pages\/1405"}],"collection":[{"href":"https:\/\/xlab-stiftung.de\/en\/wp-json\/wp\/v2\/pages"}],"about":[{"href":"https:\/\/xlab-stiftung.de\/en\/wp-json\/wp\/v2\/types\/page"}],"author":[{"embeddable":true,"href":"https:\/\/xlab-stiftung.de\/en\/wp-json\/wp\/v2\/users\/1"}],"replies":[{"embeddable":true,"href":"https:\/\/xlab-stiftung.de\/en\/wp-json\/wp\/v2\/comments?post=1405"}],"version-history":[{"count":2,"href":"https:\/\/xlab-stiftung.de\/en\/wp-json\/wp\/v2\/pages\/1405\/revisions"}],"predecessor-version":[{"id":1409,"href":"https:\/\/xlab-stiftung.de\/en\/wp-json\/wp\/v2\/pages\/1405\/revisions\/1409"}],"up":[{"embeddable":true,"href":"https:\/\/xlab-stiftung.de\/en\/wp-json\/wp\/v2\/pages\/133"}],"wp:attachment":[{"href":"https:\/\/xlab-stiftung.de\/en\/wp-json\/wp\/v2\/media?parent=1405"}],"curies":[{"name":"wp","href":"https:\/\/api.w.org\/{rel}","templated":true}]}}