{"id":1411,"date":"2023-02-08T13:34:25","date_gmt":"2023-02-08T13:34:25","guid":{"rendered":"https:\/\/xlab-stiftung.de\/?page_id=1411"},"modified":"2023-02-08T13:34:27","modified_gmt":"2023-02-08T13:34:27","slug":"sf-2010-wilhelm-und-alexander-das-verhaeltnis-alexanders-zu-seinem-aelteren-bruder-wilhelm-von-humboldt","status":"publish","type":"page","link":"https:\/\/xlab-stiftung.de\/en\/science-festival-2004-2017-2\/sf-2010-wilhelm-und-alexander-das-verhaeltnis-alexanders-zu-seinem-aelteren-bruder-wilhelm-von-humboldt\/","title":{"rendered":"SF-2010-Wilhelm und Alexander \u2013 Das Verh\u00e4ltnis Alexanders zu seinem \u00e4lteren Bruder Wilhelm von Humboldt"},"content":{"rendered":"<p><em>Prof. Dr. Dr. h.c. Christoph Markschies<br>Pr\u00e4sident der Humboldt-Universit\u00e4t zu Berlin<\/em><\/p>\n\n\n\n<p>\u201eGenialer und empfindsamer, sinnlicher und schneller Dinge und Menschen erfassend erschien anfangs der \u00e4ltere, langsam, kr\u00e4nklich, minder erregbar der j\u00fcngere Bruder, doch selbstgef\u00e4lliger und ehrgeiziger\u201c, urteilte die Familie \u00fcber Wilhelm und Alexander von Humboldt. F\u00fcr beide exzellent Gebildeten waren Karrieren im Staatsdienst vorgesehen. Die hoffnungsvollen S\u00f6hne jedoch gingen ihren eigenen Weg. Wilhelm blieb dem preu\u00dfischen Vaterland zeitlebens treu verbunden, war Gesandter, Bildungsreformer, Sprach-, Literatur- und Geschichtswissenschaftler. Er begr\u00fcndete in Berlin die deutsche Universit\u00e4t mit ihrer Einheit von Forschung und Lehre. Alexander schleppte seine Messinstrumente unter Einsatz seines Lebens nach Lateinamerika und Zentralasien und entwickelte die empirische Geographie. Zur Zeit des Befreiungskampfes gegen Napoleon bevorzugte er zum Missfallen seines Bruders das mond\u00e4ne Paris als Wohn- und Wirkort.<br>Was war nun das Verh\u00e4ltnis der beiden Br\u00fcder zueinander? Ging es \u00fcber ein famili\u00e4res hinaus?<br>Der Vortrag stellt den intensiven geistigen Kontakt der beiden Br\u00fcder dar, wie er aus vorhandenen Briefen und Vorworten rekonstruiert werden konnte. Es geht dabei um das Verh\u00e4ltnis zweier wissenschaftlicher Biografien und des jeweiligen Zugriffs auf die Welt. Das Bem\u00fchen um gegenseitiges Verstehen und das gemeinsame Ziel springen ins Auge. So wirft das Verh\u00e4ltnis der Gebr\u00fcder Humboldt Schlaglichter auf die Wissenslandschaft des 21. Jahrhunderts: den Graben zwischen Natur- und Geisteswissenschaften und die Zersplitterung der wissenschaftlichen Erkenntnis.<\/p>","protected":false},"excerpt":{"rendered":"<p>Prof. Dr. Dr. h.c. Christoph MarkschiesPr\u00e4sident der Humboldt-Universit\u00e4t zu Berlin \u201eGenialer und empfindsamer, sinnlicher und schneller Dinge und Menschen erfassend erschien anfangs der&hellip;<\/p>","protected":false},"author":1,"featured_media":0,"parent":133,"menu_order":14,"comment_status":"closed","ping_status":"closed","template":"","meta":[],"yoast_head":"<!-- This site is optimized with the Yoast SEO plugin v21.2 - https:\/\/yoast.com\/wordpress\/plugins\/seo\/ -->\n<title>SF-2010-Wilhelm und Alexander \u2013 Das Verh\u00e4ltnis Alexanders zu seinem \u00e4lteren Bruder Wilhelm von Humboldt - XLAB Stiftung<\/title>\n<meta name=\"robots\" content=\"index, follow, max-snippet:-1, max-image-preview:large, max-video-preview:-1\" \/>\n<link rel=\"canonical\" href=\"https:\/\/xlab-stiftung.de\/en\/science-festival-2004-2017-2\/sf-2010-wilhelm-und-alexander-das-verhaeltnis-alexanders-zu-seinem-aelteren-bruder-wilhelm-von-humboldt\/\" \/>\n<meta property=\"og:locale\" content=\"en_US\" \/>\n<meta property=\"og:type\" content=\"article\" \/>\n<meta property=\"og:title\" content=\"SF-2010-Wilhelm und Alexander \u2013 Das Verh\u00e4ltnis Alexanders zu seinem \u00e4lteren Bruder Wilhelm von Humboldt - XLAB Stiftung\" \/>\n<meta property=\"og:description\" content=\"Prof. Dr. Dr. h.c. Christoph MarkschiesPr\u00e4sident der Humboldt-Universit\u00e4t zu Berlin \u201eGenialer und empfindsamer, sinnlicher und schneller Dinge und Menschen erfassend erschien anfangs der&hellip;\" \/>\n<meta property=\"og:url\" content=\"https:\/\/xlab-stiftung.de\/en\/science-festival-2004-2017-2\/sf-2010-wilhelm-und-alexander-das-verhaeltnis-alexanders-zu-seinem-aelteren-bruder-wilhelm-von-humboldt\/\" \/>\n<meta property=\"og:site_name\" content=\"XLAB Stiftung\" \/>\n<meta property=\"article:modified_time\" content=\"2023-02-08T13:34:27+00:00\" \/>\n<meta name=\"twitter:card\" content=\"summary_large_image\" \/>\n<meta name=\"twitter:label1\" content=\"Est. reading time\" \/>\n\t<meta name=\"twitter:data1\" content=\"2 minutes\" \/>\n<script type=\"application\/ld+json\" class=\"yoast-schema-graph\">{\"@context\":\"https:\/\/schema.org\",\"@graph\":[{\"@type\":\"WebPage\",\"@id\":\"https:\/\/xlab-stiftung.de\/science-festival-2004-2017-2\/sf-2010-wilhelm-und-alexander-das-verhaeltnis-alexanders-zu-seinem-aelteren-bruder-wilhelm-von-humboldt\/\",\"url\":\"https:\/\/xlab-stiftung.de\/science-festival-2004-2017-2\/sf-2010-wilhelm-und-alexander-das-verhaeltnis-alexanders-zu-seinem-aelteren-bruder-wilhelm-von-humboldt\/\",\"name\":\"SF-2010-Wilhelm und Alexander \u2013 Das Verh\u00e4ltnis Alexanders zu seinem \u00e4lteren Bruder Wilhelm von Humboldt - XLAB Stiftung\",\"isPartOf\":{\"@id\":\"https:\/\/xlab-stiftung.de\/#website\"},\"datePublished\":\"2023-02-08T13:34:25+00:00\",\"dateModified\":\"2023-02-08T13:34:27+00:00\",\"breadcrumb\":{\"@id\":\"https:\/\/xlab-stiftung.de\/science-festival-2004-2017-2\/sf-2010-wilhelm-und-alexander-das-verhaeltnis-alexanders-zu-seinem-aelteren-bruder-wilhelm-von-humboldt\/#breadcrumb\"},\"inLanguage\":\"en-US\",\"potentialAction\":[{\"@type\":\"ReadAction\",\"target\":[\"https:\/\/xlab-stiftung.de\/science-festival-2004-2017-2\/sf-2010-wilhelm-und-alexander-das-verhaeltnis-alexanders-zu-seinem-aelteren-bruder-wilhelm-von-humboldt\/\"]}]},{\"@type\":\"BreadcrumbList\",\"@id\":\"https:\/\/xlab-stiftung.de\/science-festival-2004-2017-2\/sf-2010-wilhelm-und-alexander-das-verhaeltnis-alexanders-zu-seinem-aelteren-bruder-wilhelm-von-humboldt\/#breadcrumb\",\"itemListElement\":[{\"@type\":\"ListItem\",\"position\":1,\"name\":\"Startseite\",\"item\":\"https:\/\/xlab-stiftung.de\/\"},{\"@type\":\"ListItem\",\"position\":2,\"name\":\"Science Festival 2004-2023\",\"item\":\"https:\/\/xlab-stiftung.de\/science-festival-2004-2017-2\/\"},{\"@type\":\"ListItem\",\"position\":3,\"name\":\"SF-2010-Wilhelm und Alexander \u2013 Das Verh\u00e4ltnis Alexanders zu seinem \u00e4lteren Bruder Wilhelm von Humboldt\"}]},{\"@type\":\"WebSite\",\"@id\":\"https:\/\/xlab-stiftung.de\/#website\",\"url\":\"https:\/\/xlab-stiftung.de\/\",\"name\":\"XLAB Stiftung\",\"description\":\"\",\"publisher\":{\"@id\":\"https:\/\/xlab-stiftung.de\/#organization\"},\"potentialAction\":[{\"@type\":\"SearchAction\",\"target\":{\"@type\":\"EntryPoint\",\"urlTemplate\":\"https:\/\/xlab-stiftung.de\/?s={search_term_string}\"},\"query-input\":\"required name=search_term_string\"}],\"inLanguage\":\"en-US\"},{\"@type\":\"Organization\",\"@id\":\"https:\/\/xlab-stiftung.de\/#organization\",\"name\":\"XLAB Stiftung\",\"url\":\"https:\/\/xlab-stiftung.de\/\",\"logo\":{\"@type\":\"ImageObject\",\"inLanguage\":\"en-US\",\"@id\":\"https:\/\/xlab-stiftung.de\/#\/schema\/logo\/image\/\",\"url\":\"https:\/\/xlab-stiftung.de\/wp-content\/uploads\/2023\/01\/ezgif.com-gif-maker-5.gif\",\"contentUrl\":\"https:\/\/xlab-stiftung.de\/wp-content\/uploads\/2023\/01\/ezgif.com-gif-maker-5.gif\",\"width\":2048,\"height\":230,\"caption\":\"XLAB Stiftung\"},\"image\":{\"@id\":\"https:\/\/xlab-stiftung.de\/#\/schema\/logo\/image\/\"}}]}<\/script>\n<!-- \/ Yoast SEO plugin. -->","yoast_head_json":{"title":"SF-2010-Wilhelm und Alexander \u2013 Das Verh\u00e4ltnis Alexanders zu seinem \u00e4lteren Bruder Wilhelm von Humboldt - XLAB Stiftung","robots":{"index":"index","follow":"follow","max-snippet":"max-snippet:-1","max-image-preview":"max-image-preview:large","max-video-preview":"max-video-preview:-1"},"canonical":"https:\/\/xlab-stiftung.de\/en\/science-festival-2004-2017-2\/sf-2010-wilhelm-und-alexander-das-verhaeltnis-alexanders-zu-seinem-aelteren-bruder-wilhelm-von-humboldt\/","og_locale":"en_US","og_type":"article","og_title":"SF-2010-Wilhelm und Alexander \u2013 Das Verh\u00e4ltnis Alexanders zu seinem \u00e4lteren Bruder Wilhelm von Humboldt - XLAB Stiftung","og_description":"Prof. Dr. Dr. h.c. Christoph MarkschiesPr\u00e4sident der Humboldt-Universit\u00e4t zu Berlin \u201eGenialer und empfindsamer, sinnlicher und schneller Dinge und Menschen erfassend erschien anfangs der&hellip;","og_url":"https:\/\/xlab-stiftung.de\/en\/science-festival-2004-2017-2\/sf-2010-wilhelm-und-alexander-das-verhaeltnis-alexanders-zu-seinem-aelteren-bruder-wilhelm-von-humboldt\/","og_site_name":"XLAB Stiftung","article_modified_time":"2023-02-08T13:34:27+00:00","twitter_card":"summary_large_image","twitter_misc":{"Est. reading time":"2 minutes"},"schema":{"@context":"https:\/\/schema.org","@graph":[{"@type":"WebPage","@id":"https:\/\/xlab-stiftung.de\/science-festival-2004-2017-2\/sf-2010-wilhelm-und-alexander-das-verhaeltnis-alexanders-zu-seinem-aelteren-bruder-wilhelm-von-humboldt\/","url":"https:\/\/xlab-stiftung.de\/science-festival-2004-2017-2\/sf-2010-wilhelm-und-alexander-das-verhaeltnis-alexanders-zu-seinem-aelteren-bruder-wilhelm-von-humboldt\/","name":"SF-2010-Wilhelm und Alexander \u2013 Das Verh\u00e4ltnis Alexanders zu seinem \u00e4lteren Bruder Wilhelm von Humboldt - XLAB Stiftung","isPartOf":{"@id":"https:\/\/xlab-stiftung.de\/#website"},"datePublished":"2023-02-08T13:34:25+00:00","dateModified":"2023-02-08T13:34:27+00:00","breadcrumb":{"@id":"https:\/\/xlab-stiftung.de\/science-festival-2004-2017-2\/sf-2010-wilhelm-und-alexander-das-verhaeltnis-alexanders-zu-seinem-aelteren-bruder-wilhelm-von-humboldt\/#breadcrumb"},"inLanguage":"en-US","potentialAction":[{"@type":"ReadAction","target":["https:\/\/xlab-stiftung.de\/science-festival-2004-2017-2\/sf-2010-wilhelm-und-alexander-das-verhaeltnis-alexanders-zu-seinem-aelteren-bruder-wilhelm-von-humboldt\/"]}]},{"@type":"BreadcrumbList","@id":"https:\/\/xlab-stiftung.de\/science-festival-2004-2017-2\/sf-2010-wilhelm-und-alexander-das-verhaeltnis-alexanders-zu-seinem-aelteren-bruder-wilhelm-von-humboldt\/#breadcrumb","itemListElement":[{"@type":"ListItem","position":1,"name":"Startseite","item":"https:\/\/xlab-stiftung.de\/"},{"@type":"ListItem","position":2,"name":"Science Festival 2004-2023","item":"https:\/\/xlab-stiftung.de\/science-festival-2004-2017-2\/"},{"@type":"ListItem","position":3,"name":"SF-2010-Wilhelm und Alexander \u2013 Das Verh\u00e4ltnis Alexanders zu seinem \u00e4lteren Bruder Wilhelm von Humboldt"}]},{"@type":"WebSite","@id":"https:\/\/xlab-stiftung.de\/#website","url":"https:\/\/xlab-stiftung.de\/","name":"XLAB Stiftung","description":"","publisher":{"@id":"https:\/\/xlab-stiftung.de\/#organization"},"potentialAction":[{"@type":"SearchAction","target":{"@type":"EntryPoint","urlTemplate":"https:\/\/xlab-stiftung.de\/?s={search_term_string}"},"query-input":"required name=search_term_string"}],"inLanguage":"en-US"},{"@type":"Organization","@id":"https:\/\/xlab-stiftung.de\/#organization","name":"XLAB Stiftung","url":"https:\/\/xlab-stiftung.de\/","logo":{"@type":"ImageObject","inLanguage":"en-US","@id":"https:\/\/xlab-stiftung.de\/#\/schema\/logo\/image\/","url":"https:\/\/xlab-stiftung.de\/wp-content\/uploads\/2023\/01\/ezgif.com-gif-maker-5.gif","contentUrl":"https:\/\/xlab-stiftung.de\/wp-content\/uploads\/2023\/01\/ezgif.com-gif-maker-5.gif","width":2048,"height":230,"caption":"XLAB Stiftung"},"image":{"@id":"https:\/\/xlab-stiftung.de\/#\/schema\/logo\/image\/"}}]}},"_links":{"self":[{"href":"https:\/\/xlab-stiftung.de\/en\/wp-json\/wp\/v2\/pages\/1411"}],"collection":[{"href":"https:\/\/xlab-stiftung.de\/en\/wp-json\/wp\/v2\/pages"}],"about":[{"href":"https:\/\/xlab-stiftung.de\/en\/wp-json\/wp\/v2\/types\/page"}],"author":[{"embeddable":true,"href":"https:\/\/xlab-stiftung.de\/en\/wp-json\/wp\/v2\/users\/1"}],"replies":[{"embeddable":true,"href":"https:\/\/xlab-stiftung.de\/en\/wp-json\/wp\/v2\/comments?post=1411"}],"version-history":[{"count":1,"href":"https:\/\/xlab-stiftung.de\/en\/wp-json\/wp\/v2\/pages\/1411\/revisions"}],"predecessor-version":[{"id":1413,"href":"https:\/\/xlab-stiftung.de\/en\/wp-json\/wp\/v2\/pages\/1411\/revisions\/1413"}],"up":[{"embeddable":true,"href":"https:\/\/xlab-stiftung.de\/en\/wp-json\/wp\/v2\/pages\/133"}],"wp:attachment":[{"href":"https:\/\/xlab-stiftung.de\/en\/wp-json\/wp\/v2\/media?parent=1411"}],"curies":[{"name":"wp","href":"https:\/\/api.w.org\/{rel}","templated":true}]}}