{"id":1415,"date":"2023-02-08T13:34:52","date_gmt":"2023-02-08T13:34:52","guid":{"rendered":"https:\/\/xlab-stiftung.de\/?page_id=1415"},"modified":"2023-02-08T13:34:54","modified_gmt":"2023-02-08T13:34:54","slug":"sf-2010-zum-leben-erwacht-magnetresonanz-tomografie-vom-bild-zum-film","status":"publish","type":"page","link":"https:\/\/xlab-stiftung.de\/en\/science-festival-2004-2017-2\/sf-2010-zum-leben-erwacht-magnetresonanz-tomografie-vom-bild-zum-film\/","title":{"rendered":"SF-2010-Zum Leben erwacht: Magnetresonanz-Tomografie vom Bild zum Film"},"content":{"rendered":"<p><em>Prof. Dr. Jens Frahm<br>Biomedizinische NMR-Forschungs-GmbH am Max-Planck-Institut f\u00fcr biophysikalische Chemie G\u00f6ttingen<br><\/em><br>Die Magnetresonanz-Tomografie (MRT) ist heute eines der wichtigsten bildgebenden Verfahren in der medizinischen Diagnostik mit j\u00e4hrlich etwa 100 Millionen Untersuchungen weltweit. Komplement\u00e4r zu R\u00f6ntgentechniken bietet die MRT eine nichtinvasive Darstellung der weichen Gewebestrukturen mit einer hohen Empfindlichkeit gegen\u00fcber krankhaften Ver\u00e4nderungen, wie sie beispielsweise bei Tumoren oder Infarkten auftreten. Vielf\u00e4ltige Varianten erm\u00f6glichen einzigartige Einblicke in das menschliche Gehirn und erlauben Aussagen \u00fcber den Stoffwechsel, die Lokalisierung von Hirnfunktionen und den Verlauf von Nervenfaserbahnen.<br>Die Entwicklung der MRT zum Standardverfahren in Medizin und Forschung geht entscheidend auf die Verk\u00fcrzung der Messzeiten zur\u00fcck, die Mitte der 1980er Jahre unter anderem durch die in unserer Arbeitsgruppe entwickelte FLASH-Technik vorangetrieben wurde. Die damals erreichte 100fache Beschleunigung reduzierte die Aufnahmezeiten einzelner Schnittbilder aus dem K\u00f6rper auf wenige Sekunden (statt Minuten). Dreidimensionale Aufnahmen mit Messzeiten von wenigen Minuten (statt mehrerer Stunden) wurden erstmals m\u00f6glich.<br>Der Vortrag wird weitere technische Entwicklungen und aktuelle Fortschritte der MRT vorstellen. Dies gilt insbesondere f\u00fcr bewegungsrobuste MRT-Verfahren, die eine filmische Darstellung bewegter Organe oder dynamischer Prozesse in Echtzeit gestatten. Erste Beispiele betreffen die Bewegung von Gelenken ebenso wie die direkte Bildgebung des schlagenden Herzens ohne die Notwendigkeit des Atemanhaltens oder einer Synchronisation mit dem Elektrokardiogramm<\/p>","protected":false},"excerpt":{"rendered":"<p>Prof. Dr. Jens FrahmBiomedizinische NMR-Forschungs-GmbH am Max-Planck-Institut f\u00fcr biophysikalische Chemie G\u00f6ttingenDie Magnetresonanz-Tomografie (MRT) ist heute eines der wichtigsten bildgebenden Verfahren in der medizinischen&hellip;<\/p>","protected":false},"author":1,"featured_media":0,"parent":133,"menu_order":15,"comment_status":"closed","ping_status":"closed","template":"","meta":[],"yoast_head":"<!-- This site is optimized with the Yoast SEO plugin v21.2 - https:\/\/yoast.com\/wordpress\/plugins\/seo\/ -->\n<title>SF-2010-Zum Leben erwacht: Magnetresonanz-Tomografie vom Bild zum Film - XLAB Stiftung<\/title>\n<meta name=\"robots\" content=\"index, follow, max-snippet:-1, max-image-preview:large, max-video-preview:-1\" \/>\n<link rel=\"canonical\" href=\"https:\/\/xlab-stiftung.de\/en\/science-festival-2004-2017-2\/sf-2010-zum-leben-erwacht-magnetresonanz-tomografie-vom-bild-zum-film\/\" \/>\n<meta property=\"og:locale\" content=\"en_US\" \/>\n<meta property=\"og:type\" content=\"article\" \/>\n<meta property=\"og:title\" content=\"SF-2010-Zum Leben erwacht: Magnetresonanz-Tomografie vom Bild zum Film - XLAB Stiftung\" \/>\n<meta property=\"og:description\" content=\"Prof. Dr. Jens FrahmBiomedizinische NMR-Forschungs-GmbH am Max-Planck-Institut f\u00fcr biophysikalische Chemie G\u00f6ttingenDie Magnetresonanz-Tomografie (MRT) ist heute eines der wichtigsten bildgebenden Verfahren in der medizinischen&hellip;\" \/>\n<meta property=\"og:url\" content=\"https:\/\/xlab-stiftung.de\/en\/science-festival-2004-2017-2\/sf-2010-zum-leben-erwacht-magnetresonanz-tomografie-vom-bild-zum-film\/\" \/>\n<meta property=\"og:site_name\" content=\"XLAB Stiftung\" \/>\n<meta property=\"article:modified_time\" content=\"2023-02-08T13:34:54+00:00\" \/>\n<meta name=\"twitter:card\" content=\"summary_large_image\" \/>\n<meta name=\"twitter:label1\" content=\"Est. reading time\" \/>\n\t<meta name=\"twitter:data1\" content=\"2 minutes\" \/>\n<script type=\"application\/ld+json\" class=\"yoast-schema-graph\">{\"@context\":\"https:\/\/schema.org\",\"@graph\":[{\"@type\":\"WebPage\",\"@id\":\"https:\/\/xlab-stiftung.de\/science-festival-2004-2017-2\/sf-2010-zum-leben-erwacht-magnetresonanz-tomografie-vom-bild-zum-film\/\",\"url\":\"https:\/\/xlab-stiftung.de\/science-festival-2004-2017-2\/sf-2010-zum-leben-erwacht-magnetresonanz-tomografie-vom-bild-zum-film\/\",\"name\":\"SF-2010-Zum Leben erwacht: Magnetresonanz-Tomografie vom Bild zum Film - XLAB Stiftung\",\"isPartOf\":{\"@id\":\"https:\/\/xlab-stiftung.de\/#website\"},\"datePublished\":\"2023-02-08T13:34:52+00:00\",\"dateModified\":\"2023-02-08T13:34:54+00:00\",\"breadcrumb\":{\"@id\":\"https:\/\/xlab-stiftung.de\/science-festival-2004-2017-2\/sf-2010-zum-leben-erwacht-magnetresonanz-tomografie-vom-bild-zum-film\/#breadcrumb\"},\"inLanguage\":\"en-US\",\"potentialAction\":[{\"@type\":\"ReadAction\",\"target\":[\"https:\/\/xlab-stiftung.de\/science-festival-2004-2017-2\/sf-2010-zum-leben-erwacht-magnetresonanz-tomografie-vom-bild-zum-film\/\"]}]},{\"@type\":\"BreadcrumbList\",\"@id\":\"https:\/\/xlab-stiftung.de\/science-festival-2004-2017-2\/sf-2010-zum-leben-erwacht-magnetresonanz-tomografie-vom-bild-zum-film\/#breadcrumb\",\"itemListElement\":[{\"@type\":\"ListItem\",\"position\":1,\"name\":\"Startseite\",\"item\":\"https:\/\/xlab-stiftung.de\/\"},{\"@type\":\"ListItem\",\"position\":2,\"name\":\"Science Festival 2004-2023\",\"item\":\"https:\/\/xlab-stiftung.de\/science-festival-2004-2017-2\/\"},{\"@type\":\"ListItem\",\"position\":3,\"name\":\"SF-2010-Zum Leben erwacht: Magnetresonanz-Tomografie vom Bild zum Film\"}]},{\"@type\":\"WebSite\",\"@id\":\"https:\/\/xlab-stiftung.de\/#website\",\"url\":\"https:\/\/xlab-stiftung.de\/\",\"name\":\"XLAB Stiftung\",\"description\":\"\",\"publisher\":{\"@id\":\"https:\/\/xlab-stiftung.de\/#organization\"},\"potentialAction\":[{\"@type\":\"SearchAction\",\"target\":{\"@type\":\"EntryPoint\",\"urlTemplate\":\"https:\/\/xlab-stiftung.de\/?s={search_term_string}\"},\"query-input\":\"required name=search_term_string\"}],\"inLanguage\":\"en-US\"},{\"@type\":\"Organization\",\"@id\":\"https:\/\/xlab-stiftung.de\/#organization\",\"name\":\"XLAB Stiftung\",\"url\":\"https:\/\/xlab-stiftung.de\/\",\"logo\":{\"@type\":\"ImageObject\",\"inLanguage\":\"en-US\",\"@id\":\"https:\/\/xlab-stiftung.de\/#\/schema\/logo\/image\/\",\"url\":\"https:\/\/xlab-stiftung.de\/wp-content\/uploads\/2023\/01\/ezgif.com-gif-maker-5.gif\",\"contentUrl\":\"https:\/\/xlab-stiftung.de\/wp-content\/uploads\/2023\/01\/ezgif.com-gif-maker-5.gif\",\"width\":2048,\"height\":230,\"caption\":\"XLAB Stiftung\"},\"image\":{\"@id\":\"https:\/\/xlab-stiftung.de\/#\/schema\/logo\/image\/\"}}]}<\/script>\n<!-- \/ Yoast SEO plugin. -->","yoast_head_json":{"title":"SF-2010-Zum Leben erwacht: Magnetresonanz-Tomografie vom Bild zum Film - XLAB Stiftung","robots":{"index":"index","follow":"follow","max-snippet":"max-snippet:-1","max-image-preview":"max-image-preview:large","max-video-preview":"max-video-preview:-1"},"canonical":"https:\/\/xlab-stiftung.de\/en\/science-festival-2004-2017-2\/sf-2010-zum-leben-erwacht-magnetresonanz-tomografie-vom-bild-zum-film\/","og_locale":"en_US","og_type":"article","og_title":"SF-2010-Zum Leben erwacht: Magnetresonanz-Tomografie vom Bild zum Film - XLAB Stiftung","og_description":"Prof. Dr. Jens FrahmBiomedizinische NMR-Forschungs-GmbH am Max-Planck-Institut f\u00fcr biophysikalische Chemie G\u00f6ttingenDie Magnetresonanz-Tomografie (MRT) ist heute eines der wichtigsten bildgebenden Verfahren in der medizinischen&hellip;","og_url":"https:\/\/xlab-stiftung.de\/en\/science-festival-2004-2017-2\/sf-2010-zum-leben-erwacht-magnetresonanz-tomografie-vom-bild-zum-film\/","og_site_name":"XLAB Stiftung","article_modified_time":"2023-02-08T13:34:54+00:00","twitter_card":"summary_large_image","twitter_misc":{"Est. reading time":"2 minutes"},"schema":{"@context":"https:\/\/schema.org","@graph":[{"@type":"WebPage","@id":"https:\/\/xlab-stiftung.de\/science-festival-2004-2017-2\/sf-2010-zum-leben-erwacht-magnetresonanz-tomografie-vom-bild-zum-film\/","url":"https:\/\/xlab-stiftung.de\/science-festival-2004-2017-2\/sf-2010-zum-leben-erwacht-magnetresonanz-tomografie-vom-bild-zum-film\/","name":"SF-2010-Zum Leben erwacht: Magnetresonanz-Tomografie vom Bild zum Film - XLAB Stiftung","isPartOf":{"@id":"https:\/\/xlab-stiftung.de\/#website"},"datePublished":"2023-02-08T13:34:52+00:00","dateModified":"2023-02-08T13:34:54+00:00","breadcrumb":{"@id":"https:\/\/xlab-stiftung.de\/science-festival-2004-2017-2\/sf-2010-zum-leben-erwacht-magnetresonanz-tomografie-vom-bild-zum-film\/#breadcrumb"},"inLanguage":"en-US","potentialAction":[{"@type":"ReadAction","target":["https:\/\/xlab-stiftung.de\/science-festival-2004-2017-2\/sf-2010-zum-leben-erwacht-magnetresonanz-tomografie-vom-bild-zum-film\/"]}]},{"@type":"BreadcrumbList","@id":"https:\/\/xlab-stiftung.de\/science-festival-2004-2017-2\/sf-2010-zum-leben-erwacht-magnetresonanz-tomografie-vom-bild-zum-film\/#breadcrumb","itemListElement":[{"@type":"ListItem","position":1,"name":"Startseite","item":"https:\/\/xlab-stiftung.de\/"},{"@type":"ListItem","position":2,"name":"Science Festival 2004-2023","item":"https:\/\/xlab-stiftung.de\/science-festival-2004-2017-2\/"},{"@type":"ListItem","position":3,"name":"SF-2010-Zum Leben erwacht: Magnetresonanz-Tomografie vom Bild zum Film"}]},{"@type":"WebSite","@id":"https:\/\/xlab-stiftung.de\/#website","url":"https:\/\/xlab-stiftung.de\/","name":"XLAB Stiftung","description":"","publisher":{"@id":"https:\/\/xlab-stiftung.de\/#organization"},"potentialAction":[{"@type":"SearchAction","target":{"@type":"EntryPoint","urlTemplate":"https:\/\/xlab-stiftung.de\/?s={search_term_string}"},"query-input":"required name=search_term_string"}],"inLanguage":"en-US"},{"@type":"Organization","@id":"https:\/\/xlab-stiftung.de\/#organization","name":"XLAB Stiftung","url":"https:\/\/xlab-stiftung.de\/","logo":{"@type":"ImageObject","inLanguage":"en-US","@id":"https:\/\/xlab-stiftung.de\/#\/schema\/logo\/image\/","url":"https:\/\/xlab-stiftung.de\/wp-content\/uploads\/2023\/01\/ezgif.com-gif-maker-5.gif","contentUrl":"https:\/\/xlab-stiftung.de\/wp-content\/uploads\/2023\/01\/ezgif.com-gif-maker-5.gif","width":2048,"height":230,"caption":"XLAB Stiftung"},"image":{"@id":"https:\/\/xlab-stiftung.de\/#\/schema\/logo\/image\/"}}]}},"_links":{"self":[{"href":"https:\/\/xlab-stiftung.de\/en\/wp-json\/wp\/v2\/pages\/1415"}],"collection":[{"href":"https:\/\/xlab-stiftung.de\/en\/wp-json\/wp\/v2\/pages"}],"about":[{"href":"https:\/\/xlab-stiftung.de\/en\/wp-json\/wp\/v2\/types\/page"}],"author":[{"embeddable":true,"href":"https:\/\/xlab-stiftung.de\/en\/wp-json\/wp\/v2\/users\/1"}],"replies":[{"embeddable":true,"href":"https:\/\/xlab-stiftung.de\/en\/wp-json\/wp\/v2\/comments?post=1415"}],"version-history":[{"count":1,"href":"https:\/\/xlab-stiftung.de\/en\/wp-json\/wp\/v2\/pages\/1415\/revisions"}],"predecessor-version":[{"id":1417,"href":"https:\/\/xlab-stiftung.de\/en\/wp-json\/wp\/v2\/pages\/1415\/revisions\/1417"}],"up":[{"embeddable":true,"href":"https:\/\/xlab-stiftung.de\/en\/wp-json\/wp\/v2\/pages\/133"}],"wp:attachment":[{"href":"https:\/\/xlab-stiftung.de\/en\/wp-json\/wp\/v2\/media?parent=1415"}],"curies":[{"name":"wp","href":"https:\/\/api.w.org\/{rel}","templated":true}]}}