{"id":1419,"date":"2023-02-08T13:35:21","date_gmt":"2023-02-08T13:35:21","guid":{"rendered":"https:\/\/xlab-stiftung.de\/?page_id=1419"},"modified":"2023-02-08T13:35:23","modified_gmt":"2023-02-08T13:35:23","slug":"sf-2010-algorithmen-die-geheime-schluesseltechnologie","status":"publish","type":"page","link":"https:\/\/xlab-stiftung.de\/en\/science-festival-2004-2017-2\/sf-2010-algorithmen-die-geheime-schluesseltechnologie\/","title":{"rendered":"SF-2010-Algorithmen, die geheime Schl\u00fcsseltechnologie"},"content":{"rendered":"<p><em>Prof. Dr. Dr. h.c. Peter Deuflhard<br>Konrad-Zuse-Zentrum f\u00fcr Informationstechnik Berlin (ZIB)<\/em><\/p>\n\n\n\n<p>Der Vortrag wird drei Beispiele aus Forschungsgruppen des ZIB pr\u00e4sentieren, in denen neue mathematische Ideen und Algorithmen, von der \u00d6ffentlichkeit fast unbemerkt, den Schl\u00fcssel zu modernsten Technologien liefern.<br>(I)&nbsp;&nbsp; Operationsplanung in der Mund-Kiefer-Geschichts-Chirurgie: Bei manchen Menschen ist das Gesicht von Geburt an entstellt. Die MKG-Chirurgie versucht durch zum Teil drastische Eingriffe dieses Leid zu mildern: Kieferknochen werden zers\u00e4gt, bis zu einigen Zentimetern verk\u00fcrzt, verl\u00e4ngert oder verschoben. Solche Operationen werden heute am \u201evirtuellen Patienten\u201c detailgenau geplant. Noch ehe der Chirurg das Skalpell angesetzt hat, kann das Aussehen des Patienten nach der Operation berechnet werden. Hier tut sich durch Mathematik eine neue Welt auf: Arzt und Patient k\u00f6nnen gemeinsam vorab verschiedene Varianten im Rechner durchspielen.<br>(II)&nbsp; Entwurf von nanophotonischen Chips: Bis vor wenigen Jahren gab es weltweit keine Algorithmen, die Probleme aus diesem Gebiet der Nanotechnologie ausreichend genau und schnell l\u00f6sen konnten. Die ZIB-Arbeitsgruppe konnte dabei auf Probleml\u00f6sungen zur\u00fcckgreifen, die zehn Jahre zuvor im Gebiet der Krebstherapie entwickelt worden waren. Der Vortrag wird internationale Vergleiche von Rechenverfahren zeigen sowie die Bedeutung effizienter Algorithmen in diesem Hochtechnologiefeld erl\u00e4utern.<br>(III) Entwurf neuartiger Medikamente: Wenn neue Krankheiten unsere Gesundheit gef\u00e4hrden, setzt die Suche nach einem Wirkstoff zu ihrer Bek\u00e4mpfung ein. Das wissenschaftliche Wettrennen um diese neuen Wirkstoffe beginnt heute im Computer \u2013 mit Hilfe der modernen Mathematik. Der Vortrag zeigt, welchen Beitrag Berliner Mathematiker durch eine v\u00f6llig neue mathematische Herangehensweise erfunden haben. Mit Hilfe dieser viel schnelleren Algorithmen sind inzwischen die ersten potenziellen Wirkstoffe von Mathematikern des ZIB vorgeschlagen worden.<\/p>","protected":false},"excerpt":{"rendered":"<p>Prof. Dr. Dr. h.c. Peter DeuflhardKonrad-Zuse-Zentrum f\u00fcr Informationstechnik Berlin (ZIB) Der Vortrag wird drei Beispiele aus Forschungsgruppen des ZIB pr\u00e4sentieren, in denen neue&hellip;<\/p>","protected":false},"author":1,"featured_media":0,"parent":133,"menu_order":16,"comment_status":"closed","ping_status":"closed","template":"","meta":[],"yoast_head":"<!-- This site is optimized with the Yoast SEO plugin v21.2 - https:\/\/yoast.com\/wordpress\/plugins\/seo\/ -->\n<title>SF-2010-Algorithmen, die geheime Schl\u00fcsseltechnologie - XLAB Stiftung<\/title>\n<meta name=\"robots\" content=\"index, follow, max-snippet:-1, max-image-preview:large, max-video-preview:-1\" \/>\n<link rel=\"canonical\" href=\"https:\/\/xlab-stiftung.de\/en\/science-festival-2004-2017-2\/sf-2010-algorithmen-die-geheime-schluesseltechnologie\/\" \/>\n<meta property=\"og:locale\" content=\"en_US\" \/>\n<meta property=\"og:type\" content=\"article\" \/>\n<meta property=\"og:title\" content=\"SF-2010-Algorithmen, die geheime Schl\u00fcsseltechnologie - XLAB Stiftung\" \/>\n<meta property=\"og:description\" content=\"Prof. Dr. Dr. h.c. Peter DeuflhardKonrad-Zuse-Zentrum f\u00fcr Informationstechnik Berlin (ZIB) Der Vortrag wird drei Beispiele aus Forschungsgruppen des ZIB pr\u00e4sentieren, in denen neue&hellip;\" \/>\n<meta property=\"og:url\" content=\"https:\/\/xlab-stiftung.de\/en\/science-festival-2004-2017-2\/sf-2010-algorithmen-die-geheime-schluesseltechnologie\/\" \/>\n<meta property=\"og:site_name\" content=\"XLAB Stiftung\" \/>\n<meta property=\"article:modified_time\" content=\"2023-02-08T13:35:23+00:00\" \/>\n<meta name=\"twitter:card\" content=\"summary_large_image\" \/>\n<meta name=\"twitter:label1\" content=\"Est. reading time\" \/>\n\t<meta name=\"twitter:data1\" content=\"2 minutes\" \/>\n<script type=\"application\/ld+json\" class=\"yoast-schema-graph\">{\"@context\":\"https:\/\/schema.org\",\"@graph\":[{\"@type\":\"WebPage\",\"@id\":\"https:\/\/xlab-stiftung.de\/science-festival-2004-2017-2\/sf-2010-algorithmen-die-geheime-schluesseltechnologie\/\",\"url\":\"https:\/\/xlab-stiftung.de\/science-festival-2004-2017-2\/sf-2010-algorithmen-die-geheime-schluesseltechnologie\/\",\"name\":\"SF-2010-Algorithmen, die geheime Schl\u00fcsseltechnologie - XLAB Stiftung\",\"isPartOf\":{\"@id\":\"https:\/\/xlab-stiftung.de\/#website\"},\"datePublished\":\"2023-02-08T13:35:21+00:00\",\"dateModified\":\"2023-02-08T13:35:23+00:00\",\"breadcrumb\":{\"@id\":\"https:\/\/xlab-stiftung.de\/science-festival-2004-2017-2\/sf-2010-algorithmen-die-geheime-schluesseltechnologie\/#breadcrumb\"},\"inLanguage\":\"en-US\",\"potentialAction\":[{\"@type\":\"ReadAction\",\"target\":[\"https:\/\/xlab-stiftung.de\/science-festival-2004-2017-2\/sf-2010-algorithmen-die-geheime-schluesseltechnologie\/\"]}]},{\"@type\":\"BreadcrumbList\",\"@id\":\"https:\/\/xlab-stiftung.de\/science-festival-2004-2017-2\/sf-2010-algorithmen-die-geheime-schluesseltechnologie\/#breadcrumb\",\"itemListElement\":[{\"@type\":\"ListItem\",\"position\":1,\"name\":\"Startseite\",\"item\":\"https:\/\/xlab-stiftung.de\/\"},{\"@type\":\"ListItem\",\"position\":2,\"name\":\"Science Festival 2004-2023\",\"item\":\"https:\/\/xlab-stiftung.de\/science-festival-2004-2017-2\/\"},{\"@type\":\"ListItem\",\"position\":3,\"name\":\"SF-2010-Algorithmen, die geheime Schl\u00fcsseltechnologie\"}]},{\"@type\":\"WebSite\",\"@id\":\"https:\/\/xlab-stiftung.de\/#website\",\"url\":\"https:\/\/xlab-stiftung.de\/\",\"name\":\"XLAB Stiftung\",\"description\":\"\",\"publisher\":{\"@id\":\"https:\/\/xlab-stiftung.de\/#organization\"},\"potentialAction\":[{\"@type\":\"SearchAction\",\"target\":{\"@type\":\"EntryPoint\",\"urlTemplate\":\"https:\/\/xlab-stiftung.de\/?s={search_term_string}\"},\"query-input\":\"required name=search_term_string\"}],\"inLanguage\":\"en-US\"},{\"@type\":\"Organization\",\"@id\":\"https:\/\/xlab-stiftung.de\/#organization\",\"name\":\"XLAB Stiftung\",\"url\":\"https:\/\/xlab-stiftung.de\/\",\"logo\":{\"@type\":\"ImageObject\",\"inLanguage\":\"en-US\",\"@id\":\"https:\/\/xlab-stiftung.de\/#\/schema\/logo\/image\/\",\"url\":\"https:\/\/xlab-stiftung.de\/wp-content\/uploads\/2023\/01\/ezgif.com-gif-maker-5.gif\",\"contentUrl\":\"https:\/\/xlab-stiftung.de\/wp-content\/uploads\/2023\/01\/ezgif.com-gif-maker-5.gif\",\"width\":2048,\"height\":230,\"caption\":\"XLAB Stiftung\"},\"image\":{\"@id\":\"https:\/\/xlab-stiftung.de\/#\/schema\/logo\/image\/\"}}]}<\/script>\n<!-- \/ Yoast SEO plugin. -->","yoast_head_json":{"title":"SF-2010-Algorithmen, die geheime Schl\u00fcsseltechnologie - XLAB Stiftung","robots":{"index":"index","follow":"follow","max-snippet":"max-snippet:-1","max-image-preview":"max-image-preview:large","max-video-preview":"max-video-preview:-1"},"canonical":"https:\/\/xlab-stiftung.de\/en\/science-festival-2004-2017-2\/sf-2010-algorithmen-die-geheime-schluesseltechnologie\/","og_locale":"en_US","og_type":"article","og_title":"SF-2010-Algorithmen, die geheime Schl\u00fcsseltechnologie - XLAB Stiftung","og_description":"Prof. Dr. Dr. h.c. Peter DeuflhardKonrad-Zuse-Zentrum f\u00fcr Informationstechnik Berlin (ZIB) Der Vortrag wird drei Beispiele aus Forschungsgruppen des ZIB pr\u00e4sentieren, in denen neue&hellip;","og_url":"https:\/\/xlab-stiftung.de\/en\/science-festival-2004-2017-2\/sf-2010-algorithmen-die-geheime-schluesseltechnologie\/","og_site_name":"XLAB Stiftung","article_modified_time":"2023-02-08T13:35:23+00:00","twitter_card":"summary_large_image","twitter_misc":{"Est. reading time":"2 minutes"},"schema":{"@context":"https:\/\/schema.org","@graph":[{"@type":"WebPage","@id":"https:\/\/xlab-stiftung.de\/science-festival-2004-2017-2\/sf-2010-algorithmen-die-geheime-schluesseltechnologie\/","url":"https:\/\/xlab-stiftung.de\/science-festival-2004-2017-2\/sf-2010-algorithmen-die-geheime-schluesseltechnologie\/","name":"SF-2010-Algorithmen, die geheime Schl\u00fcsseltechnologie - XLAB Stiftung","isPartOf":{"@id":"https:\/\/xlab-stiftung.de\/#website"},"datePublished":"2023-02-08T13:35:21+00:00","dateModified":"2023-02-08T13:35:23+00:00","breadcrumb":{"@id":"https:\/\/xlab-stiftung.de\/science-festival-2004-2017-2\/sf-2010-algorithmen-die-geheime-schluesseltechnologie\/#breadcrumb"},"inLanguage":"en-US","potentialAction":[{"@type":"ReadAction","target":["https:\/\/xlab-stiftung.de\/science-festival-2004-2017-2\/sf-2010-algorithmen-die-geheime-schluesseltechnologie\/"]}]},{"@type":"BreadcrumbList","@id":"https:\/\/xlab-stiftung.de\/science-festival-2004-2017-2\/sf-2010-algorithmen-die-geheime-schluesseltechnologie\/#breadcrumb","itemListElement":[{"@type":"ListItem","position":1,"name":"Startseite","item":"https:\/\/xlab-stiftung.de\/"},{"@type":"ListItem","position":2,"name":"Science Festival 2004-2023","item":"https:\/\/xlab-stiftung.de\/science-festival-2004-2017-2\/"},{"@type":"ListItem","position":3,"name":"SF-2010-Algorithmen, die geheime Schl\u00fcsseltechnologie"}]},{"@type":"WebSite","@id":"https:\/\/xlab-stiftung.de\/#website","url":"https:\/\/xlab-stiftung.de\/","name":"XLAB Stiftung","description":"","publisher":{"@id":"https:\/\/xlab-stiftung.de\/#organization"},"potentialAction":[{"@type":"SearchAction","target":{"@type":"EntryPoint","urlTemplate":"https:\/\/xlab-stiftung.de\/?s={search_term_string}"},"query-input":"required name=search_term_string"}],"inLanguage":"en-US"},{"@type":"Organization","@id":"https:\/\/xlab-stiftung.de\/#organization","name":"XLAB Stiftung","url":"https:\/\/xlab-stiftung.de\/","logo":{"@type":"ImageObject","inLanguage":"en-US","@id":"https:\/\/xlab-stiftung.de\/#\/schema\/logo\/image\/","url":"https:\/\/xlab-stiftung.de\/wp-content\/uploads\/2023\/01\/ezgif.com-gif-maker-5.gif","contentUrl":"https:\/\/xlab-stiftung.de\/wp-content\/uploads\/2023\/01\/ezgif.com-gif-maker-5.gif","width":2048,"height":230,"caption":"XLAB Stiftung"},"image":{"@id":"https:\/\/xlab-stiftung.de\/#\/schema\/logo\/image\/"}}]}},"_links":{"self":[{"href":"https:\/\/xlab-stiftung.de\/en\/wp-json\/wp\/v2\/pages\/1419"}],"collection":[{"href":"https:\/\/xlab-stiftung.de\/en\/wp-json\/wp\/v2\/pages"}],"about":[{"href":"https:\/\/xlab-stiftung.de\/en\/wp-json\/wp\/v2\/types\/page"}],"author":[{"embeddable":true,"href":"https:\/\/xlab-stiftung.de\/en\/wp-json\/wp\/v2\/users\/1"}],"replies":[{"embeddable":true,"href":"https:\/\/xlab-stiftung.de\/en\/wp-json\/wp\/v2\/comments?post=1419"}],"version-history":[{"count":1,"href":"https:\/\/xlab-stiftung.de\/en\/wp-json\/wp\/v2\/pages\/1419\/revisions"}],"predecessor-version":[{"id":1421,"href":"https:\/\/xlab-stiftung.de\/en\/wp-json\/wp\/v2\/pages\/1419\/revisions\/1421"}],"up":[{"embeddable":true,"href":"https:\/\/xlab-stiftung.de\/en\/wp-json\/wp\/v2\/pages\/133"}],"wp:attachment":[{"href":"https:\/\/xlab-stiftung.de\/en\/wp-json\/wp\/v2\/media?parent=1419"}],"curies":[{"name":"wp","href":"https:\/\/api.w.org\/{rel}","templated":true}]}}