{"id":1423,"date":"2023-02-08T13:35:52","date_gmt":"2023-02-08T13:35:52","guid":{"rendered":"https:\/\/xlab-stiftung.de\/?page_id=1423"},"modified":"2023-02-08T13:35:54","modified_gmt":"2023-02-08T13:35:54","slug":"sf-2010-dna-peptide-und-proteine-chancen-der-organischen-chemie","status":"publish","type":"page","link":"https:\/\/xlab-stiftung.de\/en\/science-festival-2004-2017-2\/sf-2010-dna-peptide-und-proteine-chancen-der-organischen-chemie\/","title":{"rendered":"SF-2010-DNA, Peptide und Proteine: Chancen der Organischen Chemie"},"content":{"rendered":"<p><em>Prof. Dr. Ulf Diederichsen,<br>Universit\u00e4t G\u00f6ttingen,<br>Institut f\u00fcr Organische und Biomolekulare Chemie<\/em><\/p>\n\n\n\n<p>Proteine und Peptide sowie DNA und andere Nukleins\u00e4uren sind die wichtigsten Vertreter der Biomolek\u00fcle. Der Zugang zu ihnen war lange der Biochemie vorbehalten: Als \u201eBiofabriken\u201c wurden ausschlie\u00dflich ganze Zellen oder Enzymsysteme genutzt, um gew\u00fcnschte Varianten der Biomolek\u00fcle zu erzeugen. Die Chemie schien mit ihren Synthese- und Analysemethoden angesichts der Gr\u00f6\u00dfe und Komplexit\u00e4t der Biomolek\u00fcle an ihre Grenze zu sto\u00dfen.<br>Heute lassen sich durch organische Synthese nicht mehr nur kleine Molek\u00fclger\u00fcste aufbauen oder mit funktionellen Gruppen versehen. Ein umfangreiches Methodenspektrum erlaubt auch die Herstellung komplexer Naturstoffe. Festphasentechnik und neue Kopplungsreagenzien sind die Grundlage f\u00fcr die organisch-chemische Herstellung von Biomolek\u00fclen und ihre Ver\u00e4nderung durch Modifikationen. Fortschritte in der Analytik machen die Bestimmung von Struktur und Eigenschaften m\u00f6glich.<br>Der Vortrag gew\u00e4hrt Einblick in die M\u00f6glichkeiten, die durch organischchemischen Eingriff in die Struktur und Eigenschaften der Biomolek\u00fcle er\u00f6ffnet werden. Beispielsweise wird die chemische Ver\u00e4nderung von Naturstoffen behandelt. Dadurch lassen sich u.a. medizinisch relevante Erkennungsvorg\u00e4nge steuern. Peptide und Proteine bilden h\u00e4ufig ein gut definiertes dreidimensionales Strukturger\u00fcst. Durch Abwandlung oder Einf\u00fchren neuer Funktionen an derartigen Ger\u00fcsten k\u00f6nnen biologische Prozesse vereinfacht nachgestellt werden, um Teilaspekte auf molekularer Ebene zu verstehen.<\/p>","protected":false},"excerpt":{"rendered":"<p>Prof. Dr. Ulf Diederichsen,Universit\u00e4t G\u00f6ttingen,Institut f\u00fcr Organische und Biomolekulare Chemie Proteine und Peptide sowie DNA und andere Nukleins\u00e4uren sind die wichtigsten Vertreter der&hellip;<\/p>","protected":false},"author":1,"featured_media":0,"parent":133,"menu_order":17,"comment_status":"closed","ping_status":"closed","template":"","meta":[],"yoast_head":"<!-- This site is optimized with the Yoast SEO plugin v21.2 - https:\/\/yoast.com\/wordpress\/plugins\/seo\/ -->\n<title>SF-2010-DNA, Peptide und Proteine: Chancen der Organischen Chemie - XLAB Stiftung<\/title>\n<meta name=\"robots\" content=\"index, follow, max-snippet:-1, max-image-preview:large, max-video-preview:-1\" \/>\n<link rel=\"canonical\" href=\"https:\/\/xlab-stiftung.de\/en\/science-festival-2004-2017-2\/sf-2010-dna-peptide-und-proteine-chancen-der-organischen-chemie\/\" \/>\n<meta property=\"og:locale\" content=\"en_US\" \/>\n<meta property=\"og:type\" content=\"article\" \/>\n<meta property=\"og:title\" content=\"SF-2010-DNA, Peptide und Proteine: Chancen der Organischen Chemie - XLAB Stiftung\" \/>\n<meta property=\"og:description\" content=\"Prof. Dr. Ulf Diederichsen,Universit\u00e4t G\u00f6ttingen,Institut f\u00fcr Organische und Biomolekulare Chemie Proteine und Peptide sowie DNA und andere Nukleins\u00e4uren sind die wichtigsten Vertreter der&hellip;\" \/>\n<meta property=\"og:url\" content=\"https:\/\/xlab-stiftung.de\/en\/science-festival-2004-2017-2\/sf-2010-dna-peptide-und-proteine-chancen-der-organischen-chemie\/\" \/>\n<meta property=\"og:site_name\" content=\"XLAB Stiftung\" \/>\n<meta property=\"article:modified_time\" content=\"2023-02-08T13:35:54+00:00\" \/>\n<meta name=\"twitter:card\" content=\"summary_large_image\" \/>\n<meta name=\"twitter:label1\" content=\"Est. reading time\" \/>\n\t<meta name=\"twitter:data1\" content=\"2 minutes\" \/>\n<script type=\"application\/ld+json\" class=\"yoast-schema-graph\">{\"@context\":\"https:\/\/schema.org\",\"@graph\":[{\"@type\":\"WebPage\",\"@id\":\"https:\/\/xlab-stiftung.de\/science-festival-2004-2017-2\/sf-2010-dna-peptide-und-proteine-chancen-der-organischen-chemie\/\",\"url\":\"https:\/\/xlab-stiftung.de\/science-festival-2004-2017-2\/sf-2010-dna-peptide-und-proteine-chancen-der-organischen-chemie\/\",\"name\":\"SF-2010-DNA, Peptide und Proteine: Chancen der Organischen Chemie - XLAB Stiftung\",\"isPartOf\":{\"@id\":\"https:\/\/xlab-stiftung.de\/#website\"},\"datePublished\":\"2023-02-08T13:35:52+00:00\",\"dateModified\":\"2023-02-08T13:35:54+00:00\",\"breadcrumb\":{\"@id\":\"https:\/\/xlab-stiftung.de\/science-festival-2004-2017-2\/sf-2010-dna-peptide-und-proteine-chancen-der-organischen-chemie\/#breadcrumb\"},\"inLanguage\":\"en-US\",\"potentialAction\":[{\"@type\":\"ReadAction\",\"target\":[\"https:\/\/xlab-stiftung.de\/science-festival-2004-2017-2\/sf-2010-dna-peptide-und-proteine-chancen-der-organischen-chemie\/\"]}]},{\"@type\":\"BreadcrumbList\",\"@id\":\"https:\/\/xlab-stiftung.de\/science-festival-2004-2017-2\/sf-2010-dna-peptide-und-proteine-chancen-der-organischen-chemie\/#breadcrumb\",\"itemListElement\":[{\"@type\":\"ListItem\",\"position\":1,\"name\":\"Startseite\",\"item\":\"https:\/\/xlab-stiftung.de\/\"},{\"@type\":\"ListItem\",\"position\":2,\"name\":\"Science Festival 2004-2023\",\"item\":\"https:\/\/xlab-stiftung.de\/science-festival-2004-2017-2\/\"},{\"@type\":\"ListItem\",\"position\":3,\"name\":\"SF-2010-DNA, Peptide und Proteine: Chancen der Organischen Chemie\"}]},{\"@type\":\"WebSite\",\"@id\":\"https:\/\/xlab-stiftung.de\/#website\",\"url\":\"https:\/\/xlab-stiftung.de\/\",\"name\":\"XLAB Stiftung\",\"description\":\"\",\"publisher\":{\"@id\":\"https:\/\/xlab-stiftung.de\/#organization\"},\"potentialAction\":[{\"@type\":\"SearchAction\",\"target\":{\"@type\":\"EntryPoint\",\"urlTemplate\":\"https:\/\/xlab-stiftung.de\/?s={search_term_string}\"},\"query-input\":\"required name=search_term_string\"}],\"inLanguage\":\"en-US\"},{\"@type\":\"Organization\",\"@id\":\"https:\/\/xlab-stiftung.de\/#organization\",\"name\":\"XLAB Stiftung\",\"url\":\"https:\/\/xlab-stiftung.de\/\",\"logo\":{\"@type\":\"ImageObject\",\"inLanguage\":\"en-US\",\"@id\":\"https:\/\/xlab-stiftung.de\/#\/schema\/logo\/image\/\",\"url\":\"https:\/\/xlab-stiftung.de\/wp-content\/uploads\/2023\/01\/ezgif.com-gif-maker-5.gif\",\"contentUrl\":\"https:\/\/xlab-stiftung.de\/wp-content\/uploads\/2023\/01\/ezgif.com-gif-maker-5.gif\",\"width\":2048,\"height\":230,\"caption\":\"XLAB Stiftung\"},\"image\":{\"@id\":\"https:\/\/xlab-stiftung.de\/#\/schema\/logo\/image\/\"}}]}<\/script>\n<!-- \/ Yoast SEO plugin. -->","yoast_head_json":{"title":"SF-2010-DNA, Peptide und Proteine: Chancen der Organischen Chemie - XLAB Stiftung","robots":{"index":"index","follow":"follow","max-snippet":"max-snippet:-1","max-image-preview":"max-image-preview:large","max-video-preview":"max-video-preview:-1"},"canonical":"https:\/\/xlab-stiftung.de\/en\/science-festival-2004-2017-2\/sf-2010-dna-peptide-und-proteine-chancen-der-organischen-chemie\/","og_locale":"en_US","og_type":"article","og_title":"SF-2010-DNA, Peptide und Proteine: Chancen der Organischen Chemie - XLAB Stiftung","og_description":"Prof. Dr. Ulf Diederichsen,Universit\u00e4t G\u00f6ttingen,Institut f\u00fcr Organische und Biomolekulare Chemie Proteine und Peptide sowie DNA und andere Nukleins\u00e4uren sind die wichtigsten Vertreter der&hellip;","og_url":"https:\/\/xlab-stiftung.de\/en\/science-festival-2004-2017-2\/sf-2010-dna-peptide-und-proteine-chancen-der-organischen-chemie\/","og_site_name":"XLAB Stiftung","article_modified_time":"2023-02-08T13:35:54+00:00","twitter_card":"summary_large_image","twitter_misc":{"Est. reading time":"2 minutes"},"schema":{"@context":"https:\/\/schema.org","@graph":[{"@type":"WebPage","@id":"https:\/\/xlab-stiftung.de\/science-festival-2004-2017-2\/sf-2010-dna-peptide-und-proteine-chancen-der-organischen-chemie\/","url":"https:\/\/xlab-stiftung.de\/science-festival-2004-2017-2\/sf-2010-dna-peptide-und-proteine-chancen-der-organischen-chemie\/","name":"SF-2010-DNA, Peptide und Proteine: Chancen der Organischen Chemie - XLAB Stiftung","isPartOf":{"@id":"https:\/\/xlab-stiftung.de\/#website"},"datePublished":"2023-02-08T13:35:52+00:00","dateModified":"2023-02-08T13:35:54+00:00","breadcrumb":{"@id":"https:\/\/xlab-stiftung.de\/science-festival-2004-2017-2\/sf-2010-dna-peptide-und-proteine-chancen-der-organischen-chemie\/#breadcrumb"},"inLanguage":"en-US","potentialAction":[{"@type":"ReadAction","target":["https:\/\/xlab-stiftung.de\/science-festival-2004-2017-2\/sf-2010-dna-peptide-und-proteine-chancen-der-organischen-chemie\/"]}]},{"@type":"BreadcrumbList","@id":"https:\/\/xlab-stiftung.de\/science-festival-2004-2017-2\/sf-2010-dna-peptide-und-proteine-chancen-der-organischen-chemie\/#breadcrumb","itemListElement":[{"@type":"ListItem","position":1,"name":"Startseite","item":"https:\/\/xlab-stiftung.de\/"},{"@type":"ListItem","position":2,"name":"Science Festival 2004-2023","item":"https:\/\/xlab-stiftung.de\/science-festival-2004-2017-2\/"},{"@type":"ListItem","position":3,"name":"SF-2010-DNA, Peptide und Proteine: Chancen der Organischen Chemie"}]},{"@type":"WebSite","@id":"https:\/\/xlab-stiftung.de\/#website","url":"https:\/\/xlab-stiftung.de\/","name":"XLAB Stiftung","description":"","publisher":{"@id":"https:\/\/xlab-stiftung.de\/#organization"},"potentialAction":[{"@type":"SearchAction","target":{"@type":"EntryPoint","urlTemplate":"https:\/\/xlab-stiftung.de\/?s={search_term_string}"},"query-input":"required name=search_term_string"}],"inLanguage":"en-US"},{"@type":"Organization","@id":"https:\/\/xlab-stiftung.de\/#organization","name":"XLAB Stiftung","url":"https:\/\/xlab-stiftung.de\/","logo":{"@type":"ImageObject","inLanguage":"en-US","@id":"https:\/\/xlab-stiftung.de\/#\/schema\/logo\/image\/","url":"https:\/\/xlab-stiftung.de\/wp-content\/uploads\/2023\/01\/ezgif.com-gif-maker-5.gif","contentUrl":"https:\/\/xlab-stiftung.de\/wp-content\/uploads\/2023\/01\/ezgif.com-gif-maker-5.gif","width":2048,"height":230,"caption":"XLAB Stiftung"},"image":{"@id":"https:\/\/xlab-stiftung.de\/#\/schema\/logo\/image\/"}}]}},"_links":{"self":[{"href":"https:\/\/xlab-stiftung.de\/en\/wp-json\/wp\/v2\/pages\/1423"}],"collection":[{"href":"https:\/\/xlab-stiftung.de\/en\/wp-json\/wp\/v2\/pages"}],"about":[{"href":"https:\/\/xlab-stiftung.de\/en\/wp-json\/wp\/v2\/types\/page"}],"author":[{"embeddable":true,"href":"https:\/\/xlab-stiftung.de\/en\/wp-json\/wp\/v2\/users\/1"}],"replies":[{"embeddable":true,"href":"https:\/\/xlab-stiftung.de\/en\/wp-json\/wp\/v2\/comments?post=1423"}],"version-history":[{"count":1,"href":"https:\/\/xlab-stiftung.de\/en\/wp-json\/wp\/v2\/pages\/1423\/revisions"}],"predecessor-version":[{"id":1425,"href":"https:\/\/xlab-stiftung.de\/en\/wp-json\/wp\/v2\/pages\/1423\/revisions\/1425"}],"up":[{"embeddable":true,"href":"https:\/\/xlab-stiftung.de\/en\/wp-json\/wp\/v2\/pages\/133"}],"wp:attachment":[{"href":"https:\/\/xlab-stiftung.de\/en\/wp-json\/wp\/v2\/media?parent=1423"}],"curies":[{"name":"wp","href":"https:\/\/api.w.org\/{rel}","templated":true}]}}