{"id":1431,"date":"2023-02-08T13:40:36","date_gmt":"2023-02-08T13:40:36","guid":{"rendered":"https:\/\/xlab-stiftung.de\/?page_id=1431"},"modified":"2023-02-08T13:40:37","modified_gmt":"2023-02-08T13:40:37","slug":"sf-2009-die-aeltesten-sterne-im-universum-und-die-chemische-entwicklung-unserer-galaxie-vom-urknall-bis-heute","status":"publish","type":"page","link":"https:\/\/xlab-stiftung.de\/en\/science-festival-2004-2017-2\/sf-2009-die-aeltesten-sterne-im-universum-und-die-chemische-entwicklung-unserer-galaxie-vom-urknall-bis-heute\/","title":{"rendered":"SF-2009-Die \u00e4ltesten Sterne im Universum und die chemische Entwicklung unserer Galaxie vom Urknall bis heute"},"content":{"rendered":"<p><em>Dr. Anna Frebel,<br>Harvard-Smithsonian Center<br>for Astrophysics Cambridge,<br>Massachusetts, USA<\/em><\/p>\n\n\n\n<p>Bei der Suche nach immer \u00e4lteren Sternen in der Milchstra\u00dfe werden stellare Arch\u00e4ologen immer h\u00e4ufiger f\u00fcndig. Die aktuellen Rekordhalter entstanden innerhalb der ersten Milliarde Jahre nach dem Urknall. Den mit Abstand wichtigsten Hinweis auf das Alter eines Sterns liefert uns die H\u00e4ufigkeit von Metallen in seiner Atmosph\u00e4re. Anhand von spektralen Absorptionslinien kann die Metallizit\u00e4t bestimmt werden, insbesondere die H\u00e4ufigkeit von Eisen ist daf\u00fcr ein guter Indikator.<br>Bei der chemischen Analyse der Sterngreise trifft man auf eine geringe Metallizit\u00e4t, aber auf eine enorme und unerwartete Vielfalt und H\u00e4ufigkeit von Elementen. Die Altersbestimmung der \u00e4ltesten Sterne im Universum erfolgt mit Hilfe radioaktiver Elemente (Uran und Thorium). Die verwendeten Chronometer besitzen Halbwertszeiten zwischen rund einer und 14 Milliarden Jahren, am Ende des Zerfallsprozesses stehen verschiedene Bleiisotope.<br>Die Entdeckung von Sternen mit sehr geringer Metallizit\u00e4t und die wachsenden Erfahrungen, das Alter mit vielen verschiedenen Chronometern zu messen, haben eine neue \u00c4ra eingeleitet. Indem wir mit Hilfe von Beobachtungen in m\u00f6glichst fr\u00fche Stadien der Sternentstehung vordringen, verstehen wir allm\u00e4hlich, wann und wie die Sternentwicklung nach dem Urknall tats\u00e4chlich vor sich ging.<\/p>","protected":false},"excerpt":{"rendered":"<p>Dr. Anna Frebel,Harvard-Smithsonian Centerfor Astrophysics Cambridge,Massachusetts, USA Bei der Suche nach immer \u00e4lteren Sternen in der Milchstra\u00dfe werden stellare Arch\u00e4ologen immer h\u00e4ufiger f\u00fcndig.&hellip;<\/p>","protected":false},"author":1,"featured_media":0,"parent":133,"menu_order":4,"comment_status":"closed","ping_status":"closed","template":"","meta":[],"yoast_head":"<!-- This site is optimized with the Yoast SEO plugin v21.2 - https:\/\/yoast.com\/wordpress\/plugins\/seo\/ -->\n<title>SF-2009-Die \u00e4ltesten Sterne im Universum und die chemische Entwicklung unserer Galaxie vom Urknall bis heute - XLAB Stiftung<\/title>\n<meta name=\"robots\" content=\"index, follow, max-snippet:-1, max-image-preview:large, max-video-preview:-1\" \/>\n<link rel=\"canonical\" href=\"https:\/\/xlab-stiftung.de\/en\/science-festival-2004-2017-2\/sf-2009-die-aeltesten-sterne-im-universum-und-die-chemische-entwicklung-unserer-galaxie-vom-urknall-bis-heute\/\" \/>\n<meta property=\"og:locale\" content=\"en_US\" \/>\n<meta property=\"og:type\" content=\"article\" \/>\n<meta property=\"og:title\" content=\"SF-2009-Die \u00e4ltesten Sterne im Universum und die chemische Entwicklung unserer Galaxie vom Urknall bis heute - XLAB Stiftung\" \/>\n<meta property=\"og:description\" content=\"Dr. Anna Frebel,Harvard-Smithsonian Centerfor Astrophysics Cambridge,Massachusetts, USA Bei der Suche nach immer \u00e4lteren Sternen in der Milchstra\u00dfe werden stellare Arch\u00e4ologen immer h\u00e4ufiger f\u00fcndig.&hellip;\" \/>\n<meta property=\"og:url\" content=\"https:\/\/xlab-stiftung.de\/en\/science-festival-2004-2017-2\/sf-2009-die-aeltesten-sterne-im-universum-und-die-chemische-entwicklung-unserer-galaxie-vom-urknall-bis-heute\/\" \/>\n<meta property=\"og:site_name\" content=\"XLAB Stiftung\" \/>\n<meta property=\"article:modified_time\" content=\"2023-02-08T13:40:37+00:00\" \/>\n<meta name=\"twitter:card\" content=\"summary_large_image\" \/>\n<meta name=\"twitter:label1\" content=\"Est. reading time\" \/>\n\t<meta name=\"twitter:data1\" content=\"2 minutes\" \/>\n<script type=\"application\/ld+json\" class=\"yoast-schema-graph\">{\"@context\":\"https:\/\/schema.org\",\"@graph\":[{\"@type\":\"WebPage\",\"@id\":\"https:\/\/xlab-stiftung.de\/science-festival-2004-2017-2\/sf-2009-die-aeltesten-sterne-im-universum-und-die-chemische-entwicklung-unserer-galaxie-vom-urknall-bis-heute\/\",\"url\":\"https:\/\/xlab-stiftung.de\/science-festival-2004-2017-2\/sf-2009-die-aeltesten-sterne-im-universum-und-die-chemische-entwicklung-unserer-galaxie-vom-urknall-bis-heute\/\",\"name\":\"SF-2009-Die \u00e4ltesten Sterne im Universum und die chemische Entwicklung unserer Galaxie vom Urknall bis heute - XLAB Stiftung\",\"isPartOf\":{\"@id\":\"https:\/\/xlab-stiftung.de\/#website\"},\"datePublished\":\"2023-02-08T13:40:36+00:00\",\"dateModified\":\"2023-02-08T13:40:37+00:00\",\"breadcrumb\":{\"@id\":\"https:\/\/xlab-stiftung.de\/science-festival-2004-2017-2\/sf-2009-die-aeltesten-sterne-im-universum-und-die-chemische-entwicklung-unserer-galaxie-vom-urknall-bis-heute\/#breadcrumb\"},\"inLanguage\":\"en-US\",\"potentialAction\":[{\"@type\":\"ReadAction\",\"target\":[\"https:\/\/xlab-stiftung.de\/science-festival-2004-2017-2\/sf-2009-die-aeltesten-sterne-im-universum-und-die-chemische-entwicklung-unserer-galaxie-vom-urknall-bis-heute\/\"]}]},{\"@type\":\"BreadcrumbList\",\"@id\":\"https:\/\/xlab-stiftung.de\/science-festival-2004-2017-2\/sf-2009-die-aeltesten-sterne-im-universum-und-die-chemische-entwicklung-unserer-galaxie-vom-urknall-bis-heute\/#breadcrumb\",\"itemListElement\":[{\"@type\":\"ListItem\",\"position\":1,\"name\":\"Startseite\",\"item\":\"https:\/\/xlab-stiftung.de\/\"},{\"@type\":\"ListItem\",\"position\":2,\"name\":\"Science Festival 2004-2023\",\"item\":\"https:\/\/xlab-stiftung.de\/science-festival-2004-2017-2\/\"},{\"@type\":\"ListItem\",\"position\":3,\"name\":\"SF-2009-Die \u00e4ltesten Sterne im Universum und die chemische Entwicklung unserer Galaxie vom Urknall bis heute\"}]},{\"@type\":\"WebSite\",\"@id\":\"https:\/\/xlab-stiftung.de\/#website\",\"url\":\"https:\/\/xlab-stiftung.de\/\",\"name\":\"XLAB Stiftung\",\"description\":\"\",\"publisher\":{\"@id\":\"https:\/\/xlab-stiftung.de\/#organization\"},\"potentialAction\":[{\"@type\":\"SearchAction\",\"target\":{\"@type\":\"EntryPoint\",\"urlTemplate\":\"https:\/\/xlab-stiftung.de\/?s={search_term_string}\"},\"query-input\":\"required name=search_term_string\"}],\"inLanguage\":\"en-US\"},{\"@type\":\"Organization\",\"@id\":\"https:\/\/xlab-stiftung.de\/#organization\",\"name\":\"XLAB Stiftung\",\"url\":\"https:\/\/xlab-stiftung.de\/\",\"logo\":{\"@type\":\"ImageObject\",\"inLanguage\":\"en-US\",\"@id\":\"https:\/\/xlab-stiftung.de\/#\/schema\/logo\/image\/\",\"url\":\"https:\/\/xlab-stiftung.de\/wp-content\/uploads\/2023\/01\/ezgif.com-gif-maker-5.gif\",\"contentUrl\":\"https:\/\/xlab-stiftung.de\/wp-content\/uploads\/2023\/01\/ezgif.com-gif-maker-5.gif\",\"width\":2048,\"height\":230,\"caption\":\"XLAB Stiftung\"},\"image\":{\"@id\":\"https:\/\/xlab-stiftung.de\/#\/schema\/logo\/image\/\"}}]}<\/script>\n<!-- \/ Yoast SEO plugin. -->","yoast_head_json":{"title":"SF-2009-Die \u00e4ltesten Sterne im Universum und die chemische Entwicklung unserer Galaxie vom Urknall bis heute - XLAB Stiftung","robots":{"index":"index","follow":"follow","max-snippet":"max-snippet:-1","max-image-preview":"max-image-preview:large","max-video-preview":"max-video-preview:-1"},"canonical":"https:\/\/xlab-stiftung.de\/en\/science-festival-2004-2017-2\/sf-2009-die-aeltesten-sterne-im-universum-und-die-chemische-entwicklung-unserer-galaxie-vom-urknall-bis-heute\/","og_locale":"en_US","og_type":"article","og_title":"SF-2009-Die \u00e4ltesten Sterne im Universum und die chemische Entwicklung unserer Galaxie vom Urknall bis heute - XLAB Stiftung","og_description":"Dr. Anna Frebel,Harvard-Smithsonian Centerfor Astrophysics Cambridge,Massachusetts, USA Bei der Suche nach immer \u00e4lteren Sternen in der Milchstra\u00dfe werden stellare Arch\u00e4ologen immer h\u00e4ufiger f\u00fcndig.&hellip;","og_url":"https:\/\/xlab-stiftung.de\/en\/science-festival-2004-2017-2\/sf-2009-die-aeltesten-sterne-im-universum-und-die-chemische-entwicklung-unserer-galaxie-vom-urknall-bis-heute\/","og_site_name":"XLAB Stiftung","article_modified_time":"2023-02-08T13:40:37+00:00","twitter_card":"summary_large_image","twitter_misc":{"Est. reading time":"2 minutes"},"schema":{"@context":"https:\/\/schema.org","@graph":[{"@type":"WebPage","@id":"https:\/\/xlab-stiftung.de\/science-festival-2004-2017-2\/sf-2009-die-aeltesten-sterne-im-universum-und-die-chemische-entwicklung-unserer-galaxie-vom-urknall-bis-heute\/","url":"https:\/\/xlab-stiftung.de\/science-festival-2004-2017-2\/sf-2009-die-aeltesten-sterne-im-universum-und-die-chemische-entwicklung-unserer-galaxie-vom-urknall-bis-heute\/","name":"SF-2009-Die \u00e4ltesten Sterne im Universum und die chemische Entwicklung unserer Galaxie vom Urknall bis heute - XLAB Stiftung","isPartOf":{"@id":"https:\/\/xlab-stiftung.de\/#website"},"datePublished":"2023-02-08T13:40:36+00:00","dateModified":"2023-02-08T13:40:37+00:00","breadcrumb":{"@id":"https:\/\/xlab-stiftung.de\/science-festival-2004-2017-2\/sf-2009-die-aeltesten-sterne-im-universum-und-die-chemische-entwicklung-unserer-galaxie-vom-urknall-bis-heute\/#breadcrumb"},"inLanguage":"en-US","potentialAction":[{"@type":"ReadAction","target":["https:\/\/xlab-stiftung.de\/science-festival-2004-2017-2\/sf-2009-die-aeltesten-sterne-im-universum-und-die-chemische-entwicklung-unserer-galaxie-vom-urknall-bis-heute\/"]}]},{"@type":"BreadcrumbList","@id":"https:\/\/xlab-stiftung.de\/science-festival-2004-2017-2\/sf-2009-die-aeltesten-sterne-im-universum-und-die-chemische-entwicklung-unserer-galaxie-vom-urknall-bis-heute\/#breadcrumb","itemListElement":[{"@type":"ListItem","position":1,"name":"Startseite","item":"https:\/\/xlab-stiftung.de\/"},{"@type":"ListItem","position":2,"name":"Science Festival 2004-2023","item":"https:\/\/xlab-stiftung.de\/science-festival-2004-2017-2\/"},{"@type":"ListItem","position":3,"name":"SF-2009-Die \u00e4ltesten Sterne im Universum und die chemische Entwicklung unserer Galaxie vom Urknall bis heute"}]},{"@type":"WebSite","@id":"https:\/\/xlab-stiftung.de\/#website","url":"https:\/\/xlab-stiftung.de\/","name":"XLAB Stiftung","description":"","publisher":{"@id":"https:\/\/xlab-stiftung.de\/#organization"},"potentialAction":[{"@type":"SearchAction","target":{"@type":"EntryPoint","urlTemplate":"https:\/\/xlab-stiftung.de\/?s={search_term_string}"},"query-input":"required name=search_term_string"}],"inLanguage":"en-US"},{"@type":"Organization","@id":"https:\/\/xlab-stiftung.de\/#organization","name":"XLAB Stiftung","url":"https:\/\/xlab-stiftung.de\/","logo":{"@type":"ImageObject","inLanguage":"en-US","@id":"https:\/\/xlab-stiftung.de\/#\/schema\/logo\/image\/","url":"https:\/\/xlab-stiftung.de\/wp-content\/uploads\/2023\/01\/ezgif.com-gif-maker-5.gif","contentUrl":"https:\/\/xlab-stiftung.de\/wp-content\/uploads\/2023\/01\/ezgif.com-gif-maker-5.gif","width":2048,"height":230,"caption":"XLAB Stiftung"},"image":{"@id":"https:\/\/xlab-stiftung.de\/#\/schema\/logo\/image\/"}}]}},"_links":{"self":[{"href":"https:\/\/xlab-stiftung.de\/en\/wp-json\/wp\/v2\/pages\/1431"}],"collection":[{"href":"https:\/\/xlab-stiftung.de\/en\/wp-json\/wp\/v2\/pages"}],"about":[{"href":"https:\/\/xlab-stiftung.de\/en\/wp-json\/wp\/v2\/types\/page"}],"author":[{"embeddable":true,"href":"https:\/\/xlab-stiftung.de\/en\/wp-json\/wp\/v2\/users\/1"}],"replies":[{"embeddable":true,"href":"https:\/\/xlab-stiftung.de\/en\/wp-json\/wp\/v2\/comments?post=1431"}],"version-history":[{"count":1,"href":"https:\/\/xlab-stiftung.de\/en\/wp-json\/wp\/v2\/pages\/1431\/revisions"}],"predecessor-version":[{"id":1433,"href":"https:\/\/xlab-stiftung.de\/en\/wp-json\/wp\/v2\/pages\/1431\/revisions\/1433"}],"up":[{"embeddable":true,"href":"https:\/\/xlab-stiftung.de\/en\/wp-json\/wp\/v2\/pages\/133"}],"wp:attachment":[{"href":"https:\/\/xlab-stiftung.de\/en\/wp-json\/wp\/v2\/media?parent=1431"}],"curies":[{"name":"wp","href":"https:\/\/api.w.org\/{rel}","templated":true}]}}