{"id":1435,"date":"2023-02-08T13:41:04","date_gmt":"2023-02-08T13:41:04","guid":{"rendered":"https:\/\/xlab-stiftung.de\/?page_id=1435"},"modified":"2023-02-08T13:41:06","modified_gmt":"2023-02-08T13:41:06","slug":"sf-2009-die-k-frage-in-der-chemie-katalysatoren-als-molekulare-heiratsvermittler","status":"publish","type":"page","link":"https:\/\/xlab-stiftung.de\/en\/science-festival-2004-2017-2\/sf-2009-die-k-frage-in-der-chemie-katalysatoren-als-molekulare-heiratsvermittler\/","title":{"rendered":"SF-2009-Die K-Frage in der Chemie: Katalysatoren als molekulare Heiratsvermittler"},"content":{"rendered":"<p><em>Prof. Dr. Drs. h.c. Helmut Schwarz,<br>Technische Universit\u00e4t Berlin, Institut f\u00fcr Chemie<\/em><\/p>\n\n\n\n<p>Literarisch beschreibt Goethes Roman \u201eWahlverwandtschaften\u201c das Ph\u00e4nomen der Katalyse am besten: Hier finden Menschen, die f\u00fcreinander bestimmt sind, entgegen aller sozialen Hindernisse zueinander. Auch in der Chemie m\u00fcssen zueinander passende Stoffe vor ihrer \u201ewahlverwandtschaftlichen\u201c Verbindung mithilfe eines Katalysators (Energie-)Barrieren \u00fcberwinden. Was haben Enzyme in der Zelle, der Katalysator im Auto und das \u201eCracking\u201c von Erd\u00f6l gemeinsam? Sie alle funktionieren nach dem gleichen Prinzip: der Katalyse. Dabei wirkt \u2013 in der Regel in kleinsten Mengen \u2013 ein Katalysator, der die Reaktion beschleunigt und dabei im Idealfall unver\u00e4ndert bleibt. Im Chinesischen lautet der Name f\u00fcr Katalyse \u201eZuo mei\u201c, was sowohl \u201eHebamme\u201c als auch \u201eHeiratsvermittler\u201c hei\u00dfen kann. So steht der Begriff f\u00fcr beide Vorg\u00e4nge der Katalyse: das L\u00f6sen von Bindungen innerhalb von Molek\u00fclen \u2013 und die Verkupplung von Partnern zu einer neuen, chemischen Verbindung.<br>Derzeit basieren \u00fcber 80 Prozent der klassischen chemischen industriellen Verfahren auf Katalyse. Untersuchungen zufolge beruhen 25 Prozent des Bruttosozialprodukts aller westlichen Industrienationen auf katalytischen Prozessen. Trotz intensiver Bem\u00fchungen gelingt es dennoch nur in Ausnahmef\u00e4llen, Katalysatoren ma\u00dfzuschneidern. Etliche Mechanismen konnte die Wissenschaft in oft langwierigen und aufw\u00e4ndigen Prozessen zwar inzwischen kl\u00e4ren, doch bleiben viele fundamentale Fragen offen.<\/p>","protected":false},"excerpt":{"rendered":"<p>Prof. Dr. Drs. h.c. Helmut Schwarz,Technische Universit\u00e4t Berlin, Institut f\u00fcr Chemie Literarisch beschreibt Goethes Roman \u201eWahlverwandtschaften\u201c das Ph\u00e4nomen der Katalyse am besten: Hier&hellip;<\/p>","protected":false},"author":1,"featured_media":0,"parent":133,"menu_order":5,"comment_status":"closed","ping_status":"closed","template":"","meta":[],"yoast_head":"<!-- This site is optimized with the Yoast SEO plugin v21.2 - https:\/\/yoast.com\/wordpress\/plugins\/seo\/ -->\n<title>SF-2009-Die K-Frage in der Chemie: Katalysatoren als molekulare Heiratsvermittler - XLAB Stiftung<\/title>\n<meta name=\"robots\" content=\"index, follow, max-snippet:-1, max-image-preview:large, max-video-preview:-1\" \/>\n<link rel=\"canonical\" href=\"https:\/\/xlab-stiftung.de\/en\/science-festival-2004-2017-2\/sf-2009-die-k-frage-in-der-chemie-katalysatoren-als-molekulare-heiratsvermittler\/\" \/>\n<meta property=\"og:locale\" content=\"en_US\" \/>\n<meta property=\"og:type\" content=\"article\" \/>\n<meta property=\"og:title\" content=\"SF-2009-Die K-Frage in der Chemie: Katalysatoren als molekulare Heiratsvermittler - XLAB Stiftung\" \/>\n<meta property=\"og:description\" content=\"Prof. Dr. Drs. h.c. Helmut Schwarz,Technische Universit\u00e4t Berlin, Institut f\u00fcr Chemie Literarisch beschreibt Goethes Roman \u201eWahlverwandtschaften\u201c das Ph\u00e4nomen der Katalyse am besten: Hier&hellip;\" \/>\n<meta property=\"og:url\" content=\"https:\/\/xlab-stiftung.de\/en\/science-festival-2004-2017-2\/sf-2009-die-k-frage-in-der-chemie-katalysatoren-als-molekulare-heiratsvermittler\/\" \/>\n<meta property=\"og:site_name\" content=\"XLAB Stiftung\" \/>\n<meta property=\"article:modified_time\" content=\"2023-02-08T13:41:06+00:00\" \/>\n<meta name=\"twitter:card\" content=\"summary_large_image\" \/>\n<meta name=\"twitter:label1\" content=\"Est. reading time\" \/>\n\t<meta name=\"twitter:data1\" content=\"2 minutes\" \/>\n<script type=\"application\/ld+json\" class=\"yoast-schema-graph\">{\"@context\":\"https:\/\/schema.org\",\"@graph\":[{\"@type\":\"WebPage\",\"@id\":\"https:\/\/xlab-stiftung.de\/science-festival-2004-2017-2\/sf-2009-die-k-frage-in-der-chemie-katalysatoren-als-molekulare-heiratsvermittler\/\",\"url\":\"https:\/\/xlab-stiftung.de\/science-festival-2004-2017-2\/sf-2009-die-k-frage-in-der-chemie-katalysatoren-als-molekulare-heiratsvermittler\/\",\"name\":\"SF-2009-Die K-Frage in der Chemie: Katalysatoren als molekulare Heiratsvermittler - XLAB Stiftung\",\"isPartOf\":{\"@id\":\"https:\/\/xlab-stiftung.de\/#website\"},\"datePublished\":\"2023-02-08T13:41:04+00:00\",\"dateModified\":\"2023-02-08T13:41:06+00:00\",\"breadcrumb\":{\"@id\":\"https:\/\/xlab-stiftung.de\/science-festival-2004-2017-2\/sf-2009-die-k-frage-in-der-chemie-katalysatoren-als-molekulare-heiratsvermittler\/#breadcrumb\"},\"inLanguage\":\"en-US\",\"potentialAction\":[{\"@type\":\"ReadAction\",\"target\":[\"https:\/\/xlab-stiftung.de\/science-festival-2004-2017-2\/sf-2009-die-k-frage-in-der-chemie-katalysatoren-als-molekulare-heiratsvermittler\/\"]}]},{\"@type\":\"BreadcrumbList\",\"@id\":\"https:\/\/xlab-stiftung.de\/science-festival-2004-2017-2\/sf-2009-die-k-frage-in-der-chemie-katalysatoren-als-molekulare-heiratsvermittler\/#breadcrumb\",\"itemListElement\":[{\"@type\":\"ListItem\",\"position\":1,\"name\":\"Startseite\",\"item\":\"https:\/\/xlab-stiftung.de\/\"},{\"@type\":\"ListItem\",\"position\":2,\"name\":\"Science Festival 2004-2023\",\"item\":\"https:\/\/xlab-stiftung.de\/science-festival-2004-2017-2\/\"},{\"@type\":\"ListItem\",\"position\":3,\"name\":\"SF-2009-Die K-Frage in der Chemie: Katalysatoren als molekulare Heiratsvermittler\"}]},{\"@type\":\"WebSite\",\"@id\":\"https:\/\/xlab-stiftung.de\/#website\",\"url\":\"https:\/\/xlab-stiftung.de\/\",\"name\":\"XLAB Stiftung\",\"description\":\"\",\"publisher\":{\"@id\":\"https:\/\/xlab-stiftung.de\/#organization\"},\"potentialAction\":[{\"@type\":\"SearchAction\",\"target\":{\"@type\":\"EntryPoint\",\"urlTemplate\":\"https:\/\/xlab-stiftung.de\/?s={search_term_string}\"},\"query-input\":\"required name=search_term_string\"}],\"inLanguage\":\"en-US\"},{\"@type\":\"Organization\",\"@id\":\"https:\/\/xlab-stiftung.de\/#organization\",\"name\":\"XLAB Stiftung\",\"url\":\"https:\/\/xlab-stiftung.de\/\",\"logo\":{\"@type\":\"ImageObject\",\"inLanguage\":\"en-US\",\"@id\":\"https:\/\/xlab-stiftung.de\/#\/schema\/logo\/image\/\",\"url\":\"https:\/\/xlab-stiftung.de\/wp-content\/uploads\/2023\/01\/ezgif.com-gif-maker-5.gif\",\"contentUrl\":\"https:\/\/xlab-stiftung.de\/wp-content\/uploads\/2023\/01\/ezgif.com-gif-maker-5.gif\",\"width\":2048,\"height\":230,\"caption\":\"XLAB Stiftung\"},\"image\":{\"@id\":\"https:\/\/xlab-stiftung.de\/#\/schema\/logo\/image\/\"}}]}<\/script>\n<!-- \/ Yoast SEO plugin. -->","yoast_head_json":{"title":"SF-2009-Die K-Frage in der Chemie: Katalysatoren als molekulare Heiratsvermittler - XLAB Stiftung","robots":{"index":"index","follow":"follow","max-snippet":"max-snippet:-1","max-image-preview":"max-image-preview:large","max-video-preview":"max-video-preview:-1"},"canonical":"https:\/\/xlab-stiftung.de\/en\/science-festival-2004-2017-2\/sf-2009-die-k-frage-in-der-chemie-katalysatoren-als-molekulare-heiratsvermittler\/","og_locale":"en_US","og_type":"article","og_title":"SF-2009-Die K-Frage in der Chemie: Katalysatoren als molekulare Heiratsvermittler - XLAB Stiftung","og_description":"Prof. Dr. Drs. h.c. Helmut Schwarz,Technische Universit\u00e4t Berlin, Institut f\u00fcr Chemie Literarisch beschreibt Goethes Roman \u201eWahlverwandtschaften\u201c das Ph\u00e4nomen der Katalyse am besten: Hier&hellip;","og_url":"https:\/\/xlab-stiftung.de\/en\/science-festival-2004-2017-2\/sf-2009-die-k-frage-in-der-chemie-katalysatoren-als-molekulare-heiratsvermittler\/","og_site_name":"XLAB Stiftung","article_modified_time":"2023-02-08T13:41:06+00:00","twitter_card":"summary_large_image","twitter_misc":{"Est. reading time":"2 minutes"},"schema":{"@context":"https:\/\/schema.org","@graph":[{"@type":"WebPage","@id":"https:\/\/xlab-stiftung.de\/science-festival-2004-2017-2\/sf-2009-die-k-frage-in-der-chemie-katalysatoren-als-molekulare-heiratsvermittler\/","url":"https:\/\/xlab-stiftung.de\/science-festival-2004-2017-2\/sf-2009-die-k-frage-in-der-chemie-katalysatoren-als-molekulare-heiratsvermittler\/","name":"SF-2009-Die K-Frage in der Chemie: Katalysatoren als molekulare Heiratsvermittler - XLAB Stiftung","isPartOf":{"@id":"https:\/\/xlab-stiftung.de\/#website"},"datePublished":"2023-02-08T13:41:04+00:00","dateModified":"2023-02-08T13:41:06+00:00","breadcrumb":{"@id":"https:\/\/xlab-stiftung.de\/science-festival-2004-2017-2\/sf-2009-die-k-frage-in-der-chemie-katalysatoren-als-molekulare-heiratsvermittler\/#breadcrumb"},"inLanguage":"en-US","potentialAction":[{"@type":"ReadAction","target":["https:\/\/xlab-stiftung.de\/science-festival-2004-2017-2\/sf-2009-die-k-frage-in-der-chemie-katalysatoren-als-molekulare-heiratsvermittler\/"]}]},{"@type":"BreadcrumbList","@id":"https:\/\/xlab-stiftung.de\/science-festival-2004-2017-2\/sf-2009-die-k-frage-in-der-chemie-katalysatoren-als-molekulare-heiratsvermittler\/#breadcrumb","itemListElement":[{"@type":"ListItem","position":1,"name":"Startseite","item":"https:\/\/xlab-stiftung.de\/"},{"@type":"ListItem","position":2,"name":"Science Festival 2004-2023","item":"https:\/\/xlab-stiftung.de\/science-festival-2004-2017-2\/"},{"@type":"ListItem","position":3,"name":"SF-2009-Die K-Frage in der Chemie: Katalysatoren als molekulare Heiratsvermittler"}]},{"@type":"WebSite","@id":"https:\/\/xlab-stiftung.de\/#website","url":"https:\/\/xlab-stiftung.de\/","name":"XLAB Stiftung","description":"","publisher":{"@id":"https:\/\/xlab-stiftung.de\/#organization"},"potentialAction":[{"@type":"SearchAction","target":{"@type":"EntryPoint","urlTemplate":"https:\/\/xlab-stiftung.de\/?s={search_term_string}"},"query-input":"required name=search_term_string"}],"inLanguage":"en-US"},{"@type":"Organization","@id":"https:\/\/xlab-stiftung.de\/#organization","name":"XLAB Stiftung","url":"https:\/\/xlab-stiftung.de\/","logo":{"@type":"ImageObject","inLanguage":"en-US","@id":"https:\/\/xlab-stiftung.de\/#\/schema\/logo\/image\/","url":"https:\/\/xlab-stiftung.de\/wp-content\/uploads\/2023\/01\/ezgif.com-gif-maker-5.gif","contentUrl":"https:\/\/xlab-stiftung.de\/wp-content\/uploads\/2023\/01\/ezgif.com-gif-maker-5.gif","width":2048,"height":230,"caption":"XLAB Stiftung"},"image":{"@id":"https:\/\/xlab-stiftung.de\/#\/schema\/logo\/image\/"}}]}},"_links":{"self":[{"href":"https:\/\/xlab-stiftung.de\/en\/wp-json\/wp\/v2\/pages\/1435"}],"collection":[{"href":"https:\/\/xlab-stiftung.de\/en\/wp-json\/wp\/v2\/pages"}],"about":[{"href":"https:\/\/xlab-stiftung.de\/en\/wp-json\/wp\/v2\/types\/page"}],"author":[{"embeddable":true,"href":"https:\/\/xlab-stiftung.de\/en\/wp-json\/wp\/v2\/users\/1"}],"replies":[{"embeddable":true,"href":"https:\/\/xlab-stiftung.de\/en\/wp-json\/wp\/v2\/comments?post=1435"}],"version-history":[{"count":1,"href":"https:\/\/xlab-stiftung.de\/en\/wp-json\/wp\/v2\/pages\/1435\/revisions"}],"predecessor-version":[{"id":1437,"href":"https:\/\/xlab-stiftung.de\/en\/wp-json\/wp\/v2\/pages\/1435\/revisions\/1437"}],"up":[{"embeddable":true,"href":"https:\/\/xlab-stiftung.de\/en\/wp-json\/wp\/v2\/pages\/133"}],"wp:attachment":[{"href":"https:\/\/xlab-stiftung.de\/en\/wp-json\/wp\/v2\/media?parent=1435"}],"curies":[{"name":"wp","href":"https:\/\/api.w.org\/{rel}","templated":true}]}}