{"id":1443,"date":"2023-02-08T13:42:02","date_gmt":"2023-02-08T13:42:02","guid":{"rendered":"https:\/\/xlab-stiftung.de\/?page_id=1443"},"modified":"2023-02-08T13:42:04","modified_gmt":"2023-02-08T13:42:04","slug":"sf-2009-frauengehirn-maennergehirn-fakten-und-mythen-zu-einer-alten-frage","status":"publish","type":"page","link":"https:\/\/xlab-stiftung.de\/en\/science-festival-2004-2017-2\/sf-2009-frauengehirn-maennergehirn-fakten-und-mythen-zu-einer-alten-frage\/","title":{"rendered":"SF-2009-Frauengehirn \u2013 M\u00e4nnergehirn: Fakten und Mythen zu einer alten Frage"},"content":{"rendered":"<p><em>Prof. Dr. Onur G\u00fcnt\u00fcrk\u00fcn,<br>Ruhr-Universit\u00e4t Bochum, Institut f\u00fcr kognitive Neurowissenschaften<\/em><\/p>\n\n\n\n<p>\u00dcber kaum eine Frage kann man so herrlich streiten wie \u00fcber etwaige Hirnunterschiede von M\u00e4nnern und Frauen. Meist macht sich die Diskussion an zwei Hauptfragen fest: \u201eK\u00f6nnten die Geschlechtsunterschiede nicht auch ein Ergebnis der divergenten Sozialisation sein?\u201c und \u201eSind die gefundenen Geschlechtsunterschiede \u00fcberhaupt bedeutsam?\u201c. Zuerst sollen daher Ergebnisse referiert werden, die es wahrscheinlich machen, dass sowohl biologische als auch soziale Faktoren die beobachteten Unterschiede zwischen Frauen und M\u00e4nnern bedingen. Danach werden verschiedene Sexualdimorphismen des Gehirns vorgestellt, die vom R\u00fcckenmark bis zum Cortex reichen. Zum Schlu\u00df soll ein Ausblick auf tierexperimentelle Befunde deutlich machen, welche Unterschiede zwischen den Gehirnen von M\u00e4nnern und Frauen in den n\u00e4chsten Jahren mehr und mehr in den Fokus der Aufmerksamkeit r\u00fccken k\u00f6nnten.<br>2006 ehrte die Deutsche Gesellschaft f\u00fcr Psychologie Prof. G\u00fcnt\u00fcrk\u00fcn f\u00fcr seine innovativen Forschungsans\u00e4tze auf dem Gebiet der Biopsychologie.<\/p>","protected":false},"excerpt":{"rendered":"<p>Prof. Dr. Onur G\u00fcnt\u00fcrk\u00fcn,Ruhr-Universit\u00e4t Bochum, Institut f\u00fcr kognitive Neurowissenschaften \u00dcber kaum eine Frage kann man so herrlich streiten wie \u00fcber etwaige Hirnunterschiede von&hellip;<\/p>","protected":false},"author":1,"featured_media":0,"parent":133,"menu_order":7,"comment_status":"closed","ping_status":"closed","template":"","meta":[],"yoast_head":"<!-- This site is optimized with the Yoast SEO plugin v21.2 - https:\/\/yoast.com\/wordpress\/plugins\/seo\/ -->\n<title>SF-2009-Frauengehirn \u2013 M\u00e4nnergehirn: Fakten und Mythen zu einer alten Frage - XLAB Stiftung<\/title>\n<meta name=\"robots\" content=\"index, follow, max-snippet:-1, max-image-preview:large, max-video-preview:-1\" \/>\n<link rel=\"canonical\" href=\"https:\/\/xlab-stiftung.de\/en\/science-festival-2004-2017-2\/sf-2009-frauengehirn-maennergehirn-fakten-und-mythen-zu-einer-alten-frage\/\" \/>\n<meta property=\"og:locale\" content=\"en_US\" \/>\n<meta property=\"og:type\" content=\"article\" \/>\n<meta property=\"og:title\" content=\"SF-2009-Frauengehirn \u2013 M\u00e4nnergehirn: Fakten und Mythen zu einer alten Frage - XLAB Stiftung\" \/>\n<meta property=\"og:description\" content=\"Prof. Dr. Onur G\u00fcnt\u00fcrk\u00fcn,Ruhr-Universit\u00e4t Bochum, Institut f\u00fcr kognitive Neurowissenschaften \u00dcber kaum eine Frage kann man so herrlich streiten wie \u00fcber etwaige Hirnunterschiede von&hellip;\" \/>\n<meta property=\"og:url\" content=\"https:\/\/xlab-stiftung.de\/en\/science-festival-2004-2017-2\/sf-2009-frauengehirn-maennergehirn-fakten-und-mythen-zu-einer-alten-frage\/\" \/>\n<meta property=\"og:site_name\" content=\"XLAB Stiftung\" \/>\n<meta property=\"article:modified_time\" content=\"2023-02-08T13:42:04+00:00\" \/>\n<meta name=\"twitter:card\" content=\"summary_large_image\" \/>\n<meta name=\"twitter:label1\" content=\"Est. reading time\" \/>\n\t<meta name=\"twitter:data1\" content=\"1 minute\" \/>\n<script type=\"application\/ld+json\" class=\"yoast-schema-graph\">{\"@context\":\"https:\/\/schema.org\",\"@graph\":[{\"@type\":\"WebPage\",\"@id\":\"https:\/\/xlab-stiftung.de\/science-festival-2004-2017-2\/sf-2009-frauengehirn-maennergehirn-fakten-und-mythen-zu-einer-alten-frage\/\",\"url\":\"https:\/\/xlab-stiftung.de\/science-festival-2004-2017-2\/sf-2009-frauengehirn-maennergehirn-fakten-und-mythen-zu-einer-alten-frage\/\",\"name\":\"SF-2009-Frauengehirn \u2013 M\u00e4nnergehirn: Fakten und Mythen zu einer alten Frage - XLAB Stiftung\",\"isPartOf\":{\"@id\":\"https:\/\/xlab-stiftung.de\/#website\"},\"datePublished\":\"2023-02-08T13:42:02+00:00\",\"dateModified\":\"2023-02-08T13:42:04+00:00\",\"breadcrumb\":{\"@id\":\"https:\/\/xlab-stiftung.de\/science-festival-2004-2017-2\/sf-2009-frauengehirn-maennergehirn-fakten-und-mythen-zu-einer-alten-frage\/#breadcrumb\"},\"inLanguage\":\"en-US\",\"potentialAction\":[{\"@type\":\"ReadAction\",\"target\":[\"https:\/\/xlab-stiftung.de\/science-festival-2004-2017-2\/sf-2009-frauengehirn-maennergehirn-fakten-und-mythen-zu-einer-alten-frage\/\"]}]},{\"@type\":\"BreadcrumbList\",\"@id\":\"https:\/\/xlab-stiftung.de\/science-festival-2004-2017-2\/sf-2009-frauengehirn-maennergehirn-fakten-und-mythen-zu-einer-alten-frage\/#breadcrumb\",\"itemListElement\":[{\"@type\":\"ListItem\",\"position\":1,\"name\":\"Startseite\",\"item\":\"https:\/\/xlab-stiftung.de\/\"},{\"@type\":\"ListItem\",\"position\":2,\"name\":\"Science Festival 2004-2023\",\"item\":\"https:\/\/xlab-stiftung.de\/science-festival-2004-2017-2\/\"},{\"@type\":\"ListItem\",\"position\":3,\"name\":\"SF-2009-Frauengehirn \u2013 M\u00e4nnergehirn: Fakten und Mythen zu einer alten Frage\"}]},{\"@type\":\"WebSite\",\"@id\":\"https:\/\/xlab-stiftung.de\/#website\",\"url\":\"https:\/\/xlab-stiftung.de\/\",\"name\":\"XLAB Stiftung\",\"description\":\"\",\"publisher\":{\"@id\":\"https:\/\/xlab-stiftung.de\/#organization\"},\"potentialAction\":[{\"@type\":\"SearchAction\",\"target\":{\"@type\":\"EntryPoint\",\"urlTemplate\":\"https:\/\/xlab-stiftung.de\/?s={search_term_string}\"},\"query-input\":\"required name=search_term_string\"}],\"inLanguage\":\"en-US\"},{\"@type\":\"Organization\",\"@id\":\"https:\/\/xlab-stiftung.de\/#organization\",\"name\":\"XLAB Stiftung\",\"url\":\"https:\/\/xlab-stiftung.de\/\",\"logo\":{\"@type\":\"ImageObject\",\"inLanguage\":\"en-US\",\"@id\":\"https:\/\/xlab-stiftung.de\/#\/schema\/logo\/image\/\",\"url\":\"https:\/\/xlab-stiftung.de\/wp-content\/uploads\/2023\/01\/ezgif.com-gif-maker-5.gif\",\"contentUrl\":\"https:\/\/xlab-stiftung.de\/wp-content\/uploads\/2023\/01\/ezgif.com-gif-maker-5.gif\",\"width\":2048,\"height\":230,\"caption\":\"XLAB Stiftung\"},\"image\":{\"@id\":\"https:\/\/xlab-stiftung.de\/#\/schema\/logo\/image\/\"}}]}<\/script>\n<!-- \/ Yoast SEO plugin. -->","yoast_head_json":{"title":"SF-2009-Frauengehirn \u2013 M\u00e4nnergehirn: Fakten und Mythen zu einer alten Frage - XLAB Stiftung","robots":{"index":"index","follow":"follow","max-snippet":"max-snippet:-1","max-image-preview":"max-image-preview:large","max-video-preview":"max-video-preview:-1"},"canonical":"https:\/\/xlab-stiftung.de\/en\/science-festival-2004-2017-2\/sf-2009-frauengehirn-maennergehirn-fakten-und-mythen-zu-einer-alten-frage\/","og_locale":"en_US","og_type":"article","og_title":"SF-2009-Frauengehirn \u2013 M\u00e4nnergehirn: Fakten und Mythen zu einer alten Frage - XLAB Stiftung","og_description":"Prof. Dr. Onur G\u00fcnt\u00fcrk\u00fcn,Ruhr-Universit\u00e4t Bochum, Institut f\u00fcr kognitive Neurowissenschaften \u00dcber kaum eine Frage kann man so herrlich streiten wie \u00fcber etwaige Hirnunterschiede von&hellip;","og_url":"https:\/\/xlab-stiftung.de\/en\/science-festival-2004-2017-2\/sf-2009-frauengehirn-maennergehirn-fakten-und-mythen-zu-einer-alten-frage\/","og_site_name":"XLAB Stiftung","article_modified_time":"2023-02-08T13:42:04+00:00","twitter_card":"summary_large_image","twitter_misc":{"Est. reading time":"1 minute"},"schema":{"@context":"https:\/\/schema.org","@graph":[{"@type":"WebPage","@id":"https:\/\/xlab-stiftung.de\/science-festival-2004-2017-2\/sf-2009-frauengehirn-maennergehirn-fakten-und-mythen-zu-einer-alten-frage\/","url":"https:\/\/xlab-stiftung.de\/science-festival-2004-2017-2\/sf-2009-frauengehirn-maennergehirn-fakten-und-mythen-zu-einer-alten-frage\/","name":"SF-2009-Frauengehirn \u2013 M\u00e4nnergehirn: Fakten und Mythen zu einer alten Frage - XLAB Stiftung","isPartOf":{"@id":"https:\/\/xlab-stiftung.de\/#website"},"datePublished":"2023-02-08T13:42:02+00:00","dateModified":"2023-02-08T13:42:04+00:00","breadcrumb":{"@id":"https:\/\/xlab-stiftung.de\/science-festival-2004-2017-2\/sf-2009-frauengehirn-maennergehirn-fakten-und-mythen-zu-einer-alten-frage\/#breadcrumb"},"inLanguage":"en-US","potentialAction":[{"@type":"ReadAction","target":["https:\/\/xlab-stiftung.de\/science-festival-2004-2017-2\/sf-2009-frauengehirn-maennergehirn-fakten-und-mythen-zu-einer-alten-frage\/"]}]},{"@type":"BreadcrumbList","@id":"https:\/\/xlab-stiftung.de\/science-festival-2004-2017-2\/sf-2009-frauengehirn-maennergehirn-fakten-und-mythen-zu-einer-alten-frage\/#breadcrumb","itemListElement":[{"@type":"ListItem","position":1,"name":"Startseite","item":"https:\/\/xlab-stiftung.de\/"},{"@type":"ListItem","position":2,"name":"Science Festival 2004-2023","item":"https:\/\/xlab-stiftung.de\/science-festival-2004-2017-2\/"},{"@type":"ListItem","position":3,"name":"SF-2009-Frauengehirn \u2013 M\u00e4nnergehirn: Fakten und Mythen zu einer alten Frage"}]},{"@type":"WebSite","@id":"https:\/\/xlab-stiftung.de\/#website","url":"https:\/\/xlab-stiftung.de\/","name":"XLAB Stiftung","description":"","publisher":{"@id":"https:\/\/xlab-stiftung.de\/#organization"},"potentialAction":[{"@type":"SearchAction","target":{"@type":"EntryPoint","urlTemplate":"https:\/\/xlab-stiftung.de\/?s={search_term_string}"},"query-input":"required name=search_term_string"}],"inLanguage":"en-US"},{"@type":"Organization","@id":"https:\/\/xlab-stiftung.de\/#organization","name":"XLAB Stiftung","url":"https:\/\/xlab-stiftung.de\/","logo":{"@type":"ImageObject","inLanguage":"en-US","@id":"https:\/\/xlab-stiftung.de\/#\/schema\/logo\/image\/","url":"https:\/\/xlab-stiftung.de\/wp-content\/uploads\/2023\/01\/ezgif.com-gif-maker-5.gif","contentUrl":"https:\/\/xlab-stiftung.de\/wp-content\/uploads\/2023\/01\/ezgif.com-gif-maker-5.gif","width":2048,"height":230,"caption":"XLAB Stiftung"},"image":{"@id":"https:\/\/xlab-stiftung.de\/#\/schema\/logo\/image\/"}}]}},"_links":{"self":[{"href":"https:\/\/xlab-stiftung.de\/en\/wp-json\/wp\/v2\/pages\/1443"}],"collection":[{"href":"https:\/\/xlab-stiftung.de\/en\/wp-json\/wp\/v2\/pages"}],"about":[{"href":"https:\/\/xlab-stiftung.de\/en\/wp-json\/wp\/v2\/types\/page"}],"author":[{"embeddable":true,"href":"https:\/\/xlab-stiftung.de\/en\/wp-json\/wp\/v2\/users\/1"}],"replies":[{"embeddable":true,"href":"https:\/\/xlab-stiftung.de\/en\/wp-json\/wp\/v2\/comments?post=1443"}],"version-history":[{"count":1,"href":"https:\/\/xlab-stiftung.de\/en\/wp-json\/wp\/v2\/pages\/1443\/revisions"}],"predecessor-version":[{"id":1445,"href":"https:\/\/xlab-stiftung.de\/en\/wp-json\/wp\/v2\/pages\/1443\/revisions\/1445"}],"up":[{"embeddable":true,"href":"https:\/\/xlab-stiftung.de\/en\/wp-json\/wp\/v2\/pages\/133"}],"wp:attachment":[{"href":"https:\/\/xlab-stiftung.de\/en\/wp-json\/wp\/v2\/media?parent=1443"}],"curies":[{"name":"wp","href":"https:\/\/api.w.org\/{rel}","templated":true}]}}