{"id":1447,"date":"2023-02-08T13:42:40","date_gmt":"2023-02-08T13:42:40","guid":{"rendered":"https:\/\/xlab-stiftung.de\/?page_id=1447"},"modified":"2023-02-08T13:42:43","modified_gmt":"2023-02-08T13:42:43","slug":"sf-2009-spinpolarisation-vom-stern-gerlach-experiment-zum-riesenmagnetowiderstandseffekt","status":"publish","type":"page","link":"https:\/\/xlab-stiftung.de\/en\/science-festival-2004-2017-2\/sf-2009-spinpolarisation-vom-stern-gerlach-experiment-zum-riesenmagnetowiderstandseffekt\/","title":{"rendered":"SF-2009-Spinpolarisation: vom Stern Gerlach Experiment zum Riesenmagnetowiderstandseffekt"},"content":{"rendered":"<p><em>Prof. Dr. Peter Gr\u00fcnberg,<br>Forschungszentrum J\u00fclich,<br>Institut f\u00fcr Festk\u00f6rperforschung<\/em>,<em><br>Nobelpreis f\u00fcr Physik 2007<\/em><\/p>\n\n\n\n<p>Elektronen haben eine Ladung und einen Spin, und bis vor nicht sehr langer Zeit war es \u00fcblich, beide getrennt von\u00adeinander zu betrachten. In der konventionellen Elektronik werden mithilfe elektrischer Felder Ladungen manipuliert, w\u00e4hrend die Spins keine Rolle spielen. Andere klassische Technologien (z.B. Magnetaufzeichnungsverfahren) nutzen den Elektronenspin, allerdings nur in seiner makroskopischen Erscheinungsform, d. h. der Magnetisierung eines Ferromagneten. Diese Situation begann sich 1988 zu \u00e4ndern, als die Entdeckung des Riesenmagnetwiderstands (GMR; giant magneto-resistance) in magnetischen Multi\u00adschichten die M\u00f6glichkeit einer wirkungsvollen Steuerung der Elektronenbewegung durch Einwirkung auf den Elektronenspin \u00fcber die Orientierung einer Magnetisierung er\u00f6ffnete. Dies l\u00f6ste die Entwicklung eines neuen Forschungs- und Technologie\u00adfeldes aus, das wir heute als Spintronik kennen und das in seinen Anwendungen den Einfluss des Spins auf die Beweglichkeit der Elektronen in ferromagnetischen Materialien nutzt. Die Entdeckung des GMR war der erste Schritt hin zu einer Technologie, die es erm\u00f6glichte, diesen Einfluss zur Steuerung elektrischer Str\u00f6me zu nutzen. Die Anwendung des GMR in Festplattenlesek\u00f6pfen trug in gro\u00dfem Ma\u00dfe zum raschen Anstieg der Speicherkapazit\u00e4ten von Festplatten bei und f\u00fchrte zur Verbreitung der Festplattentechnologie in elektronischen Ger\u00e4ten. Die sich anschlie\u00dfende Entwicklung der Spintronik deckte viele andere Ph\u00e4nomene auf, die mit der Steuerung und Manipulation von Spinstr\u00f6men zusammenh\u00e4ngen. Das Forschungsfeld w\u00e4chst weiterhin betr\u00e4chtlich und brachte in j\u00fcngerer Zeit vielversprechende neue Richtungen wie Spintransfer, Halbleiterspintronik, molekulare Spintronik oder Einelektronen-Spintronik hervor.<\/p>","protected":false},"excerpt":{"rendered":"<p>Prof. Dr. Peter Gr\u00fcnberg,Forschungszentrum J\u00fclich,Institut f\u00fcr Festk\u00f6rperforschung,Nobelpreis f\u00fcr Physik 2007 Elektronen haben eine Ladung und einen Spin, und bis vor nicht sehr langer&hellip;<\/p>","protected":false},"author":1,"featured_media":0,"parent":133,"menu_order":8,"comment_status":"closed","ping_status":"closed","template":"","meta":[],"yoast_head":"<!-- This site is optimized with the Yoast SEO plugin v21.2 - https:\/\/yoast.com\/wordpress\/plugins\/seo\/ -->\n<title>SF-2009-Spinpolarisation: vom Stern Gerlach Experiment zum Riesenmagnetowiderstandseffekt - XLAB Stiftung<\/title>\n<meta name=\"robots\" content=\"index, follow, max-snippet:-1, max-image-preview:large, max-video-preview:-1\" \/>\n<link rel=\"canonical\" href=\"https:\/\/xlab-stiftung.de\/en\/science-festival-2004-2017-2\/sf-2009-spinpolarisation-vom-stern-gerlach-experiment-zum-riesenmagnetowiderstandseffekt\/\" \/>\n<meta property=\"og:locale\" content=\"en_US\" \/>\n<meta property=\"og:type\" content=\"article\" \/>\n<meta property=\"og:title\" content=\"SF-2009-Spinpolarisation: vom Stern Gerlach Experiment zum Riesenmagnetowiderstandseffekt - XLAB Stiftung\" \/>\n<meta property=\"og:description\" content=\"Prof. Dr. Peter Gr\u00fcnberg,Forschungszentrum J\u00fclich,Institut f\u00fcr Festk\u00f6rperforschung,Nobelpreis f\u00fcr Physik 2007 Elektronen haben eine Ladung und einen Spin, und bis vor nicht sehr langer&hellip;\" \/>\n<meta property=\"og:url\" content=\"https:\/\/xlab-stiftung.de\/en\/science-festival-2004-2017-2\/sf-2009-spinpolarisation-vom-stern-gerlach-experiment-zum-riesenmagnetowiderstandseffekt\/\" \/>\n<meta property=\"og:site_name\" content=\"XLAB Stiftung\" \/>\n<meta property=\"article:modified_time\" content=\"2023-02-08T13:42:43+00:00\" \/>\n<meta name=\"twitter:card\" content=\"summary_large_image\" \/>\n<meta name=\"twitter:label1\" content=\"Est. reading time\" \/>\n\t<meta name=\"twitter:data1\" content=\"2 minutes\" \/>\n<script type=\"application\/ld+json\" class=\"yoast-schema-graph\">{\"@context\":\"https:\/\/schema.org\",\"@graph\":[{\"@type\":\"WebPage\",\"@id\":\"https:\/\/xlab-stiftung.de\/science-festival-2004-2017-2\/sf-2009-spinpolarisation-vom-stern-gerlach-experiment-zum-riesenmagnetowiderstandseffekt\/\",\"url\":\"https:\/\/xlab-stiftung.de\/science-festival-2004-2017-2\/sf-2009-spinpolarisation-vom-stern-gerlach-experiment-zum-riesenmagnetowiderstandseffekt\/\",\"name\":\"SF-2009-Spinpolarisation: vom Stern Gerlach Experiment zum Riesenmagnetowiderstandseffekt - XLAB Stiftung\",\"isPartOf\":{\"@id\":\"https:\/\/xlab-stiftung.de\/#website\"},\"datePublished\":\"2023-02-08T13:42:40+00:00\",\"dateModified\":\"2023-02-08T13:42:43+00:00\",\"breadcrumb\":{\"@id\":\"https:\/\/xlab-stiftung.de\/science-festival-2004-2017-2\/sf-2009-spinpolarisation-vom-stern-gerlach-experiment-zum-riesenmagnetowiderstandseffekt\/#breadcrumb\"},\"inLanguage\":\"en-US\",\"potentialAction\":[{\"@type\":\"ReadAction\",\"target\":[\"https:\/\/xlab-stiftung.de\/science-festival-2004-2017-2\/sf-2009-spinpolarisation-vom-stern-gerlach-experiment-zum-riesenmagnetowiderstandseffekt\/\"]}]},{\"@type\":\"BreadcrumbList\",\"@id\":\"https:\/\/xlab-stiftung.de\/science-festival-2004-2017-2\/sf-2009-spinpolarisation-vom-stern-gerlach-experiment-zum-riesenmagnetowiderstandseffekt\/#breadcrumb\",\"itemListElement\":[{\"@type\":\"ListItem\",\"position\":1,\"name\":\"Startseite\",\"item\":\"https:\/\/xlab-stiftung.de\/\"},{\"@type\":\"ListItem\",\"position\":2,\"name\":\"Science Festival 2004-2023\",\"item\":\"https:\/\/xlab-stiftung.de\/science-festival-2004-2017-2\/\"},{\"@type\":\"ListItem\",\"position\":3,\"name\":\"SF-2009-Spinpolarisation: vom Stern Gerlach Experiment zum Riesenmagnetowiderstandseffekt\"}]},{\"@type\":\"WebSite\",\"@id\":\"https:\/\/xlab-stiftung.de\/#website\",\"url\":\"https:\/\/xlab-stiftung.de\/\",\"name\":\"XLAB Stiftung\",\"description\":\"\",\"publisher\":{\"@id\":\"https:\/\/xlab-stiftung.de\/#organization\"},\"potentialAction\":[{\"@type\":\"SearchAction\",\"target\":{\"@type\":\"EntryPoint\",\"urlTemplate\":\"https:\/\/xlab-stiftung.de\/?s={search_term_string}\"},\"query-input\":\"required name=search_term_string\"}],\"inLanguage\":\"en-US\"},{\"@type\":\"Organization\",\"@id\":\"https:\/\/xlab-stiftung.de\/#organization\",\"name\":\"XLAB Stiftung\",\"url\":\"https:\/\/xlab-stiftung.de\/\",\"logo\":{\"@type\":\"ImageObject\",\"inLanguage\":\"en-US\",\"@id\":\"https:\/\/xlab-stiftung.de\/#\/schema\/logo\/image\/\",\"url\":\"https:\/\/xlab-stiftung.de\/wp-content\/uploads\/2023\/01\/ezgif.com-gif-maker-5.gif\",\"contentUrl\":\"https:\/\/xlab-stiftung.de\/wp-content\/uploads\/2023\/01\/ezgif.com-gif-maker-5.gif\",\"width\":2048,\"height\":230,\"caption\":\"XLAB Stiftung\"},\"image\":{\"@id\":\"https:\/\/xlab-stiftung.de\/#\/schema\/logo\/image\/\"}}]}<\/script>\n<!-- \/ Yoast SEO plugin. -->","yoast_head_json":{"title":"SF-2009-Spinpolarisation: vom Stern Gerlach Experiment zum Riesenmagnetowiderstandseffekt - XLAB Stiftung","robots":{"index":"index","follow":"follow","max-snippet":"max-snippet:-1","max-image-preview":"max-image-preview:large","max-video-preview":"max-video-preview:-1"},"canonical":"https:\/\/xlab-stiftung.de\/en\/science-festival-2004-2017-2\/sf-2009-spinpolarisation-vom-stern-gerlach-experiment-zum-riesenmagnetowiderstandseffekt\/","og_locale":"en_US","og_type":"article","og_title":"SF-2009-Spinpolarisation: vom Stern Gerlach Experiment zum Riesenmagnetowiderstandseffekt - XLAB Stiftung","og_description":"Prof. Dr. Peter Gr\u00fcnberg,Forschungszentrum J\u00fclich,Institut f\u00fcr Festk\u00f6rperforschung,Nobelpreis f\u00fcr Physik 2007 Elektronen haben eine Ladung und einen Spin, und bis vor nicht sehr langer&hellip;","og_url":"https:\/\/xlab-stiftung.de\/en\/science-festival-2004-2017-2\/sf-2009-spinpolarisation-vom-stern-gerlach-experiment-zum-riesenmagnetowiderstandseffekt\/","og_site_name":"XLAB Stiftung","article_modified_time":"2023-02-08T13:42:43+00:00","twitter_card":"summary_large_image","twitter_misc":{"Est. reading time":"2 minutes"},"schema":{"@context":"https:\/\/schema.org","@graph":[{"@type":"WebPage","@id":"https:\/\/xlab-stiftung.de\/science-festival-2004-2017-2\/sf-2009-spinpolarisation-vom-stern-gerlach-experiment-zum-riesenmagnetowiderstandseffekt\/","url":"https:\/\/xlab-stiftung.de\/science-festival-2004-2017-2\/sf-2009-spinpolarisation-vom-stern-gerlach-experiment-zum-riesenmagnetowiderstandseffekt\/","name":"SF-2009-Spinpolarisation: vom Stern Gerlach Experiment zum Riesenmagnetowiderstandseffekt - XLAB Stiftung","isPartOf":{"@id":"https:\/\/xlab-stiftung.de\/#website"},"datePublished":"2023-02-08T13:42:40+00:00","dateModified":"2023-02-08T13:42:43+00:00","breadcrumb":{"@id":"https:\/\/xlab-stiftung.de\/science-festival-2004-2017-2\/sf-2009-spinpolarisation-vom-stern-gerlach-experiment-zum-riesenmagnetowiderstandseffekt\/#breadcrumb"},"inLanguage":"en-US","potentialAction":[{"@type":"ReadAction","target":["https:\/\/xlab-stiftung.de\/science-festival-2004-2017-2\/sf-2009-spinpolarisation-vom-stern-gerlach-experiment-zum-riesenmagnetowiderstandseffekt\/"]}]},{"@type":"BreadcrumbList","@id":"https:\/\/xlab-stiftung.de\/science-festival-2004-2017-2\/sf-2009-spinpolarisation-vom-stern-gerlach-experiment-zum-riesenmagnetowiderstandseffekt\/#breadcrumb","itemListElement":[{"@type":"ListItem","position":1,"name":"Startseite","item":"https:\/\/xlab-stiftung.de\/"},{"@type":"ListItem","position":2,"name":"Science Festival 2004-2023","item":"https:\/\/xlab-stiftung.de\/science-festival-2004-2017-2\/"},{"@type":"ListItem","position":3,"name":"SF-2009-Spinpolarisation: vom Stern Gerlach Experiment zum Riesenmagnetowiderstandseffekt"}]},{"@type":"WebSite","@id":"https:\/\/xlab-stiftung.de\/#website","url":"https:\/\/xlab-stiftung.de\/","name":"XLAB Stiftung","description":"","publisher":{"@id":"https:\/\/xlab-stiftung.de\/#organization"},"potentialAction":[{"@type":"SearchAction","target":{"@type":"EntryPoint","urlTemplate":"https:\/\/xlab-stiftung.de\/?s={search_term_string}"},"query-input":"required name=search_term_string"}],"inLanguage":"en-US"},{"@type":"Organization","@id":"https:\/\/xlab-stiftung.de\/#organization","name":"XLAB Stiftung","url":"https:\/\/xlab-stiftung.de\/","logo":{"@type":"ImageObject","inLanguage":"en-US","@id":"https:\/\/xlab-stiftung.de\/#\/schema\/logo\/image\/","url":"https:\/\/xlab-stiftung.de\/wp-content\/uploads\/2023\/01\/ezgif.com-gif-maker-5.gif","contentUrl":"https:\/\/xlab-stiftung.de\/wp-content\/uploads\/2023\/01\/ezgif.com-gif-maker-5.gif","width":2048,"height":230,"caption":"XLAB Stiftung"},"image":{"@id":"https:\/\/xlab-stiftung.de\/#\/schema\/logo\/image\/"}}]}},"_links":{"self":[{"href":"https:\/\/xlab-stiftung.de\/en\/wp-json\/wp\/v2\/pages\/1447"}],"collection":[{"href":"https:\/\/xlab-stiftung.de\/en\/wp-json\/wp\/v2\/pages"}],"about":[{"href":"https:\/\/xlab-stiftung.de\/en\/wp-json\/wp\/v2\/types\/page"}],"author":[{"embeddable":true,"href":"https:\/\/xlab-stiftung.de\/en\/wp-json\/wp\/v2\/users\/1"}],"replies":[{"embeddable":true,"href":"https:\/\/xlab-stiftung.de\/en\/wp-json\/wp\/v2\/comments?post=1447"}],"version-history":[{"count":1,"href":"https:\/\/xlab-stiftung.de\/en\/wp-json\/wp\/v2\/pages\/1447\/revisions"}],"predecessor-version":[{"id":1449,"href":"https:\/\/xlab-stiftung.de\/en\/wp-json\/wp\/v2\/pages\/1447\/revisions\/1449"}],"up":[{"embeddable":true,"href":"https:\/\/xlab-stiftung.de\/en\/wp-json\/wp\/v2\/pages\/133"}],"wp:attachment":[{"href":"https:\/\/xlab-stiftung.de\/en\/wp-json\/wp\/v2\/media?parent=1447"}],"curies":[{"name":"wp","href":"https:\/\/api.w.org\/{rel}","templated":true}]}}