{"id":1451,"date":"2023-02-08T13:43:14","date_gmt":"2023-02-08T13:43:14","guid":{"rendered":"https:\/\/xlab-stiftung.de\/?page_id=1451"},"modified":"2023-02-08T13:43:16","modified_gmt":"2023-02-08T13:43:16","slug":"sf-2009-chemische-mimikry-bestaeubungsstrategie-bei-taeuschorchideen","status":"publish","type":"page","link":"https:\/\/xlab-stiftung.de\/en\/science-festival-2004-2017-2\/sf-2009-chemische-mimikry-bestaeubungsstrategie-bei-taeuschorchideen\/","title":{"rendered":"SF-2009-Chemische Mimikry: Best\u00e4ubungsstrategie bei T\u00e4uschorchideen"},"content":{"rendered":"<p><em>Prof. Dr. Manfred Ayasse,<br>Universit\u00e4t Ulm,<br>Institut f\u00fcr Experimentelle \u00d6kologie<\/em><\/p>\n\n\n\n<p>Orchideen haben viele raffinierte Tricks entwickelt, um ihre Best\u00e4uber anzulocken. Ein Drittel aller Arten geh\u00f6rt zu den T\u00e4uschblumen. Die Bl\u00fcten von Sexualt\u00e4uschorchideen imitieren die Weibchen ihrer Best\u00e4uberarten und veranlassen so die M\u00e4nnchen zum Landen auf Bl\u00fcten und zu \u201ePseudokopulationen\u201c, wodurch die Best\u00e4ubung erfolgt. Bei den Best\u00e4ubern handelt es sich haupts\u00e4chlich um Bienen- und Wespenm\u00e4nnchen. Bei Untersuchungen von Sexualt\u00e4uschorchideen der Gattung&nbsp;<em>Ophrys<\/em>&nbsp;zeigte es sich, dass die verhaltensausl\u00f6senden Substanzen in den Sexualpheromonen mehrerer Best\u00e4uberarten sowie in den Bl\u00fctenduftstoffen der von ihnen best\u00e4ubten Ophrys-Arten eine gro\u00dfe \u00dcbereinstimmung aufweisen. Sexualt\u00e4uschblumen locken ihre Best\u00e4uber jedoch nicht nur an, sondern sie manipulieren auch deren Verhalten w\u00e4hrend des Besuchs von Pflanzen so, dass ihr reproduktiver Erfolg erh\u00f6ht wird. Dabei spielt die Variation des Dufts und das Lernen der Best\u00e4uberm\u00e4nnchen eine wichtige Rolle.<br><em>Ophrys<\/em>-Arten locken ihre Best\u00e4uber mit einem artspezifischen Duftbouquet an, welches haupts\u00e4chlich f\u00fcr die Artisolation zwischen einzelnen Arten verantwortlich ist. Duftvariation und Hybridisierungsvorg\u00e4nge k\u00f6nnen einen ersten Schritt in Richtung Artbildung darstellen, wenn die Hybriden oder Duftmutanten einen neuen Best\u00e4uber anlocken, f\u00fcr den andere sympatrische&nbsp;<em>Ophrys<\/em>-Arten nicht attraktiv sind.<br>Im letzten Vortragsteil wird eine weitere Gruppe von T\u00e4uschorchideen vorgestellt. Die von sozialen Faltenwespen best\u00e4ubten&nbsp;<em>Epipactis<\/em>-Arten ahmen Duftstoffe nach, die von Pflanzen abgegeben werden, wenn diese von Insekten wie z.B. Kohlwei\u00dflingsraupen befallen sind. Die Wespen ern\u00e4hren ihre Brut oft gerade mit diesen Raupen und der Trick der Orchideen ist nun, durch Produktion dieser Verbindungen Beute jagende Wespen zur Best\u00e4ubung anzulocken.<\/p>","protected":false},"excerpt":{"rendered":"<p>Prof. Dr. Manfred Ayasse,Universit\u00e4t Ulm,Institut f\u00fcr Experimentelle \u00d6kologie Orchideen haben viele raffinierte Tricks entwickelt, um ihre Best\u00e4uber anzulocken. Ein Drittel aller Arten geh\u00f6rt&hellip;<\/p>","protected":false},"author":1,"featured_media":0,"parent":133,"menu_order":9,"comment_status":"closed","ping_status":"closed","template":"","meta":[],"yoast_head":"<!-- This site is optimized with the Yoast SEO plugin v21.2 - https:\/\/yoast.com\/wordpress\/plugins\/seo\/ -->\n<title>SF-2009-Chemische Mimikry: Best\u00e4ubungsstrategie bei T\u00e4uschorchideen - XLAB Stiftung<\/title>\n<meta name=\"robots\" content=\"index, follow, max-snippet:-1, max-image-preview:large, max-video-preview:-1\" \/>\n<link rel=\"canonical\" href=\"https:\/\/xlab-stiftung.de\/en\/science-festival-2004-2017-2\/sf-2009-chemische-mimikry-bestaeubungsstrategie-bei-taeuschorchideen\/\" \/>\n<meta property=\"og:locale\" content=\"en_US\" \/>\n<meta property=\"og:type\" content=\"article\" \/>\n<meta property=\"og:title\" content=\"SF-2009-Chemische Mimikry: Best\u00e4ubungsstrategie bei T\u00e4uschorchideen - XLAB Stiftung\" \/>\n<meta property=\"og:description\" content=\"Prof. Dr. Manfred Ayasse,Universit\u00e4t Ulm,Institut f\u00fcr Experimentelle \u00d6kologie Orchideen haben viele raffinierte Tricks entwickelt, um ihre Best\u00e4uber anzulocken. Ein Drittel aller Arten geh\u00f6rt&hellip;\" \/>\n<meta property=\"og:url\" content=\"https:\/\/xlab-stiftung.de\/en\/science-festival-2004-2017-2\/sf-2009-chemische-mimikry-bestaeubungsstrategie-bei-taeuschorchideen\/\" \/>\n<meta property=\"og:site_name\" content=\"XLAB Stiftung\" \/>\n<meta property=\"article:modified_time\" content=\"2023-02-08T13:43:16+00:00\" \/>\n<meta name=\"twitter:card\" content=\"summary_large_image\" \/>\n<meta name=\"twitter:label1\" content=\"Est. reading time\" \/>\n\t<meta name=\"twitter:data1\" content=\"2 minutes\" \/>\n<script type=\"application\/ld+json\" class=\"yoast-schema-graph\">{\"@context\":\"https:\/\/schema.org\",\"@graph\":[{\"@type\":\"WebPage\",\"@id\":\"https:\/\/xlab-stiftung.de\/science-festival-2004-2017-2\/sf-2009-chemische-mimikry-bestaeubungsstrategie-bei-taeuschorchideen\/\",\"url\":\"https:\/\/xlab-stiftung.de\/science-festival-2004-2017-2\/sf-2009-chemische-mimikry-bestaeubungsstrategie-bei-taeuschorchideen\/\",\"name\":\"SF-2009-Chemische Mimikry: Best\u00e4ubungsstrategie bei T\u00e4uschorchideen - XLAB Stiftung\",\"isPartOf\":{\"@id\":\"https:\/\/xlab-stiftung.de\/#website\"},\"datePublished\":\"2023-02-08T13:43:14+00:00\",\"dateModified\":\"2023-02-08T13:43:16+00:00\",\"breadcrumb\":{\"@id\":\"https:\/\/xlab-stiftung.de\/science-festival-2004-2017-2\/sf-2009-chemische-mimikry-bestaeubungsstrategie-bei-taeuschorchideen\/#breadcrumb\"},\"inLanguage\":\"en-US\",\"potentialAction\":[{\"@type\":\"ReadAction\",\"target\":[\"https:\/\/xlab-stiftung.de\/science-festival-2004-2017-2\/sf-2009-chemische-mimikry-bestaeubungsstrategie-bei-taeuschorchideen\/\"]}]},{\"@type\":\"BreadcrumbList\",\"@id\":\"https:\/\/xlab-stiftung.de\/science-festival-2004-2017-2\/sf-2009-chemische-mimikry-bestaeubungsstrategie-bei-taeuschorchideen\/#breadcrumb\",\"itemListElement\":[{\"@type\":\"ListItem\",\"position\":1,\"name\":\"Startseite\",\"item\":\"https:\/\/xlab-stiftung.de\/\"},{\"@type\":\"ListItem\",\"position\":2,\"name\":\"Science Festival 2004-2023\",\"item\":\"https:\/\/xlab-stiftung.de\/science-festival-2004-2017-2\/\"},{\"@type\":\"ListItem\",\"position\":3,\"name\":\"SF-2009-Chemische Mimikry: Best\u00e4ubungsstrategie bei T\u00e4uschorchideen\"}]},{\"@type\":\"WebSite\",\"@id\":\"https:\/\/xlab-stiftung.de\/#website\",\"url\":\"https:\/\/xlab-stiftung.de\/\",\"name\":\"XLAB Stiftung\",\"description\":\"\",\"publisher\":{\"@id\":\"https:\/\/xlab-stiftung.de\/#organization\"},\"potentialAction\":[{\"@type\":\"SearchAction\",\"target\":{\"@type\":\"EntryPoint\",\"urlTemplate\":\"https:\/\/xlab-stiftung.de\/?s={search_term_string}\"},\"query-input\":\"required name=search_term_string\"}],\"inLanguage\":\"en-US\"},{\"@type\":\"Organization\",\"@id\":\"https:\/\/xlab-stiftung.de\/#organization\",\"name\":\"XLAB Stiftung\",\"url\":\"https:\/\/xlab-stiftung.de\/\",\"logo\":{\"@type\":\"ImageObject\",\"inLanguage\":\"en-US\",\"@id\":\"https:\/\/xlab-stiftung.de\/#\/schema\/logo\/image\/\",\"url\":\"https:\/\/xlab-stiftung.de\/wp-content\/uploads\/2023\/01\/ezgif.com-gif-maker-5.gif\",\"contentUrl\":\"https:\/\/xlab-stiftung.de\/wp-content\/uploads\/2023\/01\/ezgif.com-gif-maker-5.gif\",\"width\":2048,\"height\":230,\"caption\":\"XLAB Stiftung\"},\"image\":{\"@id\":\"https:\/\/xlab-stiftung.de\/#\/schema\/logo\/image\/\"}}]}<\/script>\n<!-- \/ Yoast SEO plugin. -->","yoast_head_json":{"title":"SF-2009-Chemische Mimikry: Best\u00e4ubungsstrategie bei T\u00e4uschorchideen - XLAB Stiftung","robots":{"index":"index","follow":"follow","max-snippet":"max-snippet:-1","max-image-preview":"max-image-preview:large","max-video-preview":"max-video-preview:-1"},"canonical":"https:\/\/xlab-stiftung.de\/en\/science-festival-2004-2017-2\/sf-2009-chemische-mimikry-bestaeubungsstrategie-bei-taeuschorchideen\/","og_locale":"en_US","og_type":"article","og_title":"SF-2009-Chemische Mimikry: Best\u00e4ubungsstrategie bei T\u00e4uschorchideen - XLAB Stiftung","og_description":"Prof. Dr. Manfred Ayasse,Universit\u00e4t Ulm,Institut f\u00fcr Experimentelle \u00d6kologie Orchideen haben viele raffinierte Tricks entwickelt, um ihre Best\u00e4uber anzulocken. Ein Drittel aller Arten geh\u00f6rt&hellip;","og_url":"https:\/\/xlab-stiftung.de\/en\/science-festival-2004-2017-2\/sf-2009-chemische-mimikry-bestaeubungsstrategie-bei-taeuschorchideen\/","og_site_name":"XLAB Stiftung","article_modified_time":"2023-02-08T13:43:16+00:00","twitter_card":"summary_large_image","twitter_misc":{"Est. reading time":"2 minutes"},"schema":{"@context":"https:\/\/schema.org","@graph":[{"@type":"WebPage","@id":"https:\/\/xlab-stiftung.de\/science-festival-2004-2017-2\/sf-2009-chemische-mimikry-bestaeubungsstrategie-bei-taeuschorchideen\/","url":"https:\/\/xlab-stiftung.de\/science-festival-2004-2017-2\/sf-2009-chemische-mimikry-bestaeubungsstrategie-bei-taeuschorchideen\/","name":"SF-2009-Chemische Mimikry: Best\u00e4ubungsstrategie bei T\u00e4uschorchideen - XLAB Stiftung","isPartOf":{"@id":"https:\/\/xlab-stiftung.de\/#website"},"datePublished":"2023-02-08T13:43:14+00:00","dateModified":"2023-02-08T13:43:16+00:00","breadcrumb":{"@id":"https:\/\/xlab-stiftung.de\/science-festival-2004-2017-2\/sf-2009-chemische-mimikry-bestaeubungsstrategie-bei-taeuschorchideen\/#breadcrumb"},"inLanguage":"en-US","potentialAction":[{"@type":"ReadAction","target":["https:\/\/xlab-stiftung.de\/science-festival-2004-2017-2\/sf-2009-chemische-mimikry-bestaeubungsstrategie-bei-taeuschorchideen\/"]}]},{"@type":"BreadcrumbList","@id":"https:\/\/xlab-stiftung.de\/science-festival-2004-2017-2\/sf-2009-chemische-mimikry-bestaeubungsstrategie-bei-taeuschorchideen\/#breadcrumb","itemListElement":[{"@type":"ListItem","position":1,"name":"Startseite","item":"https:\/\/xlab-stiftung.de\/"},{"@type":"ListItem","position":2,"name":"Science Festival 2004-2023","item":"https:\/\/xlab-stiftung.de\/science-festival-2004-2017-2\/"},{"@type":"ListItem","position":3,"name":"SF-2009-Chemische Mimikry: Best\u00e4ubungsstrategie bei T\u00e4uschorchideen"}]},{"@type":"WebSite","@id":"https:\/\/xlab-stiftung.de\/#website","url":"https:\/\/xlab-stiftung.de\/","name":"XLAB Stiftung","description":"","publisher":{"@id":"https:\/\/xlab-stiftung.de\/#organization"},"potentialAction":[{"@type":"SearchAction","target":{"@type":"EntryPoint","urlTemplate":"https:\/\/xlab-stiftung.de\/?s={search_term_string}"},"query-input":"required name=search_term_string"}],"inLanguage":"en-US"},{"@type":"Organization","@id":"https:\/\/xlab-stiftung.de\/#organization","name":"XLAB Stiftung","url":"https:\/\/xlab-stiftung.de\/","logo":{"@type":"ImageObject","inLanguage":"en-US","@id":"https:\/\/xlab-stiftung.de\/#\/schema\/logo\/image\/","url":"https:\/\/xlab-stiftung.de\/wp-content\/uploads\/2023\/01\/ezgif.com-gif-maker-5.gif","contentUrl":"https:\/\/xlab-stiftung.de\/wp-content\/uploads\/2023\/01\/ezgif.com-gif-maker-5.gif","width":2048,"height":230,"caption":"XLAB Stiftung"},"image":{"@id":"https:\/\/xlab-stiftung.de\/#\/schema\/logo\/image\/"}}]}},"_links":{"self":[{"href":"https:\/\/xlab-stiftung.de\/en\/wp-json\/wp\/v2\/pages\/1451"}],"collection":[{"href":"https:\/\/xlab-stiftung.de\/en\/wp-json\/wp\/v2\/pages"}],"about":[{"href":"https:\/\/xlab-stiftung.de\/en\/wp-json\/wp\/v2\/types\/page"}],"author":[{"embeddable":true,"href":"https:\/\/xlab-stiftung.de\/en\/wp-json\/wp\/v2\/users\/1"}],"replies":[{"embeddable":true,"href":"https:\/\/xlab-stiftung.de\/en\/wp-json\/wp\/v2\/comments?post=1451"}],"version-history":[{"count":1,"href":"https:\/\/xlab-stiftung.de\/en\/wp-json\/wp\/v2\/pages\/1451\/revisions"}],"predecessor-version":[{"id":1453,"href":"https:\/\/xlab-stiftung.de\/en\/wp-json\/wp\/v2\/pages\/1451\/revisions\/1453"}],"up":[{"embeddable":true,"href":"https:\/\/xlab-stiftung.de\/en\/wp-json\/wp\/v2\/pages\/133"}],"wp:attachment":[{"href":"https:\/\/xlab-stiftung.de\/en\/wp-json\/wp\/v2\/media?parent=1451"}],"curies":[{"name":"wp","href":"https:\/\/api.w.org\/{rel}","templated":true}]}}