{"id":1455,"date":"2023-02-08T13:43:42","date_gmt":"2023-02-08T13:43:42","guid":{"rendered":"https:\/\/xlab-stiftung.de\/?page_id=1455"},"modified":"2023-02-08T13:43:44","modified_gmt":"2023-02-08T13:43:44","slug":"sf-2009-ordnung-und-chaos-kommunikation-und-kooperation-in-ameisenstaaten","status":"publish","type":"page","link":"https:\/\/xlab-stiftung.de\/en\/science-festival-2004-2017-2\/sf-2009-ordnung-und-chaos-kommunikation-und-kooperation-in-ameisenstaaten\/","title":{"rendered":"SF-2009-Ordnung und Chaos: Kommunikation und Kooperation in Ameisenstaaten"},"content":{"rendered":"<p><em>Prof. Dr. Dr. h.c. Bert H\u00f6lldobler,<br>Arizona State University,<br>Phoenix, Arizona, USA<br>und Universit\u00e4t W\u00fcrzburg<\/em><\/p>\n\n\n\n<p>Das vermeintlich chaotische Durch\u00adeinander eines Waldameisennestes zeigt uns bei genauem Hinsehen, dass die soziale Organisation dieser Insekten ein vortreffliches Beispiel f\u00fcr Ordnung im Chaos ist. Wie bei den milliardenfachen Interaktionen von Nervenzellen in unserem Gehirn resultieren aus dem vermeintlichen Chaos emergente Leistungen von h\u00f6chster Kreativit\u00e4t. In beiden F\u00e4llen entstehen Eigenschaften, welche die F\u00e4higkeiten des Individuums bzw. des einzelnen Neurons weit \u00fcbertreffen. Soziale Organisation, die Integration vieler Individuen und emergente Gemeinschaftsleistungen bed\u00fcrfen leistungsf\u00e4higer Kommunikationssysteme. Der Vortrag berichtet \u00fcber die komplexen Kommunikationssignale in Ameisenstaaten und wie er dadurch zu einem leistungsf\u00e4higen System wird.<br>Prof. H\u00f6lldobler hat an mehreren Universit\u00e4ten in den USA gelehrt und geforscht (u.a. an der Harvard Universit\u00e4t). Bis zu seiner Emeritierung lehrte er an der Universit\u00e4t W\u00fcrzburg, heute ist er an der Arizona State University und baut dort ein \u201eCenter of Excellence\u201c auf. Prof. H\u00f6lldobler besch\u00e4ftigt sich seit \u00fcber vierzig Jahren mit Ameisen und hat viele Auszeichnungen f\u00fcr seine Arbeiten bekommen, unter anderem zusammen mit Edward O. Wilson den Pulitzer-Preis f\u00fcr das Sachbuch \u201eThe Ants\u201c.<\/p>","protected":false},"excerpt":{"rendered":"<p>Prof. Dr. Dr. h.c. Bert H\u00f6lldobler,Arizona State University,Phoenix, Arizona, USAund Universit\u00e4t W\u00fcrzburg Das vermeintlich chaotische Durch\u00adeinander eines Waldameisennestes zeigt uns bei genauem Hinsehen,&hellip;<\/p>","protected":false},"author":1,"featured_media":0,"parent":133,"menu_order":10,"comment_status":"closed","ping_status":"closed","template":"","meta":[],"yoast_head":"<!-- This site is optimized with the Yoast SEO plugin v21.2 - https:\/\/yoast.com\/wordpress\/plugins\/seo\/ -->\n<title>SF-2009-Ordnung und Chaos: Kommunikation und Kooperation in Ameisenstaaten - XLAB Stiftung<\/title>\n<meta name=\"robots\" content=\"index, follow, max-snippet:-1, max-image-preview:large, max-video-preview:-1\" \/>\n<link rel=\"canonical\" href=\"https:\/\/xlab-stiftung.de\/en\/science-festival-2004-2017-2\/sf-2009-ordnung-und-chaos-kommunikation-und-kooperation-in-ameisenstaaten\/\" \/>\n<meta property=\"og:locale\" content=\"en_US\" \/>\n<meta property=\"og:type\" content=\"article\" \/>\n<meta property=\"og:title\" content=\"SF-2009-Ordnung und Chaos: Kommunikation und Kooperation in Ameisenstaaten - XLAB Stiftung\" \/>\n<meta property=\"og:description\" content=\"Prof. Dr. Dr. h.c. Bert H\u00f6lldobler,Arizona State University,Phoenix, Arizona, USAund Universit\u00e4t W\u00fcrzburg Das vermeintlich chaotische Durch\u00adeinander eines Waldameisennestes zeigt uns bei genauem Hinsehen,&hellip;\" \/>\n<meta property=\"og:url\" content=\"https:\/\/xlab-stiftung.de\/en\/science-festival-2004-2017-2\/sf-2009-ordnung-und-chaos-kommunikation-und-kooperation-in-ameisenstaaten\/\" \/>\n<meta property=\"og:site_name\" content=\"XLAB Stiftung\" \/>\n<meta property=\"article:modified_time\" content=\"2023-02-08T13:43:44+00:00\" \/>\n<meta name=\"twitter:card\" content=\"summary_large_image\" \/>\n<meta name=\"twitter:label1\" content=\"Est. reading time\" \/>\n\t<meta name=\"twitter:data1\" content=\"2 minutes\" \/>\n<script type=\"application\/ld+json\" class=\"yoast-schema-graph\">{\"@context\":\"https:\/\/schema.org\",\"@graph\":[{\"@type\":\"WebPage\",\"@id\":\"https:\/\/xlab-stiftung.de\/science-festival-2004-2017-2\/sf-2009-ordnung-und-chaos-kommunikation-und-kooperation-in-ameisenstaaten\/\",\"url\":\"https:\/\/xlab-stiftung.de\/science-festival-2004-2017-2\/sf-2009-ordnung-und-chaos-kommunikation-und-kooperation-in-ameisenstaaten\/\",\"name\":\"SF-2009-Ordnung und Chaos: Kommunikation und Kooperation in Ameisenstaaten - XLAB Stiftung\",\"isPartOf\":{\"@id\":\"https:\/\/xlab-stiftung.de\/#website\"},\"datePublished\":\"2023-02-08T13:43:42+00:00\",\"dateModified\":\"2023-02-08T13:43:44+00:00\",\"breadcrumb\":{\"@id\":\"https:\/\/xlab-stiftung.de\/science-festival-2004-2017-2\/sf-2009-ordnung-und-chaos-kommunikation-und-kooperation-in-ameisenstaaten\/#breadcrumb\"},\"inLanguage\":\"en-US\",\"potentialAction\":[{\"@type\":\"ReadAction\",\"target\":[\"https:\/\/xlab-stiftung.de\/science-festival-2004-2017-2\/sf-2009-ordnung-und-chaos-kommunikation-und-kooperation-in-ameisenstaaten\/\"]}]},{\"@type\":\"BreadcrumbList\",\"@id\":\"https:\/\/xlab-stiftung.de\/science-festival-2004-2017-2\/sf-2009-ordnung-und-chaos-kommunikation-und-kooperation-in-ameisenstaaten\/#breadcrumb\",\"itemListElement\":[{\"@type\":\"ListItem\",\"position\":1,\"name\":\"Startseite\",\"item\":\"https:\/\/xlab-stiftung.de\/\"},{\"@type\":\"ListItem\",\"position\":2,\"name\":\"Science Festival 2004-2023\",\"item\":\"https:\/\/xlab-stiftung.de\/science-festival-2004-2017-2\/\"},{\"@type\":\"ListItem\",\"position\":3,\"name\":\"SF-2009-Ordnung und Chaos: Kommunikation und Kooperation in Ameisenstaaten\"}]},{\"@type\":\"WebSite\",\"@id\":\"https:\/\/xlab-stiftung.de\/#website\",\"url\":\"https:\/\/xlab-stiftung.de\/\",\"name\":\"XLAB Stiftung\",\"description\":\"\",\"publisher\":{\"@id\":\"https:\/\/xlab-stiftung.de\/#organization\"},\"potentialAction\":[{\"@type\":\"SearchAction\",\"target\":{\"@type\":\"EntryPoint\",\"urlTemplate\":\"https:\/\/xlab-stiftung.de\/?s={search_term_string}\"},\"query-input\":\"required name=search_term_string\"}],\"inLanguage\":\"en-US\"},{\"@type\":\"Organization\",\"@id\":\"https:\/\/xlab-stiftung.de\/#organization\",\"name\":\"XLAB Stiftung\",\"url\":\"https:\/\/xlab-stiftung.de\/\",\"logo\":{\"@type\":\"ImageObject\",\"inLanguage\":\"en-US\",\"@id\":\"https:\/\/xlab-stiftung.de\/#\/schema\/logo\/image\/\",\"url\":\"https:\/\/xlab-stiftung.de\/wp-content\/uploads\/2023\/01\/ezgif.com-gif-maker-5.gif\",\"contentUrl\":\"https:\/\/xlab-stiftung.de\/wp-content\/uploads\/2023\/01\/ezgif.com-gif-maker-5.gif\",\"width\":2048,\"height\":230,\"caption\":\"XLAB Stiftung\"},\"image\":{\"@id\":\"https:\/\/xlab-stiftung.de\/#\/schema\/logo\/image\/\"}}]}<\/script>\n<!-- \/ Yoast SEO plugin. -->","yoast_head_json":{"title":"SF-2009-Ordnung und Chaos: Kommunikation und Kooperation in Ameisenstaaten - XLAB Stiftung","robots":{"index":"index","follow":"follow","max-snippet":"max-snippet:-1","max-image-preview":"max-image-preview:large","max-video-preview":"max-video-preview:-1"},"canonical":"https:\/\/xlab-stiftung.de\/en\/science-festival-2004-2017-2\/sf-2009-ordnung-und-chaos-kommunikation-und-kooperation-in-ameisenstaaten\/","og_locale":"en_US","og_type":"article","og_title":"SF-2009-Ordnung und Chaos: Kommunikation und Kooperation in Ameisenstaaten - XLAB Stiftung","og_description":"Prof. Dr. Dr. h.c. Bert H\u00f6lldobler,Arizona State University,Phoenix, Arizona, USAund Universit\u00e4t W\u00fcrzburg Das vermeintlich chaotische Durch\u00adeinander eines Waldameisennestes zeigt uns bei genauem Hinsehen,&hellip;","og_url":"https:\/\/xlab-stiftung.de\/en\/science-festival-2004-2017-2\/sf-2009-ordnung-und-chaos-kommunikation-und-kooperation-in-ameisenstaaten\/","og_site_name":"XLAB Stiftung","article_modified_time":"2023-02-08T13:43:44+00:00","twitter_card":"summary_large_image","twitter_misc":{"Est. reading time":"2 minutes"},"schema":{"@context":"https:\/\/schema.org","@graph":[{"@type":"WebPage","@id":"https:\/\/xlab-stiftung.de\/science-festival-2004-2017-2\/sf-2009-ordnung-und-chaos-kommunikation-und-kooperation-in-ameisenstaaten\/","url":"https:\/\/xlab-stiftung.de\/science-festival-2004-2017-2\/sf-2009-ordnung-und-chaos-kommunikation-und-kooperation-in-ameisenstaaten\/","name":"SF-2009-Ordnung und Chaos: Kommunikation und Kooperation in Ameisenstaaten - XLAB Stiftung","isPartOf":{"@id":"https:\/\/xlab-stiftung.de\/#website"},"datePublished":"2023-02-08T13:43:42+00:00","dateModified":"2023-02-08T13:43:44+00:00","breadcrumb":{"@id":"https:\/\/xlab-stiftung.de\/science-festival-2004-2017-2\/sf-2009-ordnung-und-chaos-kommunikation-und-kooperation-in-ameisenstaaten\/#breadcrumb"},"inLanguage":"en-US","potentialAction":[{"@type":"ReadAction","target":["https:\/\/xlab-stiftung.de\/science-festival-2004-2017-2\/sf-2009-ordnung-und-chaos-kommunikation-und-kooperation-in-ameisenstaaten\/"]}]},{"@type":"BreadcrumbList","@id":"https:\/\/xlab-stiftung.de\/science-festival-2004-2017-2\/sf-2009-ordnung-und-chaos-kommunikation-und-kooperation-in-ameisenstaaten\/#breadcrumb","itemListElement":[{"@type":"ListItem","position":1,"name":"Startseite","item":"https:\/\/xlab-stiftung.de\/"},{"@type":"ListItem","position":2,"name":"Science Festival 2004-2023","item":"https:\/\/xlab-stiftung.de\/science-festival-2004-2017-2\/"},{"@type":"ListItem","position":3,"name":"SF-2009-Ordnung und Chaos: Kommunikation und Kooperation in Ameisenstaaten"}]},{"@type":"WebSite","@id":"https:\/\/xlab-stiftung.de\/#website","url":"https:\/\/xlab-stiftung.de\/","name":"XLAB Stiftung","description":"","publisher":{"@id":"https:\/\/xlab-stiftung.de\/#organization"},"potentialAction":[{"@type":"SearchAction","target":{"@type":"EntryPoint","urlTemplate":"https:\/\/xlab-stiftung.de\/?s={search_term_string}"},"query-input":"required name=search_term_string"}],"inLanguage":"en-US"},{"@type":"Organization","@id":"https:\/\/xlab-stiftung.de\/#organization","name":"XLAB Stiftung","url":"https:\/\/xlab-stiftung.de\/","logo":{"@type":"ImageObject","inLanguage":"en-US","@id":"https:\/\/xlab-stiftung.de\/#\/schema\/logo\/image\/","url":"https:\/\/xlab-stiftung.de\/wp-content\/uploads\/2023\/01\/ezgif.com-gif-maker-5.gif","contentUrl":"https:\/\/xlab-stiftung.de\/wp-content\/uploads\/2023\/01\/ezgif.com-gif-maker-5.gif","width":2048,"height":230,"caption":"XLAB Stiftung"},"image":{"@id":"https:\/\/xlab-stiftung.de\/#\/schema\/logo\/image\/"}}]}},"_links":{"self":[{"href":"https:\/\/xlab-stiftung.de\/en\/wp-json\/wp\/v2\/pages\/1455"}],"collection":[{"href":"https:\/\/xlab-stiftung.de\/en\/wp-json\/wp\/v2\/pages"}],"about":[{"href":"https:\/\/xlab-stiftung.de\/en\/wp-json\/wp\/v2\/types\/page"}],"author":[{"embeddable":true,"href":"https:\/\/xlab-stiftung.de\/en\/wp-json\/wp\/v2\/users\/1"}],"replies":[{"embeddable":true,"href":"https:\/\/xlab-stiftung.de\/en\/wp-json\/wp\/v2\/comments?post=1455"}],"version-history":[{"count":1,"href":"https:\/\/xlab-stiftung.de\/en\/wp-json\/wp\/v2\/pages\/1455\/revisions"}],"predecessor-version":[{"id":1457,"href":"https:\/\/xlab-stiftung.de\/en\/wp-json\/wp\/v2\/pages\/1455\/revisions\/1457"}],"up":[{"embeddable":true,"href":"https:\/\/xlab-stiftung.de\/en\/wp-json\/wp\/v2\/pages\/133"}],"wp:attachment":[{"href":"https:\/\/xlab-stiftung.de\/en\/wp-json\/wp\/v2\/media?parent=1455"}],"curies":[{"name":"wp","href":"https:\/\/api.w.org\/{rel}","templated":true}]}}