{"id":223,"date":"2022-11-21T07:37:37","date_gmt":"2022-11-21T07:37:37","guid":{"rendered":"https:\/\/xlabstiftung.vwebfile-test.gwdg.de\/?page_id=223"},"modified":"2025-02-17T10:12:46","modified_gmt":"2025-02-17T10:12:46","slug":"aus-den-elfenbeintuermen-der-wissenschaft","status":"publish","type":"page","link":"https:\/\/xlab-stiftung.de\/en\/aus-den-elfenbeintuermen-der-wissenschaft\/","title":{"rendered":"Aus den Elfenbeint\u00fcrmen der Wissenschaft"},"content":{"rendered":"<h1 class=\"wp-block-heading has-large-font-size\">Aus den Elfenbeint\u00fcrmen der Wissenschaft<\/h1>\n\n\n\n<div style=\"height:40px\" aria-hidden=\"true\" class=\"wp-block-spacer\"><\/div>\n\n\n\n<p class=\"block\"><span class=\"su-dropcap su-dropcap-style-light\" style=\"font-size:2em\">D<\/span>iese Seite bietet eine umfangreiche Sammlung der Vortr\u00e4ge von Wissenschaftlern, die auf den XLAB Science Festivals gehalten wurden. Die B\u00fccher \u201eAus den Elfenbeint\u00fcrmen der Wissenschaft\u201c wurden von der Herausgeberin <nobr>Prof. Dr. Eva-Maria Neher<\/nobr> zusammengestellt und enthalten eine Auswahl der interessantesten und aktuellsten Forschungsergebnisse aus den Bereichen Naturwissenschaften, Technik, Medizin und Sozialwissenschaften.<\/p>\n\n\n\n<p class=\"block\">Besucher k\u00f6nnen die B\u00fccher kostenlos herunterladen oder direkt online lesen (bitte auf das Buch-Cover klicken). Es ist auch m\u00f6glich, die B\u00fccher in gedruckter Form zu bestellen, indem man direkt auf einen Link zu einer Online-Buchhandlung klickt. Leider sind einige Exemplare vergriffen.<\/p>\n\n\n\n<p class=\"block\">Insgesamt ist diese Seite eine ausgezeichnete Quelle f\u00fcr alle, die sich f\u00fcr die neuesten Entwicklungen in der Wissenschaft interessieren und sich von den Vortr\u00e4gen der renommiertesten Wissenschaftlerinnen und Wissenschaftlern inspirieren zu lassen.<\/p>\n\n\n\n<div style=\"height:9px\" aria-hidden=\"true\" class=\"wp-block-spacer\"><\/div>\n\n\n\n<div class=\"wp-block-columns heavy-rounded is-layout-flex wp-container-2\">\n<div class=\"wp-block-column is-layout-flow\" style=\"flex-basis:100%\">\n<figure class=\"wp-block-table heavy-rounded\"><table class=\"has-white-color has-text-color has-background\" style=\"background-color:#f8ede1\"><tbody><tr><td class=\"has-text-align-center\" data-align=\"center\"><a href=\"#band1\">Band 1<\/a><\/td><td class=\"has-text-align-center\" data-align=\"center\"><a href=\"#band2\">Band 2<\/a><\/td><td class=\"has-text-align-center\" data-align=\"center\"><a href=\"#band3\">Band 3<\/a><\/td><td class=\"has-text-align-center\" data-align=\"center\"><a href=\"#band4\">Band 4<\/a><\/td><td class=\"has-text-align-center\" data-align=\"center\"><a href=\"#band5\">Band 5<\/a><\/td><td class=\"has-text-align-center\" data-align=\"center\"><a href=\"#band6\">Band 6<\/a><\/td><\/tr><\/tbody><\/table><\/figure>\n<\/div>\n<\/div>\n\n\n\n<p class=\"has-text-align-center shadow-effect heavy-rounded has-white-color has-text-color has-background has-medium-font-size\" id=\"band1\" style=\"background:linear-gradient(165deg,rgb(160,205,238) 0%,rgb(0,42,92) 100%)\">Aus den Elfenbeint\u00fcrmen der Wissenschaft Band 1<\/p>\n\n\n\n<div style=\"height:15px\" aria-hidden=\"true\" class=\"wp-block-spacer\"><\/div>\n\n\n\n<div class=\"wp-block-columns is-layout-flex wp-container-5\">\n<div class=\"wp-block-column is-layout-flow\">\n<figure class=\"wp-block-image size-full shadow-effect download-link\"><a href=\"https:\/\/xlab-stiftung.de\/wp-content\/uploads\/2022\/11\/Inhalt-Band-1_compressed-1.pdf\"><img decoding=\"async\" loading=\"lazy\" width=\"800\" height=\"606\" src=\"https:\/\/xlab-stiftung.de\/wp-content\/uploads\/2022\/11\/Elfenbeintuerme_Band01_Cover.jpg\" alt=\"Aus den Elfenbeint\u00fcrmen der Wissenschaft Band 1\" class=\"wp-image-215\" srcset=\"https:\/\/xlab-stiftung.de\/wp-content\/uploads\/2022\/11\/Elfenbeintuerme_Band01_Cover.jpg 800w, https:\/\/xlab-stiftung.de\/wp-content\/uploads\/2022\/11\/Elfenbeintuerme_Band01_Cover-300x227.jpg 300w, https:\/\/xlab-stiftung.de\/wp-content\/uploads\/2022\/11\/Elfenbeintuerme_Band01_Cover-768x582.jpg 768w\" sizes=\"(max-width: 800px) 100vw, 800px\" \/><\/a><\/figure>\n<\/div>\n\n\n\n<div class=\"wp-block-column is-layout-flow\">\n<p class=\"Shadow4\"><a href=\"https:\/\/www.zvab.com\/servlet\/BookDetailsPL?bi=31142262527&amp;searchurl=an%3Dneher%26sortby%3D20%26tn%3Daus%2Bden%2Belfenbeint%25FCrmen&amp;cm_sp=snippet-_-srp1-_-title2\">Printausgabe:<\/a><a href=\"https:\/\/www.wallstein-verlag.de\/9783835300552-aus-den-elfenbeintuermen-der-wissenschaft-2.html\"><br><\/a><a href=\"https:\/\/www.zvab.com\/servlet\/BookDetailsPL?bi=31142262527&amp;searchurl=an%3Dneher%26sortby%3D20%26tn%3Daus%2Bden%2Belfenbeint%25FCrmen&amp;cm_sp=snippet-_-srp1-_-title2\">XLAB SCIENCE FESTIVAL<\/a><br>Verlag: Wallstein<\/p>\n\n\n\n<p class=\"Shadow4\">Herausgegeben von Eva-Maria Neher<\/p>\n\n\n\n<div style=\"height:4px\" aria-hidden=\"true\" class=\"wp-block-spacer\"><\/div>\n\n\n\n<div style=\"height:79px\" aria-hidden=\"true\" class=\"wp-block-spacer\"><\/div>\n\n\n\n<p class=\"Shadow4\">232 S., 64 z.T. farb. Abb., brosch., 14 x 23 cm<br>ISBN 9783892449898 (November 2005)<\/p>\n<\/div>\n<\/div>\n\n\n\n<div style=\"height:55px\" aria-hidden=\"true\" class=\"wp-block-spacer\"><\/div>\n\n\n\n<p class=\"has-text-align-center shadow-effect heavy-rounded has-white-color has-text-color has-background has-medium-font-size\" id=\"band2\" style=\"background:linear-gradient(165deg,rgb(210,233,204) 0%,rgb(114,193,102) 100%)\"><strong>Aus den Elfenbeint\u00fcrmen der Wissenschaft Band 2<\/strong><\/p>\n\n\n\n<div style=\"height:13px\" aria-hidden=\"true\" class=\"wp-block-spacer\"><\/div>\n\n\n\n<div class=\"wp-block-columns is-layout-flex wp-container-8\">\n<div class=\"wp-block-column is-layout-flow\">\n<figure class=\"wp-block-image size-full shadow-effect download-link\"><a href=\"https:\/\/xlab-stiftung.de\/wp-content\/uploads\/2022\/11\/Inhalt-Band-2_compressed.pdf\"><img decoding=\"async\" loading=\"lazy\" width=\"902\" height=\"686\" src=\"https:\/\/xlab-stiftung.de\/wp-content\/uploads\/2022\/11\/Elfenbeintuerme_Band02_Cover.jpg\" alt=\"Aus den Elfenbeint\u00fcrmen der Wissenschaft Band 2\" class=\"wp-image-259\" srcset=\"https:\/\/xlab-stiftung.de\/wp-content\/uploads\/2022\/11\/Elfenbeintuerme_Band02_Cover.jpg 902w, https:\/\/xlab-stiftung.de\/wp-content\/uploads\/2022\/11\/Elfenbeintuerme_Band02_Cover-300x228.jpg 300w, https:\/\/xlab-stiftung.de\/wp-content\/uploads\/2022\/11\/Elfenbeintuerme_Band02_Cover-768x584.jpg 768w, https:\/\/xlab-stiftung.de\/wp-content\/uploads\/2022\/11\/Elfenbeintuerme_Band02_Cover-850x646.jpg 850w\" sizes=\"(max-width: 902px) 100vw, 902px\" \/><\/a><\/figure>\n<\/div>\n\n\n\n<div class=\"wp-block-column is-layout-flow\">\n<p class=\"Shadow4\"><a href=\"https:\/\/www.wallstein-verlag.de\/9783835300552-aus-den-elfenbeintuermen-der-wissenschaft-2.html\">Printausgabe:<br>XLAB SCIENCE FESTIVAL<\/a><br>Verlag: Wallstein<\/p>\n\n\n\n<p class=\"Shadow4\">Herausgegeben von Eva-Maria Neher<\/p>\n\n\n\n<div style=\"height:110px\" aria-hidden=\"true\" class=\"wp-block-spacer\"><\/div>\n\n\n\n<p class=\"Shadow4\">232 S., 64 z.T. farb. Abb., brosch., 14 x 23 cm<br>ISBN 978-3-8353-0055-2 (November 2006)<\/p>\n<\/div>\n<\/div>\n\n\n\n<div style=\"height:44px\" aria-hidden=\"true\" class=\"wp-block-spacer\"><\/div>\n\n\n\n<p class=\"has-text-align-center shadow-effect heavy-rounded has-white-color has-text-color has-background has-medium-font-size\" id=\"band3\" style=\"background:linear-gradient(165deg,rgb(250,200,203) 0%,rgb(228,25,55) 100%)\"><strong>Aus den Elfenbeint\u00fcrmen der Wissenschaft Band 3<\/strong><\/p>\n\n\n\n<div style=\"height:11px\" aria-hidden=\"true\" class=\"wp-block-spacer\"><\/div>\n\n\n\n<div class=\"wp-block-columns is-layout-flex wp-container-11\">\n<div class=\"wp-block-column is-layout-flow\">\n<figure class=\"wp-block-image size-full shadow-effect download-link\"><a href=\"https:\/\/xlab-stiftung.de\/wp-content\/uploads\/2022\/11\/Inhalt-Band-3_compressed-1.pdf\"><img decoding=\"async\" loading=\"lazy\" width=\"747\" height=\"581\" src=\"https:\/\/xlab-stiftung.de\/wp-content\/uploads\/2022\/11\/Elfenbeintuerme_Band03_Cover.jpg\" alt=\"Aus den Elfenbeint\u00fcrmen der Wissenschaft Band 3\" class=\"wp-image-359\" srcset=\"https:\/\/xlab-stiftung.de\/wp-content\/uploads\/2022\/11\/Elfenbeintuerme_Band03_Cover.jpg 747w, https:\/\/xlab-stiftung.de\/wp-content\/uploads\/2022\/11\/Elfenbeintuerme_Band03_Cover-300x233.jpg 300w\" sizes=\"(max-width: 747px) 100vw, 747px\" \/><\/a><\/figure>\n<\/div>\n\n\n\n<div class=\"wp-block-column is-layout-flow\">\n<p class=\"Shadow4\"><a href=\"https:\/\/www.wallstein-verlag.de\/9783835301702-aus-den-elfenbeintuermen-der-wissenschaft-3.html\">Printausgabe:<br>XLAB SCIENCE FESTIVAL<\/a><br>Verlag: Wallstein<\/p>\n\n\n\n<p class=\"Shadow4\">Herausgegeben von Eva-Maria Neher. Redaktion Almut Popp<\/p>\n\n\n\n<div style=\"height:87px\" aria-hidden=\"true\" class=\"wp-block-spacer\"><\/div>\n\n\n\n<p class=\"Shadow4\">112 S., 47 Abb., brosch., 14 x 22,2 cm<br>ISBN 978-3-8353-0170-2 (Januar 2010)<\/p>\n<\/div>\n<\/div>\n\n\n\n<div style=\"height:44px\" aria-hidden=\"true\" class=\"wp-block-spacer\"><\/div>\n\n\n\n<p class=\"has-text-align-center shadow-effect heavy-rounded has-vivid-cyan-blue-color has-text-color has-background has-medium-font-size\" id=\"band4\" style=\"background:linear-gradient(165deg,rgb(251,249,235) 0%,rgb(255,229,116) 100%)\"><strong>Aus den Elfenbeint\u00fcrmen der Wissenschaft Band 4<\/strong><\/p>\n\n\n\n<div style=\"height:12px\" aria-hidden=\"true\" class=\"wp-block-spacer\"><\/div>\n\n\n\n<div class=\"wp-block-columns is-layout-flex wp-container-14\">\n<div class=\"wp-block-column is-layout-flow\">\n<figure class=\"wp-block-image size-full shadow-effect download-link\"><a href=\"https:\/\/xlab-stiftung.de\/wp-content\/uploads\/2022\/11\/Inhalt-Band-4_compressed.pdf\"><img decoding=\"async\" loading=\"lazy\" width=\"872\" height=\"656\" src=\"https:\/\/xlab-stiftung.de\/wp-content\/uploads\/2022\/11\/Elfenbeintuerme_Band04_Cover.jpg\" alt=\"Aus den Elfenbeint\u00fcrmen der Wissenschaft Band 4\" class=\"wp-image-355\" srcset=\"https:\/\/xlab-stiftung.de\/wp-content\/uploads\/2022\/11\/Elfenbeintuerme_Band04_Cover.jpg 872w, https:\/\/xlab-stiftung.de\/wp-content\/uploads\/2022\/11\/Elfenbeintuerme_Band04_Cover-300x226.jpg 300w, https:\/\/xlab-stiftung.de\/wp-content\/uploads\/2022\/11\/Elfenbeintuerme_Band04_Cover-768x578.jpg 768w, https:\/\/xlab-stiftung.de\/wp-content\/uploads\/2022\/11\/Elfenbeintuerme_Band04_Cover-850x639.jpg 850w\" sizes=\"(max-width: 872px) 100vw, 872px\" \/><\/a><\/figure>\n<\/div>\n\n\n\n<div class=\"wp-block-column is-layout-flow\">\n<p class=\"Shadow4\"><a href=\"https:\/\/www.wallstein-verlag.de\/9783835307674-aus-den-elfenbeintuermen-der-wissenschaft-4.html\">Printausgabe:<br>XLAB SCIENCE FESTIVAL 2007\/2009<\/a><br>Verlag: Wallstein<\/p>\n\n\n\n<p class=\"Shadow4\">Herausgegeben von Eva-Maria Neher<\/p>\n\n\n\n<div style=\"height:108px\" aria-hidden=\"true\" class=\"wp-block-spacer\"><\/div>\n\n\n\n<p class=\"Shadow4\">240 S., 105 Abb., brosch., 14 x 22,2 cm<br>ISBN 978-3-8353-0767-4 (Dezember 2010)<\/p>\n<\/div>\n<\/div>\n\n\n\n<div style=\"height:49px\" aria-hidden=\"true\" class=\"wp-block-spacer\"><\/div>\n\n\n\n<p class=\"has-text-align-center shadow-effect heavy-rounded has-white-color has-text-color has-background has-medium-font-size\" id=\"band5\" style=\"background:linear-gradient(165deg,rgb(159,204,237) 0%,rgb(0,42,92) 100%)\"><strong>Aus den Elfenbeint\u00fcrmen der Wissenschaft Band 5<\/strong><\/p>\n\n\n\n<div style=\"height:12px\" aria-hidden=\"true\" class=\"wp-block-spacer\"><\/div>\n\n\n\n<div class=\"wp-block-columns is-layout-flex wp-container-17\">\n<div class=\"wp-block-column is-layout-flow\">\n<figure class=\"wp-block-image size-full shadow-effect download-link\"><a href=\"https:\/\/xlab-stiftung.de\/wp-content\/uploads\/2022\/11\/Inhalt-Band-5_compressed.pdf\"><img decoding=\"async\" loading=\"lazy\" width=\"900\" height=\"663\" src=\"https:\/\/xlab-stiftung.de\/wp-content\/uploads\/2022\/11\/Elfenbeintuerme_Band05_Cover.jpg\" alt=\"Aus den Elfenbeint\u00fcrmen der Wissenschaft Band 5\" class=\"wp-image-351\" srcset=\"https:\/\/xlab-stiftung.de\/wp-content\/uploads\/2022\/11\/Elfenbeintuerme_Band05_Cover.jpg 900w, https:\/\/xlab-stiftung.de\/wp-content\/uploads\/2022\/11\/Elfenbeintuerme_Band05_Cover-300x221.jpg 300w, https:\/\/xlab-stiftung.de\/wp-content\/uploads\/2022\/11\/Elfenbeintuerme_Band05_Cover-768x566.jpg 768w, https:\/\/xlab-stiftung.de\/wp-content\/uploads\/2022\/11\/Elfenbeintuerme_Band05_Cover-850x626.jpg 850w\" sizes=\"(max-width: 900px) 100vw, 900px\" \/><\/a><\/figure>\n<\/div>\n\n\n\n<div class=\"wp-block-column is-layout-flow\">\n<p class=\"Shadow4\"><a href=\"https:\/\/www.wallstein-verlag.de\/9783835310278-aus-den-elfenbeintuermen-der-wissenschaft-5.html\">Printausgabe:<br>XLAB SCIENCE FESTIVAL<\/a><br>Verlag: Wallstein<\/p>\n\n\n\n<p class=\"Shadow4\">Herausgegeben von Eva-Maria Neher<\/p>\n\n\n\n<div style=\"height:102px\" aria-hidden=\"true\" class=\"wp-block-spacer\"><\/div>\n\n\n\n<p class=\"Shadow4\">248 S., 87, z.T. farb., Abb., brosch., 14 x 22,2 cm<br>ISBN 978-3-8353-1027-8 (Dezember 2011)<\/p>\n<\/div>\n<\/div>\n\n\n\n<div style=\"height:62px\" aria-hidden=\"true\" class=\"wp-block-spacer\"><\/div>\n\n\n\n<p class=\"has-text-align-center shadow-effect heavy-rounded has-white-color has-text-color has-background has-medium-font-size\" id=\"band6\" style=\"background:linear-gradient(165deg,rgb(210,233,204) 0%,rgb(114,193,102) 100%)\"><strong>Aus den Elfenbeint\u00fcrmen der Wissenschaft Band 6<\/strong><\/p>\n\n\n\n<div style=\"height:9px\" aria-hidden=\"true\" class=\"wp-block-spacer\"><\/div>\n\n\n\n<div class=\"wp-block-columns is-layout-flex wp-container-20\">\n<div class=\"wp-block-column is-layout-flow\">\n<figure class=\"wp-block-image size-full shadow-effect download-link\"><a href=\"https:\/\/xlab-stiftung.de\/wp-content\/uploads\/2022\/11\/Inhalt-Band-6_compressed.pdf\"><img decoding=\"async\" loading=\"lazy\" width=\"900\" height=\"662\" src=\"https:\/\/xlab-stiftung.de\/wp-content\/uploads\/2022\/11\/Elfenbeintuerme_Band06_Cover.jpg\" alt=\"Aus den Elfenbeint\u00fcrmen der Wissenschaft Band 6\" class=\"wp-image-347\" srcset=\"https:\/\/xlab-stiftung.de\/wp-content\/uploads\/2022\/11\/Elfenbeintuerme_Band06_Cover.jpg 900w, https:\/\/xlab-stiftung.de\/wp-content\/uploads\/2022\/11\/Elfenbeintuerme_Band06_Cover-300x221.jpg 300w, https:\/\/xlab-stiftung.de\/wp-content\/uploads\/2022\/11\/Elfenbeintuerme_Band06_Cover-768x565.jpg 768w, https:\/\/xlab-stiftung.de\/wp-content\/uploads\/2022\/11\/Elfenbeintuerme_Band06_Cover-850x625.jpg 850w\" sizes=\"(max-width: 900px) 100vw, 900px\" \/><\/a><\/figure>\n<\/div>\n\n\n\n<div class=\"wp-block-column is-layout-flow\">\n<p class=\"Shadow4\"><a href=\"https:\/\/www.zvab.com\/servlet\/BookDetailsPL?bi=31291270684&amp;searchurl=sortby%3D100%26tn%3Delfenbeint%25FCrmen%2Bwissenschaft&amp;cm_sp=snippet-_-srp1-_-title6\">Printausgabe:<\/a><a href=\"https:\/\/www.wallstein-verlag.de\/9783835310278-aus-den-elfenbeintuermen-der-wissenschaft-5.html\"><br><\/a><a href=\"https:\/\/www.zvab.com\/servlet\/BookDetailsPL?bi=31291270684&amp;searchurl=sortby%3D100%26tn%3Delfenbeint%25FCrmen%2Bwissenschaft&amp;cm_sp=snippet-_-srp1-_-title6\">XLAB SCIENCE FESTIVAL<\/a><br>Verlag: Wallstein<\/p>\n\n\n\n<p class=\"Shadow4\">Herausgegeben von Eva-Maria Neher<\/p>\n\n\n\n<div style=\"height:92px\" aria-hidden=\"true\" class=\"wp-block-spacer\"><\/div>\n\n\n\n<p class=\"Shadow4\">248 S., 87, z.T. farb., Abb., brosch., 14 x 22,2 cm<br>ISBN 9783835313095 (Dezember 2013)<\/p>\n<\/div>\n<\/div>\n\n\n\n<div style=\"height:100px\" aria-hidden=\"true\" class=\"wp-block-spacer\"><\/div>\n\n\n\n<div style=\"height:34px\" aria-hidden=\"true\" class=\"wp-block-spacer\"><\/div>\n\n\n\n<div style=\"height:20px\" aria-hidden=\"true\" class=\"wp-block-spacer\"><\/div>\n\n\n\n<div style=\"height:19px\" aria-hidden=\"true\" class=\"wp-block-spacer\"><\/div>\n\n\n\n<div style=\"height:23px\" aria-hidden=\"true\" class=\"wp-block-spacer\"><\/div>\n\n\n\n<div style=\"height:15px\" aria-hidden=\"true\" class=\"wp-block-spacer\"><\/div>","protected":false},"excerpt":{"rendered":"<p>Aus den Elfenbeint\u00fcrmen der Wissenschaft iese Seite bietet eine umfangreiche Sammlung der Vortr\u00e4ge von Wissenschaftlern, die auf den XLAB Science Festivals gehalten wurden.&hellip;<\/p>","protected":false},"author":1,"featured_media":351,"parent":0,"menu_order":14,"comment_status":"closed","ping_status":"closed","template":"","meta":[],"yoast_head":"<!-- This site is optimized with the Yoast SEO plugin v21.2 - https:\/\/yoast.com\/wordpress\/plugins\/seo\/ -->\n<title>Aus den Elfenbeint\u00fcrmen der Wissenschaft - XLAB Stiftung<\/title>\n<meta name=\"description\" content=\"Diese Seite bietet eine umfassende Sammlung der Vortr\u00e4ge von Wissenschaftlern, die in den XLAB Science Festivals pr\u00e4sentiert wurden. Die B\u00fccher &quot;Aus den Elfenbeint\u00fcrmen der Wissenschaft&quot; wurden von der Herausgeberin Prof. Dr. Eva-Maria Neher zusammengestellt\" \/>\n<meta name=\"robots\" content=\"index, follow, max-snippet:-1, max-image-preview:large, max-video-preview:-1\" \/>\n<link rel=\"canonical\" href=\"https:\/\/xlab-stiftung.de\/en\/aus-den-elfenbeintuermen-der-wissenschaft\/\" \/>\n<meta property=\"og:locale\" content=\"en_US\" \/>\n<meta property=\"og:type\" content=\"article\" \/>\n<meta property=\"og:title\" content=\"Aus den Elfenbeint\u00fcrmen der Wissenschaft - XLAB Stiftung\" \/>\n<meta property=\"og:description\" content=\"Diese Seite bietet eine umfassende Sammlung der Vortr\u00e4ge von Wissenschaftlern, die in den XLAB Science Festivals pr\u00e4sentiert wurden. Die B\u00fccher &quot;Aus den Elfenbeint\u00fcrmen der Wissenschaft&quot; wurden von der Herausgeberin Prof. Dr. Eva-Maria Neher zusammengestellt\" \/>\n<meta property=\"og:url\" content=\"https:\/\/xlab-stiftung.de\/en\/aus-den-elfenbeintuermen-der-wissenschaft\/\" \/>\n<meta property=\"og:site_name\" content=\"XLAB Stiftung\" \/>\n<meta property=\"article:modified_time\" content=\"2025-02-17T10:12:46+00:00\" \/>\n<meta property=\"og:image\" content=\"https:\/\/xlab-stiftung.de\/wp-content\/uploads\/2022\/11\/Elfenbeintuerme_Band05_Cover.jpg\" \/>\n\t<meta property=\"og:image:width\" content=\"900\" \/>\n\t<meta property=\"og:image:height\" content=\"663\" \/>\n\t<meta property=\"og:image:type\" content=\"image\/jpeg\" \/>\n<meta name=\"twitter:card\" content=\"summary_large_image\" \/>\n<meta name=\"twitter:label1\" content=\"Est. reading time\" \/>\n\t<meta name=\"twitter:data1\" content=\"4 minutes\" \/>\n<script type=\"application\/ld+json\" class=\"yoast-schema-graph\">{\"@context\":\"https:\/\/schema.org\",\"@graph\":[{\"@type\":\"WebPage\",\"@id\":\"https:\/\/xlab-stiftung.de\/aus-den-elfenbeintuermen-der-wissenschaft\/\",\"url\":\"https:\/\/xlab-stiftung.de\/aus-den-elfenbeintuermen-der-wissenschaft\/\",\"name\":\"Aus den Elfenbeint\u00fcrmen der Wissenschaft - XLAB Stiftung\",\"isPartOf\":{\"@id\":\"https:\/\/xlab-stiftung.de\/#website\"},\"datePublished\":\"2022-11-21T07:37:37+00:00\",\"dateModified\":\"2025-02-17T10:12:46+00:00\",\"description\":\"Diese Seite bietet eine umfassende Sammlung der Vortr\u00e4ge von Wissenschaftlern, die in den XLAB Science Festivals pr\u00e4sentiert wurden. Die B\u00fccher \\\"Aus den Elfenbeint\u00fcrmen der Wissenschaft\\\" wurden von der Herausgeberin Prof. Dr. Eva-Maria Neher zusammengestellt\",\"breadcrumb\":{\"@id\":\"https:\/\/xlab-stiftung.de\/aus-den-elfenbeintuermen-der-wissenschaft\/#breadcrumb\"},\"inLanguage\":\"en-US\",\"potentialAction\":[{\"@type\":\"ReadAction\",\"target\":[\"https:\/\/xlab-stiftung.de\/aus-den-elfenbeintuermen-der-wissenschaft\/\"]}]},{\"@type\":\"BreadcrumbList\",\"@id\":\"https:\/\/xlab-stiftung.de\/aus-den-elfenbeintuermen-der-wissenschaft\/#breadcrumb\",\"itemListElement\":[{\"@type\":\"ListItem\",\"position\":1,\"name\":\"Startseite\",\"item\":\"https:\/\/xlab-stiftung.de\/\"},{\"@type\":\"ListItem\",\"position\":2,\"name\":\"Aus den Elfenbeint\u00fcrmen der Wissenschaft\"}]},{\"@type\":\"WebSite\",\"@id\":\"https:\/\/xlab-stiftung.de\/#website\",\"url\":\"https:\/\/xlab-stiftung.de\/\",\"name\":\"XLAB Stiftung\",\"description\":\"\",\"publisher\":{\"@id\":\"https:\/\/xlab-stiftung.de\/#organization\"},\"potentialAction\":[{\"@type\":\"SearchAction\",\"target\":{\"@type\":\"EntryPoint\",\"urlTemplate\":\"https:\/\/xlab-stiftung.de\/?s={search_term_string}\"},\"query-input\":\"required name=search_term_string\"}],\"inLanguage\":\"en-US\"},{\"@type\":\"Organization\",\"@id\":\"https:\/\/xlab-stiftung.de\/#organization\",\"name\":\"XLAB Stiftung\",\"url\":\"https:\/\/xlab-stiftung.de\/\",\"logo\":{\"@type\":\"ImageObject\",\"inLanguage\":\"en-US\",\"@id\":\"https:\/\/xlab-stiftung.de\/#\/schema\/logo\/image\/\",\"url\":\"https:\/\/xlab-stiftung.de\/wp-content\/uploads\/2023\/01\/ezgif.com-gif-maker-5.gif\",\"contentUrl\":\"https:\/\/xlab-stiftung.de\/wp-content\/uploads\/2023\/01\/ezgif.com-gif-maker-5.gif\",\"width\":2048,\"height\":230,\"caption\":\"XLAB Stiftung\"},\"image\":{\"@id\":\"https:\/\/xlab-stiftung.de\/#\/schema\/logo\/image\/\"}}]}<\/script>\n<!-- \/ Yoast SEO plugin. -->","yoast_head_json":{"title":"Aus den Elfenbeint\u00fcrmen der Wissenschaft - XLAB Stiftung","description":"Diese Seite bietet eine umfassende Sammlung der Vortr\u00e4ge von Wissenschaftlern, die in den XLAB Science Festivals pr\u00e4sentiert wurden. Die B\u00fccher \"Aus den Elfenbeint\u00fcrmen der Wissenschaft\" wurden von der Herausgeberin Prof. Dr. Eva-Maria Neher zusammengestellt","robots":{"index":"index","follow":"follow","max-snippet":"max-snippet:-1","max-image-preview":"max-image-preview:large","max-video-preview":"max-video-preview:-1"},"canonical":"https:\/\/xlab-stiftung.de\/en\/aus-den-elfenbeintuermen-der-wissenschaft\/","og_locale":"en_US","og_type":"article","og_title":"Aus den Elfenbeint\u00fcrmen der Wissenschaft - XLAB Stiftung","og_description":"Diese Seite bietet eine umfassende Sammlung der Vortr\u00e4ge von Wissenschaftlern, die in den XLAB Science Festivals pr\u00e4sentiert wurden. Die B\u00fccher \"Aus den Elfenbeint\u00fcrmen der Wissenschaft\" wurden von der Herausgeberin Prof. Dr. Eva-Maria Neher zusammengestellt","og_url":"https:\/\/xlab-stiftung.de\/en\/aus-den-elfenbeintuermen-der-wissenschaft\/","og_site_name":"XLAB Stiftung","article_modified_time":"2025-02-17T10:12:46+00:00","og_image":[{"width":900,"height":663,"url":"https:\/\/xlab-stiftung.de\/wp-content\/uploads\/2022\/11\/Elfenbeintuerme_Band05_Cover.jpg","type":"image\/jpeg"}],"twitter_card":"summary_large_image","twitter_misc":{"Est. reading time":"4 minutes"},"schema":{"@context":"https:\/\/schema.org","@graph":[{"@type":"WebPage","@id":"https:\/\/xlab-stiftung.de\/aus-den-elfenbeintuermen-der-wissenschaft\/","url":"https:\/\/xlab-stiftung.de\/aus-den-elfenbeintuermen-der-wissenschaft\/","name":"Aus den Elfenbeint\u00fcrmen der Wissenschaft - XLAB Stiftung","isPartOf":{"@id":"https:\/\/xlab-stiftung.de\/#website"},"datePublished":"2022-11-21T07:37:37+00:00","dateModified":"2025-02-17T10:12:46+00:00","description":"Diese Seite bietet eine umfassende Sammlung der Vortr\u00e4ge von Wissenschaftlern, die in den XLAB Science Festivals pr\u00e4sentiert wurden. Die B\u00fccher \"Aus den Elfenbeint\u00fcrmen der Wissenschaft\" wurden von der Herausgeberin Prof. Dr. Eva-Maria Neher zusammengestellt","breadcrumb":{"@id":"https:\/\/xlab-stiftung.de\/aus-den-elfenbeintuermen-der-wissenschaft\/#breadcrumb"},"inLanguage":"en-US","potentialAction":[{"@type":"ReadAction","target":["https:\/\/xlab-stiftung.de\/aus-den-elfenbeintuermen-der-wissenschaft\/"]}]},{"@type":"BreadcrumbList","@id":"https:\/\/xlab-stiftung.de\/aus-den-elfenbeintuermen-der-wissenschaft\/#breadcrumb","itemListElement":[{"@type":"ListItem","position":1,"name":"Startseite","item":"https:\/\/xlab-stiftung.de\/"},{"@type":"ListItem","position":2,"name":"Aus den Elfenbeint\u00fcrmen der Wissenschaft"}]},{"@type":"WebSite","@id":"https:\/\/xlab-stiftung.de\/#website","url":"https:\/\/xlab-stiftung.de\/","name":"XLAB Stiftung","description":"","publisher":{"@id":"https:\/\/xlab-stiftung.de\/#organization"},"potentialAction":[{"@type":"SearchAction","target":{"@type":"EntryPoint","urlTemplate":"https:\/\/xlab-stiftung.de\/?s={search_term_string}"},"query-input":"required name=search_term_string"}],"inLanguage":"en-US"},{"@type":"Organization","@id":"https:\/\/xlab-stiftung.de\/#organization","name":"XLAB Stiftung","url":"https:\/\/xlab-stiftung.de\/","logo":{"@type":"ImageObject","inLanguage":"en-US","@id":"https:\/\/xlab-stiftung.de\/#\/schema\/logo\/image\/","url":"https:\/\/xlab-stiftung.de\/wp-content\/uploads\/2023\/01\/ezgif.com-gif-maker-5.gif","contentUrl":"https:\/\/xlab-stiftung.de\/wp-content\/uploads\/2023\/01\/ezgif.com-gif-maker-5.gif","width":2048,"height":230,"caption":"XLAB Stiftung"},"image":{"@id":"https:\/\/xlab-stiftung.de\/#\/schema\/logo\/image\/"}}]}},"_links":{"self":[{"href":"https:\/\/xlab-stiftung.de\/en\/wp-json\/wp\/v2\/pages\/223"}],"collection":[{"href":"https:\/\/xlab-stiftung.de\/en\/wp-json\/wp\/v2\/pages"}],"about":[{"href":"https:\/\/xlab-stiftung.de\/en\/wp-json\/wp\/v2\/types\/page"}],"author":[{"embeddable":true,"href":"https:\/\/xlab-stiftung.de\/en\/wp-json\/wp\/v2\/users\/1"}],"replies":[{"embeddable":true,"href":"https:\/\/xlab-stiftung.de\/en\/wp-json\/wp\/v2\/comments?post=223"}],"version-history":[{"count":56,"href":"https:\/\/xlab-stiftung.de\/en\/wp-json\/wp\/v2\/pages\/223\/revisions"}],"predecessor-version":[{"id":5862,"href":"https:\/\/xlab-stiftung.de\/en\/wp-json\/wp\/v2\/pages\/223\/revisions\/5862"}],"wp:featuredmedia":[{"embeddable":true,"href":"https:\/\/xlab-stiftung.de\/en\/wp-json\/wp\/v2\/media\/351"}],"wp:attachment":[{"href":"https:\/\/xlab-stiftung.de\/en\/wp-json\/wp\/v2\/media?parent=223"}],"curies":[{"name":"wp","href":"https:\/\/api.w.org\/{rel}","templated":true}]}}