{"id":417,"date":"2022-11-23T14:12:16","date_gmt":"2022-11-23T14:12:16","guid":{"rendered":"https:\/\/xlab-stiftung.de\/?page_id=417"},"modified":"2022-11-23T14:12:16","modified_gmt":"2022-11-23T14:12:16","slug":"sf-2017-archaische-lebenswelten","status":"publish","type":"page","link":"https:\/\/xlab-stiftung.de\/en\/science-festival-2004-2017-2\/sf-2017-archaische-lebenswelten\/","title":{"rendered":"SF-2017-Archaische Lebenswelten"},"content":{"rendered":"<h1 class=\"wp-block-heading\">Archaische Lebenswelten \u2013 Eine geobiologische Spurensuche vor 3,8 Milliarden Jahren<\/h1>\n\n\n\n<p><em>Prof. Dr. Joachim Reitner,<br>Universit\u00e4t G\u00f6ttingen<\/em><\/p>\n\n\n\n<p>Das Leben auf der Erde l\u00e4sst sich auf einen letzten gemeinsamen Vorfahren zur\u00fcckf\u00fchren, der vor rund 4 Milliarden Jahren gelebt haben muss. Der nach der Abk\u00fcrzung seines englischen Namens als LUCA (Last Universal Common Ancestor) bezeichnet wird, ist wahrscheinlich in einem 50 bis 80 Grad Celsius hei\u00dfen anaeroben Umfeld entstanden. Die n\u00f6tigen organischen Bestandteile eines Mikroorganismus entstanden schon in der fr\u00fcheren pr\u00e4biotischen Welt vor 4 Milliarden Jahren. Bestimmte Mineralien und Metalle spielten dabei als Katalysatoren eine zentrale Rolle. Wie sich dann Leben gebildet hat, also ein Organismus, der Stoffwechsel betreibt und sich fortpflanzt, d.h. Information weitergibt, ist noch nicht bekannt.<\/p>\n\n\n\n<p>Vor ca. 3,9 Milliarden Jahren gab es einen letzten H\u00f6hepunkt schweren kosmischen Bombardements (\u201eLate Heavy Bombardement\u201c) auf der Erde. Damals trafen Objekte mit Durchmessern von mehreren Kilometern die Erde in hoher Frequenz. Mikroorganismen, angepasst an hei\u00dfe Umgebungen, \u00fcberlebten wahrscheinlich diese planetare Katastrophe vermutlich in der damaligen basaltischen Erdkruste. Nach diesem Ereignis beruhigte sich das kosmische Geschehen und es gab l\u00e4ngere Phasen \u00f6kologischer Stabilit\u00e4t und somit eine nachhaltige Entwicklung unterschiedlicher anaerober (ohne freien Sauerstoff) \u00d6kosysteme, die durch die damaligen geologischen Rahmenbedingungen kontrolliert wurden.<\/p>\n\n\n\n<p>Das Besondere des fr\u00fchen archaischen Zeitalters ist, dass es noch keine Plattentektonik im heutigen Sinne gegeben hat und Kontinente mit einem granitischen Kern nur in Form kleiner Inseln vorhanden waren. Die Erde war eine Wasserwelt mit einer hei\u00dfen ozeanischen Kruste. Ein wichtiger Prozess war die Wechselwirkung des Ozeanwassers mit der ozeanischen Kruste, was zu erheblichen hydrothermalen Prozessen gef\u00fchrt und Lebensprozesse beg\u00fcnstigt hat. Die fr\u00fche archaische ozeanische Kruste (\u201eGreenstone Belts\u201c) war durchzogen mit einer Vielzahl von kilometerlangen Spalten (\u201eVeins\u201c), die mit Kiesels\u00e4ure (SiO2-Chert) ausgef\u00fcllt wurden. Diese Spalten sind angereichert mit organischem Material und stellten vermutlich einen besonderen mikrobiellen Lebensraum dar. An den R\u00e4ndern vulkanischer Inseln kam es zur Bildung erster Stromatolithe (mineralisierte mikrobielle Filme) unter sauerstofffreien Bedingungen. Die \u00e4ltesten Fossilien von Mikroorganismen und deren mineralisierte Produkte, die bisher gefunden worden sind, haben ein Alter von rund 3,7-3,5 Milliarden Jahren.\u00a0<\/p>\n\n\n\n<p><\/p>","protected":false},"excerpt":{"rendered":"<p>Archaische Lebenswelten \u2013 Eine geobiologische Spurensuche vor 3,8 Milliarden Jahren Prof. Dr. Joachim Reitner,Universit\u00e4t G\u00f6ttingen Das Leben auf der Erde l\u00e4sst sich auf&hellip;<\/p>","protected":false},"author":1,"featured_media":0,"parent":133,"menu_order":56,"comment_status":"closed","ping_status":"closed","template":"","meta":[],"yoast_head":"<!-- This site is optimized with the Yoast SEO plugin v21.2 - https:\/\/yoast.com\/wordpress\/plugins\/seo\/ -->\n<title>SF-2017-Archaische Lebenswelten - XLAB Stiftung<\/title>\n<meta name=\"robots\" content=\"index, follow, max-snippet:-1, max-image-preview:large, max-video-preview:-1\" \/>\n<link rel=\"canonical\" href=\"https:\/\/xlab-stiftung.de\/en\/science-festival-2004-2017-2\/sf-2017-archaische-lebenswelten\/\" \/>\n<meta property=\"og:locale\" content=\"en_US\" \/>\n<meta property=\"og:type\" content=\"article\" \/>\n<meta property=\"og:title\" content=\"SF-2017-Archaische Lebenswelten - XLAB Stiftung\" \/>\n<meta property=\"og:description\" content=\"Archaische Lebenswelten \u2013 Eine geobiologische Spurensuche vor 3,8 Milliarden Jahren Prof. Dr. Joachim Reitner,Universit\u00e4t G\u00f6ttingen Das Leben auf der Erde l\u00e4sst sich auf&hellip;\" \/>\n<meta property=\"og:url\" content=\"https:\/\/xlab-stiftung.de\/en\/science-festival-2004-2017-2\/sf-2017-archaische-lebenswelten\/\" \/>\n<meta property=\"og:site_name\" content=\"XLAB Stiftung\" \/>\n<meta name=\"twitter:card\" content=\"summary_large_image\" \/>\n<meta name=\"twitter:label1\" content=\"Est. reading time\" \/>\n\t<meta name=\"twitter:data1\" content=\"2 minutes\" \/>\n<script type=\"application\/ld+json\" class=\"yoast-schema-graph\">{\"@context\":\"https:\/\/schema.org\",\"@graph\":[{\"@type\":\"WebPage\",\"@id\":\"https:\/\/xlab-stiftung.de\/science-festival-2004-2017-2\/sf-2017-archaische-lebenswelten\/\",\"url\":\"https:\/\/xlab-stiftung.de\/science-festival-2004-2017-2\/sf-2017-archaische-lebenswelten\/\",\"name\":\"SF-2017-Archaische Lebenswelten - XLAB Stiftung\",\"isPartOf\":{\"@id\":\"https:\/\/xlab-stiftung.de\/#website\"},\"datePublished\":\"2022-11-23T14:12:16+00:00\",\"dateModified\":\"2022-11-23T14:12:16+00:00\",\"breadcrumb\":{\"@id\":\"https:\/\/xlab-stiftung.de\/science-festival-2004-2017-2\/sf-2017-archaische-lebenswelten\/#breadcrumb\"},\"inLanguage\":\"en-US\",\"potentialAction\":[{\"@type\":\"ReadAction\",\"target\":[\"https:\/\/xlab-stiftung.de\/science-festival-2004-2017-2\/sf-2017-archaische-lebenswelten\/\"]}]},{\"@type\":\"BreadcrumbList\",\"@id\":\"https:\/\/xlab-stiftung.de\/science-festival-2004-2017-2\/sf-2017-archaische-lebenswelten\/#breadcrumb\",\"itemListElement\":[{\"@type\":\"ListItem\",\"position\":1,\"name\":\"Startseite\",\"item\":\"https:\/\/xlab-stiftung.de\/\"},{\"@type\":\"ListItem\",\"position\":2,\"name\":\"Science Festival 2004-2023\",\"item\":\"https:\/\/xlab-stiftung.de\/science-festival-2004-2017-2\/\"},{\"@type\":\"ListItem\",\"position\":3,\"name\":\"SF-2017-Archaische Lebenswelten\"}]},{\"@type\":\"WebSite\",\"@id\":\"https:\/\/xlab-stiftung.de\/#website\",\"url\":\"https:\/\/xlab-stiftung.de\/\",\"name\":\"XLAB Stiftung\",\"description\":\"\",\"publisher\":{\"@id\":\"https:\/\/xlab-stiftung.de\/#organization\"},\"potentialAction\":[{\"@type\":\"SearchAction\",\"target\":{\"@type\":\"EntryPoint\",\"urlTemplate\":\"https:\/\/xlab-stiftung.de\/?s={search_term_string}\"},\"query-input\":\"required name=search_term_string\"}],\"inLanguage\":\"en-US\"},{\"@type\":\"Organization\",\"@id\":\"https:\/\/xlab-stiftung.de\/#organization\",\"name\":\"XLAB Stiftung\",\"url\":\"https:\/\/xlab-stiftung.de\/\",\"logo\":{\"@type\":\"ImageObject\",\"inLanguage\":\"en-US\",\"@id\":\"https:\/\/xlab-stiftung.de\/#\/schema\/logo\/image\/\",\"url\":\"https:\/\/xlab-stiftung.de\/wp-content\/uploads\/2023\/01\/ezgif.com-gif-maker-5.gif\",\"contentUrl\":\"https:\/\/xlab-stiftung.de\/wp-content\/uploads\/2023\/01\/ezgif.com-gif-maker-5.gif\",\"width\":2048,\"height\":230,\"caption\":\"XLAB Stiftung\"},\"image\":{\"@id\":\"https:\/\/xlab-stiftung.de\/#\/schema\/logo\/image\/\"}}]}<\/script>\n<!-- \/ Yoast SEO plugin. -->","yoast_head_json":{"title":"SF-2017-Archaische Lebenswelten - XLAB Stiftung","robots":{"index":"index","follow":"follow","max-snippet":"max-snippet:-1","max-image-preview":"max-image-preview:large","max-video-preview":"max-video-preview:-1"},"canonical":"https:\/\/xlab-stiftung.de\/en\/science-festival-2004-2017-2\/sf-2017-archaische-lebenswelten\/","og_locale":"en_US","og_type":"article","og_title":"SF-2017-Archaische Lebenswelten - XLAB Stiftung","og_description":"Archaische Lebenswelten \u2013 Eine geobiologische Spurensuche vor 3,8 Milliarden Jahren Prof. Dr. Joachim Reitner,Universit\u00e4t G\u00f6ttingen Das Leben auf der Erde l\u00e4sst sich auf&hellip;","og_url":"https:\/\/xlab-stiftung.de\/en\/science-festival-2004-2017-2\/sf-2017-archaische-lebenswelten\/","og_site_name":"XLAB Stiftung","twitter_card":"summary_large_image","twitter_misc":{"Est. reading time":"2 minutes"},"schema":{"@context":"https:\/\/schema.org","@graph":[{"@type":"WebPage","@id":"https:\/\/xlab-stiftung.de\/science-festival-2004-2017-2\/sf-2017-archaische-lebenswelten\/","url":"https:\/\/xlab-stiftung.de\/science-festival-2004-2017-2\/sf-2017-archaische-lebenswelten\/","name":"SF-2017-Archaische Lebenswelten - XLAB Stiftung","isPartOf":{"@id":"https:\/\/xlab-stiftung.de\/#website"},"datePublished":"2022-11-23T14:12:16+00:00","dateModified":"2022-11-23T14:12:16+00:00","breadcrumb":{"@id":"https:\/\/xlab-stiftung.de\/science-festival-2004-2017-2\/sf-2017-archaische-lebenswelten\/#breadcrumb"},"inLanguage":"en-US","potentialAction":[{"@type":"ReadAction","target":["https:\/\/xlab-stiftung.de\/science-festival-2004-2017-2\/sf-2017-archaische-lebenswelten\/"]}]},{"@type":"BreadcrumbList","@id":"https:\/\/xlab-stiftung.de\/science-festival-2004-2017-2\/sf-2017-archaische-lebenswelten\/#breadcrumb","itemListElement":[{"@type":"ListItem","position":1,"name":"Startseite","item":"https:\/\/xlab-stiftung.de\/"},{"@type":"ListItem","position":2,"name":"Science Festival 2004-2023","item":"https:\/\/xlab-stiftung.de\/science-festival-2004-2017-2\/"},{"@type":"ListItem","position":3,"name":"SF-2017-Archaische Lebenswelten"}]},{"@type":"WebSite","@id":"https:\/\/xlab-stiftung.de\/#website","url":"https:\/\/xlab-stiftung.de\/","name":"XLAB Stiftung","description":"","publisher":{"@id":"https:\/\/xlab-stiftung.de\/#organization"},"potentialAction":[{"@type":"SearchAction","target":{"@type":"EntryPoint","urlTemplate":"https:\/\/xlab-stiftung.de\/?s={search_term_string}"},"query-input":"required name=search_term_string"}],"inLanguage":"en-US"},{"@type":"Organization","@id":"https:\/\/xlab-stiftung.de\/#organization","name":"XLAB Stiftung","url":"https:\/\/xlab-stiftung.de\/","logo":{"@type":"ImageObject","inLanguage":"en-US","@id":"https:\/\/xlab-stiftung.de\/#\/schema\/logo\/image\/","url":"https:\/\/xlab-stiftung.de\/wp-content\/uploads\/2023\/01\/ezgif.com-gif-maker-5.gif","contentUrl":"https:\/\/xlab-stiftung.de\/wp-content\/uploads\/2023\/01\/ezgif.com-gif-maker-5.gif","width":2048,"height":230,"caption":"XLAB Stiftung"},"image":{"@id":"https:\/\/xlab-stiftung.de\/#\/schema\/logo\/image\/"}}]}},"_links":{"self":[{"href":"https:\/\/xlab-stiftung.de\/en\/wp-json\/wp\/v2\/pages\/417"}],"collection":[{"href":"https:\/\/xlab-stiftung.de\/en\/wp-json\/wp\/v2\/pages"}],"about":[{"href":"https:\/\/xlab-stiftung.de\/en\/wp-json\/wp\/v2\/types\/page"}],"author":[{"embeddable":true,"href":"https:\/\/xlab-stiftung.de\/en\/wp-json\/wp\/v2\/users\/1"}],"replies":[{"embeddable":true,"href":"https:\/\/xlab-stiftung.de\/en\/wp-json\/wp\/v2\/comments?post=417"}],"version-history":[{"count":1,"href":"https:\/\/xlab-stiftung.de\/en\/wp-json\/wp\/v2\/pages\/417\/revisions"}],"predecessor-version":[{"id":419,"href":"https:\/\/xlab-stiftung.de\/en\/wp-json\/wp\/v2\/pages\/417\/revisions\/419"}],"up":[{"embeddable":true,"href":"https:\/\/xlab-stiftung.de\/en\/wp-json\/wp\/v2\/pages\/133"}],"wp:attachment":[{"href":"https:\/\/xlab-stiftung.de\/en\/wp-json\/wp\/v2\/media?parent=417"}],"curies":[{"name":"wp","href":"https:\/\/api.w.org\/{rel}","templated":true}]}}