{"id":421,"date":"2022-11-23T14:12:58","date_gmt":"2022-11-23T14:12:58","guid":{"rendered":"https:\/\/xlab-stiftung.de\/?page_id=421"},"modified":"2022-11-23T14:12:58","modified_gmt":"2022-11-23T14:12:58","slug":"sf-2017-pflanzenanbau-auf-dem-mars","status":"publish","type":"page","link":"https:\/\/xlab-stiftung.de\/en\/science-festival-2004-2017-2\/sf-2017-pflanzenanbau-auf-dem-mars\/","title":{"rendered":"SF-2017-Pflanzenanbau auf dem Mars"},"content":{"rendered":"<h1 class=\"wp-block-heading\">Pflanzenanbau auf dem Mars &#8211; Und warum ich daf\u00fcr in die Antarktis gehe<\/h1>\n\n\n\n<p><em>Dipl.-Ing. Paul Zabel<br><\/em><em>Institut f\u00fcr Raumfahrtsysteme, Deutsches Zentrum f\u00fcr Luft- und Raumfahrt e.V. (DLR)<\/em><\/p>\n\n\n\n<p>Der Anbau von Pflanzen w\u00e4hrend bemannter Raumfahrtmissionen zum Mars und zu anderen weit entfernten Orten im Sonnensystem ist essentiell f\u00fcr das \u00dcberleben der Besatzung. Pflanzen produzieren Sauerstoff, binden Kohlendioxid und produzieren wertvolle Lebensmittel. Dar\u00fcber hinaus verbessern Pflanzen auch die Stimmung von Astronauten. Daf\u00fcr ben\u00f6tigen sie Wasser, Lichtenergie und N\u00e4hrstoffe. Die Aufzucht von Pflanzen fernab der Erde birgt jedoch einige Hindernisse. Denn alles, was die Pflanzen zum Leben braucht, muss vom Menschen zur Verf\u00fcgung gestellt werden. Kombiniert man verschiedene Pflanzen und technische Systeme, erh\u00e4lt man dann ein bioregeneratives Lebenserhaltungssystem. Dieses System h\u00e4lt dann die Besatzung einer Raumfahrtmission am Leben. Dabei ist es wichtig, so viel wie m\u00f6glich auf engstem Raum zu produzieren, denn Platz ist in einem Raumschiff besonders wertvoll. Neben einem hohen Ertrag ist auch der Geschmack entscheidend. Das angebaute Gem\u00fcse muss frisch und lecker schmecken, um eine gute Abwechslung zu den gefrorenen und getrockneten Lebensmitteln zu bieten. Schon heute erproben Wissenschaftler des Deutschen Zentrums f\u00fcr Luft- und Raumfahrt (DLR) den Pflanzenanbau auf dem Mars. Daf\u00fcr wird eine Anlage \u00e4hnlich einem Weltraumgew\u00e4chshaus aufgebaut. Dieses wird Ende 2017 in die Antarktis zur deutschen Forschungsstation Neumayer III geschickt und dort ein Jahr lang betrieben, um eine Raumfahrtmission zu simulieren. W\u00e4hrend dieser Zeit werden unter anderem Gurken, Tomaten, Paprika, Salat und diverse Kr\u00e4uter angebaut und der Besatzung der Forschungsstation zum Verzehr \u00fcbergeben.<\/p>","protected":false},"excerpt":{"rendered":"<p>Pflanzenanbau auf dem Mars &#8211; Und warum ich daf\u00fcr in die Antarktis gehe Dipl.-Ing. Paul ZabelInstitut f\u00fcr Raumfahrtsysteme, Deutsches Zentrum f\u00fcr Luft- und&hellip;<\/p>","protected":false},"author":1,"featured_media":0,"parent":133,"menu_order":54,"comment_status":"closed","ping_status":"closed","template":"","meta":[],"yoast_head":"<!-- This site is optimized with the Yoast SEO plugin v21.2 - https:\/\/yoast.com\/wordpress\/plugins\/seo\/ -->\n<title>SF-2017-Pflanzenanbau auf dem Mars - XLAB Stiftung<\/title>\n<meta name=\"robots\" content=\"index, follow, max-snippet:-1, max-image-preview:large, max-video-preview:-1\" \/>\n<link rel=\"canonical\" href=\"https:\/\/xlab-stiftung.de\/en\/science-festival-2004-2017-2\/sf-2017-pflanzenanbau-auf-dem-mars\/\" \/>\n<meta property=\"og:locale\" content=\"en_US\" \/>\n<meta property=\"og:type\" content=\"article\" \/>\n<meta property=\"og:title\" content=\"SF-2017-Pflanzenanbau auf dem Mars - XLAB Stiftung\" \/>\n<meta property=\"og:description\" content=\"Pflanzenanbau auf dem Mars &#8211; Und warum ich daf\u00fcr in die Antarktis gehe Dipl.-Ing. Paul ZabelInstitut f\u00fcr Raumfahrtsysteme, Deutsches Zentrum f\u00fcr Luft- und&hellip;\" \/>\n<meta property=\"og:url\" content=\"https:\/\/xlab-stiftung.de\/en\/science-festival-2004-2017-2\/sf-2017-pflanzenanbau-auf-dem-mars\/\" \/>\n<meta property=\"og:site_name\" content=\"XLAB Stiftung\" \/>\n<meta name=\"twitter:card\" content=\"summary_large_image\" \/>\n<meta name=\"twitter:label1\" content=\"Est. reading time\" \/>\n\t<meta name=\"twitter:data1\" content=\"1 minute\" \/>\n<script type=\"application\/ld+json\" class=\"yoast-schema-graph\">{\"@context\":\"https:\/\/schema.org\",\"@graph\":[{\"@type\":\"WebPage\",\"@id\":\"https:\/\/xlab-stiftung.de\/science-festival-2004-2017-2\/sf-2017-pflanzenanbau-auf-dem-mars\/\",\"url\":\"https:\/\/xlab-stiftung.de\/science-festival-2004-2017-2\/sf-2017-pflanzenanbau-auf-dem-mars\/\",\"name\":\"SF-2017-Pflanzenanbau auf dem Mars - XLAB Stiftung\",\"isPartOf\":{\"@id\":\"https:\/\/xlab-stiftung.de\/#website\"},\"datePublished\":\"2022-11-23T14:12:58+00:00\",\"dateModified\":\"2022-11-23T14:12:58+00:00\",\"breadcrumb\":{\"@id\":\"https:\/\/xlab-stiftung.de\/science-festival-2004-2017-2\/sf-2017-pflanzenanbau-auf-dem-mars\/#breadcrumb\"},\"inLanguage\":\"en-US\",\"potentialAction\":[{\"@type\":\"ReadAction\",\"target\":[\"https:\/\/xlab-stiftung.de\/science-festival-2004-2017-2\/sf-2017-pflanzenanbau-auf-dem-mars\/\"]}]},{\"@type\":\"BreadcrumbList\",\"@id\":\"https:\/\/xlab-stiftung.de\/science-festival-2004-2017-2\/sf-2017-pflanzenanbau-auf-dem-mars\/#breadcrumb\",\"itemListElement\":[{\"@type\":\"ListItem\",\"position\":1,\"name\":\"Startseite\",\"item\":\"https:\/\/xlab-stiftung.de\/\"},{\"@type\":\"ListItem\",\"position\":2,\"name\":\"Science Festival 2004-2023\",\"item\":\"https:\/\/xlab-stiftung.de\/science-festival-2004-2017-2\/\"},{\"@type\":\"ListItem\",\"position\":3,\"name\":\"SF-2017-Pflanzenanbau auf dem Mars\"}]},{\"@type\":\"WebSite\",\"@id\":\"https:\/\/xlab-stiftung.de\/#website\",\"url\":\"https:\/\/xlab-stiftung.de\/\",\"name\":\"XLAB Stiftung\",\"description\":\"\",\"publisher\":{\"@id\":\"https:\/\/xlab-stiftung.de\/#organization\"},\"potentialAction\":[{\"@type\":\"SearchAction\",\"target\":{\"@type\":\"EntryPoint\",\"urlTemplate\":\"https:\/\/xlab-stiftung.de\/?s={search_term_string}\"},\"query-input\":\"required name=search_term_string\"}],\"inLanguage\":\"en-US\"},{\"@type\":\"Organization\",\"@id\":\"https:\/\/xlab-stiftung.de\/#organization\",\"name\":\"XLAB Stiftung\",\"url\":\"https:\/\/xlab-stiftung.de\/\",\"logo\":{\"@type\":\"ImageObject\",\"inLanguage\":\"en-US\",\"@id\":\"https:\/\/xlab-stiftung.de\/#\/schema\/logo\/image\/\",\"url\":\"https:\/\/xlab-stiftung.de\/wp-content\/uploads\/2023\/01\/ezgif.com-gif-maker-5.gif\",\"contentUrl\":\"https:\/\/xlab-stiftung.de\/wp-content\/uploads\/2023\/01\/ezgif.com-gif-maker-5.gif\",\"width\":2048,\"height\":230,\"caption\":\"XLAB Stiftung\"},\"image\":{\"@id\":\"https:\/\/xlab-stiftung.de\/#\/schema\/logo\/image\/\"}}]}<\/script>\n<!-- \/ Yoast SEO plugin. -->","yoast_head_json":{"title":"SF-2017-Pflanzenanbau auf dem Mars - XLAB Stiftung","robots":{"index":"index","follow":"follow","max-snippet":"max-snippet:-1","max-image-preview":"max-image-preview:large","max-video-preview":"max-video-preview:-1"},"canonical":"https:\/\/xlab-stiftung.de\/en\/science-festival-2004-2017-2\/sf-2017-pflanzenanbau-auf-dem-mars\/","og_locale":"en_US","og_type":"article","og_title":"SF-2017-Pflanzenanbau auf dem Mars - XLAB Stiftung","og_description":"Pflanzenanbau auf dem Mars &#8211; Und warum ich daf\u00fcr in die Antarktis gehe Dipl.-Ing. Paul ZabelInstitut f\u00fcr Raumfahrtsysteme, Deutsches Zentrum f\u00fcr Luft- und&hellip;","og_url":"https:\/\/xlab-stiftung.de\/en\/science-festival-2004-2017-2\/sf-2017-pflanzenanbau-auf-dem-mars\/","og_site_name":"XLAB Stiftung","twitter_card":"summary_large_image","twitter_misc":{"Est. reading time":"1 minute"},"schema":{"@context":"https:\/\/schema.org","@graph":[{"@type":"WebPage","@id":"https:\/\/xlab-stiftung.de\/science-festival-2004-2017-2\/sf-2017-pflanzenanbau-auf-dem-mars\/","url":"https:\/\/xlab-stiftung.de\/science-festival-2004-2017-2\/sf-2017-pflanzenanbau-auf-dem-mars\/","name":"SF-2017-Pflanzenanbau auf dem Mars - XLAB Stiftung","isPartOf":{"@id":"https:\/\/xlab-stiftung.de\/#website"},"datePublished":"2022-11-23T14:12:58+00:00","dateModified":"2022-11-23T14:12:58+00:00","breadcrumb":{"@id":"https:\/\/xlab-stiftung.de\/science-festival-2004-2017-2\/sf-2017-pflanzenanbau-auf-dem-mars\/#breadcrumb"},"inLanguage":"en-US","potentialAction":[{"@type":"ReadAction","target":["https:\/\/xlab-stiftung.de\/science-festival-2004-2017-2\/sf-2017-pflanzenanbau-auf-dem-mars\/"]}]},{"@type":"BreadcrumbList","@id":"https:\/\/xlab-stiftung.de\/science-festival-2004-2017-2\/sf-2017-pflanzenanbau-auf-dem-mars\/#breadcrumb","itemListElement":[{"@type":"ListItem","position":1,"name":"Startseite","item":"https:\/\/xlab-stiftung.de\/"},{"@type":"ListItem","position":2,"name":"Science Festival 2004-2023","item":"https:\/\/xlab-stiftung.de\/science-festival-2004-2017-2\/"},{"@type":"ListItem","position":3,"name":"SF-2017-Pflanzenanbau auf dem Mars"}]},{"@type":"WebSite","@id":"https:\/\/xlab-stiftung.de\/#website","url":"https:\/\/xlab-stiftung.de\/","name":"XLAB Stiftung","description":"","publisher":{"@id":"https:\/\/xlab-stiftung.de\/#organization"},"potentialAction":[{"@type":"SearchAction","target":{"@type":"EntryPoint","urlTemplate":"https:\/\/xlab-stiftung.de\/?s={search_term_string}"},"query-input":"required name=search_term_string"}],"inLanguage":"en-US"},{"@type":"Organization","@id":"https:\/\/xlab-stiftung.de\/#organization","name":"XLAB Stiftung","url":"https:\/\/xlab-stiftung.de\/","logo":{"@type":"ImageObject","inLanguage":"en-US","@id":"https:\/\/xlab-stiftung.de\/#\/schema\/logo\/image\/","url":"https:\/\/xlab-stiftung.de\/wp-content\/uploads\/2023\/01\/ezgif.com-gif-maker-5.gif","contentUrl":"https:\/\/xlab-stiftung.de\/wp-content\/uploads\/2023\/01\/ezgif.com-gif-maker-5.gif","width":2048,"height":230,"caption":"XLAB Stiftung"},"image":{"@id":"https:\/\/xlab-stiftung.de\/#\/schema\/logo\/image\/"}}]}},"_links":{"self":[{"href":"https:\/\/xlab-stiftung.de\/en\/wp-json\/wp\/v2\/pages\/421"}],"collection":[{"href":"https:\/\/xlab-stiftung.de\/en\/wp-json\/wp\/v2\/pages"}],"about":[{"href":"https:\/\/xlab-stiftung.de\/en\/wp-json\/wp\/v2\/types\/page"}],"author":[{"embeddable":true,"href":"https:\/\/xlab-stiftung.de\/en\/wp-json\/wp\/v2\/users\/1"}],"replies":[{"embeddable":true,"href":"https:\/\/xlab-stiftung.de\/en\/wp-json\/wp\/v2\/comments?post=421"}],"version-history":[{"count":1,"href":"https:\/\/xlab-stiftung.de\/en\/wp-json\/wp\/v2\/pages\/421\/revisions"}],"predecessor-version":[{"id":423,"href":"https:\/\/xlab-stiftung.de\/en\/wp-json\/wp\/v2\/pages\/421\/revisions\/423"}],"up":[{"embeddable":true,"href":"https:\/\/xlab-stiftung.de\/en\/wp-json\/wp\/v2\/pages\/133"}],"wp:attachment":[{"href":"https:\/\/xlab-stiftung.de\/en\/wp-json\/wp\/v2\/media?parent=421"}],"curies":[{"name":"wp","href":"https:\/\/api.w.org\/{rel}","templated":true}]}}