{"id":425,"date":"2022-11-23T14:13:31","date_gmt":"2022-11-23T14:13:31","guid":{"rendered":"https:\/\/xlab-stiftung.de\/?page_id=425"},"modified":"2022-11-23T14:13:31","modified_gmt":"2022-11-23T14:13:31","slug":"sf-2017-ein-neues-kilogramm-im-naechsten-jahr","status":"publish","type":"page","link":"https:\/\/xlab-stiftung.de\/en\/science-festival-2004-2017-2\/sf-2017-ein-neues-kilogramm-im-naechsten-jahr\/","title":{"rendered":"SF-2017-Ein neues Kilogramm im n\u00e4chsten Jahr"},"content":{"rendered":"<h1 class=\"wp-block-heading\">Ein neues Kilogramm im n\u00e4chsten Jahr ?! Wie mein Nobelpreis unser Ma\u00dfsystem ver\u00e4ndert<\/h1>\n\n\n\n<p><em>Prof. Dr. Klaus v. Klitzing&nbsp;<br><\/em><em>Max Planck Institut f\u00fcr Festk\u00f6rperforschung&nbsp;<\/em><em>Stuttgart<\/em><\/p>\n\n\n\n<p>Seit der franz\u00f6sischen Revolution hat sich das metrische System durchgesetzt: Mit dem Urmeter und Urkilogramm wurde erstmals ein weltweites Ma\u00dfsystem f\u00fcr L\u00e4ngen und Massen eingef\u00fchrt. Heutzutage basieren alle Messungen auf sieben Basiseinheiten, die so festgelegt wurden, dass unabh\u00e4ngig von Zeit und Ort diese Einheiten \u00fcberall in der Welt mit h\u00f6chster Pr\u00e4zision realisiert werden k\u00f6nnen. Das Kilogramm nimmt in diesem System eine Sonderstellung ein, da es heute noch durch ein Unikat, das Urkilogramm beim \u201eBureau Internationale des Poids et Mesures\u201c in Paris festgelegt ist. Dieses Unikat bereitet Probleme, da es sich anscheinend mit der Zeit ver\u00e4ndert.<\/p>\n\n\n\n<p>Durch die Entdeckung des \u201cquantisierten Halleffektes\u201c (Nobelpreis 1985) wurde ein elektrischer Widerstand gefunden, der nur von Naturkonstanten abh\u00e4ngt und \u00fcberall in der Welt mit h\u00f6chster Pr\u00e4zision hergestellt werden kann. Diese Entdeckung erm\u00f6glicht es, unser Einheitensystem auf eine stabilere Grundlage zu stellen. Es ist geplant, im Jahr 2018 die Basisgr\u00f6\u00dfen unseres Einheitensystems, insbesondere das Kilogramm, das Ampere, das Kelvin und das Mol durch festgelegte Werte f\u00fcr Naturkonstanten neu zu definieren und speziell das Kilogramm durch die Festlegung des Wertes f\u00fcr das Planck\u2019sche Wirkungsquantum zu realisieren.&nbsp;<\/p>\n\n\n\n<p>Der Vortrag gibt einen \u00dcberblick, wie Grundlagenforschung an einem Bauelement der Halbleiterindustrie zu einem Nobelpreis f\u00fchrte und dadurch die gr\u00f6\u00dfte Revolution in der Messtechnik seit der franz\u00f6sischen Revolution ausgel\u00f6st wurde.<\/p>","protected":false},"excerpt":{"rendered":"<p>Ein neues Kilogramm im n\u00e4chsten Jahr ?! Wie mein Nobelpreis unser Ma\u00dfsystem ver\u00e4ndert Prof. Dr. Klaus v. Klitzing&nbsp;Max Planck Institut f\u00fcr Festk\u00f6rperforschung&nbsp;Stuttgart Seit&hellip;<\/p>","protected":false},"author":1,"featured_media":0,"parent":133,"menu_order":59,"comment_status":"closed","ping_status":"closed","template":"","meta":[],"yoast_head":"<!-- This site is optimized with the Yoast SEO plugin v21.2 - https:\/\/yoast.com\/wordpress\/plugins\/seo\/ -->\n<title>SF-2017-Ein neues Kilogramm im n\u00e4chsten Jahr - XLAB Stiftung<\/title>\n<meta name=\"robots\" content=\"index, follow, max-snippet:-1, max-image-preview:large, max-video-preview:-1\" \/>\n<link rel=\"canonical\" href=\"https:\/\/xlab-stiftung.de\/en\/science-festival-2004-2017-2\/sf-2017-ein-neues-kilogramm-im-naechsten-jahr\/\" \/>\n<meta property=\"og:locale\" content=\"en_US\" \/>\n<meta property=\"og:type\" content=\"article\" \/>\n<meta property=\"og:title\" content=\"SF-2017-Ein neues Kilogramm im n\u00e4chsten Jahr - XLAB Stiftung\" \/>\n<meta property=\"og:description\" content=\"Ein neues Kilogramm im n\u00e4chsten Jahr ?! Wie mein Nobelpreis unser Ma\u00dfsystem ver\u00e4ndert Prof. Dr. Klaus v. Klitzing&nbsp;Max Planck Institut f\u00fcr Festk\u00f6rperforschung&nbsp;Stuttgart Seit&hellip;\" \/>\n<meta property=\"og:url\" content=\"https:\/\/xlab-stiftung.de\/en\/science-festival-2004-2017-2\/sf-2017-ein-neues-kilogramm-im-naechsten-jahr\/\" \/>\n<meta property=\"og:site_name\" content=\"XLAB Stiftung\" \/>\n<meta name=\"twitter:card\" content=\"summary_large_image\" \/>\n<meta name=\"twitter:label1\" content=\"Est. reading time\" \/>\n\t<meta name=\"twitter:data1\" content=\"1 minute\" \/>\n<script type=\"application\/ld+json\" class=\"yoast-schema-graph\">{\"@context\":\"https:\/\/schema.org\",\"@graph\":[{\"@type\":\"WebPage\",\"@id\":\"https:\/\/xlab-stiftung.de\/science-festival-2004-2017-2\/sf-2017-ein-neues-kilogramm-im-naechsten-jahr\/\",\"url\":\"https:\/\/xlab-stiftung.de\/science-festival-2004-2017-2\/sf-2017-ein-neues-kilogramm-im-naechsten-jahr\/\",\"name\":\"SF-2017-Ein neues Kilogramm im n\u00e4chsten Jahr - XLAB Stiftung\",\"isPartOf\":{\"@id\":\"https:\/\/xlab-stiftung.de\/#website\"},\"datePublished\":\"2022-11-23T14:13:31+00:00\",\"dateModified\":\"2022-11-23T14:13:31+00:00\",\"breadcrumb\":{\"@id\":\"https:\/\/xlab-stiftung.de\/science-festival-2004-2017-2\/sf-2017-ein-neues-kilogramm-im-naechsten-jahr\/#breadcrumb\"},\"inLanguage\":\"en-US\",\"potentialAction\":[{\"@type\":\"ReadAction\",\"target\":[\"https:\/\/xlab-stiftung.de\/science-festival-2004-2017-2\/sf-2017-ein-neues-kilogramm-im-naechsten-jahr\/\"]}]},{\"@type\":\"BreadcrumbList\",\"@id\":\"https:\/\/xlab-stiftung.de\/science-festival-2004-2017-2\/sf-2017-ein-neues-kilogramm-im-naechsten-jahr\/#breadcrumb\",\"itemListElement\":[{\"@type\":\"ListItem\",\"position\":1,\"name\":\"Startseite\",\"item\":\"https:\/\/xlab-stiftung.de\/\"},{\"@type\":\"ListItem\",\"position\":2,\"name\":\"Science Festival 2004-2023\",\"item\":\"https:\/\/xlab-stiftung.de\/science-festival-2004-2017-2\/\"},{\"@type\":\"ListItem\",\"position\":3,\"name\":\"SF-2017-Ein neues Kilogramm im n\u00e4chsten Jahr\"}]},{\"@type\":\"WebSite\",\"@id\":\"https:\/\/xlab-stiftung.de\/#website\",\"url\":\"https:\/\/xlab-stiftung.de\/\",\"name\":\"XLAB Stiftung\",\"description\":\"\",\"publisher\":{\"@id\":\"https:\/\/xlab-stiftung.de\/#organization\"},\"potentialAction\":[{\"@type\":\"SearchAction\",\"target\":{\"@type\":\"EntryPoint\",\"urlTemplate\":\"https:\/\/xlab-stiftung.de\/?s={search_term_string}\"},\"query-input\":\"required name=search_term_string\"}],\"inLanguage\":\"en-US\"},{\"@type\":\"Organization\",\"@id\":\"https:\/\/xlab-stiftung.de\/#organization\",\"name\":\"XLAB Stiftung\",\"url\":\"https:\/\/xlab-stiftung.de\/\",\"logo\":{\"@type\":\"ImageObject\",\"inLanguage\":\"en-US\",\"@id\":\"https:\/\/xlab-stiftung.de\/#\/schema\/logo\/image\/\",\"url\":\"https:\/\/xlab-stiftung.de\/wp-content\/uploads\/2023\/01\/ezgif.com-gif-maker-5.gif\",\"contentUrl\":\"https:\/\/xlab-stiftung.de\/wp-content\/uploads\/2023\/01\/ezgif.com-gif-maker-5.gif\",\"width\":2048,\"height\":230,\"caption\":\"XLAB Stiftung\"},\"image\":{\"@id\":\"https:\/\/xlab-stiftung.de\/#\/schema\/logo\/image\/\"}}]}<\/script>\n<!-- \/ Yoast SEO plugin. -->","yoast_head_json":{"title":"SF-2017-Ein neues Kilogramm im n\u00e4chsten Jahr - XLAB Stiftung","robots":{"index":"index","follow":"follow","max-snippet":"max-snippet:-1","max-image-preview":"max-image-preview:large","max-video-preview":"max-video-preview:-1"},"canonical":"https:\/\/xlab-stiftung.de\/en\/science-festival-2004-2017-2\/sf-2017-ein-neues-kilogramm-im-naechsten-jahr\/","og_locale":"en_US","og_type":"article","og_title":"SF-2017-Ein neues Kilogramm im n\u00e4chsten Jahr - XLAB Stiftung","og_description":"Ein neues Kilogramm im n\u00e4chsten Jahr ?! Wie mein Nobelpreis unser Ma\u00dfsystem ver\u00e4ndert Prof. Dr. Klaus v. Klitzing&nbsp;Max Planck Institut f\u00fcr Festk\u00f6rperforschung&nbsp;Stuttgart Seit&hellip;","og_url":"https:\/\/xlab-stiftung.de\/en\/science-festival-2004-2017-2\/sf-2017-ein-neues-kilogramm-im-naechsten-jahr\/","og_site_name":"XLAB Stiftung","twitter_card":"summary_large_image","twitter_misc":{"Est. reading time":"1 minute"},"schema":{"@context":"https:\/\/schema.org","@graph":[{"@type":"WebPage","@id":"https:\/\/xlab-stiftung.de\/science-festival-2004-2017-2\/sf-2017-ein-neues-kilogramm-im-naechsten-jahr\/","url":"https:\/\/xlab-stiftung.de\/science-festival-2004-2017-2\/sf-2017-ein-neues-kilogramm-im-naechsten-jahr\/","name":"SF-2017-Ein neues Kilogramm im n\u00e4chsten Jahr - XLAB Stiftung","isPartOf":{"@id":"https:\/\/xlab-stiftung.de\/#website"},"datePublished":"2022-11-23T14:13:31+00:00","dateModified":"2022-11-23T14:13:31+00:00","breadcrumb":{"@id":"https:\/\/xlab-stiftung.de\/science-festival-2004-2017-2\/sf-2017-ein-neues-kilogramm-im-naechsten-jahr\/#breadcrumb"},"inLanguage":"en-US","potentialAction":[{"@type":"ReadAction","target":["https:\/\/xlab-stiftung.de\/science-festival-2004-2017-2\/sf-2017-ein-neues-kilogramm-im-naechsten-jahr\/"]}]},{"@type":"BreadcrumbList","@id":"https:\/\/xlab-stiftung.de\/science-festival-2004-2017-2\/sf-2017-ein-neues-kilogramm-im-naechsten-jahr\/#breadcrumb","itemListElement":[{"@type":"ListItem","position":1,"name":"Startseite","item":"https:\/\/xlab-stiftung.de\/"},{"@type":"ListItem","position":2,"name":"Science Festival 2004-2023","item":"https:\/\/xlab-stiftung.de\/science-festival-2004-2017-2\/"},{"@type":"ListItem","position":3,"name":"SF-2017-Ein neues Kilogramm im n\u00e4chsten Jahr"}]},{"@type":"WebSite","@id":"https:\/\/xlab-stiftung.de\/#website","url":"https:\/\/xlab-stiftung.de\/","name":"XLAB Stiftung","description":"","publisher":{"@id":"https:\/\/xlab-stiftung.de\/#organization"},"potentialAction":[{"@type":"SearchAction","target":{"@type":"EntryPoint","urlTemplate":"https:\/\/xlab-stiftung.de\/?s={search_term_string}"},"query-input":"required name=search_term_string"}],"inLanguage":"en-US"},{"@type":"Organization","@id":"https:\/\/xlab-stiftung.de\/#organization","name":"XLAB Stiftung","url":"https:\/\/xlab-stiftung.de\/","logo":{"@type":"ImageObject","inLanguage":"en-US","@id":"https:\/\/xlab-stiftung.de\/#\/schema\/logo\/image\/","url":"https:\/\/xlab-stiftung.de\/wp-content\/uploads\/2023\/01\/ezgif.com-gif-maker-5.gif","contentUrl":"https:\/\/xlab-stiftung.de\/wp-content\/uploads\/2023\/01\/ezgif.com-gif-maker-5.gif","width":2048,"height":230,"caption":"XLAB Stiftung"},"image":{"@id":"https:\/\/xlab-stiftung.de\/#\/schema\/logo\/image\/"}}]}},"_links":{"self":[{"href":"https:\/\/xlab-stiftung.de\/en\/wp-json\/wp\/v2\/pages\/425"}],"collection":[{"href":"https:\/\/xlab-stiftung.de\/en\/wp-json\/wp\/v2\/pages"}],"about":[{"href":"https:\/\/xlab-stiftung.de\/en\/wp-json\/wp\/v2\/types\/page"}],"author":[{"embeddable":true,"href":"https:\/\/xlab-stiftung.de\/en\/wp-json\/wp\/v2\/users\/1"}],"replies":[{"embeddable":true,"href":"https:\/\/xlab-stiftung.de\/en\/wp-json\/wp\/v2\/comments?post=425"}],"version-history":[{"count":1,"href":"https:\/\/xlab-stiftung.de\/en\/wp-json\/wp\/v2\/pages\/425\/revisions"}],"predecessor-version":[{"id":427,"href":"https:\/\/xlab-stiftung.de\/en\/wp-json\/wp\/v2\/pages\/425\/revisions\/427"}],"up":[{"embeddable":true,"href":"https:\/\/xlab-stiftung.de\/en\/wp-json\/wp\/v2\/pages\/133"}],"wp:attachment":[{"href":"https:\/\/xlab-stiftung.de\/en\/wp-json\/wp\/v2\/media?parent=425"}],"curies":[{"name":"wp","href":"https:\/\/api.w.org\/{rel}","templated":true}]}}