{"id":429,"date":"2022-11-23T14:14:10","date_gmt":"2022-11-23T14:14:10","guid":{"rendered":"https:\/\/xlab-stiftung.de\/?page_id=429"},"modified":"2022-11-23T14:14:10","modified_gmt":"2022-11-23T14:14:10","slug":"sf-2017-wie-sieht-unsere-zukunft-aus","status":"publish","type":"page","link":"https:\/\/xlab-stiftung.de\/en\/science-festival-2004-2017-2\/sf-2017-wie-sieht-unsere-zukunft-aus\/","title":{"rendered":"SF-2017-Wie sieht unsere Zukunft aus"},"content":{"rendered":"<h1 class=\"wp-block-heading\">Wie sieht unsere Zukunft aus \u2013 Was sollten wir wissen? Was k\u00f6nnen wir tun? Wie wollen wir leben?<\/h1>\n\n\n\n<p><em>Prof. Dr. Joachim Treusch, Bremen<\/em><\/p>\n\n\n\n<p>\u201ePrognosen sind schwierig, besonders wenn sie die Zukunft betreffen.\u201c Dieser alte Spruch ist wahr. Er enthebt uns aber nicht der Verantwortung, unsere Zukunft zu planen. Zukunftsszenarios haben also bei allem Fehlerrisiko einen guten Sinn, wenn sie denn stetig und selbstkritisch \u00fcberpr\u00fcft werden. Welch unvorhersehbare Entwicklungen uns dabei \u00fcberraschen k\u00f6nnen, hat uns das Jahr 2016 eindr\u00fccklich gelehrt. Dennoch \u2013 es gibt langfristige Linien:<\/p>\n\n\n\n<p>Die rasant ansteigende Weltbev\u00f6lkerung stellt uns vor gro\u00dfe Probleme, auch wenn enorme technische Fortschritte diese vor\u00fcbergehend verdecken: Das vorhergesagte Ende der Verf\u00fcgbarkeit fossiler Energieressourcen verschiebt sich durch neuentdeckte Quellen, die Fortschritte der Bio- und Gentechnologie erlauben eine effektivere Lebensmittelproduktion, die rasante Entwicklung der Mikro- und Nanotechnologie sprengt mit Internet, Laptop und Smartphone alle gesellschaftlichen Vorstellungen des 20. Jahrhunderts, die mittlere Lebenserwartung steigt unaufh\u00f6rlich an. Heute wird aber immer klarer, dass all diese Fortschritte Probleme nicht nur l\u00f6sen, sondern sie zum Teil versch\u00e4rfen, oder gar ganz neue Probleme generieren.<\/p>\n\n\n\n<p>Die sozialen, politischen und teils kriegerischen, teils terroristischen Folgen einer global betrachtet asymmetrischen Bev\u00f6lkerungsentwicklung, mit der eine asymmetrische Wohlstandsverteilung einhergeht, sind besonders an der Bruchlinie zwischen dem reichen Norden und dem armen S\u00fcden dramatisch: Hungrige junge Bev\u00f6lkerungen stehen satten alternden Wohlstandsgesellschaften gegen\u00fcber. Ein sich entwickelndes Gleichgewicht ist nicht zu erkennen, zumal sich der Verteilungsproblematik noch ideologisch oder religi\u00f6s gen\u00e4hrte Spannungen \u00fcberlagern. Eine schnelle L\u00f6sung steht nicht in Sicht, eine langfristige L\u00f6sung kann nur in weltweiter Verbesserung der Ausbildung nachwachsender Generationen bestehen. Politik und Wissenschaft stehen in gemeinsamer Verantwortung.<\/p>","protected":false},"excerpt":{"rendered":"<p>Wie sieht unsere Zukunft aus \u2013 Was sollten wir wissen? Was k\u00f6nnen wir tun? Wie wollen wir leben? Prof. Dr. Joachim Treusch, Bremen&hellip;<\/p>","protected":false},"author":1,"featured_media":0,"parent":133,"menu_order":55,"comment_status":"closed","ping_status":"closed","template":"","meta":[],"yoast_head":"<!-- This site is optimized with the Yoast SEO plugin v21.2 - https:\/\/yoast.com\/wordpress\/plugins\/seo\/ -->\n<title>SF-2017-Wie sieht unsere Zukunft aus - XLAB Stiftung<\/title>\n<meta name=\"robots\" content=\"index, follow, max-snippet:-1, max-image-preview:large, max-video-preview:-1\" \/>\n<link rel=\"canonical\" href=\"https:\/\/xlab-stiftung.de\/en\/science-festival-2004-2017-2\/sf-2017-wie-sieht-unsere-zukunft-aus\/\" \/>\n<meta property=\"og:locale\" content=\"en_US\" \/>\n<meta property=\"og:type\" content=\"article\" \/>\n<meta property=\"og:title\" content=\"SF-2017-Wie sieht unsere Zukunft aus - XLAB Stiftung\" \/>\n<meta property=\"og:description\" content=\"Wie sieht unsere Zukunft aus \u2013 Was sollten wir wissen? Was k\u00f6nnen wir tun? Wie wollen wir leben? Prof. Dr. Joachim Treusch, Bremen&hellip;\" \/>\n<meta property=\"og:url\" content=\"https:\/\/xlab-stiftung.de\/en\/science-festival-2004-2017-2\/sf-2017-wie-sieht-unsere-zukunft-aus\/\" \/>\n<meta property=\"og:site_name\" content=\"XLAB Stiftung\" \/>\n<meta name=\"twitter:card\" content=\"summary_large_image\" \/>\n<meta name=\"twitter:label1\" content=\"Est. reading time\" \/>\n\t<meta name=\"twitter:data1\" content=\"1 minute\" \/>\n<script type=\"application\/ld+json\" class=\"yoast-schema-graph\">{\"@context\":\"https:\/\/schema.org\",\"@graph\":[{\"@type\":\"WebPage\",\"@id\":\"https:\/\/xlab-stiftung.de\/science-festival-2004-2017-2\/sf-2017-wie-sieht-unsere-zukunft-aus\/\",\"url\":\"https:\/\/xlab-stiftung.de\/science-festival-2004-2017-2\/sf-2017-wie-sieht-unsere-zukunft-aus\/\",\"name\":\"SF-2017-Wie sieht unsere Zukunft aus - XLAB Stiftung\",\"isPartOf\":{\"@id\":\"https:\/\/xlab-stiftung.de\/#website\"},\"datePublished\":\"2022-11-23T14:14:10+00:00\",\"dateModified\":\"2022-11-23T14:14:10+00:00\",\"breadcrumb\":{\"@id\":\"https:\/\/xlab-stiftung.de\/science-festival-2004-2017-2\/sf-2017-wie-sieht-unsere-zukunft-aus\/#breadcrumb\"},\"inLanguage\":\"en-US\",\"potentialAction\":[{\"@type\":\"ReadAction\",\"target\":[\"https:\/\/xlab-stiftung.de\/science-festival-2004-2017-2\/sf-2017-wie-sieht-unsere-zukunft-aus\/\"]}]},{\"@type\":\"BreadcrumbList\",\"@id\":\"https:\/\/xlab-stiftung.de\/science-festival-2004-2017-2\/sf-2017-wie-sieht-unsere-zukunft-aus\/#breadcrumb\",\"itemListElement\":[{\"@type\":\"ListItem\",\"position\":1,\"name\":\"Startseite\",\"item\":\"https:\/\/xlab-stiftung.de\/\"},{\"@type\":\"ListItem\",\"position\":2,\"name\":\"Science Festival 2004-2023\",\"item\":\"https:\/\/xlab-stiftung.de\/science-festival-2004-2017-2\/\"},{\"@type\":\"ListItem\",\"position\":3,\"name\":\"SF-2017-Wie sieht unsere Zukunft aus\"}]},{\"@type\":\"WebSite\",\"@id\":\"https:\/\/xlab-stiftung.de\/#website\",\"url\":\"https:\/\/xlab-stiftung.de\/\",\"name\":\"XLAB Stiftung\",\"description\":\"\",\"publisher\":{\"@id\":\"https:\/\/xlab-stiftung.de\/#organization\"},\"potentialAction\":[{\"@type\":\"SearchAction\",\"target\":{\"@type\":\"EntryPoint\",\"urlTemplate\":\"https:\/\/xlab-stiftung.de\/?s={search_term_string}\"},\"query-input\":\"required name=search_term_string\"}],\"inLanguage\":\"en-US\"},{\"@type\":\"Organization\",\"@id\":\"https:\/\/xlab-stiftung.de\/#organization\",\"name\":\"XLAB Stiftung\",\"url\":\"https:\/\/xlab-stiftung.de\/\",\"logo\":{\"@type\":\"ImageObject\",\"inLanguage\":\"en-US\",\"@id\":\"https:\/\/xlab-stiftung.de\/#\/schema\/logo\/image\/\",\"url\":\"https:\/\/xlab-stiftung.de\/wp-content\/uploads\/2023\/01\/ezgif.com-gif-maker-5.gif\",\"contentUrl\":\"https:\/\/xlab-stiftung.de\/wp-content\/uploads\/2023\/01\/ezgif.com-gif-maker-5.gif\",\"width\":2048,\"height\":230,\"caption\":\"XLAB Stiftung\"},\"image\":{\"@id\":\"https:\/\/xlab-stiftung.de\/#\/schema\/logo\/image\/\"}}]}<\/script>\n<!-- \/ Yoast SEO plugin. -->","yoast_head_json":{"title":"SF-2017-Wie sieht unsere Zukunft aus - XLAB Stiftung","robots":{"index":"index","follow":"follow","max-snippet":"max-snippet:-1","max-image-preview":"max-image-preview:large","max-video-preview":"max-video-preview:-1"},"canonical":"https:\/\/xlab-stiftung.de\/en\/science-festival-2004-2017-2\/sf-2017-wie-sieht-unsere-zukunft-aus\/","og_locale":"en_US","og_type":"article","og_title":"SF-2017-Wie sieht unsere Zukunft aus - XLAB Stiftung","og_description":"Wie sieht unsere Zukunft aus \u2013 Was sollten wir wissen? Was k\u00f6nnen wir tun? Wie wollen wir leben? Prof. Dr. Joachim Treusch, Bremen&hellip;","og_url":"https:\/\/xlab-stiftung.de\/en\/science-festival-2004-2017-2\/sf-2017-wie-sieht-unsere-zukunft-aus\/","og_site_name":"XLAB Stiftung","twitter_card":"summary_large_image","twitter_misc":{"Est. reading time":"1 minute"},"schema":{"@context":"https:\/\/schema.org","@graph":[{"@type":"WebPage","@id":"https:\/\/xlab-stiftung.de\/science-festival-2004-2017-2\/sf-2017-wie-sieht-unsere-zukunft-aus\/","url":"https:\/\/xlab-stiftung.de\/science-festival-2004-2017-2\/sf-2017-wie-sieht-unsere-zukunft-aus\/","name":"SF-2017-Wie sieht unsere Zukunft aus - XLAB Stiftung","isPartOf":{"@id":"https:\/\/xlab-stiftung.de\/#website"},"datePublished":"2022-11-23T14:14:10+00:00","dateModified":"2022-11-23T14:14:10+00:00","breadcrumb":{"@id":"https:\/\/xlab-stiftung.de\/science-festival-2004-2017-2\/sf-2017-wie-sieht-unsere-zukunft-aus\/#breadcrumb"},"inLanguage":"en-US","potentialAction":[{"@type":"ReadAction","target":["https:\/\/xlab-stiftung.de\/science-festival-2004-2017-2\/sf-2017-wie-sieht-unsere-zukunft-aus\/"]}]},{"@type":"BreadcrumbList","@id":"https:\/\/xlab-stiftung.de\/science-festival-2004-2017-2\/sf-2017-wie-sieht-unsere-zukunft-aus\/#breadcrumb","itemListElement":[{"@type":"ListItem","position":1,"name":"Startseite","item":"https:\/\/xlab-stiftung.de\/"},{"@type":"ListItem","position":2,"name":"Science Festival 2004-2023","item":"https:\/\/xlab-stiftung.de\/science-festival-2004-2017-2\/"},{"@type":"ListItem","position":3,"name":"SF-2017-Wie sieht unsere Zukunft aus"}]},{"@type":"WebSite","@id":"https:\/\/xlab-stiftung.de\/#website","url":"https:\/\/xlab-stiftung.de\/","name":"XLAB Stiftung","description":"","publisher":{"@id":"https:\/\/xlab-stiftung.de\/#organization"},"potentialAction":[{"@type":"SearchAction","target":{"@type":"EntryPoint","urlTemplate":"https:\/\/xlab-stiftung.de\/?s={search_term_string}"},"query-input":"required name=search_term_string"}],"inLanguage":"en-US"},{"@type":"Organization","@id":"https:\/\/xlab-stiftung.de\/#organization","name":"XLAB Stiftung","url":"https:\/\/xlab-stiftung.de\/","logo":{"@type":"ImageObject","inLanguage":"en-US","@id":"https:\/\/xlab-stiftung.de\/#\/schema\/logo\/image\/","url":"https:\/\/xlab-stiftung.de\/wp-content\/uploads\/2023\/01\/ezgif.com-gif-maker-5.gif","contentUrl":"https:\/\/xlab-stiftung.de\/wp-content\/uploads\/2023\/01\/ezgif.com-gif-maker-5.gif","width":2048,"height":230,"caption":"XLAB Stiftung"},"image":{"@id":"https:\/\/xlab-stiftung.de\/#\/schema\/logo\/image\/"}}]}},"_links":{"self":[{"href":"https:\/\/xlab-stiftung.de\/en\/wp-json\/wp\/v2\/pages\/429"}],"collection":[{"href":"https:\/\/xlab-stiftung.de\/en\/wp-json\/wp\/v2\/pages"}],"about":[{"href":"https:\/\/xlab-stiftung.de\/en\/wp-json\/wp\/v2\/types\/page"}],"author":[{"embeddable":true,"href":"https:\/\/xlab-stiftung.de\/en\/wp-json\/wp\/v2\/users\/1"}],"replies":[{"embeddable":true,"href":"https:\/\/xlab-stiftung.de\/en\/wp-json\/wp\/v2\/comments?post=429"}],"version-history":[{"count":1,"href":"https:\/\/xlab-stiftung.de\/en\/wp-json\/wp\/v2\/pages\/429\/revisions"}],"predecessor-version":[{"id":431,"href":"https:\/\/xlab-stiftung.de\/en\/wp-json\/wp\/v2\/pages\/429\/revisions\/431"}],"up":[{"embeddable":true,"href":"https:\/\/xlab-stiftung.de\/en\/wp-json\/wp\/v2\/pages\/133"}],"wp:attachment":[{"href":"https:\/\/xlab-stiftung.de\/en\/wp-json\/wp\/v2\/media?parent=429"}],"curies":[{"name":"wp","href":"https:\/\/api.w.org\/{rel}","templated":true}]}}