{"id":433,"date":"2022-11-23T14:14:45","date_gmt":"2022-11-23T14:14:45","guid":{"rendered":"https:\/\/xlab-stiftung.de\/?page_id=433"},"modified":"2022-11-23T14:14:45","modified_gmt":"2022-11-23T14:14:45","slug":"sf-2017-gibt-es-leben-auf-anderen-planeten","status":"publish","type":"page","link":"https:\/\/xlab-stiftung.de\/en\/science-festival-2004-2017-2\/sf-2017-gibt-es-leben-auf-anderen-planeten\/","title":{"rendered":"SF-2017-Gibt es Leben auf anderen Planeten"},"content":{"rendered":"<h1 class=\"wp-block-heading\">Gibt es Leben auf anderen Planeten? Wie die Wissenschaft einer Antwort immer n\u00e4her kommt<\/h1>\n\n\n\n<p><em>Prof. Dr. Ansgar Reiners<br><\/em><em>Universit\u00e4t G\u00f6ttingen<\/em><\/p>\n\n\n\n<p>Sind wir allein im Universum? Existieren Zivilisationen in anderen Sternsystemen? Ist das Leben auf der Erde eine zwangsl\u00e4ufige Folge von Naturgesetzen oder eine kosmische Ausnahme? &nbsp;Gibt es \u00fcberhaupt andere Planeten, und wenn ja, was f\u00fcr welche? Diese und andere Fragen besch\u00e4ftigen den Menschen seit jeher und das Verst\u00e4ndnis unserer Existenz ist Thema sehr verschiedener Disziplinen. In den vergangenen 20 Jahren wurden bei der Suche nach Antworten auf solche Fragen in den naturwissenschaftlichen Disziplinen riesige Fortschritte erzielt. W\u00e4hrend vor 25 Jahren nur Vermutungen \u00fcber die Existenz anderer Planeten als Grundlage f\u00fcr die Entwicklung von Leben angestellt werden konnten, kennen wir heute einen kaum \u00fcberschaubaren \u201eZoo\u201c von extrasolaren Planeten und die Natur hat uns einmal mehr mit unerwarteter Vielfalt und \u00fcberbordender F\u00fclle \u00fcberrascht. Die neuen &nbsp;Entdeckungen helfen uns, Antworten zu geben auf die Frage, wie einzigartig unser Planet ist und wie unausweichlich die Entstehung von Leben.<\/p>\n\n\n\n<p>Unsere Generation erlebt den Umbruch in dieser Wissenschaft hautnah: War die Diskussion um Leben im All lange Zeit Philosophen und Science-Fiction Autoren vorbehalten, so machen unsere technischen M\u00f6glichkeiten heute so rasante Fortschritte, dass wir in den Sensationsmeldungen (&#8222;Zweite Erde entdeckt&#8220;) die wissenschaftlich belastbaren Fakten oft nur schwer von subjektiven Interpretationen oder Zukunftsvisionen unterscheiden k\u00f6nnen. In jedem Fall versprechen die kommenden Jahrzehnte eine wahre Achterbahnfahrt der wissenschaftlichen M\u00f6glichkeiten, getrieben von einem Wettrennen um die beste Technologie und von neuen Ideen, die bei der Suche nach echtem Leben noch notwendig sind. F\u00fcr die n\u00e4chste Wissenschaftlergeneration und f\u00fcr unser Selbstverst\u00e4ndnis als Mensch ist das eine ganz besondere Herausforderung.<\/p>","protected":false},"excerpt":{"rendered":"<p>Gibt es Leben auf anderen Planeten? Wie die Wissenschaft einer Antwort immer n\u00e4her kommt Prof. Dr. Ansgar ReinersUniversit\u00e4t G\u00f6ttingen Sind wir allein im&hellip;<\/p>","protected":false},"author":1,"featured_media":0,"parent":133,"menu_order":57,"comment_status":"closed","ping_status":"closed","template":"","meta":[],"yoast_head":"<!-- This site is optimized with the Yoast SEO plugin v21.2 - https:\/\/yoast.com\/wordpress\/plugins\/seo\/ -->\n<title>SF-2017-Gibt es Leben auf anderen Planeten - XLAB Stiftung<\/title>\n<meta name=\"robots\" content=\"index, follow, max-snippet:-1, max-image-preview:large, max-video-preview:-1\" \/>\n<link rel=\"canonical\" href=\"https:\/\/xlab-stiftung.de\/en\/science-festival-2004-2017-2\/sf-2017-gibt-es-leben-auf-anderen-planeten\/\" \/>\n<meta property=\"og:locale\" content=\"en_US\" \/>\n<meta property=\"og:type\" content=\"article\" \/>\n<meta property=\"og:title\" content=\"SF-2017-Gibt es Leben auf anderen Planeten - XLAB Stiftung\" \/>\n<meta property=\"og:description\" content=\"Gibt es Leben auf anderen Planeten? Wie die Wissenschaft einer Antwort immer n\u00e4her kommt Prof. Dr. Ansgar ReinersUniversit\u00e4t G\u00f6ttingen Sind wir allein im&hellip;\" \/>\n<meta property=\"og:url\" content=\"https:\/\/xlab-stiftung.de\/en\/science-festival-2004-2017-2\/sf-2017-gibt-es-leben-auf-anderen-planeten\/\" \/>\n<meta property=\"og:site_name\" content=\"XLAB Stiftung\" \/>\n<meta name=\"twitter:card\" content=\"summary_large_image\" \/>\n<meta name=\"twitter:label1\" content=\"Est. reading time\" \/>\n\t<meta name=\"twitter:data1\" content=\"1 minute\" \/>\n<script type=\"application\/ld+json\" class=\"yoast-schema-graph\">{\"@context\":\"https:\/\/schema.org\",\"@graph\":[{\"@type\":\"WebPage\",\"@id\":\"https:\/\/xlab-stiftung.de\/science-festival-2004-2017-2\/sf-2017-gibt-es-leben-auf-anderen-planeten\/\",\"url\":\"https:\/\/xlab-stiftung.de\/science-festival-2004-2017-2\/sf-2017-gibt-es-leben-auf-anderen-planeten\/\",\"name\":\"SF-2017-Gibt es Leben auf anderen Planeten - XLAB Stiftung\",\"isPartOf\":{\"@id\":\"https:\/\/xlab-stiftung.de\/#website\"},\"datePublished\":\"2022-11-23T14:14:45+00:00\",\"dateModified\":\"2022-11-23T14:14:45+00:00\",\"breadcrumb\":{\"@id\":\"https:\/\/xlab-stiftung.de\/science-festival-2004-2017-2\/sf-2017-gibt-es-leben-auf-anderen-planeten\/#breadcrumb\"},\"inLanguage\":\"en-US\",\"potentialAction\":[{\"@type\":\"ReadAction\",\"target\":[\"https:\/\/xlab-stiftung.de\/science-festival-2004-2017-2\/sf-2017-gibt-es-leben-auf-anderen-planeten\/\"]}]},{\"@type\":\"BreadcrumbList\",\"@id\":\"https:\/\/xlab-stiftung.de\/science-festival-2004-2017-2\/sf-2017-gibt-es-leben-auf-anderen-planeten\/#breadcrumb\",\"itemListElement\":[{\"@type\":\"ListItem\",\"position\":1,\"name\":\"Startseite\",\"item\":\"https:\/\/xlab-stiftung.de\/\"},{\"@type\":\"ListItem\",\"position\":2,\"name\":\"Science Festival 2004-2023\",\"item\":\"https:\/\/xlab-stiftung.de\/science-festival-2004-2017-2\/\"},{\"@type\":\"ListItem\",\"position\":3,\"name\":\"SF-2017-Gibt es Leben auf anderen Planeten\"}]},{\"@type\":\"WebSite\",\"@id\":\"https:\/\/xlab-stiftung.de\/#website\",\"url\":\"https:\/\/xlab-stiftung.de\/\",\"name\":\"XLAB Stiftung\",\"description\":\"\",\"publisher\":{\"@id\":\"https:\/\/xlab-stiftung.de\/#organization\"},\"potentialAction\":[{\"@type\":\"SearchAction\",\"target\":{\"@type\":\"EntryPoint\",\"urlTemplate\":\"https:\/\/xlab-stiftung.de\/?s={search_term_string}\"},\"query-input\":\"required name=search_term_string\"}],\"inLanguage\":\"en-US\"},{\"@type\":\"Organization\",\"@id\":\"https:\/\/xlab-stiftung.de\/#organization\",\"name\":\"XLAB Stiftung\",\"url\":\"https:\/\/xlab-stiftung.de\/\",\"logo\":{\"@type\":\"ImageObject\",\"inLanguage\":\"en-US\",\"@id\":\"https:\/\/xlab-stiftung.de\/#\/schema\/logo\/image\/\",\"url\":\"https:\/\/xlab-stiftung.de\/wp-content\/uploads\/2023\/01\/ezgif.com-gif-maker-5.gif\",\"contentUrl\":\"https:\/\/xlab-stiftung.de\/wp-content\/uploads\/2023\/01\/ezgif.com-gif-maker-5.gif\",\"width\":2048,\"height\":230,\"caption\":\"XLAB Stiftung\"},\"image\":{\"@id\":\"https:\/\/xlab-stiftung.de\/#\/schema\/logo\/image\/\"}}]}<\/script>\n<!-- \/ Yoast SEO plugin. -->","yoast_head_json":{"title":"SF-2017-Gibt es Leben auf anderen Planeten - XLAB Stiftung","robots":{"index":"index","follow":"follow","max-snippet":"max-snippet:-1","max-image-preview":"max-image-preview:large","max-video-preview":"max-video-preview:-1"},"canonical":"https:\/\/xlab-stiftung.de\/en\/science-festival-2004-2017-2\/sf-2017-gibt-es-leben-auf-anderen-planeten\/","og_locale":"en_US","og_type":"article","og_title":"SF-2017-Gibt es Leben auf anderen Planeten - XLAB Stiftung","og_description":"Gibt es Leben auf anderen Planeten? Wie die Wissenschaft einer Antwort immer n\u00e4her kommt Prof. Dr. Ansgar ReinersUniversit\u00e4t G\u00f6ttingen Sind wir allein im&hellip;","og_url":"https:\/\/xlab-stiftung.de\/en\/science-festival-2004-2017-2\/sf-2017-gibt-es-leben-auf-anderen-planeten\/","og_site_name":"XLAB Stiftung","twitter_card":"summary_large_image","twitter_misc":{"Est. reading time":"1 minute"},"schema":{"@context":"https:\/\/schema.org","@graph":[{"@type":"WebPage","@id":"https:\/\/xlab-stiftung.de\/science-festival-2004-2017-2\/sf-2017-gibt-es-leben-auf-anderen-planeten\/","url":"https:\/\/xlab-stiftung.de\/science-festival-2004-2017-2\/sf-2017-gibt-es-leben-auf-anderen-planeten\/","name":"SF-2017-Gibt es Leben auf anderen Planeten - XLAB Stiftung","isPartOf":{"@id":"https:\/\/xlab-stiftung.de\/#website"},"datePublished":"2022-11-23T14:14:45+00:00","dateModified":"2022-11-23T14:14:45+00:00","breadcrumb":{"@id":"https:\/\/xlab-stiftung.de\/science-festival-2004-2017-2\/sf-2017-gibt-es-leben-auf-anderen-planeten\/#breadcrumb"},"inLanguage":"en-US","potentialAction":[{"@type":"ReadAction","target":["https:\/\/xlab-stiftung.de\/science-festival-2004-2017-2\/sf-2017-gibt-es-leben-auf-anderen-planeten\/"]}]},{"@type":"BreadcrumbList","@id":"https:\/\/xlab-stiftung.de\/science-festival-2004-2017-2\/sf-2017-gibt-es-leben-auf-anderen-planeten\/#breadcrumb","itemListElement":[{"@type":"ListItem","position":1,"name":"Startseite","item":"https:\/\/xlab-stiftung.de\/"},{"@type":"ListItem","position":2,"name":"Science Festival 2004-2023","item":"https:\/\/xlab-stiftung.de\/science-festival-2004-2017-2\/"},{"@type":"ListItem","position":3,"name":"SF-2017-Gibt es Leben auf anderen Planeten"}]},{"@type":"WebSite","@id":"https:\/\/xlab-stiftung.de\/#website","url":"https:\/\/xlab-stiftung.de\/","name":"XLAB Stiftung","description":"","publisher":{"@id":"https:\/\/xlab-stiftung.de\/#organization"},"potentialAction":[{"@type":"SearchAction","target":{"@type":"EntryPoint","urlTemplate":"https:\/\/xlab-stiftung.de\/?s={search_term_string}"},"query-input":"required name=search_term_string"}],"inLanguage":"en-US"},{"@type":"Organization","@id":"https:\/\/xlab-stiftung.de\/#organization","name":"XLAB Stiftung","url":"https:\/\/xlab-stiftung.de\/","logo":{"@type":"ImageObject","inLanguage":"en-US","@id":"https:\/\/xlab-stiftung.de\/#\/schema\/logo\/image\/","url":"https:\/\/xlab-stiftung.de\/wp-content\/uploads\/2023\/01\/ezgif.com-gif-maker-5.gif","contentUrl":"https:\/\/xlab-stiftung.de\/wp-content\/uploads\/2023\/01\/ezgif.com-gif-maker-5.gif","width":2048,"height":230,"caption":"XLAB Stiftung"},"image":{"@id":"https:\/\/xlab-stiftung.de\/#\/schema\/logo\/image\/"}}]}},"_links":{"self":[{"href":"https:\/\/xlab-stiftung.de\/en\/wp-json\/wp\/v2\/pages\/433"}],"collection":[{"href":"https:\/\/xlab-stiftung.de\/en\/wp-json\/wp\/v2\/pages"}],"about":[{"href":"https:\/\/xlab-stiftung.de\/en\/wp-json\/wp\/v2\/types\/page"}],"author":[{"embeddable":true,"href":"https:\/\/xlab-stiftung.de\/en\/wp-json\/wp\/v2\/users\/1"}],"replies":[{"embeddable":true,"href":"https:\/\/xlab-stiftung.de\/en\/wp-json\/wp\/v2\/comments?post=433"}],"version-history":[{"count":1,"href":"https:\/\/xlab-stiftung.de\/en\/wp-json\/wp\/v2\/pages\/433\/revisions"}],"predecessor-version":[{"id":435,"href":"https:\/\/xlab-stiftung.de\/en\/wp-json\/wp\/v2\/pages\/433\/revisions\/435"}],"up":[{"embeddable":true,"href":"https:\/\/xlab-stiftung.de\/en\/wp-json\/wp\/v2\/pages\/133"}],"wp:attachment":[{"href":"https:\/\/xlab-stiftung.de\/en\/wp-json\/wp\/v2\/media?parent=433"}],"curies":[{"name":"wp","href":"https:\/\/api.w.org\/{rel}","templated":true}]}}