{"id":437,"date":"2022-11-23T14:15:15","date_gmt":"2022-11-23T14:15:15","guid":{"rendered":"https:\/\/xlab-stiftung.de\/?page_id=437"},"modified":"2022-11-23T14:15:15","modified_gmt":"2022-11-23T14:15:15","slug":"sf-2017-energiewende","status":"publish","type":"page","link":"https:\/\/xlab-stiftung.de\/en\/science-festival-2004-2017-2\/sf-2017-energiewende\/","title":{"rendered":"SF-2017-Energiewende"},"content":{"rendered":"<h1 class=\"wp-block-heading\">Energiewende &#8211; was wir wollen und was wir k\u00f6nnen<\/h1>\n\n\n\n<p><em>Prof. Dr. Robert Schl\u00f6gl,<br>Fritz-Haber-Institut der Max-Planck-Gesellschaft, Berlin<br>Max-Planck Institut f\u00fcr chemische Energiekonversion, M\u00fclheim-Ruhr<\/em><\/p>\n\n\n\n<p>Die 2011 politisch eingeleitete so genannte Energiewende verlangt nicht nur technologische und \u00f6konomische Anstrengungen. Vielmehr zeigt eine wissenschaftliche Bestandsaufnahme, dass wir derzeit nicht \u00fcber die grundlagenwissenschaftlichen Erkenntnisse verf\u00fcgen, um das Energiesystem nachhaltig auf regenerative Prim\u00e4renergie umzustellen. Die \u201eWende\u201c ist somit nicht nur ein Imperativ zum Ausbau regenerativer Technologien und zum Sparen von Energie, sondern vielmehr eine Herausforderung f\u00fcr die Grundlagenforschung. Ohne deren Ergebnisse kann regenerative Energie nicht als vollwertiger Ersatz f\u00fcr die fossilen Energietr\u00e4ger und die Kernspaltungsenergie dienen. Der Vortrag skizziert den Stand der \u00dcberlegungen und aktuelle Forschungsergebnisse aus der Abteilung Anorganische Chemie des Fritz-Haber-Institutes der Max-Planck-Gesellschaft sowie aus dem Max-Planck-Institut f\u00fcr Chemische Energiekonversion.<\/p>","protected":false},"excerpt":{"rendered":"<p>Energiewende &#8211; was wir wollen und was wir k\u00f6nnen Prof. Dr. Robert Schl\u00f6gl,Fritz-Haber-Institut der Max-Planck-Gesellschaft, BerlinMax-Planck Institut f\u00fcr chemische Energiekonversion, M\u00fclheim-Ruhr Die 2011&hellip;<\/p>","protected":false},"author":1,"featured_media":0,"parent":133,"menu_order":58,"comment_status":"closed","ping_status":"closed","template":"","meta":[],"yoast_head":"<!-- This site is optimized with the Yoast SEO plugin v21.2 - https:\/\/yoast.com\/wordpress\/plugins\/seo\/ -->\n<title>SF-2017-Energiewende - XLAB Stiftung<\/title>\n<meta name=\"robots\" content=\"index, follow, max-snippet:-1, max-image-preview:large, max-video-preview:-1\" \/>\n<link rel=\"canonical\" href=\"https:\/\/xlab-stiftung.de\/en\/science-festival-2004-2017-2\/sf-2017-energiewende\/\" \/>\n<meta property=\"og:locale\" content=\"en_US\" \/>\n<meta property=\"og:type\" content=\"article\" \/>\n<meta property=\"og:title\" content=\"SF-2017-Energiewende - XLAB Stiftung\" \/>\n<meta property=\"og:description\" content=\"Energiewende &#8211; was wir wollen und was wir k\u00f6nnen Prof. Dr. Robert Schl\u00f6gl,Fritz-Haber-Institut der Max-Planck-Gesellschaft, BerlinMax-Planck Institut f\u00fcr chemische Energiekonversion, M\u00fclheim-Ruhr Die 2011&hellip;\" \/>\n<meta property=\"og:url\" content=\"https:\/\/xlab-stiftung.de\/en\/science-festival-2004-2017-2\/sf-2017-energiewende\/\" \/>\n<meta property=\"og:site_name\" content=\"XLAB Stiftung\" \/>\n<meta name=\"twitter:card\" content=\"summary_large_image\" \/>\n<meta name=\"twitter:label1\" content=\"Est. reading time\" \/>\n\t<meta name=\"twitter:data1\" content=\"1 minute\" \/>\n<script type=\"application\/ld+json\" class=\"yoast-schema-graph\">{\"@context\":\"https:\/\/schema.org\",\"@graph\":[{\"@type\":\"WebPage\",\"@id\":\"https:\/\/xlab-stiftung.de\/science-festival-2004-2017-2\/sf-2017-energiewende\/\",\"url\":\"https:\/\/xlab-stiftung.de\/science-festival-2004-2017-2\/sf-2017-energiewende\/\",\"name\":\"SF-2017-Energiewende - XLAB Stiftung\",\"isPartOf\":{\"@id\":\"https:\/\/xlab-stiftung.de\/#website\"},\"datePublished\":\"2022-11-23T14:15:15+00:00\",\"dateModified\":\"2022-11-23T14:15:15+00:00\",\"breadcrumb\":{\"@id\":\"https:\/\/xlab-stiftung.de\/science-festival-2004-2017-2\/sf-2017-energiewende\/#breadcrumb\"},\"inLanguage\":\"en-US\",\"potentialAction\":[{\"@type\":\"ReadAction\",\"target\":[\"https:\/\/xlab-stiftung.de\/science-festival-2004-2017-2\/sf-2017-energiewende\/\"]}]},{\"@type\":\"BreadcrumbList\",\"@id\":\"https:\/\/xlab-stiftung.de\/science-festival-2004-2017-2\/sf-2017-energiewende\/#breadcrumb\",\"itemListElement\":[{\"@type\":\"ListItem\",\"position\":1,\"name\":\"Startseite\",\"item\":\"https:\/\/xlab-stiftung.de\/\"},{\"@type\":\"ListItem\",\"position\":2,\"name\":\"Science Festival 2004-2023\",\"item\":\"https:\/\/xlab-stiftung.de\/science-festival-2004-2017-2\/\"},{\"@type\":\"ListItem\",\"position\":3,\"name\":\"SF-2017-Energiewende\"}]},{\"@type\":\"WebSite\",\"@id\":\"https:\/\/xlab-stiftung.de\/#website\",\"url\":\"https:\/\/xlab-stiftung.de\/\",\"name\":\"XLAB Stiftung\",\"description\":\"\",\"publisher\":{\"@id\":\"https:\/\/xlab-stiftung.de\/#organization\"},\"potentialAction\":[{\"@type\":\"SearchAction\",\"target\":{\"@type\":\"EntryPoint\",\"urlTemplate\":\"https:\/\/xlab-stiftung.de\/?s={search_term_string}\"},\"query-input\":\"required name=search_term_string\"}],\"inLanguage\":\"en-US\"},{\"@type\":\"Organization\",\"@id\":\"https:\/\/xlab-stiftung.de\/#organization\",\"name\":\"XLAB Stiftung\",\"url\":\"https:\/\/xlab-stiftung.de\/\",\"logo\":{\"@type\":\"ImageObject\",\"inLanguage\":\"en-US\",\"@id\":\"https:\/\/xlab-stiftung.de\/#\/schema\/logo\/image\/\",\"url\":\"https:\/\/xlab-stiftung.de\/wp-content\/uploads\/2023\/01\/ezgif.com-gif-maker-5.gif\",\"contentUrl\":\"https:\/\/xlab-stiftung.de\/wp-content\/uploads\/2023\/01\/ezgif.com-gif-maker-5.gif\",\"width\":2048,\"height\":230,\"caption\":\"XLAB Stiftung\"},\"image\":{\"@id\":\"https:\/\/xlab-stiftung.de\/#\/schema\/logo\/image\/\"}}]}<\/script>\n<!-- \/ Yoast SEO plugin. -->","yoast_head_json":{"title":"SF-2017-Energiewende - XLAB Stiftung","robots":{"index":"index","follow":"follow","max-snippet":"max-snippet:-1","max-image-preview":"max-image-preview:large","max-video-preview":"max-video-preview:-1"},"canonical":"https:\/\/xlab-stiftung.de\/en\/science-festival-2004-2017-2\/sf-2017-energiewende\/","og_locale":"en_US","og_type":"article","og_title":"SF-2017-Energiewende - XLAB Stiftung","og_description":"Energiewende &#8211; was wir wollen und was wir k\u00f6nnen Prof. Dr. Robert Schl\u00f6gl,Fritz-Haber-Institut der Max-Planck-Gesellschaft, BerlinMax-Planck Institut f\u00fcr chemische Energiekonversion, M\u00fclheim-Ruhr Die 2011&hellip;","og_url":"https:\/\/xlab-stiftung.de\/en\/science-festival-2004-2017-2\/sf-2017-energiewende\/","og_site_name":"XLAB Stiftung","twitter_card":"summary_large_image","twitter_misc":{"Est. reading time":"1 minute"},"schema":{"@context":"https:\/\/schema.org","@graph":[{"@type":"WebPage","@id":"https:\/\/xlab-stiftung.de\/science-festival-2004-2017-2\/sf-2017-energiewende\/","url":"https:\/\/xlab-stiftung.de\/science-festival-2004-2017-2\/sf-2017-energiewende\/","name":"SF-2017-Energiewende - XLAB Stiftung","isPartOf":{"@id":"https:\/\/xlab-stiftung.de\/#website"},"datePublished":"2022-11-23T14:15:15+00:00","dateModified":"2022-11-23T14:15:15+00:00","breadcrumb":{"@id":"https:\/\/xlab-stiftung.de\/science-festival-2004-2017-2\/sf-2017-energiewende\/#breadcrumb"},"inLanguage":"en-US","potentialAction":[{"@type":"ReadAction","target":["https:\/\/xlab-stiftung.de\/science-festival-2004-2017-2\/sf-2017-energiewende\/"]}]},{"@type":"BreadcrumbList","@id":"https:\/\/xlab-stiftung.de\/science-festival-2004-2017-2\/sf-2017-energiewende\/#breadcrumb","itemListElement":[{"@type":"ListItem","position":1,"name":"Startseite","item":"https:\/\/xlab-stiftung.de\/"},{"@type":"ListItem","position":2,"name":"Science Festival 2004-2023","item":"https:\/\/xlab-stiftung.de\/science-festival-2004-2017-2\/"},{"@type":"ListItem","position":3,"name":"SF-2017-Energiewende"}]},{"@type":"WebSite","@id":"https:\/\/xlab-stiftung.de\/#website","url":"https:\/\/xlab-stiftung.de\/","name":"XLAB Stiftung","description":"","publisher":{"@id":"https:\/\/xlab-stiftung.de\/#organization"},"potentialAction":[{"@type":"SearchAction","target":{"@type":"EntryPoint","urlTemplate":"https:\/\/xlab-stiftung.de\/?s={search_term_string}"},"query-input":"required name=search_term_string"}],"inLanguage":"en-US"},{"@type":"Organization","@id":"https:\/\/xlab-stiftung.de\/#organization","name":"XLAB Stiftung","url":"https:\/\/xlab-stiftung.de\/","logo":{"@type":"ImageObject","inLanguage":"en-US","@id":"https:\/\/xlab-stiftung.de\/#\/schema\/logo\/image\/","url":"https:\/\/xlab-stiftung.de\/wp-content\/uploads\/2023\/01\/ezgif.com-gif-maker-5.gif","contentUrl":"https:\/\/xlab-stiftung.de\/wp-content\/uploads\/2023\/01\/ezgif.com-gif-maker-5.gif","width":2048,"height":230,"caption":"XLAB Stiftung"},"image":{"@id":"https:\/\/xlab-stiftung.de\/#\/schema\/logo\/image\/"}}]}},"_links":{"self":[{"href":"https:\/\/xlab-stiftung.de\/en\/wp-json\/wp\/v2\/pages\/437"}],"collection":[{"href":"https:\/\/xlab-stiftung.de\/en\/wp-json\/wp\/v2\/pages"}],"about":[{"href":"https:\/\/xlab-stiftung.de\/en\/wp-json\/wp\/v2\/types\/page"}],"author":[{"embeddable":true,"href":"https:\/\/xlab-stiftung.de\/en\/wp-json\/wp\/v2\/users\/1"}],"replies":[{"embeddable":true,"href":"https:\/\/xlab-stiftung.de\/en\/wp-json\/wp\/v2\/comments?post=437"}],"version-history":[{"count":1,"href":"https:\/\/xlab-stiftung.de\/en\/wp-json\/wp\/v2\/pages\/437\/revisions"}],"predecessor-version":[{"id":439,"href":"https:\/\/xlab-stiftung.de\/en\/wp-json\/wp\/v2\/pages\/437\/revisions\/439"}],"up":[{"embeddable":true,"href":"https:\/\/xlab-stiftung.de\/en\/wp-json\/wp\/v2\/pages\/133"}],"wp:attachment":[{"href":"https:\/\/xlab-stiftung.de\/en\/wp-json\/wp\/v2\/media?parent=437"}],"curies":[{"name":"wp","href":"https:\/\/api.w.org\/{rel}","templated":true}]}}