{"id":441,"date":"2022-11-23T14:15:56","date_gmt":"2022-11-23T14:15:56","guid":{"rendered":"https:\/\/xlab-stiftung.de\/?page_id=441"},"modified":"2022-11-23T14:15:56","modified_gmt":"2022-11-23T14:15:56","slug":"sf-2017-hoeren-mit-licht","status":"publish","type":"page","link":"https:\/\/xlab-stiftung.de\/en\/science-festival-2004-2017-2\/sf-2017-hoeren-mit-licht\/","title":{"rendered":"SF-2017-H\u00f6ren mit Licht"},"content":{"rendered":"<h1 class=\"wp-block-heading\">H\u00f6ren mit Licht<\/h1>\n\n\n\n<p><em>Prof. Dr. Tobias Moser<\/em><\/p>\n\n\n\n<p><em>Institut f\u00fcr auditorische Neurowissenschaften, Universit\u00e4tsmedizin G\u00f6ttingen<br><\/em><em>Arbeitsgruppe Auditorische Neurowissenschaften und Optogenetik, Deutsches Primatenzentrum G\u00f6ttingen<br><\/em><em>Arbeitsgruppe Auditorische Neurowissenschaften, Max-Planck-Institut f\u00fcr Experimentelle Medizin, G\u00f6ttingen<\/em><\/p>\n\n\n\n<p>K\u00f6nnen wir mit Licht h\u00f6ren? Bereits seit einigen Jahren besch\u00e4ftigen sich Wissenschaftler weltweit mit dieser Frage, da die Anregung von H\u00f6rnervenzellen mit Licht Vorteile gegen\u00fcber der in derzeitigen Cochlea-Implantaten verwendeten elektrischen Stimulation verspricht. Gemeinsam mit einem internationalen Forscherteam ist es uns im Tierversuch gelungen, die H\u00f6rbahn mit Licht zu reizen, nachdem wir H\u00f6rnervenzellen lichtempfindlich gemacht haben. Daf\u00fcr nutzen wir die Methode der Optogenetik, mit der \u201cLichtschalter\u201d (Kanalrhodopsine aus Gr\u00fcnalgen) in die Zellen eingebracht werden. Wir verwenden Laser oder Mikro-Leuchtdioden um die \u201cLichtschalter\u201d der H\u00f6rnervenzellen in der Cochlea von Versuchstieren zu aktivieren. Die neuronale Antwort auf den Lichtreiz wird durch die Ableitung der Aktivit\u00e4t einzelner Nervenzellen oder Zellpopulationen von H\u00f6rnerv bis H\u00f6rrinde gemessen und ist auch in Verhaltensexperimenten nachweisbar. So wiesen wir mit Mehrkanal-Messungen im auditorischen Mittelhirn in Kombination mit optischer und elektrischer Einkanal-Stimulation der Cochlea nach, dass mit Licht tats\u00e4chlich kleinere Gruppen von H\u00f6rnervenfasern angeregt werden k\u00f6nnen als mit elektrischer Stimulation. W\u00fcstenrennm\u00e4use mit einem optischen Cochlea-Implantat lernten ein durch den Lichtreiz konditioniertes Verhalten. Der Grundstein f\u00fcr die weiterf\u00fchrende experimentelle Forschung ist damit gelegt, jedoch bleibt vor einer m\u00f6glichen klinischen Anwendung viel zu tun.&nbsp;<\/p>","protected":false},"excerpt":{"rendered":"<p>H\u00f6ren mit Licht Prof. Dr. Tobias Moser Institut f\u00fcr auditorische Neurowissenschaften, Universit\u00e4tsmedizin G\u00f6ttingenArbeitsgruppe Auditorische Neurowissenschaften und Optogenetik, Deutsches Primatenzentrum G\u00f6ttingenArbeitsgruppe Auditorische Neurowissenschaften, Max-Planck-Institut&hellip;<\/p>","protected":false},"author":1,"featured_media":0,"parent":133,"menu_order":39,"comment_status":"closed","ping_status":"closed","template":"","meta":[],"yoast_head":"<!-- This site is optimized with the Yoast SEO plugin v21.2 - https:\/\/yoast.com\/wordpress\/plugins\/seo\/ -->\n<title>SF-2017-H\u00f6ren mit Licht - XLAB Stiftung<\/title>\n<meta name=\"robots\" content=\"index, follow, max-snippet:-1, max-image-preview:large, max-video-preview:-1\" \/>\n<link rel=\"canonical\" href=\"https:\/\/xlab-stiftung.de\/en\/science-festival-2004-2017-2\/sf-2017-hoeren-mit-licht\/\" \/>\n<meta property=\"og:locale\" content=\"en_US\" \/>\n<meta property=\"og:type\" content=\"article\" \/>\n<meta property=\"og:title\" content=\"SF-2017-H\u00f6ren mit Licht - XLAB Stiftung\" \/>\n<meta property=\"og:description\" content=\"H\u00f6ren mit Licht Prof. Dr. Tobias Moser Institut f\u00fcr auditorische Neurowissenschaften, Universit\u00e4tsmedizin G\u00f6ttingenArbeitsgruppe Auditorische Neurowissenschaften und Optogenetik, Deutsches Primatenzentrum G\u00f6ttingenArbeitsgruppe Auditorische Neurowissenschaften, Max-Planck-Institut&hellip;\" \/>\n<meta property=\"og:url\" content=\"https:\/\/xlab-stiftung.de\/en\/science-festival-2004-2017-2\/sf-2017-hoeren-mit-licht\/\" \/>\n<meta property=\"og:site_name\" content=\"XLAB Stiftung\" \/>\n<meta name=\"twitter:card\" content=\"summary_large_image\" \/>\n<meta name=\"twitter:label1\" content=\"Est. reading time\" \/>\n\t<meta name=\"twitter:data1\" content=\"1 minute\" \/>\n<script type=\"application\/ld+json\" class=\"yoast-schema-graph\">{\"@context\":\"https:\/\/schema.org\",\"@graph\":[{\"@type\":\"WebPage\",\"@id\":\"https:\/\/xlab-stiftung.de\/science-festival-2004-2017-2\/sf-2017-hoeren-mit-licht\/\",\"url\":\"https:\/\/xlab-stiftung.de\/science-festival-2004-2017-2\/sf-2017-hoeren-mit-licht\/\",\"name\":\"SF-2017-H\u00f6ren mit Licht - XLAB Stiftung\",\"isPartOf\":{\"@id\":\"https:\/\/xlab-stiftung.de\/#website\"},\"datePublished\":\"2022-11-23T14:15:56+00:00\",\"dateModified\":\"2022-11-23T14:15:56+00:00\",\"breadcrumb\":{\"@id\":\"https:\/\/xlab-stiftung.de\/science-festival-2004-2017-2\/sf-2017-hoeren-mit-licht\/#breadcrumb\"},\"inLanguage\":\"en-US\",\"potentialAction\":[{\"@type\":\"ReadAction\",\"target\":[\"https:\/\/xlab-stiftung.de\/science-festival-2004-2017-2\/sf-2017-hoeren-mit-licht\/\"]}]},{\"@type\":\"BreadcrumbList\",\"@id\":\"https:\/\/xlab-stiftung.de\/science-festival-2004-2017-2\/sf-2017-hoeren-mit-licht\/#breadcrumb\",\"itemListElement\":[{\"@type\":\"ListItem\",\"position\":1,\"name\":\"Startseite\",\"item\":\"https:\/\/xlab-stiftung.de\/\"},{\"@type\":\"ListItem\",\"position\":2,\"name\":\"Science Festival 2004-2023\",\"item\":\"https:\/\/xlab-stiftung.de\/science-festival-2004-2017-2\/\"},{\"@type\":\"ListItem\",\"position\":3,\"name\":\"SF-2017-H\u00f6ren mit Licht\"}]},{\"@type\":\"WebSite\",\"@id\":\"https:\/\/xlab-stiftung.de\/#website\",\"url\":\"https:\/\/xlab-stiftung.de\/\",\"name\":\"XLAB Stiftung\",\"description\":\"\",\"publisher\":{\"@id\":\"https:\/\/xlab-stiftung.de\/#organization\"},\"potentialAction\":[{\"@type\":\"SearchAction\",\"target\":{\"@type\":\"EntryPoint\",\"urlTemplate\":\"https:\/\/xlab-stiftung.de\/?s={search_term_string}\"},\"query-input\":\"required name=search_term_string\"}],\"inLanguage\":\"en-US\"},{\"@type\":\"Organization\",\"@id\":\"https:\/\/xlab-stiftung.de\/#organization\",\"name\":\"XLAB Stiftung\",\"url\":\"https:\/\/xlab-stiftung.de\/\",\"logo\":{\"@type\":\"ImageObject\",\"inLanguage\":\"en-US\",\"@id\":\"https:\/\/xlab-stiftung.de\/#\/schema\/logo\/image\/\",\"url\":\"https:\/\/xlab-stiftung.de\/wp-content\/uploads\/2023\/01\/ezgif.com-gif-maker-5.gif\",\"contentUrl\":\"https:\/\/xlab-stiftung.de\/wp-content\/uploads\/2023\/01\/ezgif.com-gif-maker-5.gif\",\"width\":2048,\"height\":230,\"caption\":\"XLAB Stiftung\"},\"image\":{\"@id\":\"https:\/\/xlab-stiftung.de\/#\/schema\/logo\/image\/\"}}]}<\/script>\n<!-- \/ Yoast SEO plugin. -->","yoast_head_json":{"title":"SF-2017-H\u00f6ren mit Licht - XLAB Stiftung","robots":{"index":"index","follow":"follow","max-snippet":"max-snippet:-1","max-image-preview":"max-image-preview:large","max-video-preview":"max-video-preview:-1"},"canonical":"https:\/\/xlab-stiftung.de\/en\/science-festival-2004-2017-2\/sf-2017-hoeren-mit-licht\/","og_locale":"en_US","og_type":"article","og_title":"SF-2017-H\u00f6ren mit Licht - XLAB Stiftung","og_description":"H\u00f6ren mit Licht Prof. Dr. Tobias Moser Institut f\u00fcr auditorische Neurowissenschaften, Universit\u00e4tsmedizin G\u00f6ttingenArbeitsgruppe Auditorische Neurowissenschaften und Optogenetik, Deutsches Primatenzentrum G\u00f6ttingenArbeitsgruppe Auditorische Neurowissenschaften, Max-Planck-Institut&hellip;","og_url":"https:\/\/xlab-stiftung.de\/en\/science-festival-2004-2017-2\/sf-2017-hoeren-mit-licht\/","og_site_name":"XLAB Stiftung","twitter_card":"summary_large_image","twitter_misc":{"Est. reading time":"1 minute"},"schema":{"@context":"https:\/\/schema.org","@graph":[{"@type":"WebPage","@id":"https:\/\/xlab-stiftung.de\/science-festival-2004-2017-2\/sf-2017-hoeren-mit-licht\/","url":"https:\/\/xlab-stiftung.de\/science-festival-2004-2017-2\/sf-2017-hoeren-mit-licht\/","name":"SF-2017-H\u00f6ren mit Licht - XLAB Stiftung","isPartOf":{"@id":"https:\/\/xlab-stiftung.de\/#website"},"datePublished":"2022-11-23T14:15:56+00:00","dateModified":"2022-11-23T14:15:56+00:00","breadcrumb":{"@id":"https:\/\/xlab-stiftung.de\/science-festival-2004-2017-2\/sf-2017-hoeren-mit-licht\/#breadcrumb"},"inLanguage":"en-US","potentialAction":[{"@type":"ReadAction","target":["https:\/\/xlab-stiftung.de\/science-festival-2004-2017-2\/sf-2017-hoeren-mit-licht\/"]}]},{"@type":"BreadcrumbList","@id":"https:\/\/xlab-stiftung.de\/science-festival-2004-2017-2\/sf-2017-hoeren-mit-licht\/#breadcrumb","itemListElement":[{"@type":"ListItem","position":1,"name":"Startseite","item":"https:\/\/xlab-stiftung.de\/"},{"@type":"ListItem","position":2,"name":"Science Festival 2004-2023","item":"https:\/\/xlab-stiftung.de\/science-festival-2004-2017-2\/"},{"@type":"ListItem","position":3,"name":"SF-2017-H\u00f6ren mit Licht"}]},{"@type":"WebSite","@id":"https:\/\/xlab-stiftung.de\/#website","url":"https:\/\/xlab-stiftung.de\/","name":"XLAB Stiftung","description":"","publisher":{"@id":"https:\/\/xlab-stiftung.de\/#organization"},"potentialAction":[{"@type":"SearchAction","target":{"@type":"EntryPoint","urlTemplate":"https:\/\/xlab-stiftung.de\/?s={search_term_string}"},"query-input":"required name=search_term_string"}],"inLanguage":"en-US"},{"@type":"Organization","@id":"https:\/\/xlab-stiftung.de\/#organization","name":"XLAB Stiftung","url":"https:\/\/xlab-stiftung.de\/","logo":{"@type":"ImageObject","inLanguage":"en-US","@id":"https:\/\/xlab-stiftung.de\/#\/schema\/logo\/image\/","url":"https:\/\/xlab-stiftung.de\/wp-content\/uploads\/2023\/01\/ezgif.com-gif-maker-5.gif","contentUrl":"https:\/\/xlab-stiftung.de\/wp-content\/uploads\/2023\/01\/ezgif.com-gif-maker-5.gif","width":2048,"height":230,"caption":"XLAB Stiftung"},"image":{"@id":"https:\/\/xlab-stiftung.de\/#\/schema\/logo\/image\/"}}]}},"_links":{"self":[{"href":"https:\/\/xlab-stiftung.de\/en\/wp-json\/wp\/v2\/pages\/441"}],"collection":[{"href":"https:\/\/xlab-stiftung.de\/en\/wp-json\/wp\/v2\/pages"}],"about":[{"href":"https:\/\/xlab-stiftung.de\/en\/wp-json\/wp\/v2\/types\/page"}],"author":[{"embeddable":true,"href":"https:\/\/xlab-stiftung.de\/en\/wp-json\/wp\/v2\/users\/1"}],"replies":[{"embeddable":true,"href":"https:\/\/xlab-stiftung.de\/en\/wp-json\/wp\/v2\/comments?post=441"}],"version-history":[{"count":1,"href":"https:\/\/xlab-stiftung.de\/en\/wp-json\/wp\/v2\/pages\/441\/revisions"}],"predecessor-version":[{"id":443,"href":"https:\/\/xlab-stiftung.de\/en\/wp-json\/wp\/v2\/pages\/441\/revisions\/443"}],"up":[{"embeddable":true,"href":"https:\/\/xlab-stiftung.de\/en\/wp-json\/wp\/v2\/pages\/133"}],"wp:attachment":[{"href":"https:\/\/xlab-stiftung.de\/en\/wp-json\/wp\/v2\/media?parent=441"}],"curies":[{"name":"wp","href":"https:\/\/api.w.org\/{rel}","templated":true}]}}