{"id":477,"date":"2022-11-28T11:15:27","date_gmt":"2022-11-28T11:15:27","guid":{"rendered":"https:\/\/xlab-stiftung.de\/?page_id=477"},"modified":"2022-11-28T11:15:27","modified_gmt":"2022-11-28T11:15:27","slug":"sf-2016-das-gehirn-bei-der-arbeit","status":"publish","type":"page","link":"https:\/\/xlab-stiftung.de\/en\/science-festival-2004-2017-2\/sf-2016-das-gehirn-bei-der-arbeit\/","title":{"rendered":"SF-2016-Das Gehirn bei der Arbeit"},"content":{"rendered":"<h1 class=\"wp-block-heading\">Das Gehirn bei der Arbeit Vom Sehen zur Wahrnehmung im Affen und Menschen<\/h1>\n\n\n\n<p><em>Prof. Dr. Stefan Treue,&nbsp;<br>Deutsches Primatenzentrum (DPZ) und Universit\u00e4t G\u00f6ttingen<\/em><\/p>\n\n\n\n<p>Unsere Augen sind hochentwickelte Sinnesorgane, die uns mit einer F\u00fclle von detaillierten Informationen versorgen. Das erlaubt uns unter sehr unterschiedlichen Umweltbedingungen sehen zu k\u00f6nnen. Aufgabe der visuellen Wahrnehmung ist es dabei, aus den einstr\u00f6menden Informationen eine interne Repr\u00e4sentation unserer Umwelt zu schaffen. Unsere visuelle Wahrnehmung liefert uns daf\u00fcr scheinbar ein Abbild unserer Umwelt, vergleichbar mit dem, was in einer Kamera entsteht. In Wirklichkeit ist unsere Wahrnehmung aber ein aktiver Prozess. Die interne Repr\u00e4sentation ist \u00fcberwiegend kein Abbild, sondern ein durch unsere evolution\u00e4re Erfahrung gepr\u00e4gtes und an unseren momentanen Bed\u00fcrfnissen orientiertes Konstrukt. Dabei spielt unsere F\u00e4higkeit, die Informationsverarbeitung unseres Gehirns durch Aufmerksamkeit direkt zu beeinflussen, eine wichtige Rolle. Unsere Aufmerksamkeit steuert dynamisch die Zuteilung der neuronalen Verarbeitungskapazit\u00e4ten zu den von unseren Sinnen gelieferten und von uns beachteten Informationsbestandteilen. Damit erreichen wir eine sehr effiziente Wahrnehmung, allerdings mit der Konsequenz, dass sie weder vollst\u00e4ndig noch fehlerfrei ist.<\/p>\n\n\n\n<p>Im Vortrag werde ich diese Prozesse und ihre Auswirkungen auf unser Sehen an anschaulichen Beispielen und mit aktuellen Forschungsergebnissen erl\u00e4utern.<\/p>","protected":false},"excerpt":{"rendered":"<p>Das Gehirn bei der Arbeit Vom Sehen zur Wahrnehmung im Affen und Menschen Prof. Dr. Stefan Treue,&nbsp;Deutsches Primatenzentrum (DPZ) und Universit\u00e4t G\u00f6ttingen Unsere&hellip;<\/p>","protected":false},"author":1,"featured_media":0,"parent":133,"menu_order":35,"comment_status":"closed","ping_status":"closed","template":"","meta":[],"yoast_head":"<!-- This site is optimized with the Yoast SEO plugin v21.2 - https:\/\/yoast.com\/wordpress\/plugins\/seo\/ -->\n<title>SF-2016-Das Gehirn bei der Arbeit - XLAB Stiftung<\/title>\n<meta name=\"robots\" content=\"index, follow, max-snippet:-1, max-image-preview:large, max-video-preview:-1\" \/>\n<link rel=\"canonical\" href=\"https:\/\/xlab-stiftung.de\/en\/science-festival-2004-2017-2\/sf-2016-das-gehirn-bei-der-arbeit\/\" \/>\n<meta property=\"og:locale\" content=\"en_US\" \/>\n<meta property=\"og:type\" content=\"article\" \/>\n<meta property=\"og:title\" content=\"SF-2016-Das Gehirn bei der Arbeit - XLAB Stiftung\" \/>\n<meta property=\"og:description\" content=\"Das Gehirn bei der Arbeit Vom Sehen zur Wahrnehmung im Affen und Menschen Prof. Dr. Stefan Treue,&nbsp;Deutsches Primatenzentrum (DPZ) und Universit\u00e4t G\u00f6ttingen Unsere&hellip;\" \/>\n<meta property=\"og:url\" content=\"https:\/\/xlab-stiftung.de\/en\/science-festival-2004-2017-2\/sf-2016-das-gehirn-bei-der-arbeit\/\" \/>\n<meta property=\"og:site_name\" content=\"XLAB Stiftung\" \/>\n<meta name=\"twitter:card\" content=\"summary_large_image\" \/>\n<meta name=\"twitter:label1\" content=\"Est. reading time\" \/>\n\t<meta name=\"twitter:data1\" content=\"1 minute\" \/>\n<script type=\"application\/ld+json\" class=\"yoast-schema-graph\">{\"@context\":\"https:\/\/schema.org\",\"@graph\":[{\"@type\":\"WebPage\",\"@id\":\"https:\/\/xlab-stiftung.de\/science-festival-2004-2017-2\/sf-2016-das-gehirn-bei-der-arbeit\/\",\"url\":\"https:\/\/xlab-stiftung.de\/science-festival-2004-2017-2\/sf-2016-das-gehirn-bei-der-arbeit\/\",\"name\":\"SF-2016-Das Gehirn bei der Arbeit - XLAB Stiftung\",\"isPartOf\":{\"@id\":\"https:\/\/xlab-stiftung.de\/#website\"},\"datePublished\":\"2022-11-28T11:15:27+00:00\",\"dateModified\":\"2022-11-28T11:15:27+00:00\",\"breadcrumb\":{\"@id\":\"https:\/\/xlab-stiftung.de\/science-festival-2004-2017-2\/sf-2016-das-gehirn-bei-der-arbeit\/#breadcrumb\"},\"inLanguage\":\"en-US\",\"potentialAction\":[{\"@type\":\"ReadAction\",\"target\":[\"https:\/\/xlab-stiftung.de\/science-festival-2004-2017-2\/sf-2016-das-gehirn-bei-der-arbeit\/\"]}]},{\"@type\":\"BreadcrumbList\",\"@id\":\"https:\/\/xlab-stiftung.de\/science-festival-2004-2017-2\/sf-2016-das-gehirn-bei-der-arbeit\/#breadcrumb\",\"itemListElement\":[{\"@type\":\"ListItem\",\"position\":1,\"name\":\"Startseite\",\"item\":\"https:\/\/xlab-stiftung.de\/\"},{\"@type\":\"ListItem\",\"position\":2,\"name\":\"Science Festival 2004-2023\",\"item\":\"https:\/\/xlab-stiftung.de\/science-festival-2004-2017-2\/\"},{\"@type\":\"ListItem\",\"position\":3,\"name\":\"SF-2016-Das Gehirn bei der Arbeit\"}]},{\"@type\":\"WebSite\",\"@id\":\"https:\/\/xlab-stiftung.de\/#website\",\"url\":\"https:\/\/xlab-stiftung.de\/\",\"name\":\"XLAB Stiftung\",\"description\":\"\",\"publisher\":{\"@id\":\"https:\/\/xlab-stiftung.de\/#organization\"},\"potentialAction\":[{\"@type\":\"SearchAction\",\"target\":{\"@type\":\"EntryPoint\",\"urlTemplate\":\"https:\/\/xlab-stiftung.de\/?s={search_term_string}\"},\"query-input\":\"required name=search_term_string\"}],\"inLanguage\":\"en-US\"},{\"@type\":\"Organization\",\"@id\":\"https:\/\/xlab-stiftung.de\/#organization\",\"name\":\"XLAB Stiftung\",\"url\":\"https:\/\/xlab-stiftung.de\/\",\"logo\":{\"@type\":\"ImageObject\",\"inLanguage\":\"en-US\",\"@id\":\"https:\/\/xlab-stiftung.de\/#\/schema\/logo\/image\/\",\"url\":\"https:\/\/xlab-stiftung.de\/wp-content\/uploads\/2023\/01\/ezgif.com-gif-maker-5.gif\",\"contentUrl\":\"https:\/\/xlab-stiftung.de\/wp-content\/uploads\/2023\/01\/ezgif.com-gif-maker-5.gif\",\"width\":2048,\"height\":230,\"caption\":\"XLAB Stiftung\"},\"image\":{\"@id\":\"https:\/\/xlab-stiftung.de\/#\/schema\/logo\/image\/\"}}]}<\/script>\n<!-- \/ Yoast SEO plugin. -->","yoast_head_json":{"title":"SF-2016-Das Gehirn bei der Arbeit - XLAB Stiftung","robots":{"index":"index","follow":"follow","max-snippet":"max-snippet:-1","max-image-preview":"max-image-preview:large","max-video-preview":"max-video-preview:-1"},"canonical":"https:\/\/xlab-stiftung.de\/en\/science-festival-2004-2017-2\/sf-2016-das-gehirn-bei-der-arbeit\/","og_locale":"en_US","og_type":"article","og_title":"SF-2016-Das Gehirn bei der Arbeit - XLAB Stiftung","og_description":"Das Gehirn bei der Arbeit Vom Sehen zur Wahrnehmung im Affen und Menschen Prof. Dr. Stefan Treue,&nbsp;Deutsches Primatenzentrum (DPZ) und Universit\u00e4t G\u00f6ttingen Unsere&hellip;","og_url":"https:\/\/xlab-stiftung.de\/en\/science-festival-2004-2017-2\/sf-2016-das-gehirn-bei-der-arbeit\/","og_site_name":"XLAB Stiftung","twitter_card":"summary_large_image","twitter_misc":{"Est. reading time":"1 minute"},"schema":{"@context":"https:\/\/schema.org","@graph":[{"@type":"WebPage","@id":"https:\/\/xlab-stiftung.de\/science-festival-2004-2017-2\/sf-2016-das-gehirn-bei-der-arbeit\/","url":"https:\/\/xlab-stiftung.de\/science-festival-2004-2017-2\/sf-2016-das-gehirn-bei-der-arbeit\/","name":"SF-2016-Das Gehirn bei der Arbeit - XLAB Stiftung","isPartOf":{"@id":"https:\/\/xlab-stiftung.de\/#website"},"datePublished":"2022-11-28T11:15:27+00:00","dateModified":"2022-11-28T11:15:27+00:00","breadcrumb":{"@id":"https:\/\/xlab-stiftung.de\/science-festival-2004-2017-2\/sf-2016-das-gehirn-bei-der-arbeit\/#breadcrumb"},"inLanguage":"en-US","potentialAction":[{"@type":"ReadAction","target":["https:\/\/xlab-stiftung.de\/science-festival-2004-2017-2\/sf-2016-das-gehirn-bei-der-arbeit\/"]}]},{"@type":"BreadcrumbList","@id":"https:\/\/xlab-stiftung.de\/science-festival-2004-2017-2\/sf-2016-das-gehirn-bei-der-arbeit\/#breadcrumb","itemListElement":[{"@type":"ListItem","position":1,"name":"Startseite","item":"https:\/\/xlab-stiftung.de\/"},{"@type":"ListItem","position":2,"name":"Science Festival 2004-2023","item":"https:\/\/xlab-stiftung.de\/science-festival-2004-2017-2\/"},{"@type":"ListItem","position":3,"name":"SF-2016-Das Gehirn bei der Arbeit"}]},{"@type":"WebSite","@id":"https:\/\/xlab-stiftung.de\/#website","url":"https:\/\/xlab-stiftung.de\/","name":"XLAB Stiftung","description":"","publisher":{"@id":"https:\/\/xlab-stiftung.de\/#organization"},"potentialAction":[{"@type":"SearchAction","target":{"@type":"EntryPoint","urlTemplate":"https:\/\/xlab-stiftung.de\/?s={search_term_string}"},"query-input":"required name=search_term_string"}],"inLanguage":"en-US"},{"@type":"Organization","@id":"https:\/\/xlab-stiftung.de\/#organization","name":"XLAB Stiftung","url":"https:\/\/xlab-stiftung.de\/","logo":{"@type":"ImageObject","inLanguage":"en-US","@id":"https:\/\/xlab-stiftung.de\/#\/schema\/logo\/image\/","url":"https:\/\/xlab-stiftung.de\/wp-content\/uploads\/2023\/01\/ezgif.com-gif-maker-5.gif","contentUrl":"https:\/\/xlab-stiftung.de\/wp-content\/uploads\/2023\/01\/ezgif.com-gif-maker-5.gif","width":2048,"height":230,"caption":"XLAB Stiftung"},"image":{"@id":"https:\/\/xlab-stiftung.de\/#\/schema\/logo\/image\/"}}]}},"_links":{"self":[{"href":"https:\/\/xlab-stiftung.de\/en\/wp-json\/wp\/v2\/pages\/477"}],"collection":[{"href":"https:\/\/xlab-stiftung.de\/en\/wp-json\/wp\/v2\/pages"}],"about":[{"href":"https:\/\/xlab-stiftung.de\/en\/wp-json\/wp\/v2\/types\/page"}],"author":[{"embeddable":true,"href":"https:\/\/xlab-stiftung.de\/en\/wp-json\/wp\/v2\/users\/1"}],"replies":[{"embeddable":true,"href":"https:\/\/xlab-stiftung.de\/en\/wp-json\/wp\/v2\/comments?post=477"}],"version-history":[{"count":2,"href":"https:\/\/xlab-stiftung.de\/en\/wp-json\/wp\/v2\/pages\/477\/revisions"}],"predecessor-version":[{"id":505,"href":"https:\/\/xlab-stiftung.de\/en\/wp-json\/wp\/v2\/pages\/477\/revisions\/505"}],"up":[{"embeddable":true,"href":"https:\/\/xlab-stiftung.de\/en\/wp-json\/wp\/v2\/pages\/133"}],"wp:attachment":[{"href":"https:\/\/xlab-stiftung.de\/en\/wp-json\/wp\/v2\/media?parent=477"}],"curies":[{"name":"wp","href":"https:\/\/api.w.org\/{rel}","templated":true}]}}