{"id":481,"date":"2022-11-28T11:16:04","date_gmt":"2022-11-28T11:16:04","guid":{"rendered":"https:\/\/xlab-stiftung.de\/?page_id=481"},"modified":"2022-11-28T11:16:04","modified_gmt":"2022-11-28T11:16:04","slug":"sf-2016-fusion-von-wasserstoff","status":"publish","type":"page","link":"https:\/\/xlab-stiftung.de\/en\/science-festival-2004-2017-2\/sf-2016-fusion-von-wasserstoff\/","title":{"rendered":"SF-2016-Fusion von Wasserstoff"},"content":{"rendered":"<h1 class=\"wp-block-heading\">Fusion von Wasserstoff \u2013 Energie der Zukunft oder ewiger Traum?<\/h1>\n\n\n\n<p><em>Prof. Dr. Thomas Klinger,<br>Max-Planck-Institut f\u00fcr Plasmaphysik, Greifswald<\/em><\/p>\n\n\n\n<p>Bereits seit einem halben Jahrhundert besch\u00e4ftigt sich die Forschung mit der Frage, ob die Prozesse auf der Sonne zur Energieerzeugung auch auf der Erde nachvollzogen werden k\u00f6nnen. Diese so genannte \u201eFusion\u201c leichter Wasserstoffkerne zu schwererem Helium ist ein verbl\u00fcffend einfaches Konzept, aber \u00e4u\u00dferst schwierig im Laborma\u00dfstab zu realisieren. Jedoch hat es in aller Stille gewaltige Fortschritte gegeben, die es jetzt sinnvoll erscheinen lassen, Versuchsanlagen im Kraftwerksma\u00dfstab aufzubauen. Gelingt es, die verbliebenen physikalischen und technologischen Herausforderungen zu meistern, h\u00e4tte man damit eine neue Energieform der Menschheit verf\u00fcgbar gemacht, die viele Vorteile hat: Sie ist unersch\u00f6pflich und f\u00fcr alle verf\u00fcgbar. Sie ist aus sich heraus sicher und ohne Endlagerproblematik. Sie w\u00fcrde die Grundlast bedienen und w\u00e4re damit die ideale Erg\u00e4nzung zur schwankenden Verf\u00fcgbarkeit erneuerbarer Energien. Und sie k\u00f6nnte die dringend ben\u00f6tigte Proze\u00dfw\u00e4rme f\u00fcr chemische Katalyse liefern. Der durchaus steinige Weg zu dieser neuen Energie wird im Vortrag in einem breiten Kontext erl\u00e4utert.&nbsp;<\/p>","protected":false},"excerpt":{"rendered":"<p>Fusion von Wasserstoff \u2013 Energie der Zukunft oder ewiger Traum? Prof. Dr. Thomas Klinger,Max-Planck-Institut f\u00fcr Plasmaphysik, Greifswald Bereits seit einem halben Jahrhundert besch\u00e4ftigt&hellip;<\/p>","protected":false},"author":1,"featured_media":0,"parent":133,"menu_order":36,"comment_status":"closed","ping_status":"closed","template":"","meta":[],"yoast_head":"<!-- This site is optimized with the Yoast SEO plugin v21.2 - https:\/\/yoast.com\/wordpress\/plugins\/seo\/ -->\n<title>SF-2016-Fusion von Wasserstoff - XLAB Stiftung<\/title>\n<meta name=\"robots\" content=\"index, follow, max-snippet:-1, max-image-preview:large, max-video-preview:-1\" \/>\n<link rel=\"canonical\" href=\"https:\/\/xlab-stiftung.de\/en\/science-festival-2004-2017-2\/sf-2016-fusion-von-wasserstoff\/\" \/>\n<meta property=\"og:locale\" content=\"en_US\" \/>\n<meta property=\"og:type\" content=\"article\" \/>\n<meta property=\"og:title\" content=\"SF-2016-Fusion von Wasserstoff - XLAB Stiftung\" \/>\n<meta property=\"og:description\" content=\"Fusion von Wasserstoff \u2013 Energie der Zukunft oder ewiger Traum? Prof. Dr. Thomas Klinger,Max-Planck-Institut f\u00fcr Plasmaphysik, Greifswald Bereits seit einem halben Jahrhundert besch\u00e4ftigt&hellip;\" \/>\n<meta property=\"og:url\" content=\"https:\/\/xlab-stiftung.de\/en\/science-festival-2004-2017-2\/sf-2016-fusion-von-wasserstoff\/\" \/>\n<meta property=\"og:site_name\" content=\"XLAB Stiftung\" \/>\n<meta name=\"twitter:card\" content=\"summary_large_image\" \/>\n<meta name=\"twitter:label1\" content=\"Est. reading time\" \/>\n\t<meta name=\"twitter:data1\" content=\"1 minute\" \/>\n<script type=\"application\/ld+json\" class=\"yoast-schema-graph\">{\"@context\":\"https:\/\/schema.org\",\"@graph\":[{\"@type\":\"WebPage\",\"@id\":\"https:\/\/xlab-stiftung.de\/science-festival-2004-2017-2\/sf-2016-fusion-von-wasserstoff\/\",\"url\":\"https:\/\/xlab-stiftung.de\/science-festival-2004-2017-2\/sf-2016-fusion-von-wasserstoff\/\",\"name\":\"SF-2016-Fusion von Wasserstoff - XLAB Stiftung\",\"isPartOf\":{\"@id\":\"https:\/\/xlab-stiftung.de\/#website\"},\"datePublished\":\"2022-11-28T11:16:04+00:00\",\"dateModified\":\"2022-11-28T11:16:04+00:00\",\"breadcrumb\":{\"@id\":\"https:\/\/xlab-stiftung.de\/science-festival-2004-2017-2\/sf-2016-fusion-von-wasserstoff\/#breadcrumb\"},\"inLanguage\":\"en-US\",\"potentialAction\":[{\"@type\":\"ReadAction\",\"target\":[\"https:\/\/xlab-stiftung.de\/science-festival-2004-2017-2\/sf-2016-fusion-von-wasserstoff\/\"]}]},{\"@type\":\"BreadcrumbList\",\"@id\":\"https:\/\/xlab-stiftung.de\/science-festival-2004-2017-2\/sf-2016-fusion-von-wasserstoff\/#breadcrumb\",\"itemListElement\":[{\"@type\":\"ListItem\",\"position\":1,\"name\":\"Startseite\",\"item\":\"https:\/\/xlab-stiftung.de\/\"},{\"@type\":\"ListItem\",\"position\":2,\"name\":\"Science Festival 2004-2023\",\"item\":\"https:\/\/xlab-stiftung.de\/science-festival-2004-2017-2\/\"},{\"@type\":\"ListItem\",\"position\":3,\"name\":\"SF-2016-Fusion von Wasserstoff\"}]},{\"@type\":\"WebSite\",\"@id\":\"https:\/\/xlab-stiftung.de\/#website\",\"url\":\"https:\/\/xlab-stiftung.de\/\",\"name\":\"XLAB Stiftung\",\"description\":\"\",\"publisher\":{\"@id\":\"https:\/\/xlab-stiftung.de\/#organization\"},\"potentialAction\":[{\"@type\":\"SearchAction\",\"target\":{\"@type\":\"EntryPoint\",\"urlTemplate\":\"https:\/\/xlab-stiftung.de\/?s={search_term_string}\"},\"query-input\":\"required name=search_term_string\"}],\"inLanguage\":\"en-US\"},{\"@type\":\"Organization\",\"@id\":\"https:\/\/xlab-stiftung.de\/#organization\",\"name\":\"XLAB Stiftung\",\"url\":\"https:\/\/xlab-stiftung.de\/\",\"logo\":{\"@type\":\"ImageObject\",\"inLanguage\":\"en-US\",\"@id\":\"https:\/\/xlab-stiftung.de\/#\/schema\/logo\/image\/\",\"url\":\"https:\/\/xlab-stiftung.de\/wp-content\/uploads\/2023\/01\/ezgif.com-gif-maker-5.gif\",\"contentUrl\":\"https:\/\/xlab-stiftung.de\/wp-content\/uploads\/2023\/01\/ezgif.com-gif-maker-5.gif\",\"width\":2048,\"height\":230,\"caption\":\"XLAB Stiftung\"},\"image\":{\"@id\":\"https:\/\/xlab-stiftung.de\/#\/schema\/logo\/image\/\"}}]}<\/script>\n<!-- \/ Yoast SEO plugin. -->","yoast_head_json":{"title":"SF-2016-Fusion von Wasserstoff - XLAB Stiftung","robots":{"index":"index","follow":"follow","max-snippet":"max-snippet:-1","max-image-preview":"max-image-preview:large","max-video-preview":"max-video-preview:-1"},"canonical":"https:\/\/xlab-stiftung.de\/en\/science-festival-2004-2017-2\/sf-2016-fusion-von-wasserstoff\/","og_locale":"en_US","og_type":"article","og_title":"SF-2016-Fusion von Wasserstoff - XLAB Stiftung","og_description":"Fusion von Wasserstoff \u2013 Energie der Zukunft oder ewiger Traum? Prof. Dr. Thomas Klinger,Max-Planck-Institut f\u00fcr Plasmaphysik, Greifswald Bereits seit einem halben Jahrhundert besch\u00e4ftigt&hellip;","og_url":"https:\/\/xlab-stiftung.de\/en\/science-festival-2004-2017-2\/sf-2016-fusion-von-wasserstoff\/","og_site_name":"XLAB Stiftung","twitter_card":"summary_large_image","twitter_misc":{"Est. reading time":"1 minute"},"schema":{"@context":"https:\/\/schema.org","@graph":[{"@type":"WebPage","@id":"https:\/\/xlab-stiftung.de\/science-festival-2004-2017-2\/sf-2016-fusion-von-wasserstoff\/","url":"https:\/\/xlab-stiftung.de\/science-festival-2004-2017-2\/sf-2016-fusion-von-wasserstoff\/","name":"SF-2016-Fusion von Wasserstoff - XLAB Stiftung","isPartOf":{"@id":"https:\/\/xlab-stiftung.de\/#website"},"datePublished":"2022-11-28T11:16:04+00:00","dateModified":"2022-11-28T11:16:04+00:00","breadcrumb":{"@id":"https:\/\/xlab-stiftung.de\/science-festival-2004-2017-2\/sf-2016-fusion-von-wasserstoff\/#breadcrumb"},"inLanguage":"en-US","potentialAction":[{"@type":"ReadAction","target":["https:\/\/xlab-stiftung.de\/science-festival-2004-2017-2\/sf-2016-fusion-von-wasserstoff\/"]}]},{"@type":"BreadcrumbList","@id":"https:\/\/xlab-stiftung.de\/science-festival-2004-2017-2\/sf-2016-fusion-von-wasserstoff\/#breadcrumb","itemListElement":[{"@type":"ListItem","position":1,"name":"Startseite","item":"https:\/\/xlab-stiftung.de\/"},{"@type":"ListItem","position":2,"name":"Science Festival 2004-2023","item":"https:\/\/xlab-stiftung.de\/science-festival-2004-2017-2\/"},{"@type":"ListItem","position":3,"name":"SF-2016-Fusion von Wasserstoff"}]},{"@type":"WebSite","@id":"https:\/\/xlab-stiftung.de\/#website","url":"https:\/\/xlab-stiftung.de\/","name":"XLAB Stiftung","description":"","publisher":{"@id":"https:\/\/xlab-stiftung.de\/#organization"},"potentialAction":[{"@type":"SearchAction","target":{"@type":"EntryPoint","urlTemplate":"https:\/\/xlab-stiftung.de\/?s={search_term_string}"},"query-input":"required name=search_term_string"}],"inLanguage":"en-US"},{"@type":"Organization","@id":"https:\/\/xlab-stiftung.de\/#organization","name":"XLAB Stiftung","url":"https:\/\/xlab-stiftung.de\/","logo":{"@type":"ImageObject","inLanguage":"en-US","@id":"https:\/\/xlab-stiftung.de\/#\/schema\/logo\/image\/","url":"https:\/\/xlab-stiftung.de\/wp-content\/uploads\/2023\/01\/ezgif.com-gif-maker-5.gif","contentUrl":"https:\/\/xlab-stiftung.de\/wp-content\/uploads\/2023\/01\/ezgif.com-gif-maker-5.gif","width":2048,"height":230,"caption":"XLAB Stiftung"},"image":{"@id":"https:\/\/xlab-stiftung.de\/#\/schema\/logo\/image\/"}}]}},"_links":{"self":[{"href":"https:\/\/xlab-stiftung.de\/en\/wp-json\/wp\/v2\/pages\/481"}],"collection":[{"href":"https:\/\/xlab-stiftung.de\/en\/wp-json\/wp\/v2\/pages"}],"about":[{"href":"https:\/\/xlab-stiftung.de\/en\/wp-json\/wp\/v2\/types\/page"}],"author":[{"embeddable":true,"href":"https:\/\/xlab-stiftung.de\/en\/wp-json\/wp\/v2\/users\/1"}],"replies":[{"embeddable":true,"href":"https:\/\/xlab-stiftung.de\/en\/wp-json\/wp\/v2\/comments?post=481"}],"version-history":[{"count":1,"href":"https:\/\/xlab-stiftung.de\/en\/wp-json\/wp\/v2\/pages\/481\/revisions"}],"predecessor-version":[{"id":483,"href":"https:\/\/xlab-stiftung.de\/en\/wp-json\/wp\/v2\/pages\/481\/revisions\/483"}],"up":[{"embeddable":true,"href":"https:\/\/xlab-stiftung.de\/en\/wp-json\/wp\/v2\/pages\/133"}],"wp:attachment":[{"href":"https:\/\/xlab-stiftung.de\/en\/wp-json\/wp\/v2\/media?parent=481"}],"curies":[{"name":"wp","href":"https:\/\/api.w.org\/{rel}","templated":true}]}}