{"id":485,"date":"2022-11-28T11:16:47","date_gmt":"2022-11-28T11:16:47","guid":{"rendered":"https:\/\/xlab-stiftung.de\/?page_id=485"},"modified":"2022-11-28T11:16:47","modified_gmt":"2022-11-28T11:16:47","slug":"sf-2016-weiblich-passiv-und-maennlich-aktiv","status":"publish","type":"page","link":"https:\/\/xlab-stiftung.de\/en\/science-festival-2004-2017-2\/sf-2016-weiblich-passiv-und-maennlich-aktiv\/","title":{"rendered":"SF-2016-Weiblich passiv und m\u00e4nnlich aktiv?"},"content":{"rendered":"<h1 class=\"wp-block-heading\">Weiblich passiv und m\u00e4nnlich aktiv? Sozialverhalten und Partnerwahl bei weiblich gepr\u00e4gten (S\u00e4ugetier-)Gesellschaften aus Sicht der modernen Verhaltensforschung<\/h1>\n\n\n\n<p><em>Prof. Dr.&nbsp;<\/em><em>Heribert Hofer,&nbsp;<\/em><em>Leibniz-Institut f\u00fcr Zoo- und Wildtierforschung, Freie Universit\u00e4t Berlin<\/em><\/p>\n\n\n\n<p>In der Verhaltensforschung hat es in den letzten zwei Jahrzehnten aufregende Fortschritte und bahnbrechende neue Erkenntnisse zum Sozialverhalten und der Partnerwahl bei S\u00e4ugetieren gegeben, die von der \u00d6ffentlichkeit weitgehend unbeachtet blieben. Dazu geh\u00f6ren neue Konzepte wie Vers\u00f6hnung, die soziale Beziehung als Ressource oder die Bedeutung von Koalitionen als Mittel zur Festigung der eigenen sozialen Stellung. Spannende Forschungsergebnisse verdeutlichen, welche oft eleganten Taktiken beide Geschlechter im Umgang miteinander anwenden, welche Auswahlkriterien sie anlegen und wie sie gelegentlich versuchen, ihre potenziellen Paarungspartner mit hoher Kunstfertigkeit zum eigenen Vorteil zu manipulieren. Aufregende Fortschritte in dieser Hinsicht lieferten in j\u00fcngerer Vergangenheit insbesondere weiblich gepr\u00e4gte S\u00e4ugetiergesellschaften mit komplexem Sozialverhalten wie Raubtiere, Affen, Elefanten oder Delfine.<\/p>\n\n\n\n<p>In diesem Vortrag stelle ich die interessantesten Ergebnisse vor, bereichert durch eigene Forschungen im Freiland, etwa zu den T\u00fcpfelhy\u00e4nen in der Serengeti in Ostafrika, die wir seit \u00fcber drei\u00dfig Jahren beobachten.<\/p>","protected":false},"excerpt":{"rendered":"<p>Weiblich passiv und m\u00e4nnlich aktiv? Sozialverhalten und Partnerwahl bei weiblich gepr\u00e4gten (S\u00e4ugetier-)Gesellschaften aus Sicht der modernen Verhaltensforschung Prof. Dr.&nbsp;Heribert Hofer,&nbsp;Leibniz-Institut f\u00fcr Zoo- und&hellip;<\/p>","protected":false},"author":1,"featured_media":0,"parent":133,"menu_order":37,"comment_status":"closed","ping_status":"closed","template":"","meta":[],"yoast_head":"<!-- This site is optimized with the Yoast SEO plugin v21.2 - https:\/\/yoast.com\/wordpress\/plugins\/seo\/ -->\n<title>SF-2016-Weiblich passiv und m\u00e4nnlich aktiv? - XLAB Stiftung<\/title>\n<meta name=\"robots\" content=\"index, follow, max-snippet:-1, max-image-preview:large, max-video-preview:-1\" \/>\n<link rel=\"canonical\" href=\"https:\/\/xlab-stiftung.de\/en\/science-festival-2004-2017-2\/sf-2016-weiblich-passiv-und-maennlich-aktiv\/\" \/>\n<meta property=\"og:locale\" content=\"en_US\" \/>\n<meta property=\"og:type\" content=\"article\" \/>\n<meta property=\"og:title\" content=\"SF-2016-Weiblich passiv und m\u00e4nnlich aktiv? - XLAB Stiftung\" \/>\n<meta property=\"og:description\" content=\"Weiblich passiv und m\u00e4nnlich aktiv? Sozialverhalten und Partnerwahl bei weiblich gepr\u00e4gten (S\u00e4ugetier-)Gesellschaften aus Sicht der modernen Verhaltensforschung Prof. Dr.&nbsp;Heribert Hofer,&nbsp;Leibniz-Institut f\u00fcr Zoo- und&hellip;\" \/>\n<meta property=\"og:url\" content=\"https:\/\/xlab-stiftung.de\/en\/science-festival-2004-2017-2\/sf-2016-weiblich-passiv-und-maennlich-aktiv\/\" \/>\n<meta property=\"og:site_name\" content=\"XLAB Stiftung\" \/>\n<meta name=\"twitter:card\" content=\"summary_large_image\" \/>\n<meta name=\"twitter:label1\" content=\"Est. reading time\" \/>\n\t<meta name=\"twitter:data1\" content=\"1 minute\" \/>\n<script type=\"application\/ld+json\" class=\"yoast-schema-graph\">{\"@context\":\"https:\/\/schema.org\",\"@graph\":[{\"@type\":\"WebPage\",\"@id\":\"https:\/\/xlab-stiftung.de\/science-festival-2004-2017-2\/sf-2016-weiblich-passiv-und-maennlich-aktiv\/\",\"url\":\"https:\/\/xlab-stiftung.de\/science-festival-2004-2017-2\/sf-2016-weiblich-passiv-und-maennlich-aktiv\/\",\"name\":\"SF-2016-Weiblich passiv und m\u00e4nnlich aktiv? - XLAB Stiftung\",\"isPartOf\":{\"@id\":\"https:\/\/xlab-stiftung.de\/#website\"},\"datePublished\":\"2022-11-28T11:16:47+00:00\",\"dateModified\":\"2022-11-28T11:16:47+00:00\",\"breadcrumb\":{\"@id\":\"https:\/\/xlab-stiftung.de\/science-festival-2004-2017-2\/sf-2016-weiblich-passiv-und-maennlich-aktiv\/#breadcrumb\"},\"inLanguage\":\"en-US\",\"potentialAction\":[{\"@type\":\"ReadAction\",\"target\":[\"https:\/\/xlab-stiftung.de\/science-festival-2004-2017-2\/sf-2016-weiblich-passiv-und-maennlich-aktiv\/\"]}]},{\"@type\":\"BreadcrumbList\",\"@id\":\"https:\/\/xlab-stiftung.de\/science-festival-2004-2017-2\/sf-2016-weiblich-passiv-und-maennlich-aktiv\/#breadcrumb\",\"itemListElement\":[{\"@type\":\"ListItem\",\"position\":1,\"name\":\"Startseite\",\"item\":\"https:\/\/xlab-stiftung.de\/\"},{\"@type\":\"ListItem\",\"position\":2,\"name\":\"Science Festival 2004-2023\",\"item\":\"https:\/\/xlab-stiftung.de\/science-festival-2004-2017-2\/\"},{\"@type\":\"ListItem\",\"position\":3,\"name\":\"SF-2016-Weiblich passiv und m\u00e4nnlich aktiv?\"}]},{\"@type\":\"WebSite\",\"@id\":\"https:\/\/xlab-stiftung.de\/#website\",\"url\":\"https:\/\/xlab-stiftung.de\/\",\"name\":\"XLAB Stiftung\",\"description\":\"\",\"publisher\":{\"@id\":\"https:\/\/xlab-stiftung.de\/#organization\"},\"potentialAction\":[{\"@type\":\"SearchAction\",\"target\":{\"@type\":\"EntryPoint\",\"urlTemplate\":\"https:\/\/xlab-stiftung.de\/?s={search_term_string}\"},\"query-input\":\"required name=search_term_string\"}],\"inLanguage\":\"en-US\"},{\"@type\":\"Organization\",\"@id\":\"https:\/\/xlab-stiftung.de\/#organization\",\"name\":\"XLAB Stiftung\",\"url\":\"https:\/\/xlab-stiftung.de\/\",\"logo\":{\"@type\":\"ImageObject\",\"inLanguage\":\"en-US\",\"@id\":\"https:\/\/xlab-stiftung.de\/#\/schema\/logo\/image\/\",\"url\":\"https:\/\/xlab-stiftung.de\/wp-content\/uploads\/2023\/01\/ezgif.com-gif-maker-5.gif\",\"contentUrl\":\"https:\/\/xlab-stiftung.de\/wp-content\/uploads\/2023\/01\/ezgif.com-gif-maker-5.gif\",\"width\":2048,\"height\":230,\"caption\":\"XLAB Stiftung\"},\"image\":{\"@id\":\"https:\/\/xlab-stiftung.de\/#\/schema\/logo\/image\/\"}}]}<\/script>\n<!-- \/ Yoast SEO plugin. -->","yoast_head_json":{"title":"SF-2016-Weiblich passiv und m\u00e4nnlich aktiv? - XLAB Stiftung","robots":{"index":"index","follow":"follow","max-snippet":"max-snippet:-1","max-image-preview":"max-image-preview:large","max-video-preview":"max-video-preview:-1"},"canonical":"https:\/\/xlab-stiftung.de\/en\/science-festival-2004-2017-2\/sf-2016-weiblich-passiv-und-maennlich-aktiv\/","og_locale":"en_US","og_type":"article","og_title":"SF-2016-Weiblich passiv und m\u00e4nnlich aktiv? - XLAB Stiftung","og_description":"Weiblich passiv und m\u00e4nnlich aktiv? Sozialverhalten und Partnerwahl bei weiblich gepr\u00e4gten (S\u00e4ugetier-)Gesellschaften aus Sicht der modernen Verhaltensforschung Prof. Dr.&nbsp;Heribert Hofer,&nbsp;Leibniz-Institut f\u00fcr Zoo- und&hellip;","og_url":"https:\/\/xlab-stiftung.de\/en\/science-festival-2004-2017-2\/sf-2016-weiblich-passiv-und-maennlich-aktiv\/","og_site_name":"XLAB Stiftung","twitter_card":"summary_large_image","twitter_misc":{"Est. reading time":"1 minute"},"schema":{"@context":"https:\/\/schema.org","@graph":[{"@type":"WebPage","@id":"https:\/\/xlab-stiftung.de\/science-festival-2004-2017-2\/sf-2016-weiblich-passiv-und-maennlich-aktiv\/","url":"https:\/\/xlab-stiftung.de\/science-festival-2004-2017-2\/sf-2016-weiblich-passiv-und-maennlich-aktiv\/","name":"SF-2016-Weiblich passiv und m\u00e4nnlich aktiv? - XLAB Stiftung","isPartOf":{"@id":"https:\/\/xlab-stiftung.de\/#website"},"datePublished":"2022-11-28T11:16:47+00:00","dateModified":"2022-11-28T11:16:47+00:00","breadcrumb":{"@id":"https:\/\/xlab-stiftung.de\/science-festival-2004-2017-2\/sf-2016-weiblich-passiv-und-maennlich-aktiv\/#breadcrumb"},"inLanguage":"en-US","potentialAction":[{"@type":"ReadAction","target":["https:\/\/xlab-stiftung.de\/science-festival-2004-2017-2\/sf-2016-weiblich-passiv-und-maennlich-aktiv\/"]}]},{"@type":"BreadcrumbList","@id":"https:\/\/xlab-stiftung.de\/science-festival-2004-2017-2\/sf-2016-weiblich-passiv-und-maennlich-aktiv\/#breadcrumb","itemListElement":[{"@type":"ListItem","position":1,"name":"Startseite","item":"https:\/\/xlab-stiftung.de\/"},{"@type":"ListItem","position":2,"name":"Science Festival 2004-2023","item":"https:\/\/xlab-stiftung.de\/science-festival-2004-2017-2\/"},{"@type":"ListItem","position":3,"name":"SF-2016-Weiblich passiv und m\u00e4nnlich aktiv?"}]},{"@type":"WebSite","@id":"https:\/\/xlab-stiftung.de\/#website","url":"https:\/\/xlab-stiftung.de\/","name":"XLAB Stiftung","description":"","publisher":{"@id":"https:\/\/xlab-stiftung.de\/#organization"},"potentialAction":[{"@type":"SearchAction","target":{"@type":"EntryPoint","urlTemplate":"https:\/\/xlab-stiftung.de\/?s={search_term_string}"},"query-input":"required name=search_term_string"}],"inLanguage":"en-US"},{"@type":"Organization","@id":"https:\/\/xlab-stiftung.de\/#organization","name":"XLAB Stiftung","url":"https:\/\/xlab-stiftung.de\/","logo":{"@type":"ImageObject","inLanguage":"en-US","@id":"https:\/\/xlab-stiftung.de\/#\/schema\/logo\/image\/","url":"https:\/\/xlab-stiftung.de\/wp-content\/uploads\/2023\/01\/ezgif.com-gif-maker-5.gif","contentUrl":"https:\/\/xlab-stiftung.de\/wp-content\/uploads\/2023\/01\/ezgif.com-gif-maker-5.gif","width":2048,"height":230,"caption":"XLAB Stiftung"},"image":{"@id":"https:\/\/xlab-stiftung.de\/#\/schema\/logo\/image\/"}}]}},"_links":{"self":[{"href":"https:\/\/xlab-stiftung.de\/en\/wp-json\/wp\/v2\/pages\/485"}],"collection":[{"href":"https:\/\/xlab-stiftung.de\/en\/wp-json\/wp\/v2\/pages"}],"about":[{"href":"https:\/\/xlab-stiftung.de\/en\/wp-json\/wp\/v2\/types\/page"}],"author":[{"embeddable":true,"href":"https:\/\/xlab-stiftung.de\/en\/wp-json\/wp\/v2\/users\/1"}],"replies":[{"embeddable":true,"href":"https:\/\/xlab-stiftung.de\/en\/wp-json\/wp\/v2\/comments?post=485"}],"version-history":[{"count":1,"href":"https:\/\/xlab-stiftung.de\/en\/wp-json\/wp\/v2\/pages\/485\/revisions"}],"predecessor-version":[{"id":487,"href":"https:\/\/xlab-stiftung.de\/en\/wp-json\/wp\/v2\/pages\/485\/revisions\/487"}],"up":[{"embeddable":true,"href":"https:\/\/xlab-stiftung.de\/en\/wp-json\/wp\/v2\/pages\/133"}],"wp:attachment":[{"href":"https:\/\/xlab-stiftung.de\/en\/wp-json\/wp\/v2\/media?parent=485"}],"curies":[{"name":"wp","href":"https:\/\/api.w.org\/{rel}","templated":true}]}}