{"id":489,"date":"2022-11-28T11:17:39","date_gmt":"2022-11-28T11:17:39","guid":{"rendered":"https:\/\/xlab-stiftung.de\/?page_id=489"},"modified":"2022-11-28T11:17:39","modified_gmt":"2022-11-28T11:17:39","slug":"sf-2016-kuenstliche-intelligenz-im-alltag","status":"publish","type":"page","link":"https:\/\/xlab-stiftung.de\/en\/science-festival-2004-2017-2\/sf-2016-kuenstliche-intelligenz-im-alltag\/","title":{"rendered":"SF-2016-K\u00fcnstliche Intelligenz im Alltag"},"content":{"rendered":"<h1 class=\"wp-block-heading\">K\u00fcnstliche Intelligenz im Alltag<\/h1>\n\n\n\n<p><em>Prof. Dr. Dr. h.c. mult. Wolfgang Wahlster, Deutsches Forschungszentrum f\u00fcr K\u00fcnstliche Intelligenz (DFKI), Saarbr\u00fccken, Kaiserslautern, Bremen, Berlin<\/em><\/p>\n\n\n\n<p><em>in Kooperation mit der Georg-August-Universit\u00e4t G\u00f6ttingen<\/em><\/p>\n\n\n\n<p>Seit 60 Jahren arbeiten Informatiker im Forschungsgebiet K\u00fcnstliche Intelligenz an Computersystemen mit Hand und Fu\u00df, Augen und Ohren sowie etwas Verstand. Inzwischen haben Systeme mit K\u00fcnstlicher Intelligenz unseren Alltag erreicht: vom k\u00fcnstlichen Spielpartner \u00fcber das dolmetschende Handy bis hin zum selbstfahrenden Auto. Der Vortrag erl\u00e4utert die Grundbausteine der K\u00fcnstlichen Intelligenz und zeigt die Chancen und Risiken dieser Systeme auf. Die wissenschaftlichen Fortschritte beim automatischen Bild- und Sprachverstehen, der algorithmischen Handlungsplanung, dem maschinellen Lernen und der wissensbasierten Schlussfolgerung haben eine neue Generation von Robotern erm\u00f6glicht, die im Team mit anderen Robotern und Menschen zusammenarbeiten k\u00f6nnen. Anhand von praktischen Beispielen von der intelligenten Fabrik bis zu Robotern in der Tiefsee und im Weltraum werden die vielf\u00e4ltigen Anwendungsm\u00f6glichkeiten der K\u00fcnstlichen Intelligenz zur L\u00f6sung wichtiger gesellschaftlicher und wirtschaftlicher Probleme unserer Zeit diskutiert. Es wird gezeigt, dass die Mensch-Technik-Interaktion durch die Einbettung K\u00fcnstlicher Intelligenz in unsere technisierte Umwelt so gestaltet werden kann, dass sich der Mensch nicht l\u00e4nger der Technik anpassen muss, sondern sich die Technik dem Menschen individuell anpassen kann. Inzwischen hat sich das Deutsche Forschungszentrum f\u00fcr K\u00fcnstliche Intelligenz zum weltweit gr\u00f6\u00dften Forschungszentrum auf diesem Zukunftsgebiet entwickelt und deutsche Forscher waren an den wissenschaftlichen Durchbr\u00fcchen auf dem Gebiet der K\u00fcnstlichen Intelligenz ma\u00dfgeblich beteiligt. Dazu hat die Denk- und Ingenieurstradition Deutschlands von Leibniz bis Zuse entscheidend beigetragen. Nun besteht mit der vierten industriellen Revolution auf der Basis cyber-physischer Produktionssysteme und der Digitalisierung von Dienstleitungen die Chance, den Wohlstand in Deutschland durch die Integration von K\u00fcnstlicher Intelligenz in die Exportschlager unserer Wirtschaft vom M\u00e4hdrescher \u00fcber das Auto bis zum Geschirrsp\u00fcler nachhaltig zu sichern. Der Erfolg von Technologien der K\u00fcnstlichen Intelligenz wirft eine Vielzahl ethischer, philosophischer, juristischer und sozialer Fragen auf, die fr\u00fchzeitig auch in B\u00fcrgerforen diskutiert werden m\u00fcssen. Zum Schluss werden auch die wesentlichen Unterschiede zwischen k\u00fcnstlicher und menschlicher Intelligenz herausgearbeitet.<\/p>","protected":false},"excerpt":{"rendered":"<p>K\u00fcnstliche Intelligenz im Alltag Prof. Dr. Dr. h.c. mult. Wolfgang Wahlster, Deutsches Forschungszentrum f\u00fcr K\u00fcnstliche Intelligenz (DFKI), Saarbr\u00fccken, Kaiserslautern, Bremen, Berlin in Kooperation&hellip;<\/p>","protected":false},"author":1,"featured_media":0,"parent":133,"menu_order":38,"comment_status":"closed","ping_status":"closed","template":"","meta":[],"yoast_head":"<!-- This site is optimized with the Yoast SEO plugin v21.2 - https:\/\/yoast.com\/wordpress\/plugins\/seo\/ -->\n<title>SF-2016-K\u00fcnstliche Intelligenz im Alltag - XLAB Stiftung<\/title>\n<meta name=\"robots\" content=\"index, follow, max-snippet:-1, max-image-preview:large, max-video-preview:-1\" \/>\n<link rel=\"canonical\" href=\"https:\/\/xlab-stiftung.de\/en\/science-festival-2004-2017-2\/sf-2016-kuenstliche-intelligenz-im-alltag\/\" \/>\n<meta property=\"og:locale\" content=\"en_US\" \/>\n<meta property=\"og:type\" content=\"article\" \/>\n<meta property=\"og:title\" content=\"SF-2016-K\u00fcnstliche Intelligenz im Alltag - XLAB Stiftung\" \/>\n<meta property=\"og:description\" content=\"K\u00fcnstliche Intelligenz im Alltag Prof. Dr. Dr. h.c. mult. Wolfgang Wahlster, Deutsches Forschungszentrum f\u00fcr K\u00fcnstliche Intelligenz (DFKI), Saarbr\u00fccken, Kaiserslautern, Bremen, Berlin in Kooperation&hellip;\" \/>\n<meta property=\"og:url\" content=\"https:\/\/xlab-stiftung.de\/en\/science-festival-2004-2017-2\/sf-2016-kuenstliche-intelligenz-im-alltag\/\" \/>\n<meta property=\"og:site_name\" content=\"XLAB Stiftung\" \/>\n<meta name=\"twitter:card\" content=\"summary_large_image\" \/>\n<meta name=\"twitter:label1\" content=\"Est. reading time\" \/>\n\t<meta name=\"twitter:data1\" content=\"2 minutes\" \/>\n<script type=\"application\/ld+json\" class=\"yoast-schema-graph\">{\"@context\":\"https:\/\/schema.org\",\"@graph\":[{\"@type\":\"WebPage\",\"@id\":\"https:\/\/xlab-stiftung.de\/science-festival-2004-2017-2\/sf-2016-kuenstliche-intelligenz-im-alltag\/\",\"url\":\"https:\/\/xlab-stiftung.de\/science-festival-2004-2017-2\/sf-2016-kuenstliche-intelligenz-im-alltag\/\",\"name\":\"SF-2016-K\u00fcnstliche Intelligenz im Alltag - XLAB Stiftung\",\"isPartOf\":{\"@id\":\"https:\/\/xlab-stiftung.de\/#website\"},\"datePublished\":\"2022-11-28T11:17:39+00:00\",\"dateModified\":\"2022-11-28T11:17:39+00:00\",\"breadcrumb\":{\"@id\":\"https:\/\/xlab-stiftung.de\/science-festival-2004-2017-2\/sf-2016-kuenstliche-intelligenz-im-alltag\/#breadcrumb\"},\"inLanguage\":\"en-US\",\"potentialAction\":[{\"@type\":\"ReadAction\",\"target\":[\"https:\/\/xlab-stiftung.de\/science-festival-2004-2017-2\/sf-2016-kuenstliche-intelligenz-im-alltag\/\"]}]},{\"@type\":\"BreadcrumbList\",\"@id\":\"https:\/\/xlab-stiftung.de\/science-festival-2004-2017-2\/sf-2016-kuenstliche-intelligenz-im-alltag\/#breadcrumb\",\"itemListElement\":[{\"@type\":\"ListItem\",\"position\":1,\"name\":\"Startseite\",\"item\":\"https:\/\/xlab-stiftung.de\/\"},{\"@type\":\"ListItem\",\"position\":2,\"name\":\"Science Festival 2004-2023\",\"item\":\"https:\/\/xlab-stiftung.de\/science-festival-2004-2017-2\/\"},{\"@type\":\"ListItem\",\"position\":3,\"name\":\"SF-2016-K\u00fcnstliche Intelligenz im Alltag\"}]},{\"@type\":\"WebSite\",\"@id\":\"https:\/\/xlab-stiftung.de\/#website\",\"url\":\"https:\/\/xlab-stiftung.de\/\",\"name\":\"XLAB Stiftung\",\"description\":\"\",\"publisher\":{\"@id\":\"https:\/\/xlab-stiftung.de\/#organization\"},\"potentialAction\":[{\"@type\":\"SearchAction\",\"target\":{\"@type\":\"EntryPoint\",\"urlTemplate\":\"https:\/\/xlab-stiftung.de\/?s={search_term_string}\"},\"query-input\":\"required name=search_term_string\"}],\"inLanguage\":\"en-US\"},{\"@type\":\"Organization\",\"@id\":\"https:\/\/xlab-stiftung.de\/#organization\",\"name\":\"XLAB Stiftung\",\"url\":\"https:\/\/xlab-stiftung.de\/\",\"logo\":{\"@type\":\"ImageObject\",\"inLanguage\":\"en-US\",\"@id\":\"https:\/\/xlab-stiftung.de\/#\/schema\/logo\/image\/\",\"url\":\"https:\/\/xlab-stiftung.de\/wp-content\/uploads\/2023\/01\/ezgif.com-gif-maker-5.gif\",\"contentUrl\":\"https:\/\/xlab-stiftung.de\/wp-content\/uploads\/2023\/01\/ezgif.com-gif-maker-5.gif\",\"width\":2048,\"height\":230,\"caption\":\"XLAB Stiftung\"},\"image\":{\"@id\":\"https:\/\/xlab-stiftung.de\/#\/schema\/logo\/image\/\"}}]}<\/script>\n<!-- \/ Yoast SEO plugin. -->","yoast_head_json":{"title":"SF-2016-K\u00fcnstliche Intelligenz im Alltag - XLAB Stiftung","robots":{"index":"index","follow":"follow","max-snippet":"max-snippet:-1","max-image-preview":"max-image-preview:large","max-video-preview":"max-video-preview:-1"},"canonical":"https:\/\/xlab-stiftung.de\/en\/science-festival-2004-2017-2\/sf-2016-kuenstliche-intelligenz-im-alltag\/","og_locale":"en_US","og_type":"article","og_title":"SF-2016-K\u00fcnstliche Intelligenz im Alltag - XLAB Stiftung","og_description":"K\u00fcnstliche Intelligenz im Alltag Prof. Dr. Dr. h.c. mult. Wolfgang Wahlster, Deutsches Forschungszentrum f\u00fcr K\u00fcnstliche Intelligenz (DFKI), Saarbr\u00fccken, Kaiserslautern, Bremen, Berlin in Kooperation&hellip;","og_url":"https:\/\/xlab-stiftung.de\/en\/science-festival-2004-2017-2\/sf-2016-kuenstliche-intelligenz-im-alltag\/","og_site_name":"XLAB Stiftung","twitter_card":"summary_large_image","twitter_misc":{"Est. reading time":"2 minutes"},"schema":{"@context":"https:\/\/schema.org","@graph":[{"@type":"WebPage","@id":"https:\/\/xlab-stiftung.de\/science-festival-2004-2017-2\/sf-2016-kuenstliche-intelligenz-im-alltag\/","url":"https:\/\/xlab-stiftung.de\/science-festival-2004-2017-2\/sf-2016-kuenstliche-intelligenz-im-alltag\/","name":"SF-2016-K\u00fcnstliche Intelligenz im Alltag - XLAB Stiftung","isPartOf":{"@id":"https:\/\/xlab-stiftung.de\/#website"},"datePublished":"2022-11-28T11:17:39+00:00","dateModified":"2022-11-28T11:17:39+00:00","breadcrumb":{"@id":"https:\/\/xlab-stiftung.de\/science-festival-2004-2017-2\/sf-2016-kuenstliche-intelligenz-im-alltag\/#breadcrumb"},"inLanguage":"en-US","potentialAction":[{"@type":"ReadAction","target":["https:\/\/xlab-stiftung.de\/science-festival-2004-2017-2\/sf-2016-kuenstliche-intelligenz-im-alltag\/"]}]},{"@type":"BreadcrumbList","@id":"https:\/\/xlab-stiftung.de\/science-festival-2004-2017-2\/sf-2016-kuenstliche-intelligenz-im-alltag\/#breadcrumb","itemListElement":[{"@type":"ListItem","position":1,"name":"Startseite","item":"https:\/\/xlab-stiftung.de\/"},{"@type":"ListItem","position":2,"name":"Science Festival 2004-2023","item":"https:\/\/xlab-stiftung.de\/science-festival-2004-2017-2\/"},{"@type":"ListItem","position":3,"name":"SF-2016-K\u00fcnstliche Intelligenz im Alltag"}]},{"@type":"WebSite","@id":"https:\/\/xlab-stiftung.de\/#website","url":"https:\/\/xlab-stiftung.de\/","name":"XLAB Stiftung","description":"","publisher":{"@id":"https:\/\/xlab-stiftung.de\/#organization"},"potentialAction":[{"@type":"SearchAction","target":{"@type":"EntryPoint","urlTemplate":"https:\/\/xlab-stiftung.de\/?s={search_term_string}"},"query-input":"required name=search_term_string"}],"inLanguage":"en-US"},{"@type":"Organization","@id":"https:\/\/xlab-stiftung.de\/#organization","name":"XLAB Stiftung","url":"https:\/\/xlab-stiftung.de\/","logo":{"@type":"ImageObject","inLanguage":"en-US","@id":"https:\/\/xlab-stiftung.de\/#\/schema\/logo\/image\/","url":"https:\/\/xlab-stiftung.de\/wp-content\/uploads\/2023\/01\/ezgif.com-gif-maker-5.gif","contentUrl":"https:\/\/xlab-stiftung.de\/wp-content\/uploads\/2023\/01\/ezgif.com-gif-maker-5.gif","width":2048,"height":230,"caption":"XLAB Stiftung"},"image":{"@id":"https:\/\/xlab-stiftung.de\/#\/schema\/logo\/image\/"}}]}},"_links":{"self":[{"href":"https:\/\/xlab-stiftung.de\/en\/wp-json\/wp\/v2\/pages\/489"}],"collection":[{"href":"https:\/\/xlab-stiftung.de\/en\/wp-json\/wp\/v2\/pages"}],"about":[{"href":"https:\/\/xlab-stiftung.de\/en\/wp-json\/wp\/v2\/types\/page"}],"author":[{"embeddable":true,"href":"https:\/\/xlab-stiftung.de\/en\/wp-json\/wp\/v2\/users\/1"}],"replies":[{"embeddable":true,"href":"https:\/\/xlab-stiftung.de\/en\/wp-json\/wp\/v2\/comments?post=489"}],"version-history":[{"count":1,"href":"https:\/\/xlab-stiftung.de\/en\/wp-json\/wp\/v2\/pages\/489\/revisions"}],"predecessor-version":[{"id":491,"href":"https:\/\/xlab-stiftung.de\/en\/wp-json\/wp\/v2\/pages\/489\/revisions\/491"}],"up":[{"embeddable":true,"href":"https:\/\/xlab-stiftung.de\/en\/wp-json\/wp\/v2\/pages\/133"}],"wp:attachment":[{"href":"https:\/\/xlab-stiftung.de\/en\/wp-json\/wp\/v2\/media?parent=489"}],"curies":[{"name":"wp","href":"https:\/\/api.w.org\/{rel}","templated":true}]}}