{"id":493,"date":"2022-11-28T11:18:06","date_gmt":"2022-11-28T11:18:06","guid":{"rendered":"https:\/\/xlab-stiftung.de\/?page_id=493"},"modified":"2022-11-28T11:18:06","modified_gmt":"2022-11-28T11:18:06","slug":"sf-2016-wie-nervenzellen-miteinander-reden","status":"publish","type":"page","link":"https:\/\/xlab-stiftung.de\/en\/science-festival-2004-2017-2\/sf-2016-wie-nervenzellen-miteinander-reden\/","title":{"rendered":"SF-2016-Wie Nervenzellen miteinander reden"},"content":{"rendered":"<h1 class=\"wp-block-heading\">Wie Nervenzellen miteinander reden<\/h1>\n\n\n\n<p><em>Prof. Dr. Reinhard Jahn,&nbsp;<br><\/em><em>Max-Planck-Institut f\u00fcr biophysikalische Chemie, G\u00f6ttingen<\/em><\/p>\n\n\n\n<p>Unser Gehirn besteht aus 100 Milliarden Nervenzellen, die ein komplexes dreidimensionales Netzwerk ausbilden, in dem Informationen empfangen, verarbeitet und weitergeleitet werden. Anders als bei einem Transistor kann eine einzelne Nervenzelle viele tausend Kontakte zu anderen Nervenzellen ausbilden, an denen Signale \u00fcbertragen werden. Diese Kontaktstellen werden als Synapsen bezeichnet, wobei Signale nur in einer Richtung von der Sender- an die Empf\u00e4ngerzelle \u00fcbertragen werden. Dabei erfolgt eine Umcodierung von elektrischen in chemische Signale: Elektrische Impulse, die in den synaptischen&nbsp;Nervenenden einer Senderzelle eintreffen, f\u00fchren zur Freisetzung von chemischen Botenstoffen, den Neurotransmittern, die anschlie\u00dfend von der Empf\u00e4ngerzelle ausgelesen und wieder in elektrische Signale \u00fcbersetzt werden.&nbsp;<\/p>\n\n\n\n<p>Wie funktioniert die \u00dcbersetzung von elektrischen in chemische Signale? Vor der Freisetzung sind Neurotransmitter in kleinen membranumschlossenen Bl\u00e4schen gespeichert, den synaptischen Vesikeln. Wenn ein elektrisches Signal eintrifft, str\u00f6men Calcium-Ionen aus dem Extrazellul\u00e4rraum in die Synapse, wodurch die Verschmelzung der Membran der synaptischen Vesikel mit der Plasmamembran ausgel\u00f6st und die Neurotransmitter freigesetzt werden. Dieser Vorgang dauert nur eine tausendstel Sekunde \u2013 sehr schnell f\u00fcr biologische Reaktionen, aber vergleichsweise langsam gegen\u00fcber einem Transistor. Die Mokek\u00fcle, die f\u00fcr die Calcium-vermittelte Membranverschmelzung verantwortlich sind, sind bereits vor \u00fcber 20 Jahren entdeckt worden, unter anderem unter Beteiligung meiner Arbeitsgruppe. Seither bem\u00fchen wir uns, einzelne Reaktionen im Reagenzglas unter Verwendung von gereinigten Proteinen und k\u00fcnstlichen Membranen zu rekonstruieren. Hiervon erhoffen wir uns genauere Einblicke in die molekularen Schritte, die der Freisetzung von Neurotransmittern in allen Nervenzellen und damit dem Funktionieren des Gehirns zugrunde liegen. &nbsp;<\/p>","protected":false},"excerpt":{"rendered":"<p>Wie Nervenzellen miteinander reden Prof. Dr. Reinhard Jahn,&nbsp;Max-Planck-Institut f\u00fcr biophysikalische Chemie, G\u00f6ttingen Unser Gehirn besteht aus 100 Milliarden Nervenzellen, die ein komplexes dreidimensionales&hellip;<\/p>","protected":false},"author":1,"featured_media":0,"parent":133,"menu_order":40,"comment_status":"closed","ping_status":"closed","template":"","meta":[],"yoast_head":"<!-- This site is optimized with the Yoast SEO plugin v21.2 - https:\/\/yoast.com\/wordpress\/plugins\/seo\/ -->\n<title>SF-2016-Wie Nervenzellen miteinander reden - XLAB Stiftung<\/title>\n<meta name=\"robots\" content=\"index, follow, max-snippet:-1, max-image-preview:large, max-video-preview:-1\" \/>\n<link rel=\"canonical\" href=\"https:\/\/xlab-stiftung.de\/en\/science-festival-2004-2017-2\/sf-2016-wie-nervenzellen-miteinander-reden\/\" \/>\n<meta property=\"og:locale\" content=\"en_US\" \/>\n<meta property=\"og:type\" content=\"article\" \/>\n<meta property=\"og:title\" content=\"SF-2016-Wie Nervenzellen miteinander reden - XLAB Stiftung\" \/>\n<meta property=\"og:description\" content=\"Wie Nervenzellen miteinander reden Prof. Dr. Reinhard Jahn,&nbsp;Max-Planck-Institut f\u00fcr biophysikalische Chemie, G\u00f6ttingen Unser Gehirn besteht aus 100 Milliarden Nervenzellen, die ein komplexes dreidimensionales&hellip;\" \/>\n<meta property=\"og:url\" content=\"https:\/\/xlab-stiftung.de\/en\/science-festival-2004-2017-2\/sf-2016-wie-nervenzellen-miteinander-reden\/\" \/>\n<meta property=\"og:site_name\" content=\"XLAB Stiftung\" \/>\n<meta name=\"twitter:card\" content=\"summary_large_image\" \/>\n<meta name=\"twitter:label1\" content=\"Est. reading time\" \/>\n\t<meta name=\"twitter:data1\" content=\"1 minute\" \/>\n<script type=\"application\/ld+json\" class=\"yoast-schema-graph\">{\"@context\":\"https:\/\/schema.org\",\"@graph\":[{\"@type\":\"WebPage\",\"@id\":\"https:\/\/xlab-stiftung.de\/science-festival-2004-2017-2\/sf-2016-wie-nervenzellen-miteinander-reden\/\",\"url\":\"https:\/\/xlab-stiftung.de\/science-festival-2004-2017-2\/sf-2016-wie-nervenzellen-miteinander-reden\/\",\"name\":\"SF-2016-Wie Nervenzellen miteinander reden - XLAB Stiftung\",\"isPartOf\":{\"@id\":\"https:\/\/xlab-stiftung.de\/#website\"},\"datePublished\":\"2022-11-28T11:18:06+00:00\",\"dateModified\":\"2022-11-28T11:18:06+00:00\",\"breadcrumb\":{\"@id\":\"https:\/\/xlab-stiftung.de\/science-festival-2004-2017-2\/sf-2016-wie-nervenzellen-miteinander-reden\/#breadcrumb\"},\"inLanguage\":\"en-US\",\"potentialAction\":[{\"@type\":\"ReadAction\",\"target\":[\"https:\/\/xlab-stiftung.de\/science-festival-2004-2017-2\/sf-2016-wie-nervenzellen-miteinander-reden\/\"]}]},{\"@type\":\"BreadcrumbList\",\"@id\":\"https:\/\/xlab-stiftung.de\/science-festival-2004-2017-2\/sf-2016-wie-nervenzellen-miteinander-reden\/#breadcrumb\",\"itemListElement\":[{\"@type\":\"ListItem\",\"position\":1,\"name\":\"Startseite\",\"item\":\"https:\/\/xlab-stiftung.de\/\"},{\"@type\":\"ListItem\",\"position\":2,\"name\":\"Science Festival 2004-2023\",\"item\":\"https:\/\/xlab-stiftung.de\/science-festival-2004-2017-2\/\"},{\"@type\":\"ListItem\",\"position\":3,\"name\":\"SF-2016-Wie Nervenzellen miteinander reden\"}]},{\"@type\":\"WebSite\",\"@id\":\"https:\/\/xlab-stiftung.de\/#website\",\"url\":\"https:\/\/xlab-stiftung.de\/\",\"name\":\"XLAB Stiftung\",\"description\":\"\",\"publisher\":{\"@id\":\"https:\/\/xlab-stiftung.de\/#organization\"},\"potentialAction\":[{\"@type\":\"SearchAction\",\"target\":{\"@type\":\"EntryPoint\",\"urlTemplate\":\"https:\/\/xlab-stiftung.de\/?s={search_term_string}\"},\"query-input\":\"required name=search_term_string\"}],\"inLanguage\":\"en-US\"},{\"@type\":\"Organization\",\"@id\":\"https:\/\/xlab-stiftung.de\/#organization\",\"name\":\"XLAB Stiftung\",\"url\":\"https:\/\/xlab-stiftung.de\/\",\"logo\":{\"@type\":\"ImageObject\",\"inLanguage\":\"en-US\",\"@id\":\"https:\/\/xlab-stiftung.de\/#\/schema\/logo\/image\/\",\"url\":\"https:\/\/xlab-stiftung.de\/wp-content\/uploads\/2023\/01\/ezgif.com-gif-maker-5.gif\",\"contentUrl\":\"https:\/\/xlab-stiftung.de\/wp-content\/uploads\/2023\/01\/ezgif.com-gif-maker-5.gif\",\"width\":2048,\"height\":230,\"caption\":\"XLAB Stiftung\"},\"image\":{\"@id\":\"https:\/\/xlab-stiftung.de\/#\/schema\/logo\/image\/\"}}]}<\/script>\n<!-- \/ Yoast SEO plugin. -->","yoast_head_json":{"title":"SF-2016-Wie Nervenzellen miteinander reden - XLAB Stiftung","robots":{"index":"index","follow":"follow","max-snippet":"max-snippet:-1","max-image-preview":"max-image-preview:large","max-video-preview":"max-video-preview:-1"},"canonical":"https:\/\/xlab-stiftung.de\/en\/science-festival-2004-2017-2\/sf-2016-wie-nervenzellen-miteinander-reden\/","og_locale":"en_US","og_type":"article","og_title":"SF-2016-Wie Nervenzellen miteinander reden - XLAB Stiftung","og_description":"Wie Nervenzellen miteinander reden Prof. Dr. Reinhard Jahn,&nbsp;Max-Planck-Institut f\u00fcr biophysikalische Chemie, G\u00f6ttingen Unser Gehirn besteht aus 100 Milliarden Nervenzellen, die ein komplexes dreidimensionales&hellip;","og_url":"https:\/\/xlab-stiftung.de\/en\/science-festival-2004-2017-2\/sf-2016-wie-nervenzellen-miteinander-reden\/","og_site_name":"XLAB Stiftung","twitter_card":"summary_large_image","twitter_misc":{"Est. reading time":"1 minute"},"schema":{"@context":"https:\/\/schema.org","@graph":[{"@type":"WebPage","@id":"https:\/\/xlab-stiftung.de\/science-festival-2004-2017-2\/sf-2016-wie-nervenzellen-miteinander-reden\/","url":"https:\/\/xlab-stiftung.de\/science-festival-2004-2017-2\/sf-2016-wie-nervenzellen-miteinander-reden\/","name":"SF-2016-Wie Nervenzellen miteinander reden - XLAB Stiftung","isPartOf":{"@id":"https:\/\/xlab-stiftung.de\/#website"},"datePublished":"2022-11-28T11:18:06+00:00","dateModified":"2022-11-28T11:18:06+00:00","breadcrumb":{"@id":"https:\/\/xlab-stiftung.de\/science-festival-2004-2017-2\/sf-2016-wie-nervenzellen-miteinander-reden\/#breadcrumb"},"inLanguage":"en-US","potentialAction":[{"@type":"ReadAction","target":["https:\/\/xlab-stiftung.de\/science-festival-2004-2017-2\/sf-2016-wie-nervenzellen-miteinander-reden\/"]}]},{"@type":"BreadcrumbList","@id":"https:\/\/xlab-stiftung.de\/science-festival-2004-2017-2\/sf-2016-wie-nervenzellen-miteinander-reden\/#breadcrumb","itemListElement":[{"@type":"ListItem","position":1,"name":"Startseite","item":"https:\/\/xlab-stiftung.de\/"},{"@type":"ListItem","position":2,"name":"Science Festival 2004-2023","item":"https:\/\/xlab-stiftung.de\/science-festival-2004-2017-2\/"},{"@type":"ListItem","position":3,"name":"SF-2016-Wie Nervenzellen miteinander reden"}]},{"@type":"WebSite","@id":"https:\/\/xlab-stiftung.de\/#website","url":"https:\/\/xlab-stiftung.de\/","name":"XLAB Stiftung","description":"","publisher":{"@id":"https:\/\/xlab-stiftung.de\/#organization"},"potentialAction":[{"@type":"SearchAction","target":{"@type":"EntryPoint","urlTemplate":"https:\/\/xlab-stiftung.de\/?s={search_term_string}"},"query-input":"required name=search_term_string"}],"inLanguage":"en-US"},{"@type":"Organization","@id":"https:\/\/xlab-stiftung.de\/#organization","name":"XLAB Stiftung","url":"https:\/\/xlab-stiftung.de\/","logo":{"@type":"ImageObject","inLanguage":"en-US","@id":"https:\/\/xlab-stiftung.de\/#\/schema\/logo\/image\/","url":"https:\/\/xlab-stiftung.de\/wp-content\/uploads\/2023\/01\/ezgif.com-gif-maker-5.gif","contentUrl":"https:\/\/xlab-stiftung.de\/wp-content\/uploads\/2023\/01\/ezgif.com-gif-maker-5.gif","width":2048,"height":230,"caption":"XLAB Stiftung"},"image":{"@id":"https:\/\/xlab-stiftung.de\/#\/schema\/logo\/image\/"}}]}},"_links":{"self":[{"href":"https:\/\/xlab-stiftung.de\/en\/wp-json\/wp\/v2\/pages\/493"}],"collection":[{"href":"https:\/\/xlab-stiftung.de\/en\/wp-json\/wp\/v2\/pages"}],"about":[{"href":"https:\/\/xlab-stiftung.de\/en\/wp-json\/wp\/v2\/types\/page"}],"author":[{"embeddable":true,"href":"https:\/\/xlab-stiftung.de\/en\/wp-json\/wp\/v2\/users\/1"}],"replies":[{"embeddable":true,"href":"https:\/\/xlab-stiftung.de\/en\/wp-json\/wp\/v2\/comments?post=493"}],"version-history":[{"count":1,"href":"https:\/\/xlab-stiftung.de\/en\/wp-json\/wp\/v2\/pages\/493\/revisions"}],"predecessor-version":[{"id":495,"href":"https:\/\/xlab-stiftung.de\/en\/wp-json\/wp\/v2\/pages\/493\/revisions\/495"}],"up":[{"embeddable":true,"href":"https:\/\/xlab-stiftung.de\/en\/wp-json\/wp\/v2\/pages\/133"}],"wp:attachment":[{"href":"https:\/\/xlab-stiftung.de\/en\/wp-json\/wp\/v2\/media?parent=493"}],"curies":[{"name":"wp","href":"https:\/\/api.w.org\/{rel}","templated":true}]}}