{"id":497,"date":"2022-11-28T11:18:38","date_gmt":"2022-11-28T11:18:38","guid":{"rendered":"https:\/\/xlab-stiftung.de\/?page_id=497"},"modified":"2022-11-28T11:18:38","modified_gmt":"2022-11-28T11:18:38","slug":"sf-2016-membranproteine","status":"publish","type":"page","link":"https:\/\/xlab-stiftung.de\/en\/science-festival-2004-2017-2\/sf-2016-membranproteine\/","title":{"rendered":"SF-2016-Membranproteine"},"content":{"rendered":"<h1 class=\"wp-block-heading\"><a href=\"Membranproteine:\">Membranproteine: Aufgaben, Strukturen und Wirkungsweise<\/a><\/h1>\n\n\n\n<p><em>Prof. Dr. Dr. h.c.&nbsp;<\/em><em>Hartmut Michel,<br><\/em><em>Max-Planck-Institut f\u00fcr Biophysik, Frankfurt am Main<\/em><\/p>\n\n\n\n<p>Alle biologischen Zellen werden von Membranen umgeben, zus\u00e4tzlich werden die Zellen h\u00f6herer Organismen von Membranen unterteilt. Biologische Membranen bestehen aus Lipiden und Membranproteinen. Prinzipiell sind sie f\u00fcr Ionen und polare Substanzen nicht durchl\u00e4ssig. Deshalb k\u00f6nnen elektrische Spannungen, auch Membranpotentiale genannt, und Substanzgradienten \u00fcber diese Membranen aufgebaut und aufrechterhalten werden.<\/p>\n\n\n\n<p>Im Vergleich mit den Lipiden kommen den&nbsp;Membranproteinen&nbsp;die wichtigeren Aufgaben zu. Sie sind&nbsp;verantwortlich f\u00fcr:<\/p>\n\n\n\n<ol>\n<li>den Transport von Substanzen \u00fcber die Membranen. N\u00e4hrstoffe, Vitamine und Enzymsubstrate m\u00fcssen aufgenommen werden, Stoffwechselendprodukte und Substanzen, die extrazellul\u00e4r gebraucht werden, m\u00fcssen aus den Zellen ausgeschleust werden. \u201eIonenpumpen\u201c halten Ionengradienten \u00fcber die Zellmembran aufrecht.<\/li>\n\n\n\n<li>den Gro\u00dfteil des Elektronenflusses und den Energiestoffwechsel der Zellen, insbesondere bei der Photosynthese und der Zellatmung.<\/li>\n\n\n\n<li>Signalerkennung, Weiterleitung des Signals durch die Zellmembran und Amplifizierung des Signals.<\/li>\n\n\n\n<li>enzymatische Reaktionen, bevorzugt mit hydrophoben Substraten.<\/li>\n<\/ol>\n\n\n\n<p>&nbsp;Ziel unserer Forschung ist es, die Funktion ausgew\u00e4hlter Membranproteine und ihre Wirkungsweise zu verstehen. Zus\u00e4tzlich wirken die meisten Arzneimittel, indem sie Membranproteine, insbesondere Rezeptoren, hemmen oder aktivieren. Deshalb ist die Aufkl\u00e4rung der Struktur von Membranproteinen f\u00fcr die gezielte Entwicklung von Arzneimitteln durch \u201edrug design\u201c oder \u201evirtuelles Screening\u201c sehr wichtig. Jedoch gestaltet sich das Arbeiten mit Membranproteinen als \u00e4u\u00dferst schwierig. Dies liegt an der mangelnden Verf\u00fcgbarkeit der Membranproteine und ihrer Instabilit\u00e4t. Zurzeit sind die Strukturen von etwa 500 verschiedenen Membranproteinen bekannt, das ist wenig, verglichen mit weit mehr als 20 000 l\u00f6slichen Proteinen. Darunter sind die Strukturen von 50 (von ca. 7000) Membranproteinen des menschlichen K\u00f6rpers.<\/p>\n\n\n\n<p>Die Methoden zur Bestimmung der Struktur von Membranproteinen werden vorgestellt und die Strukturen und Mechanismen ausgew\u00e4hlter Membranproteine aus der Photosynthese und Zellatmung sowie von Membranproteinen mit medizinischem Interesse pr\u00e4sentiert.<\/p>","protected":false},"excerpt":{"rendered":"<p>Membranproteine: Aufgaben, Strukturen und Wirkungsweise Prof. Dr. Dr. h.c.&nbsp;Hartmut Michel,Max-Planck-Institut f\u00fcr Biophysik, Frankfurt am Main Alle biologischen Zellen werden von Membranen umgeben, zus\u00e4tzlich&hellip;<\/p>","protected":false},"author":1,"featured_media":0,"parent":133,"menu_order":41,"comment_status":"closed","ping_status":"closed","template":"","meta":[],"yoast_head":"<!-- This site is optimized with the Yoast SEO plugin v21.2 - https:\/\/yoast.com\/wordpress\/plugins\/seo\/ -->\n<title>SF-2016-Membranproteine - XLAB Stiftung<\/title>\n<meta name=\"robots\" content=\"index, follow, max-snippet:-1, max-image-preview:large, max-video-preview:-1\" \/>\n<link rel=\"canonical\" href=\"https:\/\/xlab-stiftung.de\/en\/science-festival-2004-2017-2\/sf-2016-membranproteine\/\" \/>\n<meta property=\"og:locale\" content=\"en_US\" \/>\n<meta property=\"og:type\" content=\"article\" \/>\n<meta property=\"og:title\" content=\"SF-2016-Membranproteine - XLAB Stiftung\" \/>\n<meta property=\"og:description\" content=\"Membranproteine: Aufgaben, Strukturen und Wirkungsweise Prof. Dr. Dr. h.c.&nbsp;Hartmut Michel,Max-Planck-Institut f\u00fcr Biophysik, Frankfurt am Main Alle biologischen Zellen werden von Membranen umgeben, zus\u00e4tzlich&hellip;\" \/>\n<meta property=\"og:url\" content=\"https:\/\/xlab-stiftung.de\/en\/science-festival-2004-2017-2\/sf-2016-membranproteine\/\" \/>\n<meta property=\"og:site_name\" content=\"XLAB Stiftung\" \/>\n<meta name=\"twitter:card\" content=\"summary_large_image\" \/>\n<meta name=\"twitter:label1\" content=\"Est. reading time\" \/>\n\t<meta name=\"twitter:data1\" content=\"2 minutes\" \/>\n<script type=\"application\/ld+json\" class=\"yoast-schema-graph\">{\"@context\":\"https:\/\/schema.org\",\"@graph\":[{\"@type\":\"WebPage\",\"@id\":\"https:\/\/xlab-stiftung.de\/science-festival-2004-2017-2\/sf-2016-membranproteine\/\",\"url\":\"https:\/\/xlab-stiftung.de\/science-festival-2004-2017-2\/sf-2016-membranproteine\/\",\"name\":\"SF-2016-Membranproteine - XLAB Stiftung\",\"isPartOf\":{\"@id\":\"https:\/\/xlab-stiftung.de\/#website\"},\"datePublished\":\"2022-11-28T11:18:38+00:00\",\"dateModified\":\"2022-11-28T11:18:38+00:00\",\"breadcrumb\":{\"@id\":\"https:\/\/xlab-stiftung.de\/science-festival-2004-2017-2\/sf-2016-membranproteine\/#breadcrumb\"},\"inLanguage\":\"en-US\",\"potentialAction\":[{\"@type\":\"ReadAction\",\"target\":[\"https:\/\/xlab-stiftung.de\/science-festival-2004-2017-2\/sf-2016-membranproteine\/\"]}]},{\"@type\":\"BreadcrumbList\",\"@id\":\"https:\/\/xlab-stiftung.de\/science-festival-2004-2017-2\/sf-2016-membranproteine\/#breadcrumb\",\"itemListElement\":[{\"@type\":\"ListItem\",\"position\":1,\"name\":\"Startseite\",\"item\":\"https:\/\/xlab-stiftung.de\/\"},{\"@type\":\"ListItem\",\"position\":2,\"name\":\"Science Festival 2004-2023\",\"item\":\"https:\/\/xlab-stiftung.de\/science-festival-2004-2017-2\/\"},{\"@type\":\"ListItem\",\"position\":3,\"name\":\"SF-2016-Membranproteine\"}]},{\"@type\":\"WebSite\",\"@id\":\"https:\/\/xlab-stiftung.de\/#website\",\"url\":\"https:\/\/xlab-stiftung.de\/\",\"name\":\"XLAB Stiftung\",\"description\":\"\",\"publisher\":{\"@id\":\"https:\/\/xlab-stiftung.de\/#organization\"},\"potentialAction\":[{\"@type\":\"SearchAction\",\"target\":{\"@type\":\"EntryPoint\",\"urlTemplate\":\"https:\/\/xlab-stiftung.de\/?s={search_term_string}\"},\"query-input\":\"required name=search_term_string\"}],\"inLanguage\":\"en-US\"},{\"@type\":\"Organization\",\"@id\":\"https:\/\/xlab-stiftung.de\/#organization\",\"name\":\"XLAB Stiftung\",\"url\":\"https:\/\/xlab-stiftung.de\/\",\"logo\":{\"@type\":\"ImageObject\",\"inLanguage\":\"en-US\",\"@id\":\"https:\/\/xlab-stiftung.de\/#\/schema\/logo\/image\/\",\"url\":\"https:\/\/xlab-stiftung.de\/wp-content\/uploads\/2023\/01\/ezgif.com-gif-maker-5.gif\",\"contentUrl\":\"https:\/\/xlab-stiftung.de\/wp-content\/uploads\/2023\/01\/ezgif.com-gif-maker-5.gif\",\"width\":2048,\"height\":230,\"caption\":\"XLAB Stiftung\"},\"image\":{\"@id\":\"https:\/\/xlab-stiftung.de\/#\/schema\/logo\/image\/\"}}]}<\/script>\n<!-- \/ Yoast SEO plugin. -->","yoast_head_json":{"title":"SF-2016-Membranproteine - XLAB Stiftung","robots":{"index":"index","follow":"follow","max-snippet":"max-snippet:-1","max-image-preview":"max-image-preview:large","max-video-preview":"max-video-preview:-1"},"canonical":"https:\/\/xlab-stiftung.de\/en\/science-festival-2004-2017-2\/sf-2016-membranproteine\/","og_locale":"en_US","og_type":"article","og_title":"SF-2016-Membranproteine - XLAB Stiftung","og_description":"Membranproteine: Aufgaben, Strukturen und Wirkungsweise Prof. Dr. Dr. h.c.&nbsp;Hartmut Michel,Max-Planck-Institut f\u00fcr Biophysik, Frankfurt am Main Alle biologischen Zellen werden von Membranen umgeben, zus\u00e4tzlich&hellip;","og_url":"https:\/\/xlab-stiftung.de\/en\/science-festival-2004-2017-2\/sf-2016-membranproteine\/","og_site_name":"XLAB Stiftung","twitter_card":"summary_large_image","twitter_misc":{"Est. reading time":"2 minutes"},"schema":{"@context":"https:\/\/schema.org","@graph":[{"@type":"WebPage","@id":"https:\/\/xlab-stiftung.de\/science-festival-2004-2017-2\/sf-2016-membranproteine\/","url":"https:\/\/xlab-stiftung.de\/science-festival-2004-2017-2\/sf-2016-membranproteine\/","name":"SF-2016-Membranproteine - XLAB Stiftung","isPartOf":{"@id":"https:\/\/xlab-stiftung.de\/#website"},"datePublished":"2022-11-28T11:18:38+00:00","dateModified":"2022-11-28T11:18:38+00:00","breadcrumb":{"@id":"https:\/\/xlab-stiftung.de\/science-festival-2004-2017-2\/sf-2016-membranproteine\/#breadcrumb"},"inLanguage":"en-US","potentialAction":[{"@type":"ReadAction","target":["https:\/\/xlab-stiftung.de\/science-festival-2004-2017-2\/sf-2016-membranproteine\/"]}]},{"@type":"BreadcrumbList","@id":"https:\/\/xlab-stiftung.de\/science-festival-2004-2017-2\/sf-2016-membranproteine\/#breadcrumb","itemListElement":[{"@type":"ListItem","position":1,"name":"Startseite","item":"https:\/\/xlab-stiftung.de\/"},{"@type":"ListItem","position":2,"name":"Science Festival 2004-2023","item":"https:\/\/xlab-stiftung.de\/science-festival-2004-2017-2\/"},{"@type":"ListItem","position":3,"name":"SF-2016-Membranproteine"}]},{"@type":"WebSite","@id":"https:\/\/xlab-stiftung.de\/#website","url":"https:\/\/xlab-stiftung.de\/","name":"XLAB Stiftung","description":"","publisher":{"@id":"https:\/\/xlab-stiftung.de\/#organization"},"potentialAction":[{"@type":"SearchAction","target":{"@type":"EntryPoint","urlTemplate":"https:\/\/xlab-stiftung.de\/?s={search_term_string}"},"query-input":"required name=search_term_string"}],"inLanguage":"en-US"},{"@type":"Organization","@id":"https:\/\/xlab-stiftung.de\/#organization","name":"XLAB Stiftung","url":"https:\/\/xlab-stiftung.de\/","logo":{"@type":"ImageObject","inLanguage":"en-US","@id":"https:\/\/xlab-stiftung.de\/#\/schema\/logo\/image\/","url":"https:\/\/xlab-stiftung.de\/wp-content\/uploads\/2023\/01\/ezgif.com-gif-maker-5.gif","contentUrl":"https:\/\/xlab-stiftung.de\/wp-content\/uploads\/2023\/01\/ezgif.com-gif-maker-5.gif","width":2048,"height":230,"caption":"XLAB Stiftung"},"image":{"@id":"https:\/\/xlab-stiftung.de\/#\/schema\/logo\/image\/"}}]}},"_links":{"self":[{"href":"https:\/\/xlab-stiftung.de\/en\/wp-json\/wp\/v2\/pages\/497"}],"collection":[{"href":"https:\/\/xlab-stiftung.de\/en\/wp-json\/wp\/v2\/pages"}],"about":[{"href":"https:\/\/xlab-stiftung.de\/en\/wp-json\/wp\/v2\/types\/page"}],"author":[{"embeddable":true,"href":"https:\/\/xlab-stiftung.de\/en\/wp-json\/wp\/v2\/users\/1"}],"replies":[{"embeddable":true,"href":"https:\/\/xlab-stiftung.de\/en\/wp-json\/wp\/v2\/comments?post=497"}],"version-history":[{"count":1,"href":"https:\/\/xlab-stiftung.de\/en\/wp-json\/wp\/v2\/pages\/497\/revisions"}],"predecessor-version":[{"id":499,"href":"https:\/\/xlab-stiftung.de\/en\/wp-json\/wp\/v2\/pages\/497\/revisions\/499"}],"up":[{"embeddable":true,"href":"https:\/\/xlab-stiftung.de\/en\/wp-json\/wp\/v2\/pages\/133"}],"wp:attachment":[{"href":"https:\/\/xlab-stiftung.de\/en\/wp-json\/wp\/v2\/media?parent=497"}],"curies":[{"name":"wp","href":"https:\/\/api.w.org\/{rel}","templated":true}]}}