{"id":501,"date":"2022-11-28T11:19:11","date_gmt":"2022-11-28T11:19:11","guid":{"rendered":"https:\/\/xlab-stiftung.de\/?page_id=501"},"modified":"2022-11-28T11:19:11","modified_gmt":"2022-11-28T11:19:11","slug":"sf-2016-was-spiderman-besser-wissen-sollte","status":"publish","type":"page","link":"https:\/\/xlab-stiftung.de\/en\/science-festival-2004-2017-2\/sf-2016-was-spiderman-besser-wissen-sollte\/","title":{"rendered":"SF-2016-Was Spiderman besser wissen sollte."},"content":{"rendered":"<h1 class=\"wp-block-heading\">Was Spiderman besser wissen sollte Oder: Was wir von der Natur lernen k\u00f6nnen<\/h1>\n\n\n\n<p><em>Prof. Dr. Thomas Scheibel, Universit\u00e4t Bayreuth<\/em><\/p>\n\n\n\n<p>Spiderman, der ber\u00fchmte Comic-Held, macht aus wissenschaftlicher Sicht so ziemlich alles falsch, was man falsch machen kann. Wenn er am Schluss an Materialversagen stirbt, dann hat er nicht genau genug hingeschaut, womit die Natur sein Vorbild ausgestattet hat.&nbsp;<\/p>\n\n\n\n<p>Was fasziniert die Menschen seit langem an Spinnenseide? Das ist eine Kombination von Eigenschaften, wie man sie in dieser Zusammensetzung nirgendwo anders findet: zum einen eine besondere mechanische Eigenschaft, n\u00e4mlich die Kombination einer gro\u00dfen Rei\u00dffestigkeit mit einer hohen Belastbarkeit, zum anderen ihre Biokompatibilit\u00e4t, die sie f\u00fcr die Medizintechnik attraktiv erscheinen l\u00e4sst. Denn Spinnenseide ruft keine Allergien hervor, wirkt entz\u00fcndungshemmend und wundheilungsf\u00f6rdernd.<\/p>\n\n\n\n<p>Spinnenseidengene sind hoch repetitiv, was Sequenzierung und PCR-Methoden erheblich erschwert. Die eindrucksvollen mechanischen Eigenschaften der Fasern basieren auf der Bildung einer elastischen Matrix mit Einschl\u00fcssen kristalliner \u03b2-Faltblattstrukturen, die entlang der Faserachse ausgerichtet sind. Im Spinnkanal bewirkt die Dehnstr\u00f6mung die Ausrichtung der gel\u00f6sten Seidenproteine, die f\u00fcr die Faserbildung von gro\u00dfer Wichtigkeit ist.<\/p>\n\n\n\n<p>Von dem faszinierenden Material Spinnenseide und den technischen M\u00f6glichkeiten, dieses ohne Spinnen herzustellen, handelt dieser Vortrag ebenso wie von den ersten technischen, medizintechnischen und kosmetischen Produkten.<\/p>","protected":false},"excerpt":{"rendered":"<p>Was Spiderman besser wissen sollte Oder: Was wir von der Natur lernen k\u00f6nnen Prof. Dr. Thomas Scheibel, Universit\u00e4t Bayreuth Spiderman, der ber\u00fchmte Comic-Held,&hellip;<\/p>","protected":false},"author":1,"featured_media":0,"parent":133,"menu_order":42,"comment_status":"closed","ping_status":"closed","template":"","meta":[],"yoast_head":"<!-- This site is optimized with the Yoast SEO plugin v21.2 - https:\/\/yoast.com\/wordpress\/plugins\/seo\/ -->\n<title>SF-2016-Was Spiderman besser wissen sollte. - XLAB Stiftung<\/title>\n<meta name=\"robots\" content=\"index, follow, max-snippet:-1, max-image-preview:large, max-video-preview:-1\" \/>\n<link rel=\"canonical\" href=\"https:\/\/xlab-stiftung.de\/en\/science-festival-2004-2017-2\/sf-2016-was-spiderman-besser-wissen-sollte\/\" \/>\n<meta property=\"og:locale\" content=\"en_US\" \/>\n<meta property=\"og:type\" content=\"article\" \/>\n<meta property=\"og:title\" content=\"SF-2016-Was Spiderman besser wissen sollte. - XLAB Stiftung\" \/>\n<meta property=\"og:description\" content=\"Was Spiderman besser wissen sollte Oder: Was wir von der Natur lernen k\u00f6nnen Prof. Dr. Thomas Scheibel, Universit\u00e4t Bayreuth Spiderman, der ber\u00fchmte Comic-Held,&hellip;\" \/>\n<meta property=\"og:url\" content=\"https:\/\/xlab-stiftung.de\/en\/science-festival-2004-2017-2\/sf-2016-was-spiderman-besser-wissen-sollte\/\" \/>\n<meta property=\"og:site_name\" content=\"XLAB Stiftung\" \/>\n<meta name=\"twitter:card\" content=\"summary_large_image\" \/>\n<meta name=\"twitter:label1\" content=\"Est. reading time\" \/>\n\t<meta name=\"twitter:data1\" content=\"1 minute\" \/>\n<script type=\"application\/ld+json\" class=\"yoast-schema-graph\">{\"@context\":\"https:\/\/schema.org\",\"@graph\":[{\"@type\":\"WebPage\",\"@id\":\"https:\/\/xlab-stiftung.de\/science-festival-2004-2017-2\/sf-2016-was-spiderman-besser-wissen-sollte\/\",\"url\":\"https:\/\/xlab-stiftung.de\/science-festival-2004-2017-2\/sf-2016-was-spiderman-besser-wissen-sollte\/\",\"name\":\"SF-2016-Was Spiderman besser wissen sollte. - XLAB Stiftung\",\"isPartOf\":{\"@id\":\"https:\/\/xlab-stiftung.de\/#website\"},\"datePublished\":\"2022-11-28T11:19:11+00:00\",\"dateModified\":\"2022-11-28T11:19:11+00:00\",\"breadcrumb\":{\"@id\":\"https:\/\/xlab-stiftung.de\/science-festival-2004-2017-2\/sf-2016-was-spiderman-besser-wissen-sollte\/#breadcrumb\"},\"inLanguage\":\"en-US\",\"potentialAction\":[{\"@type\":\"ReadAction\",\"target\":[\"https:\/\/xlab-stiftung.de\/science-festival-2004-2017-2\/sf-2016-was-spiderman-besser-wissen-sollte\/\"]}]},{\"@type\":\"BreadcrumbList\",\"@id\":\"https:\/\/xlab-stiftung.de\/science-festival-2004-2017-2\/sf-2016-was-spiderman-besser-wissen-sollte\/#breadcrumb\",\"itemListElement\":[{\"@type\":\"ListItem\",\"position\":1,\"name\":\"Startseite\",\"item\":\"https:\/\/xlab-stiftung.de\/\"},{\"@type\":\"ListItem\",\"position\":2,\"name\":\"Science Festival 2004-2023\",\"item\":\"https:\/\/xlab-stiftung.de\/science-festival-2004-2017-2\/\"},{\"@type\":\"ListItem\",\"position\":3,\"name\":\"SF-2016-Was Spiderman besser wissen sollte.\"}]},{\"@type\":\"WebSite\",\"@id\":\"https:\/\/xlab-stiftung.de\/#website\",\"url\":\"https:\/\/xlab-stiftung.de\/\",\"name\":\"XLAB Stiftung\",\"description\":\"\",\"publisher\":{\"@id\":\"https:\/\/xlab-stiftung.de\/#organization\"},\"potentialAction\":[{\"@type\":\"SearchAction\",\"target\":{\"@type\":\"EntryPoint\",\"urlTemplate\":\"https:\/\/xlab-stiftung.de\/?s={search_term_string}\"},\"query-input\":\"required name=search_term_string\"}],\"inLanguage\":\"en-US\"},{\"@type\":\"Organization\",\"@id\":\"https:\/\/xlab-stiftung.de\/#organization\",\"name\":\"XLAB Stiftung\",\"url\":\"https:\/\/xlab-stiftung.de\/\",\"logo\":{\"@type\":\"ImageObject\",\"inLanguage\":\"en-US\",\"@id\":\"https:\/\/xlab-stiftung.de\/#\/schema\/logo\/image\/\",\"url\":\"https:\/\/xlab-stiftung.de\/wp-content\/uploads\/2023\/01\/ezgif.com-gif-maker-5.gif\",\"contentUrl\":\"https:\/\/xlab-stiftung.de\/wp-content\/uploads\/2023\/01\/ezgif.com-gif-maker-5.gif\",\"width\":2048,\"height\":230,\"caption\":\"XLAB Stiftung\"},\"image\":{\"@id\":\"https:\/\/xlab-stiftung.de\/#\/schema\/logo\/image\/\"}}]}<\/script>\n<!-- \/ Yoast SEO plugin. -->","yoast_head_json":{"title":"SF-2016-Was Spiderman besser wissen sollte. - XLAB Stiftung","robots":{"index":"index","follow":"follow","max-snippet":"max-snippet:-1","max-image-preview":"max-image-preview:large","max-video-preview":"max-video-preview:-1"},"canonical":"https:\/\/xlab-stiftung.de\/en\/science-festival-2004-2017-2\/sf-2016-was-spiderman-besser-wissen-sollte\/","og_locale":"en_US","og_type":"article","og_title":"SF-2016-Was Spiderman besser wissen sollte. - XLAB Stiftung","og_description":"Was Spiderman besser wissen sollte Oder: Was wir von der Natur lernen k\u00f6nnen Prof. Dr. Thomas Scheibel, Universit\u00e4t Bayreuth Spiderman, der ber\u00fchmte Comic-Held,&hellip;","og_url":"https:\/\/xlab-stiftung.de\/en\/science-festival-2004-2017-2\/sf-2016-was-spiderman-besser-wissen-sollte\/","og_site_name":"XLAB Stiftung","twitter_card":"summary_large_image","twitter_misc":{"Est. reading time":"1 minute"},"schema":{"@context":"https:\/\/schema.org","@graph":[{"@type":"WebPage","@id":"https:\/\/xlab-stiftung.de\/science-festival-2004-2017-2\/sf-2016-was-spiderman-besser-wissen-sollte\/","url":"https:\/\/xlab-stiftung.de\/science-festival-2004-2017-2\/sf-2016-was-spiderman-besser-wissen-sollte\/","name":"SF-2016-Was Spiderman besser wissen sollte. - XLAB Stiftung","isPartOf":{"@id":"https:\/\/xlab-stiftung.de\/#website"},"datePublished":"2022-11-28T11:19:11+00:00","dateModified":"2022-11-28T11:19:11+00:00","breadcrumb":{"@id":"https:\/\/xlab-stiftung.de\/science-festival-2004-2017-2\/sf-2016-was-spiderman-besser-wissen-sollte\/#breadcrumb"},"inLanguage":"en-US","potentialAction":[{"@type":"ReadAction","target":["https:\/\/xlab-stiftung.de\/science-festival-2004-2017-2\/sf-2016-was-spiderman-besser-wissen-sollte\/"]}]},{"@type":"BreadcrumbList","@id":"https:\/\/xlab-stiftung.de\/science-festival-2004-2017-2\/sf-2016-was-spiderman-besser-wissen-sollte\/#breadcrumb","itemListElement":[{"@type":"ListItem","position":1,"name":"Startseite","item":"https:\/\/xlab-stiftung.de\/"},{"@type":"ListItem","position":2,"name":"Science Festival 2004-2023","item":"https:\/\/xlab-stiftung.de\/science-festival-2004-2017-2\/"},{"@type":"ListItem","position":3,"name":"SF-2016-Was Spiderman besser wissen sollte."}]},{"@type":"WebSite","@id":"https:\/\/xlab-stiftung.de\/#website","url":"https:\/\/xlab-stiftung.de\/","name":"XLAB Stiftung","description":"","publisher":{"@id":"https:\/\/xlab-stiftung.de\/#organization"},"potentialAction":[{"@type":"SearchAction","target":{"@type":"EntryPoint","urlTemplate":"https:\/\/xlab-stiftung.de\/?s={search_term_string}"},"query-input":"required name=search_term_string"}],"inLanguage":"en-US"},{"@type":"Organization","@id":"https:\/\/xlab-stiftung.de\/#organization","name":"XLAB Stiftung","url":"https:\/\/xlab-stiftung.de\/","logo":{"@type":"ImageObject","inLanguage":"en-US","@id":"https:\/\/xlab-stiftung.de\/#\/schema\/logo\/image\/","url":"https:\/\/xlab-stiftung.de\/wp-content\/uploads\/2023\/01\/ezgif.com-gif-maker-5.gif","contentUrl":"https:\/\/xlab-stiftung.de\/wp-content\/uploads\/2023\/01\/ezgif.com-gif-maker-5.gif","width":2048,"height":230,"caption":"XLAB Stiftung"},"image":{"@id":"https:\/\/xlab-stiftung.de\/#\/schema\/logo\/image\/"}}]}},"_links":{"self":[{"href":"https:\/\/xlab-stiftung.de\/en\/wp-json\/wp\/v2\/pages\/501"}],"collection":[{"href":"https:\/\/xlab-stiftung.de\/en\/wp-json\/wp\/v2\/pages"}],"about":[{"href":"https:\/\/xlab-stiftung.de\/en\/wp-json\/wp\/v2\/types\/page"}],"author":[{"embeddable":true,"href":"https:\/\/xlab-stiftung.de\/en\/wp-json\/wp\/v2\/users\/1"}],"replies":[{"embeddable":true,"href":"https:\/\/xlab-stiftung.de\/en\/wp-json\/wp\/v2\/comments?post=501"}],"version-history":[{"count":1,"href":"https:\/\/xlab-stiftung.de\/en\/wp-json\/wp\/v2\/pages\/501\/revisions"}],"predecessor-version":[{"id":503,"href":"https:\/\/xlab-stiftung.de\/en\/wp-json\/wp\/v2\/pages\/501\/revisions\/503"}],"up":[{"embeddable":true,"href":"https:\/\/xlab-stiftung.de\/en\/wp-json\/wp\/v2\/pages\/133"}],"wp:attachment":[{"href":"https:\/\/xlab-stiftung.de\/en\/wp-json\/wp\/v2\/media?parent=501"}],"curies":[{"name":"wp","href":"https:\/\/api.w.org\/{rel}","templated":true}]}}