{"id":511,"date":"2022-11-28T14:17:01","date_gmt":"2022-11-28T14:17:01","guid":{"rendered":"https:\/\/xlab-stiftung.de\/?page_id=511"},"modified":"2022-11-28T14:17:01","modified_gmt":"2022-11-28T14:17:01","slug":"sf-2015-krebs-spielen-ionenkanaele-eine-rolle","status":"publish","type":"page","link":"https:\/\/xlab-stiftung.de\/en\/science-festival-2004-2017-2\/sf-2015-krebs-spielen-ionenkanaele-eine-rolle\/","title":{"rendered":"SF-2015-Krebs \u2013 Spielen Ionenkan\u00e4le eine Rolle?"},"content":{"rendered":"<p><strong>Prof. Dr. Walter St\u00fchmer<br>Max-Planck-Institut f\u00fcr Experimentelle Medizin, G\u00f6ttingen<\/strong><\/p>\n\n\n\n<p>Ionenkan\u00e4le sind Proteine, die sich in der Zellmembran praktisch jeder Zelle befinden und den passiven Austausch von Ionen steuern. Dadurch sind sie einer der Kommunikationswege zwischen der Innen- und der Au\u00dfenwelt der Zelle. Weil sie an vielen zellul\u00e4ren Prozessen beteiligt sind, sind sie Angriffspunkt zahlreicher Medikamente. Es wird gesch\u00e4tzt, dass \u00fcber 50&nbsp;% der g\u00e4ngigen Medikamente direkt oder indirekt \u00fcber Ionenkan\u00e4le wirken.<\/p>\n\n\n\n<p>In letzter Zeit zeigt sich, dass sich auch Krebszellen in der Verteilung und Funktion ihrer Ionenkan\u00e4le von gesunden Zellen unterscheiden. Daher ist es wichtig, die Rolle der Ionenkan\u00e4le bei diesen Erkrankungen zu untersuchen. Sind Mutationen oder ein ver\u00e4ndertes Muster der H\u00e4ufigkeit von Ionenkan\u00e4len nur eine Folge oder die Ursache des Krebsgeschehens? Wenn letzteres zutrifft, was regelt die H\u00e4ufigkeit oder etwaig auftretende Ver\u00e4nderungen an diesen Proteinen?<\/p>\n\n\n\n<p>Da nicht auf alle am Krebsgeschehen beteiligten Ionenkan\u00e4le eingegangen werden kann, wird am Beispiel eines Kaliumkanales, des so genannten Kv10.1, gezeigt, wie einige dieser Fragestellungen derzeit mit modernen gentechnischen Methoden bearbeitet werden.<\/p>","protected":false},"excerpt":{"rendered":"<p>Prof. Dr. Walter St\u00fchmerMax-Planck-Institut f\u00fcr Experimentelle Medizin, G\u00f6ttingen Ionenkan\u00e4le sind Proteine, die sich in der Zellmembran praktisch jeder Zelle befinden und den passiven&hellip;<\/p>","protected":false},"author":1,"featured_media":0,"parent":133,"menu_order":43,"comment_status":"closed","ping_status":"closed","template":"","meta":[],"yoast_head":"<!-- This site is optimized with the Yoast SEO plugin v21.2 - https:\/\/yoast.com\/wordpress\/plugins\/seo\/ -->\n<title>SF-2015-Krebs \u2013 Spielen Ionenkan\u00e4le eine Rolle? - XLAB Stiftung<\/title>\n<meta name=\"robots\" content=\"index, follow, max-snippet:-1, max-image-preview:large, max-video-preview:-1\" \/>\n<link rel=\"canonical\" href=\"https:\/\/xlab-stiftung.de\/en\/science-festival-2004-2017-2\/sf-2015-krebs-spielen-ionenkanaele-eine-rolle\/\" \/>\n<meta property=\"og:locale\" content=\"en_US\" \/>\n<meta property=\"og:type\" content=\"article\" \/>\n<meta property=\"og:title\" content=\"SF-2015-Krebs \u2013 Spielen Ionenkan\u00e4le eine Rolle? - XLAB Stiftung\" \/>\n<meta property=\"og:description\" content=\"Prof. Dr. Walter St\u00fchmerMax-Planck-Institut f\u00fcr Experimentelle Medizin, G\u00f6ttingen Ionenkan\u00e4le sind Proteine, die sich in der Zellmembran praktisch jeder Zelle befinden und den passiven&hellip;\" \/>\n<meta property=\"og:url\" content=\"https:\/\/xlab-stiftung.de\/en\/science-festival-2004-2017-2\/sf-2015-krebs-spielen-ionenkanaele-eine-rolle\/\" \/>\n<meta property=\"og:site_name\" content=\"XLAB Stiftung\" \/>\n<meta name=\"twitter:card\" content=\"summary_large_image\" \/>\n<meta name=\"twitter:label1\" content=\"Est. reading time\" \/>\n\t<meta name=\"twitter:data1\" content=\"1 minute\" \/>\n<script type=\"application\/ld+json\" class=\"yoast-schema-graph\">{\"@context\":\"https:\/\/schema.org\",\"@graph\":[{\"@type\":\"WebPage\",\"@id\":\"https:\/\/xlab-stiftung.de\/science-festival-2004-2017-2\/sf-2015-krebs-spielen-ionenkanaele-eine-rolle\/\",\"url\":\"https:\/\/xlab-stiftung.de\/science-festival-2004-2017-2\/sf-2015-krebs-spielen-ionenkanaele-eine-rolle\/\",\"name\":\"SF-2015-Krebs \u2013 Spielen Ionenkan\u00e4le eine Rolle? - XLAB Stiftung\",\"isPartOf\":{\"@id\":\"https:\/\/xlab-stiftung.de\/#website\"},\"datePublished\":\"2022-11-28T14:17:01+00:00\",\"dateModified\":\"2022-11-28T14:17:01+00:00\",\"breadcrumb\":{\"@id\":\"https:\/\/xlab-stiftung.de\/science-festival-2004-2017-2\/sf-2015-krebs-spielen-ionenkanaele-eine-rolle\/#breadcrumb\"},\"inLanguage\":\"en-US\",\"potentialAction\":[{\"@type\":\"ReadAction\",\"target\":[\"https:\/\/xlab-stiftung.de\/science-festival-2004-2017-2\/sf-2015-krebs-spielen-ionenkanaele-eine-rolle\/\"]}]},{\"@type\":\"BreadcrumbList\",\"@id\":\"https:\/\/xlab-stiftung.de\/science-festival-2004-2017-2\/sf-2015-krebs-spielen-ionenkanaele-eine-rolle\/#breadcrumb\",\"itemListElement\":[{\"@type\":\"ListItem\",\"position\":1,\"name\":\"Startseite\",\"item\":\"https:\/\/xlab-stiftung.de\/\"},{\"@type\":\"ListItem\",\"position\":2,\"name\":\"Science Festival 2004-2023\",\"item\":\"https:\/\/xlab-stiftung.de\/science-festival-2004-2017-2\/\"},{\"@type\":\"ListItem\",\"position\":3,\"name\":\"SF-2015-Krebs \u2013 Spielen Ionenkan\u00e4le eine Rolle?\"}]},{\"@type\":\"WebSite\",\"@id\":\"https:\/\/xlab-stiftung.de\/#website\",\"url\":\"https:\/\/xlab-stiftung.de\/\",\"name\":\"XLAB Stiftung\",\"description\":\"\",\"publisher\":{\"@id\":\"https:\/\/xlab-stiftung.de\/#organization\"},\"potentialAction\":[{\"@type\":\"SearchAction\",\"target\":{\"@type\":\"EntryPoint\",\"urlTemplate\":\"https:\/\/xlab-stiftung.de\/?s={search_term_string}\"},\"query-input\":\"required name=search_term_string\"}],\"inLanguage\":\"en-US\"},{\"@type\":\"Organization\",\"@id\":\"https:\/\/xlab-stiftung.de\/#organization\",\"name\":\"XLAB Stiftung\",\"url\":\"https:\/\/xlab-stiftung.de\/\",\"logo\":{\"@type\":\"ImageObject\",\"inLanguage\":\"en-US\",\"@id\":\"https:\/\/xlab-stiftung.de\/#\/schema\/logo\/image\/\",\"url\":\"https:\/\/xlab-stiftung.de\/wp-content\/uploads\/2023\/01\/ezgif.com-gif-maker-5.gif\",\"contentUrl\":\"https:\/\/xlab-stiftung.de\/wp-content\/uploads\/2023\/01\/ezgif.com-gif-maker-5.gif\",\"width\":2048,\"height\":230,\"caption\":\"XLAB Stiftung\"},\"image\":{\"@id\":\"https:\/\/xlab-stiftung.de\/#\/schema\/logo\/image\/\"}}]}<\/script>\n<!-- \/ Yoast SEO plugin. -->","yoast_head_json":{"title":"SF-2015-Krebs \u2013 Spielen Ionenkan\u00e4le eine Rolle? - XLAB Stiftung","robots":{"index":"index","follow":"follow","max-snippet":"max-snippet:-1","max-image-preview":"max-image-preview:large","max-video-preview":"max-video-preview:-1"},"canonical":"https:\/\/xlab-stiftung.de\/en\/science-festival-2004-2017-2\/sf-2015-krebs-spielen-ionenkanaele-eine-rolle\/","og_locale":"en_US","og_type":"article","og_title":"SF-2015-Krebs \u2013 Spielen Ionenkan\u00e4le eine Rolle? - XLAB Stiftung","og_description":"Prof. Dr. Walter St\u00fchmerMax-Planck-Institut f\u00fcr Experimentelle Medizin, G\u00f6ttingen Ionenkan\u00e4le sind Proteine, die sich in der Zellmembran praktisch jeder Zelle befinden und den passiven&hellip;","og_url":"https:\/\/xlab-stiftung.de\/en\/science-festival-2004-2017-2\/sf-2015-krebs-spielen-ionenkanaele-eine-rolle\/","og_site_name":"XLAB Stiftung","twitter_card":"summary_large_image","twitter_misc":{"Est. reading time":"1 minute"},"schema":{"@context":"https:\/\/schema.org","@graph":[{"@type":"WebPage","@id":"https:\/\/xlab-stiftung.de\/science-festival-2004-2017-2\/sf-2015-krebs-spielen-ionenkanaele-eine-rolle\/","url":"https:\/\/xlab-stiftung.de\/science-festival-2004-2017-2\/sf-2015-krebs-spielen-ionenkanaele-eine-rolle\/","name":"SF-2015-Krebs \u2013 Spielen Ionenkan\u00e4le eine Rolle? - XLAB Stiftung","isPartOf":{"@id":"https:\/\/xlab-stiftung.de\/#website"},"datePublished":"2022-11-28T14:17:01+00:00","dateModified":"2022-11-28T14:17:01+00:00","breadcrumb":{"@id":"https:\/\/xlab-stiftung.de\/science-festival-2004-2017-2\/sf-2015-krebs-spielen-ionenkanaele-eine-rolle\/#breadcrumb"},"inLanguage":"en-US","potentialAction":[{"@type":"ReadAction","target":["https:\/\/xlab-stiftung.de\/science-festival-2004-2017-2\/sf-2015-krebs-spielen-ionenkanaele-eine-rolle\/"]}]},{"@type":"BreadcrumbList","@id":"https:\/\/xlab-stiftung.de\/science-festival-2004-2017-2\/sf-2015-krebs-spielen-ionenkanaele-eine-rolle\/#breadcrumb","itemListElement":[{"@type":"ListItem","position":1,"name":"Startseite","item":"https:\/\/xlab-stiftung.de\/"},{"@type":"ListItem","position":2,"name":"Science Festival 2004-2023","item":"https:\/\/xlab-stiftung.de\/science-festival-2004-2017-2\/"},{"@type":"ListItem","position":3,"name":"SF-2015-Krebs \u2013 Spielen Ionenkan\u00e4le eine Rolle?"}]},{"@type":"WebSite","@id":"https:\/\/xlab-stiftung.de\/#website","url":"https:\/\/xlab-stiftung.de\/","name":"XLAB Stiftung","description":"","publisher":{"@id":"https:\/\/xlab-stiftung.de\/#organization"},"potentialAction":[{"@type":"SearchAction","target":{"@type":"EntryPoint","urlTemplate":"https:\/\/xlab-stiftung.de\/?s={search_term_string}"},"query-input":"required name=search_term_string"}],"inLanguage":"en-US"},{"@type":"Organization","@id":"https:\/\/xlab-stiftung.de\/#organization","name":"XLAB Stiftung","url":"https:\/\/xlab-stiftung.de\/","logo":{"@type":"ImageObject","inLanguage":"en-US","@id":"https:\/\/xlab-stiftung.de\/#\/schema\/logo\/image\/","url":"https:\/\/xlab-stiftung.de\/wp-content\/uploads\/2023\/01\/ezgif.com-gif-maker-5.gif","contentUrl":"https:\/\/xlab-stiftung.de\/wp-content\/uploads\/2023\/01\/ezgif.com-gif-maker-5.gif","width":2048,"height":230,"caption":"XLAB Stiftung"},"image":{"@id":"https:\/\/xlab-stiftung.de\/#\/schema\/logo\/image\/"}}]}},"_links":{"self":[{"href":"https:\/\/xlab-stiftung.de\/en\/wp-json\/wp\/v2\/pages\/511"}],"collection":[{"href":"https:\/\/xlab-stiftung.de\/en\/wp-json\/wp\/v2\/pages"}],"about":[{"href":"https:\/\/xlab-stiftung.de\/en\/wp-json\/wp\/v2\/types\/page"}],"author":[{"embeddable":true,"href":"https:\/\/xlab-stiftung.de\/en\/wp-json\/wp\/v2\/users\/1"}],"replies":[{"embeddable":true,"href":"https:\/\/xlab-stiftung.de\/en\/wp-json\/wp\/v2\/comments?post=511"}],"version-history":[{"count":1,"href":"https:\/\/xlab-stiftung.de\/en\/wp-json\/wp\/v2\/pages\/511\/revisions"}],"predecessor-version":[{"id":513,"href":"https:\/\/xlab-stiftung.de\/en\/wp-json\/wp\/v2\/pages\/511\/revisions\/513"}],"up":[{"embeddable":true,"href":"https:\/\/xlab-stiftung.de\/en\/wp-json\/wp\/v2\/pages\/133"}],"wp:attachment":[{"href":"https:\/\/xlab-stiftung.de\/en\/wp-json\/wp\/v2\/media?parent=511"}],"curies":[{"name":"wp","href":"https:\/\/api.w.org\/{rel}","templated":true}]}}