{"id":515,"date":"2022-11-28T14:17:54","date_gmt":"2022-11-28T14:17:54","guid":{"rendered":"https:\/\/xlab-stiftung.de\/?page_id=515"},"modified":"2022-11-28T14:17:54","modified_gmt":"2022-11-28T14:17:54","slug":"sf-2015-wie-das-hoeren-unsere-sprache-erzeugt","status":"publish","type":"page","link":"https:\/\/xlab-stiftung.de\/en\/science-festival-2004-2017-2\/sf-2015-wie-das-hoeren-unsere-sprache-erzeugt\/","title":{"rendered":"SF-2015-Wie das H\u00f6ren unsere Sprache erzeugt"},"content":{"rendered":"<p><em>Prof. Dr. Hans-Peter Zenner<br>Universit\u00e4tsklinikum T\u00fcbingen<\/em><\/p>\n\n\n\n<p>Die Sprache entwickelt sich in der fr\u00fchen Kindheit zwischen dem 6. Lebensmonat und dem 4. Geburtstag. Die Entwicklung unserer Muttersprache (und auch einer Fremdsprache) ist in diesem Alter v\u00f6llig von der H\u00f6rwahrnehmung abh\u00e4ngig. Man spricht vom so genannten H\u00f6r-Sprach-Kreis. Um die Muttersprache zu erlernen, muss in diesem Alter daher das H\u00f6rverm\u00f6gen weitestgehend normal sein. Sollte dies nicht der Fall sein, ist eine medizinische Behandlung erforderlich. Dabei gelingt es heute, selbst bei geh\u00f6rlos geborenen Kindern mit Hilfe eines so genannten Cochlea-Implantates ein H\u00f6rverm\u00f6gen zu erzeugen, welches eine Sprachentwicklung erm\u00f6glicht.<\/p>\n\n\n\n<p>Interessanterweise geh\u00f6rt zur Sprachentwicklung aber auch die F\u00e4higkeit, die Sprache nicht nur zu h\u00f6ren, sondern auch zu sprechen. Leidet das Kind zwischen dem 6. Lebensmonat und dem 4. Geburtstag an einer Krankheit, die es ihm nicht erlaubt zu sprechen, so entwickelt sich \u00fcberraschenderweise auch nicht die F\u00e4higkeit, Sprache zu verstehen.<\/p>","protected":false},"excerpt":{"rendered":"<p>Prof. Dr. Hans-Peter ZennerUniversit\u00e4tsklinikum T\u00fcbingen Die Sprache entwickelt sich in der fr\u00fchen Kindheit zwischen dem 6. Lebensmonat und dem 4. Geburtstag. Die Entwicklung&hellip;<\/p>","protected":false},"author":1,"featured_media":0,"parent":133,"menu_order":45,"comment_status":"closed","ping_status":"closed","template":"","meta":[],"yoast_head":"<!-- This site is optimized with the Yoast SEO plugin v21.2 - https:\/\/yoast.com\/wordpress\/plugins\/seo\/ -->\n<title>SF-2015-Wie das H\u00f6ren unsere Sprache erzeugt - XLAB Stiftung<\/title>\n<meta name=\"robots\" content=\"index, follow, max-snippet:-1, max-image-preview:large, max-video-preview:-1\" \/>\n<link rel=\"canonical\" href=\"https:\/\/xlab-stiftung.de\/en\/science-festival-2004-2017-2\/sf-2015-wie-das-hoeren-unsere-sprache-erzeugt\/\" \/>\n<meta property=\"og:locale\" content=\"en_US\" \/>\n<meta property=\"og:type\" content=\"article\" \/>\n<meta property=\"og:title\" content=\"SF-2015-Wie das H\u00f6ren unsere Sprache erzeugt - XLAB Stiftung\" \/>\n<meta property=\"og:description\" content=\"Prof. Dr. Hans-Peter ZennerUniversit\u00e4tsklinikum T\u00fcbingen Die Sprache entwickelt sich in der fr\u00fchen Kindheit zwischen dem 6. Lebensmonat und dem 4. Geburtstag. Die Entwicklung&hellip;\" \/>\n<meta property=\"og:url\" content=\"https:\/\/xlab-stiftung.de\/en\/science-festival-2004-2017-2\/sf-2015-wie-das-hoeren-unsere-sprache-erzeugt\/\" \/>\n<meta property=\"og:site_name\" content=\"XLAB Stiftung\" \/>\n<meta name=\"twitter:card\" content=\"summary_large_image\" \/>\n<meta name=\"twitter:label1\" content=\"Est. reading time\" \/>\n\t<meta name=\"twitter:data1\" content=\"1 minute\" \/>\n<script type=\"application\/ld+json\" class=\"yoast-schema-graph\">{\"@context\":\"https:\/\/schema.org\",\"@graph\":[{\"@type\":\"WebPage\",\"@id\":\"https:\/\/xlab-stiftung.de\/science-festival-2004-2017-2\/sf-2015-wie-das-hoeren-unsere-sprache-erzeugt\/\",\"url\":\"https:\/\/xlab-stiftung.de\/science-festival-2004-2017-2\/sf-2015-wie-das-hoeren-unsere-sprache-erzeugt\/\",\"name\":\"SF-2015-Wie das H\u00f6ren unsere Sprache erzeugt - XLAB Stiftung\",\"isPartOf\":{\"@id\":\"https:\/\/xlab-stiftung.de\/#website\"},\"datePublished\":\"2022-11-28T14:17:54+00:00\",\"dateModified\":\"2022-11-28T14:17:54+00:00\",\"breadcrumb\":{\"@id\":\"https:\/\/xlab-stiftung.de\/science-festival-2004-2017-2\/sf-2015-wie-das-hoeren-unsere-sprache-erzeugt\/#breadcrumb\"},\"inLanguage\":\"en-US\",\"potentialAction\":[{\"@type\":\"ReadAction\",\"target\":[\"https:\/\/xlab-stiftung.de\/science-festival-2004-2017-2\/sf-2015-wie-das-hoeren-unsere-sprache-erzeugt\/\"]}]},{\"@type\":\"BreadcrumbList\",\"@id\":\"https:\/\/xlab-stiftung.de\/science-festival-2004-2017-2\/sf-2015-wie-das-hoeren-unsere-sprache-erzeugt\/#breadcrumb\",\"itemListElement\":[{\"@type\":\"ListItem\",\"position\":1,\"name\":\"Startseite\",\"item\":\"https:\/\/xlab-stiftung.de\/\"},{\"@type\":\"ListItem\",\"position\":2,\"name\":\"Science Festival 2004-2023\",\"item\":\"https:\/\/xlab-stiftung.de\/science-festival-2004-2017-2\/\"},{\"@type\":\"ListItem\",\"position\":3,\"name\":\"SF-2015-Wie das H\u00f6ren unsere Sprache erzeugt\"}]},{\"@type\":\"WebSite\",\"@id\":\"https:\/\/xlab-stiftung.de\/#website\",\"url\":\"https:\/\/xlab-stiftung.de\/\",\"name\":\"XLAB Stiftung\",\"description\":\"\",\"publisher\":{\"@id\":\"https:\/\/xlab-stiftung.de\/#organization\"},\"potentialAction\":[{\"@type\":\"SearchAction\",\"target\":{\"@type\":\"EntryPoint\",\"urlTemplate\":\"https:\/\/xlab-stiftung.de\/?s={search_term_string}\"},\"query-input\":\"required name=search_term_string\"}],\"inLanguage\":\"en-US\"},{\"@type\":\"Organization\",\"@id\":\"https:\/\/xlab-stiftung.de\/#organization\",\"name\":\"XLAB Stiftung\",\"url\":\"https:\/\/xlab-stiftung.de\/\",\"logo\":{\"@type\":\"ImageObject\",\"inLanguage\":\"en-US\",\"@id\":\"https:\/\/xlab-stiftung.de\/#\/schema\/logo\/image\/\",\"url\":\"https:\/\/xlab-stiftung.de\/wp-content\/uploads\/2023\/01\/ezgif.com-gif-maker-5.gif\",\"contentUrl\":\"https:\/\/xlab-stiftung.de\/wp-content\/uploads\/2023\/01\/ezgif.com-gif-maker-5.gif\",\"width\":2048,\"height\":230,\"caption\":\"XLAB Stiftung\"},\"image\":{\"@id\":\"https:\/\/xlab-stiftung.de\/#\/schema\/logo\/image\/\"}}]}<\/script>\n<!-- \/ Yoast SEO plugin. -->","yoast_head_json":{"title":"SF-2015-Wie das H\u00f6ren unsere Sprache erzeugt - XLAB Stiftung","robots":{"index":"index","follow":"follow","max-snippet":"max-snippet:-1","max-image-preview":"max-image-preview:large","max-video-preview":"max-video-preview:-1"},"canonical":"https:\/\/xlab-stiftung.de\/en\/science-festival-2004-2017-2\/sf-2015-wie-das-hoeren-unsere-sprache-erzeugt\/","og_locale":"en_US","og_type":"article","og_title":"SF-2015-Wie das H\u00f6ren unsere Sprache erzeugt - XLAB Stiftung","og_description":"Prof. Dr. Hans-Peter ZennerUniversit\u00e4tsklinikum T\u00fcbingen Die Sprache entwickelt sich in der fr\u00fchen Kindheit zwischen dem 6. Lebensmonat und dem 4. Geburtstag. Die Entwicklung&hellip;","og_url":"https:\/\/xlab-stiftung.de\/en\/science-festival-2004-2017-2\/sf-2015-wie-das-hoeren-unsere-sprache-erzeugt\/","og_site_name":"XLAB Stiftung","twitter_card":"summary_large_image","twitter_misc":{"Est. reading time":"1 minute"},"schema":{"@context":"https:\/\/schema.org","@graph":[{"@type":"WebPage","@id":"https:\/\/xlab-stiftung.de\/science-festival-2004-2017-2\/sf-2015-wie-das-hoeren-unsere-sprache-erzeugt\/","url":"https:\/\/xlab-stiftung.de\/science-festival-2004-2017-2\/sf-2015-wie-das-hoeren-unsere-sprache-erzeugt\/","name":"SF-2015-Wie das H\u00f6ren unsere Sprache erzeugt - XLAB Stiftung","isPartOf":{"@id":"https:\/\/xlab-stiftung.de\/#website"},"datePublished":"2022-11-28T14:17:54+00:00","dateModified":"2022-11-28T14:17:54+00:00","breadcrumb":{"@id":"https:\/\/xlab-stiftung.de\/science-festival-2004-2017-2\/sf-2015-wie-das-hoeren-unsere-sprache-erzeugt\/#breadcrumb"},"inLanguage":"en-US","potentialAction":[{"@type":"ReadAction","target":["https:\/\/xlab-stiftung.de\/science-festival-2004-2017-2\/sf-2015-wie-das-hoeren-unsere-sprache-erzeugt\/"]}]},{"@type":"BreadcrumbList","@id":"https:\/\/xlab-stiftung.de\/science-festival-2004-2017-2\/sf-2015-wie-das-hoeren-unsere-sprache-erzeugt\/#breadcrumb","itemListElement":[{"@type":"ListItem","position":1,"name":"Startseite","item":"https:\/\/xlab-stiftung.de\/"},{"@type":"ListItem","position":2,"name":"Science Festival 2004-2023","item":"https:\/\/xlab-stiftung.de\/science-festival-2004-2017-2\/"},{"@type":"ListItem","position":3,"name":"SF-2015-Wie das H\u00f6ren unsere Sprache erzeugt"}]},{"@type":"WebSite","@id":"https:\/\/xlab-stiftung.de\/#website","url":"https:\/\/xlab-stiftung.de\/","name":"XLAB Stiftung","description":"","publisher":{"@id":"https:\/\/xlab-stiftung.de\/#organization"},"potentialAction":[{"@type":"SearchAction","target":{"@type":"EntryPoint","urlTemplate":"https:\/\/xlab-stiftung.de\/?s={search_term_string}"},"query-input":"required name=search_term_string"}],"inLanguage":"en-US"},{"@type":"Organization","@id":"https:\/\/xlab-stiftung.de\/#organization","name":"XLAB Stiftung","url":"https:\/\/xlab-stiftung.de\/","logo":{"@type":"ImageObject","inLanguage":"en-US","@id":"https:\/\/xlab-stiftung.de\/#\/schema\/logo\/image\/","url":"https:\/\/xlab-stiftung.de\/wp-content\/uploads\/2023\/01\/ezgif.com-gif-maker-5.gif","contentUrl":"https:\/\/xlab-stiftung.de\/wp-content\/uploads\/2023\/01\/ezgif.com-gif-maker-5.gif","width":2048,"height":230,"caption":"XLAB Stiftung"},"image":{"@id":"https:\/\/xlab-stiftung.de\/#\/schema\/logo\/image\/"}}]}},"_links":{"self":[{"href":"https:\/\/xlab-stiftung.de\/en\/wp-json\/wp\/v2\/pages\/515"}],"collection":[{"href":"https:\/\/xlab-stiftung.de\/en\/wp-json\/wp\/v2\/pages"}],"about":[{"href":"https:\/\/xlab-stiftung.de\/en\/wp-json\/wp\/v2\/types\/page"}],"author":[{"embeddable":true,"href":"https:\/\/xlab-stiftung.de\/en\/wp-json\/wp\/v2\/users\/1"}],"replies":[{"embeddable":true,"href":"https:\/\/xlab-stiftung.de\/en\/wp-json\/wp\/v2\/comments?post=515"}],"version-history":[{"count":1,"href":"https:\/\/xlab-stiftung.de\/en\/wp-json\/wp\/v2\/pages\/515\/revisions"}],"predecessor-version":[{"id":517,"href":"https:\/\/xlab-stiftung.de\/en\/wp-json\/wp\/v2\/pages\/515\/revisions\/517"}],"up":[{"embeddable":true,"href":"https:\/\/xlab-stiftung.de\/en\/wp-json\/wp\/v2\/pages\/133"}],"wp:attachment":[{"href":"https:\/\/xlab-stiftung.de\/en\/wp-json\/wp\/v2\/media?parent=515"}],"curies":[{"name":"wp","href":"https:\/\/api.w.org\/{rel}","templated":true}]}}