{"id":523,"date":"2022-11-28T14:19:31","date_gmt":"2022-11-28T14:19:31","guid":{"rendered":"https:\/\/xlab-stiftung.de\/?page_id=523"},"modified":"2022-11-28T14:19:31","modified_gmt":"2022-11-28T14:19:31","slug":"sf-2015-die-skythen","status":"publish","type":"page","link":"https:\/\/xlab-stiftung.de\/en\/science-festival-2004-2017-2\/sf-2015-die-skythen\/","title":{"rendered":"SF-2015-Die Skythen"},"content":{"rendered":"<h1 class=\"wp-block-heading\">Die Skythen und die ersten Reiternomaden in der eurasischen Steppe: Lebensform, Gesellschaft und Kunst<\/h1>\n\n\n\n<p><em>Prof. Dr. Hermann Parzinger<br><\/em><em>Pr\u00e4sident Stiftung Preu\u00dfischer Kulturbesitz, Berlin<\/em><\/p>\n\n\n\n<p>Zu Beginn des 1. Jahrtausends v. Chr. kommt es im eurasischen Steppenraum zu einem tiefgreifenden kulturellen Wandel, in dessen Folge das Reiternomadentum als neue Lebens- und Wirtschaftsweise entsteht und das Leben in der Steppe fortan pr\u00e4gt. Diese fr\u00fchen Reiternomaden fassen wir unter dem Sammelbegriff \u201eSkythen\u201c zusammen. Die Ursachen f\u00fcr den Wandel sind Ver\u00e4nderungen des Klimas und der Umwelt, die sich nachhaltig auf den Lebensraum auswirkten. Hinzu treten historische Umw\u00e4lzungen, \u00fcber die u. a. der griechische Geschichtsschreiber Herodot berichtet: Die Griechen gr\u00fcndeten Kolonien an der Schwarzmeerk\u00fcste, wodurch ihre Kultur mit den Reiternomaden der Nordschwarzmeersteppe in direkten Kontakt trat, gleichzeitig drangen reiternomadische Verb\u00e4nde aus Innerasien Richtung Westen vor. Im Ergebnis dieser Ver\u00e4nderungen kommt es w\u00e4hrend des 1. Jahrtausends v. Chr. zu einer ungeheuren wirtschaftlichen, kulturellen und auch sozialen Dynamik in der eurasischen Steppe. Neben der neuartigen Lebens- und Wirtschaftsweise hochmobiler Viehz\u00fcchter treten revolution\u00e4re Ver\u00e4nderungen in der Kriegsf\u00fchrung auf, weil erstmals berittene Reiterheere mit ihren effektiven Fernwaffen und ihrem entsprechendem Schirrungszubeh\u00f6r durchschlagenden Erfolg haben. Gleichzeitig vollzieht sich ein grundlegender Wandel in der Kunst, als man mit jahrhundertealten und in der Felsbildkunst der Bronzezeit \u00fcberlieferten Traditionen bricht und fortan das Tierbild in den Mittelpunkt r\u00fcckt (sog. skythischer Tierstil), der im Osten chinesische, in Mittelasien persische und im Schwarzmeerraum griechische Einfl\u00fcsse aufnimmt. Am markantesten jedoch ist die ausgepr\u00e4gte soziale Differenzierung der reiternomadischen Gesellschaft, die sich in monumentalen Grabm\u00e4lern (sog. Gro\u00dfgrabh\u00fcgeln) mit reichen Grabausstattungen mit Goldgegenst\u00e4nden und wertvollen Importobjekten ausdr\u00fcckt. Diese skythische bzw. reiternomadische Kultur entstand zun\u00e4chst in S\u00fcdsibirien und verbreitete sich anschlie\u00dfend von dort aus \u00fcber Mittelasien und den Nordkaukasus bis in den Nordschwarzmeerraum und erreichte zuletzt sogar das Karpatenbecken. Der Vortrag geht den Wurzeln dieser Ver\u00e4nderungen ebenso nach wie der Ausbreitung der skythischen Kultur von der Peripherie Nordchinas bis in den \u00e4u\u00dfersten Osten Europas.<\/p>","protected":false},"excerpt":{"rendered":"<p>Die Skythen und die ersten Reiternomaden in der eurasischen Steppe: Lebensform, Gesellschaft und Kunst Prof. Dr. Hermann ParzingerPr\u00e4sident Stiftung Preu\u00dfischer Kulturbesitz, Berlin Zu&hellip;<\/p>","protected":false},"author":1,"featured_media":0,"parent":133,"menu_order":44,"comment_status":"closed","ping_status":"closed","template":"","meta":[],"yoast_head":"<!-- This site is optimized with the Yoast SEO plugin v21.2 - https:\/\/yoast.com\/wordpress\/plugins\/seo\/ -->\n<title>SF-2015-Die Skythen - XLAB Stiftung<\/title>\n<meta name=\"robots\" content=\"index, follow, max-snippet:-1, max-image-preview:large, max-video-preview:-1\" \/>\n<link rel=\"canonical\" href=\"https:\/\/xlab-stiftung.de\/en\/science-festival-2004-2017-2\/sf-2015-die-skythen\/\" \/>\n<meta property=\"og:locale\" content=\"en_US\" \/>\n<meta property=\"og:type\" content=\"article\" \/>\n<meta property=\"og:title\" content=\"SF-2015-Die Skythen - XLAB Stiftung\" \/>\n<meta property=\"og:description\" content=\"Die Skythen und die ersten Reiternomaden in der eurasischen Steppe: Lebensform, Gesellschaft und Kunst Prof. Dr. Hermann ParzingerPr\u00e4sident Stiftung Preu\u00dfischer Kulturbesitz, Berlin Zu&hellip;\" \/>\n<meta property=\"og:url\" content=\"https:\/\/xlab-stiftung.de\/en\/science-festival-2004-2017-2\/sf-2015-die-skythen\/\" \/>\n<meta property=\"og:site_name\" content=\"XLAB Stiftung\" \/>\n<meta name=\"twitter:card\" content=\"summary_large_image\" \/>\n<meta name=\"twitter:label1\" content=\"Est. reading time\" \/>\n\t<meta name=\"twitter:data1\" content=\"2 minutes\" \/>\n<script type=\"application\/ld+json\" class=\"yoast-schema-graph\">{\"@context\":\"https:\/\/schema.org\",\"@graph\":[{\"@type\":\"WebPage\",\"@id\":\"https:\/\/xlab-stiftung.de\/science-festival-2004-2017-2\/sf-2015-die-skythen\/\",\"url\":\"https:\/\/xlab-stiftung.de\/science-festival-2004-2017-2\/sf-2015-die-skythen\/\",\"name\":\"SF-2015-Die Skythen - XLAB Stiftung\",\"isPartOf\":{\"@id\":\"https:\/\/xlab-stiftung.de\/#website\"},\"datePublished\":\"2022-11-28T14:19:31+00:00\",\"dateModified\":\"2022-11-28T14:19:31+00:00\",\"breadcrumb\":{\"@id\":\"https:\/\/xlab-stiftung.de\/science-festival-2004-2017-2\/sf-2015-die-skythen\/#breadcrumb\"},\"inLanguage\":\"en-US\",\"potentialAction\":[{\"@type\":\"ReadAction\",\"target\":[\"https:\/\/xlab-stiftung.de\/science-festival-2004-2017-2\/sf-2015-die-skythen\/\"]}]},{\"@type\":\"BreadcrumbList\",\"@id\":\"https:\/\/xlab-stiftung.de\/science-festival-2004-2017-2\/sf-2015-die-skythen\/#breadcrumb\",\"itemListElement\":[{\"@type\":\"ListItem\",\"position\":1,\"name\":\"Startseite\",\"item\":\"https:\/\/xlab-stiftung.de\/\"},{\"@type\":\"ListItem\",\"position\":2,\"name\":\"Science Festival 2004-2023\",\"item\":\"https:\/\/xlab-stiftung.de\/science-festival-2004-2017-2\/\"},{\"@type\":\"ListItem\",\"position\":3,\"name\":\"SF-2015-Die Skythen\"}]},{\"@type\":\"WebSite\",\"@id\":\"https:\/\/xlab-stiftung.de\/#website\",\"url\":\"https:\/\/xlab-stiftung.de\/\",\"name\":\"XLAB Stiftung\",\"description\":\"\",\"publisher\":{\"@id\":\"https:\/\/xlab-stiftung.de\/#organization\"},\"potentialAction\":[{\"@type\":\"SearchAction\",\"target\":{\"@type\":\"EntryPoint\",\"urlTemplate\":\"https:\/\/xlab-stiftung.de\/?s={search_term_string}\"},\"query-input\":\"required name=search_term_string\"}],\"inLanguage\":\"en-US\"},{\"@type\":\"Organization\",\"@id\":\"https:\/\/xlab-stiftung.de\/#organization\",\"name\":\"XLAB Stiftung\",\"url\":\"https:\/\/xlab-stiftung.de\/\",\"logo\":{\"@type\":\"ImageObject\",\"inLanguage\":\"en-US\",\"@id\":\"https:\/\/xlab-stiftung.de\/#\/schema\/logo\/image\/\",\"url\":\"https:\/\/xlab-stiftung.de\/wp-content\/uploads\/2023\/01\/ezgif.com-gif-maker-5.gif\",\"contentUrl\":\"https:\/\/xlab-stiftung.de\/wp-content\/uploads\/2023\/01\/ezgif.com-gif-maker-5.gif\",\"width\":2048,\"height\":230,\"caption\":\"XLAB Stiftung\"},\"image\":{\"@id\":\"https:\/\/xlab-stiftung.de\/#\/schema\/logo\/image\/\"}}]}<\/script>\n<!-- \/ Yoast SEO plugin. -->","yoast_head_json":{"title":"SF-2015-Die Skythen - XLAB Stiftung","robots":{"index":"index","follow":"follow","max-snippet":"max-snippet:-1","max-image-preview":"max-image-preview:large","max-video-preview":"max-video-preview:-1"},"canonical":"https:\/\/xlab-stiftung.de\/en\/science-festival-2004-2017-2\/sf-2015-die-skythen\/","og_locale":"en_US","og_type":"article","og_title":"SF-2015-Die Skythen - XLAB Stiftung","og_description":"Die Skythen und die ersten Reiternomaden in der eurasischen Steppe: Lebensform, Gesellschaft und Kunst Prof. Dr. Hermann ParzingerPr\u00e4sident Stiftung Preu\u00dfischer Kulturbesitz, Berlin Zu&hellip;","og_url":"https:\/\/xlab-stiftung.de\/en\/science-festival-2004-2017-2\/sf-2015-die-skythen\/","og_site_name":"XLAB Stiftung","twitter_card":"summary_large_image","twitter_misc":{"Est. reading time":"2 minutes"},"schema":{"@context":"https:\/\/schema.org","@graph":[{"@type":"WebPage","@id":"https:\/\/xlab-stiftung.de\/science-festival-2004-2017-2\/sf-2015-die-skythen\/","url":"https:\/\/xlab-stiftung.de\/science-festival-2004-2017-2\/sf-2015-die-skythen\/","name":"SF-2015-Die Skythen - XLAB Stiftung","isPartOf":{"@id":"https:\/\/xlab-stiftung.de\/#website"},"datePublished":"2022-11-28T14:19:31+00:00","dateModified":"2022-11-28T14:19:31+00:00","breadcrumb":{"@id":"https:\/\/xlab-stiftung.de\/science-festival-2004-2017-2\/sf-2015-die-skythen\/#breadcrumb"},"inLanguage":"en-US","potentialAction":[{"@type":"ReadAction","target":["https:\/\/xlab-stiftung.de\/science-festival-2004-2017-2\/sf-2015-die-skythen\/"]}]},{"@type":"BreadcrumbList","@id":"https:\/\/xlab-stiftung.de\/science-festival-2004-2017-2\/sf-2015-die-skythen\/#breadcrumb","itemListElement":[{"@type":"ListItem","position":1,"name":"Startseite","item":"https:\/\/xlab-stiftung.de\/"},{"@type":"ListItem","position":2,"name":"Science Festival 2004-2023","item":"https:\/\/xlab-stiftung.de\/science-festival-2004-2017-2\/"},{"@type":"ListItem","position":3,"name":"SF-2015-Die Skythen"}]},{"@type":"WebSite","@id":"https:\/\/xlab-stiftung.de\/#website","url":"https:\/\/xlab-stiftung.de\/","name":"XLAB Stiftung","description":"","publisher":{"@id":"https:\/\/xlab-stiftung.de\/#organization"},"potentialAction":[{"@type":"SearchAction","target":{"@type":"EntryPoint","urlTemplate":"https:\/\/xlab-stiftung.de\/?s={search_term_string}"},"query-input":"required name=search_term_string"}],"inLanguage":"en-US"},{"@type":"Organization","@id":"https:\/\/xlab-stiftung.de\/#organization","name":"XLAB Stiftung","url":"https:\/\/xlab-stiftung.de\/","logo":{"@type":"ImageObject","inLanguage":"en-US","@id":"https:\/\/xlab-stiftung.de\/#\/schema\/logo\/image\/","url":"https:\/\/xlab-stiftung.de\/wp-content\/uploads\/2023\/01\/ezgif.com-gif-maker-5.gif","contentUrl":"https:\/\/xlab-stiftung.de\/wp-content\/uploads\/2023\/01\/ezgif.com-gif-maker-5.gif","width":2048,"height":230,"caption":"XLAB Stiftung"},"image":{"@id":"https:\/\/xlab-stiftung.de\/#\/schema\/logo\/image\/"}}]}},"_links":{"self":[{"href":"https:\/\/xlab-stiftung.de\/en\/wp-json\/wp\/v2\/pages\/523"}],"collection":[{"href":"https:\/\/xlab-stiftung.de\/en\/wp-json\/wp\/v2\/pages"}],"about":[{"href":"https:\/\/xlab-stiftung.de\/en\/wp-json\/wp\/v2\/types\/page"}],"author":[{"embeddable":true,"href":"https:\/\/xlab-stiftung.de\/en\/wp-json\/wp\/v2\/users\/1"}],"replies":[{"embeddable":true,"href":"https:\/\/xlab-stiftung.de\/en\/wp-json\/wp\/v2\/comments?post=523"}],"version-history":[{"count":1,"href":"https:\/\/xlab-stiftung.de\/en\/wp-json\/wp\/v2\/pages\/523\/revisions"}],"predecessor-version":[{"id":525,"href":"https:\/\/xlab-stiftung.de\/en\/wp-json\/wp\/v2\/pages\/523\/revisions\/525"}],"up":[{"embeddable":true,"href":"https:\/\/xlab-stiftung.de\/en\/wp-json\/wp\/v2\/pages\/133"}],"wp:attachment":[{"href":"https:\/\/xlab-stiftung.de\/en\/wp-json\/wp\/v2\/media?parent=523"}],"curies":[{"name":"wp","href":"https:\/\/api.w.org\/{rel}","templated":true}]}}