{"id":527,"date":"2022-11-28T14:20:08","date_gmt":"2022-11-28T14:20:08","guid":{"rendered":"https:\/\/xlab-stiftung.de\/?page_id=527"},"modified":"2022-11-28T14:20:08","modified_gmt":"2022-11-28T14:20:08","slug":"sf-2015-von-membran-modellen-zu-modell-membranensf-2015","status":"publish","type":"page","link":"https:\/\/xlab-stiftung.de\/en\/science-festival-2004-2017-2\/sf-2015-von-membran-modellen-zu-modell-membranensf-2015\/","title":{"rendered":"SF-2015-Von Membran-Modellen zu Modell-MembranenSF-2015-"},"content":{"rendered":"<h1 class=\"wp-block-heading\">Von Membran-Modellen zu Modell-Membranen<\/h1>\n\n\n\n<p><em>Prof. Dr. Claudia Steinem<br><\/em><em>Universit\u00e4t G\u00f6ttingen<\/em><\/p>\n\n\n\n<p>Biologische Membranen sind essentiell f\u00fcr das Leben von Organismen. Als Begrenzung von Zellen halten sie lebenswichtige Unterschiede zwischen dem Cytosol und der extrazellul\u00e4ren Umgebung aufrecht. Basierend auf experimentellen Befunden, wurden bereits Anfang 1900 Modelle der molekularen Struktur von Membranen entworfen, lange bevor die ersten biologischen Membranen mit Hilfe des Elektronenmikroskops in den 1950er-Jahren untersucht werden konnten. Diese Membran-Modelle im Wandel der Zeit sind ein sch\u00f6nes Beispiel daf\u00fcr, wie Modellvorstellungen sich entwickeln, teilweise falsch sind, revidiert und verfeinert werden. Im Vortrag werde ich aufzeigen, wie sich unser strukturelles Bild der biologischen Membran im Laufe der Zeit ver\u00e4ndert hat und wie man heute in der Lage ist, auf Basis dieser Erkenntnisse Lipidmembranen k\u00fcnstlich aus einzelnen Komponenten zusammenzusetzen. Mit Hilfe solcher Modell-Membranen ist es m\u00f6glich, biologische Prozesse, die in und an einer solchen Lipidmembran ablaufen, molekular zu analysieren und auf diese Weise zu verstehen, welche chemischen Komponenten f\u00fcr den betrachteten biologischen Prozess von zentraler Bedeutung sind. In diesem Zusammenhang besch\u00e4ftigt sich meine Arbeitsgruppe mit der Entwicklung und Anwendung von neuen k\u00fcnstlichen Lipidmembransystemen zur Analyse von membranst\u00e4ndigen Reaktionen, wie z.B. der Fusion von Membranen, der Wirkungsweise von bakteriellen Toxinen oder dem Transport von Antibiotika.&nbsp;<\/p>","protected":false},"excerpt":{"rendered":"<p>Von Membran-Modellen zu Modell-Membranen Prof. Dr. Claudia SteinemUniversit\u00e4t G\u00f6ttingen Biologische Membranen sind essentiell f\u00fcr das Leben von Organismen. Als Begrenzung von Zellen halten&hellip;<\/p>","protected":false},"author":1,"featured_media":0,"parent":133,"menu_order":48,"comment_status":"closed","ping_status":"closed","template":"","meta":[],"yoast_head":"<!-- This site is optimized with the Yoast SEO plugin v21.2 - https:\/\/yoast.com\/wordpress\/plugins\/seo\/ -->\n<title>SF-2015-Von Membran-Modellen zu Modell-MembranenSF-2015- XLAB Stiftung<\/title>\n<meta name=\"robots\" content=\"index, follow, max-snippet:-1, max-image-preview:large, max-video-preview:-1\" \/>\n<link rel=\"canonical\" href=\"https:\/\/xlab-stiftung.de\/en\/science-festival-2004-2017-2\/sf-2015-von-membran-modellen-zu-modell-membranensf-2015\/\" \/>\n<meta property=\"og:locale\" content=\"en_US\" \/>\n<meta property=\"og:type\" content=\"article\" \/>\n<meta property=\"og:title\" content=\"SF-2015-Von Membran-Modellen zu Modell-MembranenSF-2015- XLAB Stiftung\" \/>\n<meta property=\"og:description\" content=\"Von Membran-Modellen zu Modell-Membranen Prof. Dr. Claudia SteinemUniversit\u00e4t G\u00f6ttingen Biologische Membranen sind essentiell f\u00fcr das Leben von Organismen. Als Begrenzung von Zellen halten&hellip;\" \/>\n<meta property=\"og:url\" content=\"https:\/\/xlab-stiftung.de\/en\/science-festival-2004-2017-2\/sf-2015-von-membran-modellen-zu-modell-membranensf-2015\/\" \/>\n<meta property=\"og:site_name\" content=\"XLAB Stiftung\" \/>\n<meta name=\"twitter:card\" content=\"summary_large_image\" \/>\n<meta name=\"twitter:label1\" content=\"Est. reading time\" \/>\n\t<meta name=\"twitter:data1\" content=\"1 minute\" \/>\n<script type=\"application\/ld+json\" class=\"yoast-schema-graph\">{\"@context\":\"https:\/\/schema.org\",\"@graph\":[{\"@type\":\"WebPage\",\"@id\":\"https:\/\/xlab-stiftung.de\/science-festival-2004-2017-2\/sf-2015-von-membran-modellen-zu-modell-membranensf-2015\/\",\"url\":\"https:\/\/xlab-stiftung.de\/science-festival-2004-2017-2\/sf-2015-von-membran-modellen-zu-modell-membranensf-2015\/\",\"name\":\"SF-2015-Von Membran-Modellen zu Modell-MembranenSF-2015- XLAB Stiftung\",\"isPartOf\":{\"@id\":\"https:\/\/xlab-stiftung.de\/#website\"},\"datePublished\":\"2022-11-28T14:20:08+00:00\",\"dateModified\":\"2022-11-28T14:20:08+00:00\",\"breadcrumb\":{\"@id\":\"https:\/\/xlab-stiftung.de\/science-festival-2004-2017-2\/sf-2015-von-membran-modellen-zu-modell-membranensf-2015\/#breadcrumb\"},\"inLanguage\":\"en-US\",\"potentialAction\":[{\"@type\":\"ReadAction\",\"target\":[\"https:\/\/xlab-stiftung.de\/science-festival-2004-2017-2\/sf-2015-von-membran-modellen-zu-modell-membranensf-2015\/\"]}]},{\"@type\":\"BreadcrumbList\",\"@id\":\"https:\/\/xlab-stiftung.de\/science-festival-2004-2017-2\/sf-2015-von-membran-modellen-zu-modell-membranensf-2015\/#breadcrumb\",\"itemListElement\":[{\"@type\":\"ListItem\",\"position\":1,\"name\":\"Startseite\",\"item\":\"https:\/\/xlab-stiftung.de\/\"},{\"@type\":\"ListItem\",\"position\":2,\"name\":\"Science Festival 2004-2023\",\"item\":\"https:\/\/xlab-stiftung.de\/science-festival-2004-2017-2\/\"},{\"@type\":\"ListItem\",\"position\":3,\"name\":\"SF-2015-Von Membran-Modellen zu Modell-MembranenSF-2015-\"}]},{\"@type\":\"WebSite\",\"@id\":\"https:\/\/xlab-stiftung.de\/#website\",\"url\":\"https:\/\/xlab-stiftung.de\/\",\"name\":\"XLAB Stiftung\",\"description\":\"\",\"publisher\":{\"@id\":\"https:\/\/xlab-stiftung.de\/#organization\"},\"potentialAction\":[{\"@type\":\"SearchAction\",\"target\":{\"@type\":\"EntryPoint\",\"urlTemplate\":\"https:\/\/xlab-stiftung.de\/?s={search_term_string}\"},\"query-input\":\"required name=search_term_string\"}],\"inLanguage\":\"en-US\"},{\"@type\":\"Organization\",\"@id\":\"https:\/\/xlab-stiftung.de\/#organization\",\"name\":\"XLAB Stiftung\",\"url\":\"https:\/\/xlab-stiftung.de\/\",\"logo\":{\"@type\":\"ImageObject\",\"inLanguage\":\"en-US\",\"@id\":\"https:\/\/xlab-stiftung.de\/#\/schema\/logo\/image\/\",\"url\":\"https:\/\/xlab-stiftung.de\/wp-content\/uploads\/2023\/01\/ezgif.com-gif-maker-5.gif\",\"contentUrl\":\"https:\/\/xlab-stiftung.de\/wp-content\/uploads\/2023\/01\/ezgif.com-gif-maker-5.gif\",\"width\":2048,\"height\":230,\"caption\":\"XLAB Stiftung\"},\"image\":{\"@id\":\"https:\/\/xlab-stiftung.de\/#\/schema\/logo\/image\/\"}}]}<\/script>\n<!-- \/ Yoast SEO plugin. -->","yoast_head_json":{"title":"SF-2015-Von Membran-Modellen zu Modell-MembranenSF-2015- XLAB Stiftung","robots":{"index":"index","follow":"follow","max-snippet":"max-snippet:-1","max-image-preview":"max-image-preview:large","max-video-preview":"max-video-preview:-1"},"canonical":"https:\/\/xlab-stiftung.de\/en\/science-festival-2004-2017-2\/sf-2015-von-membran-modellen-zu-modell-membranensf-2015\/","og_locale":"en_US","og_type":"article","og_title":"SF-2015-Von Membran-Modellen zu Modell-MembranenSF-2015- XLAB Stiftung","og_description":"Von Membran-Modellen zu Modell-Membranen Prof. Dr. Claudia SteinemUniversit\u00e4t G\u00f6ttingen Biologische Membranen sind essentiell f\u00fcr das Leben von Organismen. Als Begrenzung von Zellen halten&hellip;","og_url":"https:\/\/xlab-stiftung.de\/en\/science-festival-2004-2017-2\/sf-2015-von-membran-modellen-zu-modell-membranensf-2015\/","og_site_name":"XLAB Stiftung","twitter_card":"summary_large_image","twitter_misc":{"Est. reading time":"1 minute"},"schema":{"@context":"https:\/\/schema.org","@graph":[{"@type":"WebPage","@id":"https:\/\/xlab-stiftung.de\/science-festival-2004-2017-2\/sf-2015-von-membran-modellen-zu-modell-membranensf-2015\/","url":"https:\/\/xlab-stiftung.de\/science-festival-2004-2017-2\/sf-2015-von-membran-modellen-zu-modell-membranensf-2015\/","name":"SF-2015-Von Membran-Modellen zu Modell-MembranenSF-2015- XLAB Stiftung","isPartOf":{"@id":"https:\/\/xlab-stiftung.de\/#website"},"datePublished":"2022-11-28T14:20:08+00:00","dateModified":"2022-11-28T14:20:08+00:00","breadcrumb":{"@id":"https:\/\/xlab-stiftung.de\/science-festival-2004-2017-2\/sf-2015-von-membran-modellen-zu-modell-membranensf-2015\/#breadcrumb"},"inLanguage":"en-US","potentialAction":[{"@type":"ReadAction","target":["https:\/\/xlab-stiftung.de\/science-festival-2004-2017-2\/sf-2015-von-membran-modellen-zu-modell-membranensf-2015\/"]}]},{"@type":"BreadcrumbList","@id":"https:\/\/xlab-stiftung.de\/science-festival-2004-2017-2\/sf-2015-von-membran-modellen-zu-modell-membranensf-2015\/#breadcrumb","itemListElement":[{"@type":"ListItem","position":1,"name":"Startseite","item":"https:\/\/xlab-stiftung.de\/"},{"@type":"ListItem","position":2,"name":"Science Festival 2004-2023","item":"https:\/\/xlab-stiftung.de\/science-festival-2004-2017-2\/"},{"@type":"ListItem","position":3,"name":"SF-2015-Von Membran-Modellen zu Modell-MembranenSF-2015-"}]},{"@type":"WebSite","@id":"https:\/\/xlab-stiftung.de\/#website","url":"https:\/\/xlab-stiftung.de\/","name":"XLAB Stiftung","description":"","publisher":{"@id":"https:\/\/xlab-stiftung.de\/#organization"},"potentialAction":[{"@type":"SearchAction","target":{"@type":"EntryPoint","urlTemplate":"https:\/\/xlab-stiftung.de\/?s={search_term_string}"},"query-input":"required name=search_term_string"}],"inLanguage":"en-US"},{"@type":"Organization","@id":"https:\/\/xlab-stiftung.de\/#organization","name":"XLAB Stiftung","url":"https:\/\/xlab-stiftung.de\/","logo":{"@type":"ImageObject","inLanguage":"en-US","@id":"https:\/\/xlab-stiftung.de\/#\/schema\/logo\/image\/","url":"https:\/\/xlab-stiftung.de\/wp-content\/uploads\/2023\/01\/ezgif.com-gif-maker-5.gif","contentUrl":"https:\/\/xlab-stiftung.de\/wp-content\/uploads\/2023\/01\/ezgif.com-gif-maker-5.gif","width":2048,"height":230,"caption":"XLAB Stiftung"},"image":{"@id":"https:\/\/xlab-stiftung.de\/#\/schema\/logo\/image\/"}}]}},"_links":{"self":[{"href":"https:\/\/xlab-stiftung.de\/en\/wp-json\/wp\/v2\/pages\/527"}],"collection":[{"href":"https:\/\/xlab-stiftung.de\/en\/wp-json\/wp\/v2\/pages"}],"about":[{"href":"https:\/\/xlab-stiftung.de\/en\/wp-json\/wp\/v2\/types\/page"}],"author":[{"embeddable":true,"href":"https:\/\/xlab-stiftung.de\/en\/wp-json\/wp\/v2\/users\/1"}],"replies":[{"embeddable":true,"href":"https:\/\/xlab-stiftung.de\/en\/wp-json\/wp\/v2\/comments?post=527"}],"version-history":[{"count":1,"href":"https:\/\/xlab-stiftung.de\/en\/wp-json\/wp\/v2\/pages\/527\/revisions"}],"predecessor-version":[{"id":529,"href":"https:\/\/xlab-stiftung.de\/en\/wp-json\/wp\/v2\/pages\/527\/revisions\/529"}],"up":[{"embeddable":true,"href":"https:\/\/xlab-stiftung.de\/en\/wp-json\/wp\/v2\/pages\/133"}],"wp:attachment":[{"href":"https:\/\/xlab-stiftung.de\/en\/wp-json\/wp\/v2\/media?parent=527"}],"curies":[{"name":"wp","href":"https:\/\/api.w.org\/{rel}","templated":true}]}}