{"id":531,"date":"2022-11-28T14:20:45","date_gmt":"2022-11-28T14:20:45","guid":{"rendered":"https:\/\/xlab-stiftung.de\/?page_id=531"},"modified":"2022-11-28T14:20:45","modified_gmt":"2022-11-28T14:20:45","slug":"sf-2015-fracking-zur-energiegewinnung-technologie-wirtschaftliches-potenzial-und-umweltrisiken","status":"publish","type":"page","link":"https:\/\/xlab-stiftung.de\/en\/science-festival-2004-2017-2\/sf-2015-fracking-zur-energiegewinnung-technologie-wirtschaftliches-potenzial-und-umweltrisiken\/","title":{"rendered":"SF-2015-Fracking zur Energiegewinnung Technologie, wirtschaftliches Potenzial und Umweltrisiken"},"content":{"rendered":"<h1 class=\"wp-block-heading\">Fracking zur Energiegewinnung Technologie, wirtschaftliches Potenzial und Umweltrisiken<\/h1>\n\n\n\n<p><em>Prof. Dr. Rolf Emmermann<br>Deutsches GeoForschungsZentrum Potsdam<\/em><\/p>\n\n\n\n<p>Fracking ist die inzwischen allgemein verwendete Kurzform f\u00fcr Hydraulic Fracturing. Ziel des Frackings ist es, in festen, wenig durchl\u00e4ssigen Gesteinen im tieferen Untergrund mit Hilfe von erh\u00f6htem Wasserdruck Risse (= fractures) zu erzeugen und damit den Transport von Fl\u00fcssigkeiten und Gasen zu erleichtern. Dem Wasser k\u00f6nnen St\u00fctzmittel und chemische Additive, beispielsweise zur Herabsetzung des Flie\u00dfwiderstandes oder zum Korrosionsschutz, beigemischt werden.<\/p>\n\n\n\n<p>Bei der Ausbeutung von Erdgas und Erd\u00f6l aus konventionellen Lagerst\u00e4tten wird das Fracking seit 1961 in Deutschland eingesetzt. Es dient insbesondere zur Erschlie\u00dfung aus relativ dichten Speichergesteinen und zur Steigerung der Produktionsrate von weniger ergiebigen Lagerst\u00e4tten. Ein vergleichsweise junges, inzwischen aber weltweit etabliertes Anwendungsgebiet ist die Erschlie\u00dfung von Erdw\u00e4rme-Reservoiren im tieferen Untergrund, die sog. Tiefengeothermie. Dabei wird Wasser in dichte, hei\u00dfe Gesteine in Tiefen ab vier Kilometern injiziert, \u00fcber Produktionsbohrungen wieder gef\u00f6rdert und der energetischen Nutzung zugef\u00fchrt. Die durch das Fracking entstehenden k\u00fcnstlichen Rissfl\u00e4chen verbessern den Wasserdurchfluss, so dass unterirdische W\u00e4rmetauscher entstehen. In Forschungsbohrungen gewann man mithilfe des Frackings entscheidende Grundlagenkenntnisse \u00fcber den Spannungszustand der oberen Erdkruste und die Entstehung von Erdbeben. Die neue \u00f6ffentliche Diskussion bezieht sich auf die Ausbeutung sog. unkonventioneller Lagerst\u00e4tten. Hier befinden sich Erd\u00f6l und Erdgas (sog. Schiefergas) noch in den kleinen, isolierten Poren des Muttergesteins (Tonschiefer) und nicht, wie bei konventionellen Lagerst\u00e4tten, in Speicherformationen.<\/p>\n\n\n\n<p>Ohne Schiefergasf\u00f6rderung sind in Deutschland die Erdgasreserven in voraussichtlich zehn Jahren aufgebraucht. Vor der endg\u00fcltigen Entscheidung \u00fcber die F\u00f6rderung m\u00fcssen eine Reihe von Fragen im Detail wissenschaftlich objektiv behandelt werden. Dazu geh\u00f6ren der Landverbrauch und der Wasserbedarf, die m\u00f6gliche Beeintr\u00e4chtigung des Grundwassers und der Umwelt durch die verwendeten Additive, der \u00dcbertritt von Methan in die Atmosph\u00e4re bzw. in Trinkwasserhorizonte und die induzierte Seismizit\u00e4t. Von den Ergebnissen dieser Studien wird die gesellschaftliche Akzeptanz des Frackings abh\u00e4ngen.<\/p>","protected":false},"excerpt":{"rendered":"<p>Fracking zur Energiegewinnung Technologie, wirtschaftliches Potenzial und Umweltrisiken Prof. Dr. Rolf EmmermannDeutsches GeoForschungsZentrum Potsdam Fracking ist die inzwischen allgemein verwendete Kurzform f\u00fcr Hydraulic&hellip;<\/p>","protected":false},"author":1,"featured_media":0,"parent":133,"menu_order":47,"comment_status":"closed","ping_status":"closed","template":"","meta":[],"yoast_head":"<!-- This site is optimized with the Yoast SEO plugin v21.2 - https:\/\/yoast.com\/wordpress\/plugins\/seo\/ -->\n<title>SF-2015-Fracking zur Energiegewinnung Technologie, wirtschaftliches Potenzial und Umweltrisiken - XLAB Stiftung<\/title>\n<meta name=\"robots\" content=\"index, follow, max-snippet:-1, max-image-preview:large, max-video-preview:-1\" \/>\n<link rel=\"canonical\" href=\"https:\/\/xlab-stiftung.de\/en\/science-festival-2004-2017-2\/sf-2015-fracking-zur-energiegewinnung-technologie-wirtschaftliches-potenzial-und-umweltrisiken\/\" \/>\n<meta property=\"og:locale\" content=\"en_US\" \/>\n<meta property=\"og:type\" content=\"article\" \/>\n<meta property=\"og:title\" content=\"SF-2015-Fracking zur Energiegewinnung Technologie, wirtschaftliches Potenzial und Umweltrisiken - XLAB Stiftung\" \/>\n<meta property=\"og:description\" content=\"Fracking zur Energiegewinnung Technologie, wirtschaftliches Potenzial und Umweltrisiken Prof. Dr. Rolf EmmermannDeutsches GeoForschungsZentrum Potsdam Fracking ist die inzwischen allgemein verwendete Kurzform f\u00fcr Hydraulic&hellip;\" \/>\n<meta property=\"og:url\" content=\"https:\/\/xlab-stiftung.de\/en\/science-festival-2004-2017-2\/sf-2015-fracking-zur-energiegewinnung-technologie-wirtschaftliches-potenzial-und-umweltrisiken\/\" \/>\n<meta property=\"og:site_name\" content=\"XLAB Stiftung\" \/>\n<meta name=\"twitter:card\" content=\"summary_large_image\" \/>\n<meta name=\"twitter:label1\" content=\"Est. reading time\" \/>\n\t<meta name=\"twitter:data1\" content=\"2 minutes\" \/>\n<script type=\"application\/ld+json\" class=\"yoast-schema-graph\">{\"@context\":\"https:\/\/schema.org\",\"@graph\":[{\"@type\":\"WebPage\",\"@id\":\"https:\/\/xlab-stiftung.de\/science-festival-2004-2017-2\/sf-2015-fracking-zur-energiegewinnung-technologie-wirtschaftliches-potenzial-und-umweltrisiken\/\",\"url\":\"https:\/\/xlab-stiftung.de\/science-festival-2004-2017-2\/sf-2015-fracking-zur-energiegewinnung-technologie-wirtschaftliches-potenzial-und-umweltrisiken\/\",\"name\":\"SF-2015-Fracking zur Energiegewinnung Technologie, wirtschaftliches Potenzial und Umweltrisiken - XLAB Stiftung\",\"isPartOf\":{\"@id\":\"https:\/\/xlab-stiftung.de\/#website\"},\"datePublished\":\"2022-11-28T14:20:45+00:00\",\"dateModified\":\"2022-11-28T14:20:45+00:00\",\"breadcrumb\":{\"@id\":\"https:\/\/xlab-stiftung.de\/science-festival-2004-2017-2\/sf-2015-fracking-zur-energiegewinnung-technologie-wirtschaftliches-potenzial-und-umweltrisiken\/#breadcrumb\"},\"inLanguage\":\"en-US\",\"potentialAction\":[{\"@type\":\"ReadAction\",\"target\":[\"https:\/\/xlab-stiftung.de\/science-festival-2004-2017-2\/sf-2015-fracking-zur-energiegewinnung-technologie-wirtschaftliches-potenzial-und-umweltrisiken\/\"]}]},{\"@type\":\"BreadcrumbList\",\"@id\":\"https:\/\/xlab-stiftung.de\/science-festival-2004-2017-2\/sf-2015-fracking-zur-energiegewinnung-technologie-wirtschaftliches-potenzial-und-umweltrisiken\/#breadcrumb\",\"itemListElement\":[{\"@type\":\"ListItem\",\"position\":1,\"name\":\"Startseite\",\"item\":\"https:\/\/xlab-stiftung.de\/\"},{\"@type\":\"ListItem\",\"position\":2,\"name\":\"Science Festival 2004-2023\",\"item\":\"https:\/\/xlab-stiftung.de\/science-festival-2004-2017-2\/\"},{\"@type\":\"ListItem\",\"position\":3,\"name\":\"SF-2015-Fracking zur Energiegewinnung Technologie, wirtschaftliches Potenzial und Umweltrisiken\"}]},{\"@type\":\"WebSite\",\"@id\":\"https:\/\/xlab-stiftung.de\/#website\",\"url\":\"https:\/\/xlab-stiftung.de\/\",\"name\":\"XLAB Stiftung\",\"description\":\"\",\"publisher\":{\"@id\":\"https:\/\/xlab-stiftung.de\/#organization\"},\"potentialAction\":[{\"@type\":\"SearchAction\",\"target\":{\"@type\":\"EntryPoint\",\"urlTemplate\":\"https:\/\/xlab-stiftung.de\/?s={search_term_string}\"},\"query-input\":\"required name=search_term_string\"}],\"inLanguage\":\"en-US\"},{\"@type\":\"Organization\",\"@id\":\"https:\/\/xlab-stiftung.de\/#organization\",\"name\":\"XLAB Stiftung\",\"url\":\"https:\/\/xlab-stiftung.de\/\",\"logo\":{\"@type\":\"ImageObject\",\"inLanguage\":\"en-US\",\"@id\":\"https:\/\/xlab-stiftung.de\/#\/schema\/logo\/image\/\",\"url\":\"https:\/\/xlab-stiftung.de\/wp-content\/uploads\/2023\/01\/ezgif.com-gif-maker-5.gif\",\"contentUrl\":\"https:\/\/xlab-stiftung.de\/wp-content\/uploads\/2023\/01\/ezgif.com-gif-maker-5.gif\",\"width\":2048,\"height\":230,\"caption\":\"XLAB Stiftung\"},\"image\":{\"@id\":\"https:\/\/xlab-stiftung.de\/#\/schema\/logo\/image\/\"}}]}<\/script>\n<!-- \/ Yoast SEO plugin. -->","yoast_head_json":{"title":"SF-2015-Fracking zur Energiegewinnung Technologie, wirtschaftliches Potenzial und Umweltrisiken - XLAB Stiftung","robots":{"index":"index","follow":"follow","max-snippet":"max-snippet:-1","max-image-preview":"max-image-preview:large","max-video-preview":"max-video-preview:-1"},"canonical":"https:\/\/xlab-stiftung.de\/en\/science-festival-2004-2017-2\/sf-2015-fracking-zur-energiegewinnung-technologie-wirtschaftliches-potenzial-und-umweltrisiken\/","og_locale":"en_US","og_type":"article","og_title":"SF-2015-Fracking zur Energiegewinnung Technologie, wirtschaftliches Potenzial und Umweltrisiken - XLAB Stiftung","og_description":"Fracking zur Energiegewinnung Technologie, wirtschaftliches Potenzial und Umweltrisiken Prof. Dr. Rolf EmmermannDeutsches GeoForschungsZentrum Potsdam Fracking ist die inzwischen allgemein verwendete Kurzform f\u00fcr Hydraulic&hellip;","og_url":"https:\/\/xlab-stiftung.de\/en\/science-festival-2004-2017-2\/sf-2015-fracking-zur-energiegewinnung-technologie-wirtschaftliches-potenzial-und-umweltrisiken\/","og_site_name":"XLAB Stiftung","twitter_card":"summary_large_image","twitter_misc":{"Est. reading time":"2 minutes"},"schema":{"@context":"https:\/\/schema.org","@graph":[{"@type":"WebPage","@id":"https:\/\/xlab-stiftung.de\/science-festival-2004-2017-2\/sf-2015-fracking-zur-energiegewinnung-technologie-wirtschaftliches-potenzial-und-umweltrisiken\/","url":"https:\/\/xlab-stiftung.de\/science-festival-2004-2017-2\/sf-2015-fracking-zur-energiegewinnung-technologie-wirtschaftliches-potenzial-und-umweltrisiken\/","name":"SF-2015-Fracking zur Energiegewinnung Technologie, wirtschaftliches Potenzial und Umweltrisiken - XLAB Stiftung","isPartOf":{"@id":"https:\/\/xlab-stiftung.de\/#website"},"datePublished":"2022-11-28T14:20:45+00:00","dateModified":"2022-11-28T14:20:45+00:00","breadcrumb":{"@id":"https:\/\/xlab-stiftung.de\/science-festival-2004-2017-2\/sf-2015-fracking-zur-energiegewinnung-technologie-wirtschaftliches-potenzial-und-umweltrisiken\/#breadcrumb"},"inLanguage":"en-US","potentialAction":[{"@type":"ReadAction","target":["https:\/\/xlab-stiftung.de\/science-festival-2004-2017-2\/sf-2015-fracking-zur-energiegewinnung-technologie-wirtschaftliches-potenzial-und-umweltrisiken\/"]}]},{"@type":"BreadcrumbList","@id":"https:\/\/xlab-stiftung.de\/science-festival-2004-2017-2\/sf-2015-fracking-zur-energiegewinnung-technologie-wirtschaftliches-potenzial-und-umweltrisiken\/#breadcrumb","itemListElement":[{"@type":"ListItem","position":1,"name":"Startseite","item":"https:\/\/xlab-stiftung.de\/"},{"@type":"ListItem","position":2,"name":"Science Festival 2004-2023","item":"https:\/\/xlab-stiftung.de\/science-festival-2004-2017-2\/"},{"@type":"ListItem","position":3,"name":"SF-2015-Fracking zur Energiegewinnung Technologie, wirtschaftliches Potenzial und Umweltrisiken"}]},{"@type":"WebSite","@id":"https:\/\/xlab-stiftung.de\/#website","url":"https:\/\/xlab-stiftung.de\/","name":"XLAB Stiftung","description":"","publisher":{"@id":"https:\/\/xlab-stiftung.de\/#organization"},"potentialAction":[{"@type":"SearchAction","target":{"@type":"EntryPoint","urlTemplate":"https:\/\/xlab-stiftung.de\/?s={search_term_string}"},"query-input":"required name=search_term_string"}],"inLanguage":"en-US"},{"@type":"Organization","@id":"https:\/\/xlab-stiftung.de\/#organization","name":"XLAB Stiftung","url":"https:\/\/xlab-stiftung.de\/","logo":{"@type":"ImageObject","inLanguage":"en-US","@id":"https:\/\/xlab-stiftung.de\/#\/schema\/logo\/image\/","url":"https:\/\/xlab-stiftung.de\/wp-content\/uploads\/2023\/01\/ezgif.com-gif-maker-5.gif","contentUrl":"https:\/\/xlab-stiftung.de\/wp-content\/uploads\/2023\/01\/ezgif.com-gif-maker-5.gif","width":2048,"height":230,"caption":"XLAB Stiftung"},"image":{"@id":"https:\/\/xlab-stiftung.de\/#\/schema\/logo\/image\/"}}]}},"_links":{"self":[{"href":"https:\/\/xlab-stiftung.de\/en\/wp-json\/wp\/v2\/pages\/531"}],"collection":[{"href":"https:\/\/xlab-stiftung.de\/en\/wp-json\/wp\/v2\/pages"}],"about":[{"href":"https:\/\/xlab-stiftung.de\/en\/wp-json\/wp\/v2\/types\/page"}],"author":[{"embeddable":true,"href":"https:\/\/xlab-stiftung.de\/en\/wp-json\/wp\/v2\/users\/1"}],"replies":[{"embeddable":true,"href":"https:\/\/xlab-stiftung.de\/en\/wp-json\/wp\/v2\/comments?post=531"}],"version-history":[{"count":1,"href":"https:\/\/xlab-stiftung.de\/en\/wp-json\/wp\/v2\/pages\/531\/revisions"}],"predecessor-version":[{"id":533,"href":"https:\/\/xlab-stiftung.de\/en\/wp-json\/wp\/v2\/pages\/531\/revisions\/533"}],"up":[{"embeddable":true,"href":"https:\/\/xlab-stiftung.de\/en\/wp-json\/wp\/v2\/pages\/133"}],"wp:attachment":[{"href":"https:\/\/xlab-stiftung.de\/en\/wp-json\/wp\/v2\/media?parent=531"}],"curies":[{"name":"wp","href":"https:\/\/api.w.org\/{rel}","templated":true}]}}