{"id":535,"date":"2022-11-28T14:21:14","date_gmt":"2022-11-28T14:21:14","guid":{"rendered":"https:\/\/xlab-stiftung.de\/?page_id=535"},"modified":"2022-11-28T14:21:14","modified_gmt":"2022-11-28T14:21:14","slug":"sf-2015-lichtinduzierte-wasserspaltung-in-der-photosynthesesf-2015","status":"publish","type":"page","link":"https:\/\/xlab-stiftung.de\/en\/science-festival-2004-2017-2\/sf-2015-lichtinduzierte-wasserspaltung-in-der-photosynthesesf-2015\/","title":{"rendered":"SF-2015-Lichtinduzierte Wasserspaltung in der PhotosyntheseSF-2015-"},"content":{"rendered":"<h1 class=\"wp-block-heading\">Lichtinduzierte Wasserspaltung in der Photosynthese<\/h1>\n\n\n\n<p><em>Prof. Dr. Wolfgang Lubitz<br><\/em><em>Max-Planck-Institut f\u00fcr Chemische Energiekonversion, M\u00fclheim an der Ruhr<\/em><\/p>\n\n\n\n<p>Die Photosynthese ist der quantitativ und qualitativ bedeutendste chemische Prozess auf der Erde. Mit Hilfe des Sonnenlichts erzeugt sie Kohlenhydrate aus Wasser und Kohlenstoffdioxid, bildet damit die Quelle aller Nahrung und liefert uns wertvolle Rohstoffe. Sie hat im Laufe von Jahrmillionen alle fossilen Energietr\u00e4ger &#8211;&nbsp;Kohle, Erd\u00f6l und Erdgas &#8211;&nbsp;geschaffen, die Erdatmosph\u00e4re mit dem lebenswichtigen Sauerstoff angereichert und die uns sch\u00fctzende Ozonschicht aufgebaut. Sie ist daher f\u00fcr das Leben auf der Erde von essentieller Bedeutung.<\/p>\n\n\n\n<p>Auf die wichtige Frage, wie Pflanzen, Algen und einige Bakterienarten Wasser spalten und Sauerstoff freisetzen, gibt es jetzt eine Antwort, die auf neuen Strukturdaten aus der R\u00f6ntgenkristallographie und dem kombinierten Einsatz von modernen spektroskopischen und quantenchemischen Verfahren beruht. Diese Erkenntnis k\u00f6nnte uns zuk\u00fcnftige Wege zur Verwirklichung einer \u201eartifiziellen Photosynthese\u201c weisen, also zur Speicherung von Sonnenenergie in energiereichen Verbindungen und damit zur Erzeugung erneuerbarer \u201esolarer Brennstoffe\u201c.&nbsp;<\/p>","protected":false},"excerpt":{"rendered":"<p>Lichtinduzierte Wasserspaltung in der Photosynthese Prof. Dr. Wolfgang LubitzMax-Planck-Institut f\u00fcr Chemische Energiekonversion, M\u00fclheim an der Ruhr Die Photosynthese ist der quantitativ und qualitativ&hellip;<\/p>","protected":false},"author":1,"featured_media":0,"parent":133,"menu_order":49,"comment_status":"closed","ping_status":"closed","template":"","meta":[],"yoast_head":"<!-- This site is optimized with the Yoast SEO plugin v21.2 - https:\/\/yoast.com\/wordpress\/plugins\/seo\/ -->\n<title>SF-2015-Lichtinduzierte Wasserspaltung in der PhotosyntheseSF-2015- XLAB Stiftung<\/title>\n<meta name=\"robots\" content=\"index, follow, max-snippet:-1, max-image-preview:large, max-video-preview:-1\" \/>\n<link rel=\"canonical\" href=\"https:\/\/xlab-stiftung.de\/en\/science-festival-2004-2017-2\/sf-2015-lichtinduzierte-wasserspaltung-in-der-photosynthesesf-2015\/\" \/>\n<meta property=\"og:locale\" content=\"en_US\" \/>\n<meta property=\"og:type\" content=\"article\" \/>\n<meta property=\"og:title\" content=\"SF-2015-Lichtinduzierte Wasserspaltung in der PhotosyntheseSF-2015- XLAB Stiftung\" \/>\n<meta property=\"og:description\" content=\"Lichtinduzierte Wasserspaltung in der Photosynthese Prof. Dr. Wolfgang LubitzMax-Planck-Institut f\u00fcr Chemische Energiekonversion, M\u00fclheim an der Ruhr Die Photosynthese ist der quantitativ und qualitativ&hellip;\" \/>\n<meta property=\"og:url\" content=\"https:\/\/xlab-stiftung.de\/en\/science-festival-2004-2017-2\/sf-2015-lichtinduzierte-wasserspaltung-in-der-photosynthesesf-2015\/\" \/>\n<meta property=\"og:site_name\" content=\"XLAB Stiftung\" \/>\n<meta name=\"twitter:card\" content=\"summary_large_image\" \/>\n<meta name=\"twitter:label1\" content=\"Est. reading time\" \/>\n\t<meta name=\"twitter:data1\" content=\"1 minute\" \/>\n<script type=\"application\/ld+json\" class=\"yoast-schema-graph\">{\"@context\":\"https:\/\/schema.org\",\"@graph\":[{\"@type\":\"WebPage\",\"@id\":\"https:\/\/xlab-stiftung.de\/science-festival-2004-2017-2\/sf-2015-lichtinduzierte-wasserspaltung-in-der-photosynthesesf-2015\/\",\"url\":\"https:\/\/xlab-stiftung.de\/science-festival-2004-2017-2\/sf-2015-lichtinduzierte-wasserspaltung-in-der-photosynthesesf-2015\/\",\"name\":\"SF-2015-Lichtinduzierte Wasserspaltung in der PhotosyntheseSF-2015- XLAB Stiftung\",\"isPartOf\":{\"@id\":\"https:\/\/xlab-stiftung.de\/#website\"},\"datePublished\":\"2022-11-28T14:21:14+00:00\",\"dateModified\":\"2022-11-28T14:21:14+00:00\",\"breadcrumb\":{\"@id\":\"https:\/\/xlab-stiftung.de\/science-festival-2004-2017-2\/sf-2015-lichtinduzierte-wasserspaltung-in-der-photosynthesesf-2015\/#breadcrumb\"},\"inLanguage\":\"en-US\",\"potentialAction\":[{\"@type\":\"ReadAction\",\"target\":[\"https:\/\/xlab-stiftung.de\/science-festival-2004-2017-2\/sf-2015-lichtinduzierte-wasserspaltung-in-der-photosynthesesf-2015\/\"]}]},{\"@type\":\"BreadcrumbList\",\"@id\":\"https:\/\/xlab-stiftung.de\/science-festival-2004-2017-2\/sf-2015-lichtinduzierte-wasserspaltung-in-der-photosynthesesf-2015\/#breadcrumb\",\"itemListElement\":[{\"@type\":\"ListItem\",\"position\":1,\"name\":\"Startseite\",\"item\":\"https:\/\/xlab-stiftung.de\/\"},{\"@type\":\"ListItem\",\"position\":2,\"name\":\"Science Festival 2004-2023\",\"item\":\"https:\/\/xlab-stiftung.de\/science-festival-2004-2017-2\/\"},{\"@type\":\"ListItem\",\"position\":3,\"name\":\"SF-2015-Lichtinduzierte Wasserspaltung in der PhotosyntheseSF-2015-\"}]},{\"@type\":\"WebSite\",\"@id\":\"https:\/\/xlab-stiftung.de\/#website\",\"url\":\"https:\/\/xlab-stiftung.de\/\",\"name\":\"XLAB Stiftung\",\"description\":\"\",\"publisher\":{\"@id\":\"https:\/\/xlab-stiftung.de\/#organization\"},\"potentialAction\":[{\"@type\":\"SearchAction\",\"target\":{\"@type\":\"EntryPoint\",\"urlTemplate\":\"https:\/\/xlab-stiftung.de\/?s={search_term_string}\"},\"query-input\":\"required name=search_term_string\"}],\"inLanguage\":\"en-US\"},{\"@type\":\"Organization\",\"@id\":\"https:\/\/xlab-stiftung.de\/#organization\",\"name\":\"XLAB Stiftung\",\"url\":\"https:\/\/xlab-stiftung.de\/\",\"logo\":{\"@type\":\"ImageObject\",\"inLanguage\":\"en-US\",\"@id\":\"https:\/\/xlab-stiftung.de\/#\/schema\/logo\/image\/\",\"url\":\"https:\/\/xlab-stiftung.de\/wp-content\/uploads\/2023\/01\/ezgif.com-gif-maker-5.gif\",\"contentUrl\":\"https:\/\/xlab-stiftung.de\/wp-content\/uploads\/2023\/01\/ezgif.com-gif-maker-5.gif\",\"width\":2048,\"height\":230,\"caption\":\"XLAB Stiftung\"},\"image\":{\"@id\":\"https:\/\/xlab-stiftung.de\/#\/schema\/logo\/image\/\"}}]}<\/script>\n<!-- \/ Yoast SEO plugin. -->","yoast_head_json":{"title":"SF-2015-Lichtinduzierte Wasserspaltung in der PhotosyntheseSF-2015- XLAB Stiftung","robots":{"index":"index","follow":"follow","max-snippet":"max-snippet:-1","max-image-preview":"max-image-preview:large","max-video-preview":"max-video-preview:-1"},"canonical":"https:\/\/xlab-stiftung.de\/en\/science-festival-2004-2017-2\/sf-2015-lichtinduzierte-wasserspaltung-in-der-photosynthesesf-2015\/","og_locale":"en_US","og_type":"article","og_title":"SF-2015-Lichtinduzierte Wasserspaltung in der PhotosyntheseSF-2015- XLAB Stiftung","og_description":"Lichtinduzierte Wasserspaltung in der Photosynthese Prof. Dr. Wolfgang LubitzMax-Planck-Institut f\u00fcr Chemische Energiekonversion, M\u00fclheim an der Ruhr Die Photosynthese ist der quantitativ und qualitativ&hellip;","og_url":"https:\/\/xlab-stiftung.de\/en\/science-festival-2004-2017-2\/sf-2015-lichtinduzierte-wasserspaltung-in-der-photosynthesesf-2015\/","og_site_name":"XLAB Stiftung","twitter_card":"summary_large_image","twitter_misc":{"Est. reading time":"1 minute"},"schema":{"@context":"https:\/\/schema.org","@graph":[{"@type":"WebPage","@id":"https:\/\/xlab-stiftung.de\/science-festival-2004-2017-2\/sf-2015-lichtinduzierte-wasserspaltung-in-der-photosynthesesf-2015\/","url":"https:\/\/xlab-stiftung.de\/science-festival-2004-2017-2\/sf-2015-lichtinduzierte-wasserspaltung-in-der-photosynthesesf-2015\/","name":"SF-2015-Lichtinduzierte Wasserspaltung in der PhotosyntheseSF-2015- XLAB Stiftung","isPartOf":{"@id":"https:\/\/xlab-stiftung.de\/#website"},"datePublished":"2022-11-28T14:21:14+00:00","dateModified":"2022-11-28T14:21:14+00:00","breadcrumb":{"@id":"https:\/\/xlab-stiftung.de\/science-festival-2004-2017-2\/sf-2015-lichtinduzierte-wasserspaltung-in-der-photosynthesesf-2015\/#breadcrumb"},"inLanguage":"en-US","potentialAction":[{"@type":"ReadAction","target":["https:\/\/xlab-stiftung.de\/science-festival-2004-2017-2\/sf-2015-lichtinduzierte-wasserspaltung-in-der-photosynthesesf-2015\/"]}]},{"@type":"BreadcrumbList","@id":"https:\/\/xlab-stiftung.de\/science-festival-2004-2017-2\/sf-2015-lichtinduzierte-wasserspaltung-in-der-photosynthesesf-2015\/#breadcrumb","itemListElement":[{"@type":"ListItem","position":1,"name":"Startseite","item":"https:\/\/xlab-stiftung.de\/"},{"@type":"ListItem","position":2,"name":"Science Festival 2004-2023","item":"https:\/\/xlab-stiftung.de\/science-festival-2004-2017-2\/"},{"@type":"ListItem","position":3,"name":"SF-2015-Lichtinduzierte Wasserspaltung in der PhotosyntheseSF-2015-"}]},{"@type":"WebSite","@id":"https:\/\/xlab-stiftung.de\/#website","url":"https:\/\/xlab-stiftung.de\/","name":"XLAB Stiftung","description":"","publisher":{"@id":"https:\/\/xlab-stiftung.de\/#organization"},"potentialAction":[{"@type":"SearchAction","target":{"@type":"EntryPoint","urlTemplate":"https:\/\/xlab-stiftung.de\/?s={search_term_string}"},"query-input":"required name=search_term_string"}],"inLanguage":"en-US"},{"@type":"Organization","@id":"https:\/\/xlab-stiftung.de\/#organization","name":"XLAB Stiftung","url":"https:\/\/xlab-stiftung.de\/","logo":{"@type":"ImageObject","inLanguage":"en-US","@id":"https:\/\/xlab-stiftung.de\/#\/schema\/logo\/image\/","url":"https:\/\/xlab-stiftung.de\/wp-content\/uploads\/2023\/01\/ezgif.com-gif-maker-5.gif","contentUrl":"https:\/\/xlab-stiftung.de\/wp-content\/uploads\/2023\/01\/ezgif.com-gif-maker-5.gif","width":2048,"height":230,"caption":"XLAB Stiftung"},"image":{"@id":"https:\/\/xlab-stiftung.de\/#\/schema\/logo\/image\/"}}]}},"_links":{"self":[{"href":"https:\/\/xlab-stiftung.de\/en\/wp-json\/wp\/v2\/pages\/535"}],"collection":[{"href":"https:\/\/xlab-stiftung.de\/en\/wp-json\/wp\/v2\/pages"}],"about":[{"href":"https:\/\/xlab-stiftung.de\/en\/wp-json\/wp\/v2\/types\/page"}],"author":[{"embeddable":true,"href":"https:\/\/xlab-stiftung.de\/en\/wp-json\/wp\/v2\/users\/1"}],"replies":[{"embeddable":true,"href":"https:\/\/xlab-stiftung.de\/en\/wp-json\/wp\/v2\/comments?post=535"}],"version-history":[{"count":1,"href":"https:\/\/xlab-stiftung.de\/en\/wp-json\/wp\/v2\/pages\/535\/revisions"}],"predecessor-version":[{"id":537,"href":"https:\/\/xlab-stiftung.de\/en\/wp-json\/wp\/v2\/pages\/535\/revisions\/537"}],"up":[{"embeddable":true,"href":"https:\/\/xlab-stiftung.de\/en\/wp-json\/wp\/v2\/pages\/133"}],"wp:attachment":[{"href":"https:\/\/xlab-stiftung.de\/en\/wp-json\/wp\/v2\/media?parent=535"}],"curies":[{"name":"wp","href":"https:\/\/api.w.org\/{rel}","templated":true}]}}