{"id":553,"date":"2022-12-21T10:17:16","date_gmt":"2022-12-21T10:17:16","guid":{"rendered":"https:\/\/xlab-stiftung.de\/?page_id=553"},"modified":"2022-12-21T10:17:35","modified_gmt":"2022-12-21T10:17:35","slug":"sf-2015-evolution-im-zeitraffer","status":"publish","type":"page","link":"https:\/\/xlab-stiftung.de\/en\/science-festival-2004-2017-2\/sf-2015-evolution-im-zeitraffer\/","title":{"rendered":"SF-2014 Evolution im Zeitraffer"},"content":{"rendered":"<h1 class=\"wp-block-heading\">Evolution im Zeitraffer<\/h1>\n\n\n\n<p><em>Dr. Richard Neher<br><\/em><em>Max-Planck-Institut f\u00fcr Entwicklungsbiologie, T\u00fcbingen<\/em><\/p>\n\n\n\n<p>Unser Immunsystem erkennt und zerst\u00f6rt Krankheitserreger oder infizierte Zellen und sch\u00fctzt uns von diesem Zeitpunkt an vor den Erregern. Aber manche Viren ver\u00e4ndern ihre Proteine so schnell, dass sie dem Immunsystem immer einen Schritt voraus sind und Menschen entweder dauerhaft oder wiederholt infizieren. Die Evolution von Viren beruht auf den gleichen Prozessen \u2013 Mutation, Selektionen, Rekombination \u2013 wie die Evolution von Tieren und Pflanzen. Allerdings ist die Evolution von manchen Viren bis zu eine Million mal schneller als die von Tieren, so dass wir die Evolution von Viren direkt von Jahr zu Jahr beobachten k\u00f6nnen. Im Vortrag wird das Wechselspiel zwischen HIV (Human Immunodeficiency Virus) und dem Immunsystem diskutiert und dargelegt, wie das Virus immer wieder dem Immunsystem ausweicht und sich so \u00fcber viele Jahre im K\u00f6rper fortpflanzen kann. Die schnelle Evolution ist der Hauptgrund, warum es gegen HIV nach wie vor keine Impfung gibt. Eine Grippeinfektion hingegen wird vom Immunsystem innerhalb einiger Wochen besiegt, aber wir werden alle paar Jahre erneut infiziert, da auch dieses Virus sich ver\u00e4ndert.<\/p>\n\n\n\n<p>Das Studium der Evolution von Viren ist zum einen wichtig, um Impfungen und Therapien zu entwickeln, zum anderen bieten Viren die M\u00f6glichkeit, evolution\u00e4re Prozesse zu untersuchen, die in Tieren viele Millionen Jahre dauern w\u00fcrden.<\/p>","protected":false},"excerpt":{"rendered":"<p>Evolution im Zeitraffer Dr. Richard NeherMax-Planck-Institut f\u00fcr Entwicklungsbiologie, T\u00fcbingen Unser Immunsystem erkennt und zerst\u00f6rt Krankheitserreger oder infizierte Zellen und sch\u00fctzt uns von diesem&hellip;<\/p>","protected":false},"author":1,"featured_media":0,"parent":133,"menu_order":33,"comment_status":"closed","ping_status":"closed","template":"","meta":[],"yoast_head":"<!-- This site is optimized with the Yoast SEO plugin v21.2 - https:\/\/yoast.com\/wordpress\/plugins\/seo\/ -->\n<title>SF-2014 Evolution im Zeitraffer - XLAB Stiftung<\/title>\n<meta name=\"robots\" content=\"index, follow, max-snippet:-1, max-image-preview:large, max-video-preview:-1\" \/>\n<link rel=\"canonical\" href=\"https:\/\/xlab-stiftung.de\/en\/science-festival-2004-2017-2\/sf-2015-evolution-im-zeitraffer\/\" \/>\n<meta property=\"og:locale\" content=\"en_US\" \/>\n<meta property=\"og:type\" content=\"article\" \/>\n<meta property=\"og:title\" content=\"SF-2014 Evolution im Zeitraffer - XLAB Stiftung\" \/>\n<meta property=\"og:description\" content=\"Evolution im Zeitraffer Dr. Richard NeherMax-Planck-Institut f\u00fcr Entwicklungsbiologie, T\u00fcbingen Unser Immunsystem erkennt und zerst\u00f6rt Krankheitserreger oder infizierte Zellen und sch\u00fctzt uns von diesem&hellip;\" \/>\n<meta property=\"og:url\" content=\"https:\/\/xlab-stiftung.de\/en\/science-festival-2004-2017-2\/sf-2015-evolution-im-zeitraffer\/\" \/>\n<meta property=\"og:site_name\" content=\"XLAB Stiftung\" \/>\n<meta property=\"article:modified_time\" content=\"2022-12-21T10:17:35+00:00\" \/>\n<meta name=\"twitter:card\" content=\"summary_large_image\" \/>\n<meta name=\"twitter:label1\" content=\"Est. reading time\" \/>\n\t<meta name=\"twitter:data1\" content=\"1 minute\" \/>\n<script type=\"application\/ld+json\" class=\"yoast-schema-graph\">{\"@context\":\"https:\/\/schema.org\",\"@graph\":[{\"@type\":\"WebPage\",\"@id\":\"https:\/\/xlab-stiftung.de\/science-festival-2004-2017-2\/sf-2015-evolution-im-zeitraffer\/\",\"url\":\"https:\/\/xlab-stiftung.de\/science-festival-2004-2017-2\/sf-2015-evolution-im-zeitraffer\/\",\"name\":\"SF-2014 Evolution im Zeitraffer - XLAB Stiftung\",\"isPartOf\":{\"@id\":\"https:\/\/xlab-stiftung.de\/#website\"},\"datePublished\":\"2022-12-21T10:17:16+00:00\",\"dateModified\":\"2022-12-21T10:17:35+00:00\",\"breadcrumb\":{\"@id\":\"https:\/\/xlab-stiftung.de\/science-festival-2004-2017-2\/sf-2015-evolution-im-zeitraffer\/#breadcrumb\"},\"inLanguage\":\"en-US\",\"potentialAction\":[{\"@type\":\"ReadAction\",\"target\":[\"https:\/\/xlab-stiftung.de\/science-festival-2004-2017-2\/sf-2015-evolution-im-zeitraffer\/\"]}]},{\"@type\":\"BreadcrumbList\",\"@id\":\"https:\/\/xlab-stiftung.de\/science-festival-2004-2017-2\/sf-2015-evolution-im-zeitraffer\/#breadcrumb\",\"itemListElement\":[{\"@type\":\"ListItem\",\"position\":1,\"name\":\"Startseite\",\"item\":\"https:\/\/xlab-stiftung.de\/\"},{\"@type\":\"ListItem\",\"position\":2,\"name\":\"Science Festival 2004-2023\",\"item\":\"https:\/\/xlab-stiftung.de\/science-festival-2004-2017-2\/\"},{\"@type\":\"ListItem\",\"position\":3,\"name\":\"SF-2014 Evolution im Zeitraffer\"}]},{\"@type\":\"WebSite\",\"@id\":\"https:\/\/xlab-stiftung.de\/#website\",\"url\":\"https:\/\/xlab-stiftung.de\/\",\"name\":\"XLAB Stiftung\",\"description\":\"\",\"publisher\":{\"@id\":\"https:\/\/xlab-stiftung.de\/#organization\"},\"potentialAction\":[{\"@type\":\"SearchAction\",\"target\":{\"@type\":\"EntryPoint\",\"urlTemplate\":\"https:\/\/xlab-stiftung.de\/?s={search_term_string}\"},\"query-input\":\"required name=search_term_string\"}],\"inLanguage\":\"en-US\"},{\"@type\":\"Organization\",\"@id\":\"https:\/\/xlab-stiftung.de\/#organization\",\"name\":\"XLAB Stiftung\",\"url\":\"https:\/\/xlab-stiftung.de\/\",\"logo\":{\"@type\":\"ImageObject\",\"inLanguage\":\"en-US\",\"@id\":\"https:\/\/xlab-stiftung.de\/#\/schema\/logo\/image\/\",\"url\":\"https:\/\/xlab-stiftung.de\/wp-content\/uploads\/2023\/01\/ezgif.com-gif-maker-5.gif\",\"contentUrl\":\"https:\/\/xlab-stiftung.de\/wp-content\/uploads\/2023\/01\/ezgif.com-gif-maker-5.gif\",\"width\":2048,\"height\":230,\"caption\":\"XLAB Stiftung\"},\"image\":{\"@id\":\"https:\/\/xlab-stiftung.de\/#\/schema\/logo\/image\/\"}}]}<\/script>\n<!-- \/ Yoast SEO plugin. -->","yoast_head_json":{"title":"SF-2014 Evolution im Zeitraffer - XLAB Stiftung","robots":{"index":"index","follow":"follow","max-snippet":"max-snippet:-1","max-image-preview":"max-image-preview:large","max-video-preview":"max-video-preview:-1"},"canonical":"https:\/\/xlab-stiftung.de\/en\/science-festival-2004-2017-2\/sf-2015-evolution-im-zeitraffer\/","og_locale":"en_US","og_type":"article","og_title":"SF-2014 Evolution im Zeitraffer - XLAB Stiftung","og_description":"Evolution im Zeitraffer Dr. Richard NeherMax-Planck-Institut f\u00fcr Entwicklungsbiologie, T\u00fcbingen Unser Immunsystem erkennt und zerst\u00f6rt Krankheitserreger oder infizierte Zellen und sch\u00fctzt uns von diesem&hellip;","og_url":"https:\/\/xlab-stiftung.de\/en\/science-festival-2004-2017-2\/sf-2015-evolution-im-zeitraffer\/","og_site_name":"XLAB Stiftung","article_modified_time":"2022-12-21T10:17:35+00:00","twitter_card":"summary_large_image","twitter_misc":{"Est. reading time":"1 minute"},"schema":{"@context":"https:\/\/schema.org","@graph":[{"@type":"WebPage","@id":"https:\/\/xlab-stiftung.de\/science-festival-2004-2017-2\/sf-2015-evolution-im-zeitraffer\/","url":"https:\/\/xlab-stiftung.de\/science-festival-2004-2017-2\/sf-2015-evolution-im-zeitraffer\/","name":"SF-2014 Evolution im Zeitraffer - XLAB Stiftung","isPartOf":{"@id":"https:\/\/xlab-stiftung.de\/#website"},"datePublished":"2022-12-21T10:17:16+00:00","dateModified":"2022-12-21T10:17:35+00:00","breadcrumb":{"@id":"https:\/\/xlab-stiftung.de\/science-festival-2004-2017-2\/sf-2015-evolution-im-zeitraffer\/#breadcrumb"},"inLanguage":"en-US","potentialAction":[{"@type":"ReadAction","target":["https:\/\/xlab-stiftung.de\/science-festival-2004-2017-2\/sf-2015-evolution-im-zeitraffer\/"]}]},{"@type":"BreadcrumbList","@id":"https:\/\/xlab-stiftung.de\/science-festival-2004-2017-2\/sf-2015-evolution-im-zeitraffer\/#breadcrumb","itemListElement":[{"@type":"ListItem","position":1,"name":"Startseite","item":"https:\/\/xlab-stiftung.de\/"},{"@type":"ListItem","position":2,"name":"Science Festival 2004-2023","item":"https:\/\/xlab-stiftung.de\/science-festival-2004-2017-2\/"},{"@type":"ListItem","position":3,"name":"SF-2014 Evolution im Zeitraffer"}]},{"@type":"WebSite","@id":"https:\/\/xlab-stiftung.de\/#website","url":"https:\/\/xlab-stiftung.de\/","name":"XLAB Stiftung","description":"","publisher":{"@id":"https:\/\/xlab-stiftung.de\/#organization"},"potentialAction":[{"@type":"SearchAction","target":{"@type":"EntryPoint","urlTemplate":"https:\/\/xlab-stiftung.de\/?s={search_term_string}"},"query-input":"required name=search_term_string"}],"inLanguage":"en-US"},{"@type":"Organization","@id":"https:\/\/xlab-stiftung.de\/#organization","name":"XLAB Stiftung","url":"https:\/\/xlab-stiftung.de\/","logo":{"@type":"ImageObject","inLanguage":"en-US","@id":"https:\/\/xlab-stiftung.de\/#\/schema\/logo\/image\/","url":"https:\/\/xlab-stiftung.de\/wp-content\/uploads\/2023\/01\/ezgif.com-gif-maker-5.gif","contentUrl":"https:\/\/xlab-stiftung.de\/wp-content\/uploads\/2023\/01\/ezgif.com-gif-maker-5.gif","width":2048,"height":230,"caption":"XLAB Stiftung"},"image":{"@id":"https:\/\/xlab-stiftung.de\/#\/schema\/logo\/image\/"}}]}},"_links":{"self":[{"href":"https:\/\/xlab-stiftung.de\/en\/wp-json\/wp\/v2\/pages\/553"}],"collection":[{"href":"https:\/\/xlab-stiftung.de\/en\/wp-json\/wp\/v2\/pages"}],"about":[{"href":"https:\/\/xlab-stiftung.de\/en\/wp-json\/wp\/v2\/types\/page"}],"author":[{"embeddable":true,"href":"https:\/\/xlab-stiftung.de\/en\/wp-json\/wp\/v2\/users\/1"}],"replies":[{"embeddable":true,"href":"https:\/\/xlab-stiftung.de\/en\/wp-json\/wp\/v2\/comments?post=553"}],"version-history":[{"count":2,"href":"https:\/\/xlab-stiftung.de\/en\/wp-json\/wp\/v2\/pages\/553\/revisions"}],"predecessor-version":[{"id":559,"href":"https:\/\/xlab-stiftung.de\/en\/wp-json\/wp\/v2\/pages\/553\/revisions\/559"}],"up":[{"embeddable":true,"href":"https:\/\/xlab-stiftung.de\/en\/wp-json\/wp\/v2\/pages\/133"}],"wp:attachment":[{"href":"https:\/\/xlab-stiftung.de\/en\/wp-json\/wp\/v2\/media?parent=553"}],"curies":[{"name":"wp","href":"https:\/\/api.w.org\/{rel}","templated":true}]}}