{"id":565,"date":"2022-12-21T10:18:41","date_gmt":"2022-12-21T10:18:41","guid":{"rendered":"https:\/\/xlab-stiftung.de\/?page_id=565"},"modified":"2022-12-21T10:18:41","modified_gmt":"2022-12-21T10:18:41","slug":"sf-2014-entwicklung-und-evolution-von-farbmustern-bei-fischen","status":"publish","type":"page","link":"https:\/\/xlab-stiftung.de\/en\/science-festival-2004-2017-2\/sf-2014-entwicklung-und-evolution-von-farbmustern-bei-fischen\/","title":{"rendered":"SF-2014 <strong><a href=\"\/en\/5529555.html\/?&amp;L=1%20%20%20%20%20%20%20%20%20%20%20%20%20%20%20%20%20%20%20%20%20%20%20%20%20%20%20%20%20Result%3A%20%3F%3F%20%3F%3F%3F%3F%3F%3F%3F%20%3F%3F%3F%3F%3F%20%3F%3F%3Fkursname%3DAnatomie\">Entwicklung und Evolution von Farbmustern bei Fischen<\/a><\/strong>"},"content":{"rendered":"<p><em>Prof. Dr. Christiane N\u00fcsslein-Volhard,<br>Max-Planck-Institut f\u00fcr Entwicklungsbiologie, T\u00fcbingen<\/em><\/p>\n\n\n\n<p>Ein augenf\u00e4lliges Merkmal der Gestalt von Wirbeltieren ist \u2013 neben ihrer Gr\u00f6\u00dfe \u2013 die Ausbildung farbiger Muster. Fische beispielsweise haben sch\u00f6ne und vielf\u00e4ltige Farbmuster, die durch die mosaikartige Verteilung verschieden gef\u00e4rbter Pigmentzellen in der Haut zustande kommen. Das Streifenmuster ausgewachsener Zebrafische wird aus dunklen L\u00e4ngsstreifen durch Melanin-haltige Pigmentzellen und hellen Streifen durch gelbe Pigmentzellen gebildet. Silbrige Zellen (Iridophoren) sind in beiden Streifen vorhanden, dadurch erscheint das Muster gl\u00e4nzend. W\u00e4hrend die genetischen Grundlagen der Embryonalentwicklung gut erforscht sind, ist \u00fcber die Mechanismen, die die Strukturen der ausgewachsenen Tiere bilden, wenig bekannt. Das Streifenmuster entsteht im Lauf der Metamorphose im etwa drei Wochen alten Fisch und ersetzt eine schlichtere Larvenf\u00e4rbung. Die Vorl\u00e4ufer der Pigmentzellen stammen aus der Neuralleiste, einem embryonalen Gewebe, dessen Zellen in die Peripherie des K\u00f6rpers wandern und zu den verschiedensten Organen beitragen. Die Neuralleiste gibt es nur bei Wirbeltieren, sie ist die Voraussetzung f\u00fcr ihre Gr\u00f6\u00dfe und Farbigkeit.<\/p>\n\n\n\n<p>Meine Arbeitsgruppe untersucht Zebrafisch-Mutanten, die kein normales Muster bilden. Wir konnten zeigen, dass alle drei Zelltypen notwendig sind und miteinander interagieren m\u00fcssen, um die Streifen zu bilden. Die Pigmentzellen der Streifen kommen von Stammzellen, die an den Ganglien des peripheren Nervensystems sitzen und deren Nachkommen von dort aus entlang der Nerven bis in die Haut wandern. Die ersten Streifen, die ein Fisch ausbildet, entstehen aus silbernen Zellen entlang der Seitenlinie und dunklen Streifen dar\u00fcber und darunter. Im Lauf des Wachstums kommen durch Ausbreitung der Iridophoren nach oben und unten weitere Streifen hinzu.<\/p>\n\n\n\n<p>Farbmuster dienen dem UV-Schutz, der Erkennung von Artgenossen, der Anlockung von Sexualpartnern und auch der Tarnung und sind damit ein besonderer Angriffspunkt f\u00fcr die nat\u00fcrliche und sexuelle Selektion. Ihre Evolution schreitet schnell voran, was daran abzulesen ist, dass die Muster nah verwandter Arten sehr unterschiedlich sein k\u00f6nnen. Mit unserer Arbeit identifizieren wir Gene, die f\u00fcr die Vielfalt und die Evolution der Farbmuster der Wirbeltiere verantwortlich sind.<\/p>\n\n\n\n<p>Nobelpreis f\u00fcr Physiologie oder Medizin 1995<\/p>","protected":false},"excerpt":{"rendered":"<p>Prof. Dr. Christiane N\u00fcsslein-Volhard,Max-Planck-Institut f\u00fcr Entwicklungsbiologie, T\u00fcbingen Ein augenf\u00e4lliges Merkmal der Gestalt von Wirbeltieren ist \u2013 neben ihrer Gr\u00f6\u00dfe \u2013 die Ausbildung farbiger&hellip;<\/p>","protected":false},"author":1,"featured_media":0,"parent":133,"menu_order":53,"comment_status":"closed","ping_status":"closed","template":"","meta":[],"yoast_head":"<!-- This site is optimized with the Yoast SEO plugin v21.2 - https:\/\/yoast.com\/wordpress\/plugins\/seo\/ -->\n<title>SF-2014 Entwicklung und Evolution von Farbmustern bei Fischen - XLAB Stiftung<\/title>\n<meta name=\"robots\" content=\"index, follow, max-snippet:-1, max-image-preview:large, max-video-preview:-1\" \/>\n<link rel=\"canonical\" href=\"https:\/\/xlab-stiftung.de\/en\/science-festival-2004-2017-2\/sf-2014-entwicklung-und-evolution-von-farbmustern-bei-fischen\/\" \/>\n<meta property=\"og:locale\" content=\"en_US\" \/>\n<meta property=\"og:type\" content=\"article\" \/>\n<meta property=\"og:title\" content=\"SF-2014 Entwicklung und Evolution von Farbmustern bei Fischen - XLAB Stiftung\" \/>\n<meta property=\"og:description\" content=\"Prof. Dr. Christiane N\u00fcsslein-Volhard,Max-Planck-Institut f\u00fcr Entwicklungsbiologie, T\u00fcbingen Ein augenf\u00e4lliges Merkmal der Gestalt von Wirbeltieren ist \u2013 neben ihrer Gr\u00f6\u00dfe \u2013 die Ausbildung farbiger&hellip;\" \/>\n<meta property=\"og:url\" content=\"https:\/\/xlab-stiftung.de\/en\/science-festival-2004-2017-2\/sf-2014-entwicklung-und-evolution-von-farbmustern-bei-fischen\/\" \/>\n<meta property=\"og:site_name\" content=\"XLAB Stiftung\" \/>\n<meta name=\"twitter:card\" content=\"summary_large_image\" \/>\n<meta name=\"twitter:label1\" content=\"Est. reading time\" \/>\n\t<meta name=\"twitter:data1\" content=\"2 minutes\" \/>\n<script type=\"application\/ld+json\" class=\"yoast-schema-graph\">{\"@context\":\"https:\/\/schema.org\",\"@graph\":[{\"@type\":\"WebPage\",\"@id\":\"https:\/\/xlab-stiftung.de\/science-festival-2004-2017-2\/sf-2014-entwicklung-und-evolution-von-farbmustern-bei-fischen\/\",\"url\":\"https:\/\/xlab-stiftung.de\/science-festival-2004-2017-2\/sf-2014-entwicklung-und-evolution-von-farbmustern-bei-fischen\/\",\"name\":\"SF-2014 Entwicklung und Evolution von Farbmustern bei Fischen - XLAB Stiftung\",\"isPartOf\":{\"@id\":\"https:\/\/xlab-stiftung.de\/#website\"},\"datePublished\":\"2022-12-21T10:18:41+00:00\",\"dateModified\":\"2022-12-21T10:18:41+00:00\",\"breadcrumb\":{\"@id\":\"https:\/\/xlab-stiftung.de\/science-festival-2004-2017-2\/sf-2014-entwicklung-und-evolution-von-farbmustern-bei-fischen\/#breadcrumb\"},\"inLanguage\":\"en-US\",\"potentialAction\":[{\"@type\":\"ReadAction\",\"target\":[\"https:\/\/xlab-stiftung.de\/science-festival-2004-2017-2\/sf-2014-entwicklung-und-evolution-von-farbmustern-bei-fischen\/\"]}]},{\"@type\":\"BreadcrumbList\",\"@id\":\"https:\/\/xlab-stiftung.de\/science-festival-2004-2017-2\/sf-2014-entwicklung-und-evolution-von-farbmustern-bei-fischen\/#breadcrumb\",\"itemListElement\":[{\"@type\":\"ListItem\",\"position\":1,\"name\":\"Startseite\",\"item\":\"https:\/\/xlab-stiftung.de\/\"},{\"@type\":\"ListItem\",\"position\":2,\"name\":\"Science Festival 2004-2023\",\"item\":\"https:\/\/xlab-stiftung.de\/science-festival-2004-2017-2\/\"},{\"@type\":\"ListItem\",\"position\":3,\"name\":\"SF-2014 Entwicklung und Evolution von Farbmustern bei Fischen\"}]},{\"@type\":\"WebSite\",\"@id\":\"https:\/\/xlab-stiftung.de\/#website\",\"url\":\"https:\/\/xlab-stiftung.de\/\",\"name\":\"XLAB Stiftung\",\"description\":\"\",\"publisher\":{\"@id\":\"https:\/\/xlab-stiftung.de\/#organization\"},\"potentialAction\":[{\"@type\":\"SearchAction\",\"target\":{\"@type\":\"EntryPoint\",\"urlTemplate\":\"https:\/\/xlab-stiftung.de\/?s={search_term_string}\"},\"query-input\":\"required name=search_term_string\"}],\"inLanguage\":\"en-US\"},{\"@type\":\"Organization\",\"@id\":\"https:\/\/xlab-stiftung.de\/#organization\",\"name\":\"XLAB Stiftung\",\"url\":\"https:\/\/xlab-stiftung.de\/\",\"logo\":{\"@type\":\"ImageObject\",\"inLanguage\":\"en-US\",\"@id\":\"https:\/\/xlab-stiftung.de\/#\/schema\/logo\/image\/\",\"url\":\"https:\/\/xlab-stiftung.de\/wp-content\/uploads\/2023\/01\/ezgif.com-gif-maker-5.gif\",\"contentUrl\":\"https:\/\/xlab-stiftung.de\/wp-content\/uploads\/2023\/01\/ezgif.com-gif-maker-5.gif\",\"width\":2048,\"height\":230,\"caption\":\"XLAB Stiftung\"},\"image\":{\"@id\":\"https:\/\/xlab-stiftung.de\/#\/schema\/logo\/image\/\"}}]}<\/script>\n<!-- \/ Yoast SEO plugin. -->","yoast_head_json":{"title":"SF-2014 Entwicklung und Evolution von Farbmustern bei Fischen - XLAB Stiftung","robots":{"index":"index","follow":"follow","max-snippet":"max-snippet:-1","max-image-preview":"max-image-preview:large","max-video-preview":"max-video-preview:-1"},"canonical":"https:\/\/xlab-stiftung.de\/en\/science-festival-2004-2017-2\/sf-2014-entwicklung-und-evolution-von-farbmustern-bei-fischen\/","og_locale":"en_US","og_type":"article","og_title":"SF-2014 Entwicklung und Evolution von Farbmustern bei Fischen - XLAB Stiftung","og_description":"Prof. Dr. Christiane N\u00fcsslein-Volhard,Max-Planck-Institut f\u00fcr Entwicklungsbiologie, T\u00fcbingen Ein augenf\u00e4lliges Merkmal der Gestalt von Wirbeltieren ist \u2013 neben ihrer Gr\u00f6\u00dfe \u2013 die Ausbildung farbiger&hellip;","og_url":"https:\/\/xlab-stiftung.de\/en\/science-festival-2004-2017-2\/sf-2014-entwicklung-und-evolution-von-farbmustern-bei-fischen\/","og_site_name":"XLAB Stiftung","twitter_card":"summary_large_image","twitter_misc":{"Est. reading time":"2 minutes"},"schema":{"@context":"https:\/\/schema.org","@graph":[{"@type":"WebPage","@id":"https:\/\/xlab-stiftung.de\/science-festival-2004-2017-2\/sf-2014-entwicklung-und-evolution-von-farbmustern-bei-fischen\/","url":"https:\/\/xlab-stiftung.de\/science-festival-2004-2017-2\/sf-2014-entwicklung-und-evolution-von-farbmustern-bei-fischen\/","name":"SF-2014 Entwicklung und Evolution von Farbmustern bei Fischen - XLAB Stiftung","isPartOf":{"@id":"https:\/\/xlab-stiftung.de\/#website"},"datePublished":"2022-12-21T10:18:41+00:00","dateModified":"2022-12-21T10:18:41+00:00","breadcrumb":{"@id":"https:\/\/xlab-stiftung.de\/science-festival-2004-2017-2\/sf-2014-entwicklung-und-evolution-von-farbmustern-bei-fischen\/#breadcrumb"},"inLanguage":"en-US","potentialAction":[{"@type":"ReadAction","target":["https:\/\/xlab-stiftung.de\/science-festival-2004-2017-2\/sf-2014-entwicklung-und-evolution-von-farbmustern-bei-fischen\/"]}]},{"@type":"BreadcrumbList","@id":"https:\/\/xlab-stiftung.de\/science-festival-2004-2017-2\/sf-2014-entwicklung-und-evolution-von-farbmustern-bei-fischen\/#breadcrumb","itemListElement":[{"@type":"ListItem","position":1,"name":"Startseite","item":"https:\/\/xlab-stiftung.de\/"},{"@type":"ListItem","position":2,"name":"Science Festival 2004-2023","item":"https:\/\/xlab-stiftung.de\/science-festival-2004-2017-2\/"},{"@type":"ListItem","position":3,"name":"SF-2014 Entwicklung und Evolution von Farbmustern bei Fischen"}]},{"@type":"WebSite","@id":"https:\/\/xlab-stiftung.de\/#website","url":"https:\/\/xlab-stiftung.de\/","name":"XLAB Stiftung","description":"","publisher":{"@id":"https:\/\/xlab-stiftung.de\/#organization"},"potentialAction":[{"@type":"SearchAction","target":{"@type":"EntryPoint","urlTemplate":"https:\/\/xlab-stiftung.de\/?s={search_term_string}"},"query-input":"required name=search_term_string"}],"inLanguage":"en-US"},{"@type":"Organization","@id":"https:\/\/xlab-stiftung.de\/#organization","name":"XLAB Stiftung","url":"https:\/\/xlab-stiftung.de\/","logo":{"@type":"ImageObject","inLanguage":"en-US","@id":"https:\/\/xlab-stiftung.de\/#\/schema\/logo\/image\/","url":"https:\/\/xlab-stiftung.de\/wp-content\/uploads\/2023\/01\/ezgif.com-gif-maker-5.gif","contentUrl":"https:\/\/xlab-stiftung.de\/wp-content\/uploads\/2023\/01\/ezgif.com-gif-maker-5.gif","width":2048,"height":230,"caption":"XLAB Stiftung"},"image":{"@id":"https:\/\/xlab-stiftung.de\/#\/schema\/logo\/image\/"}}]}},"_links":{"self":[{"href":"https:\/\/xlab-stiftung.de\/en\/wp-json\/wp\/v2\/pages\/565"}],"collection":[{"href":"https:\/\/xlab-stiftung.de\/en\/wp-json\/wp\/v2\/pages"}],"about":[{"href":"https:\/\/xlab-stiftung.de\/en\/wp-json\/wp\/v2\/types\/page"}],"author":[{"embeddable":true,"href":"https:\/\/xlab-stiftung.de\/en\/wp-json\/wp\/v2\/users\/1"}],"replies":[{"embeddable":true,"href":"https:\/\/xlab-stiftung.de\/en\/wp-json\/wp\/v2\/comments?post=565"}],"version-history":[{"count":1,"href":"https:\/\/xlab-stiftung.de\/en\/wp-json\/wp\/v2\/pages\/565\/revisions"}],"predecessor-version":[{"id":567,"href":"https:\/\/xlab-stiftung.de\/en\/wp-json\/wp\/v2\/pages\/565\/revisions\/567"}],"up":[{"embeddable":true,"href":"https:\/\/xlab-stiftung.de\/en\/wp-json\/wp\/v2\/pages\/133"}],"wp:attachment":[{"href":"https:\/\/xlab-stiftung.de\/en\/wp-json\/wp\/v2\/media?parent=565"}],"curies":[{"name":"wp","href":"https:\/\/api.w.org\/{rel}","templated":true}]}}