{"id":569,"date":"2022-12-21T10:19:09","date_gmt":"2022-12-21T10:19:09","guid":{"rendered":"https:\/\/xlab-stiftung.de\/?page_id=569"},"modified":"2022-12-21T10:19:09","modified_gmt":"2022-12-21T10:19:09","slug":"sf-2014-bekehrung-unterm-galgen","status":"publish","type":"page","link":"https:\/\/xlab-stiftung.de\/en\/science-festival-2004-2017-2\/sf-2014-bekehrung-unterm-galgen\/","title":{"rendered":"SF-2014 <strong><a href=\"\/en\/5549555.html\/?&amp;L=1%20%20%20%20%20%20%20%20%20%20%20%20%20%20%20%20%20%20%20%20%20%20%20%20%20%20%20%20%20Result%3A%20%3F%3F%20%3F%3F%3F%3F%3F%3F%3F%20%3F%3F%3F%3F%3F%20%3F%3F%3Fkursname%3DAnatomie\">Bekehrung unterm Galgen<\/a><\/strong>"},"content":{"rendered":"<p><em>Prof. Dr. Manfred Jakubowski-Tiessen,<br><\/em><em>Universit\u00e4t G\u00f6ttingen<\/em><\/p>\n\n\n\n<p>Der Vortrag stellt einen M\u00f6rder und einer M\u00f6rderin und die Pfarrer vor, die diese zum Schafott begleiteten. Aufgabe der Pfarrer war es, die zum Tode Verurteilten vor ihrer Hinrichtung zu bekehren und zu einem \u00f6ffentlichen Bekenntnis ihrer Umkehr zu bewegen. Im 18. Jahrhundert wurden detaillierte Aufzeichnungen \u00fcber diese F\u00e4lle verfasst, wobei in der Schilderung die Grausamkeit des Verbrechens und die Gnadenhaftigkeit der Bekehrung bewusst zueinander in Spannung gesetzt wurden. Au\u00dferdem wird vom Mord aus Lebens\u00fcberdruss die Rede sein. Die Berichte, die sowohl einen abschreckenden als auch erbaulichen Zweck hatten, wurden in speziellen Sammlungen, so genannten Malefikantenberichten, ver\u00f6ffentlicht. In diesen Berichten spiegeln sich Diskurse \u00fcber religi\u00f6se Praktiken wider, die uns heute konsternieren und die zugleich zeigen, dass das 18. Jahrhundert nicht schlechthin das Jahrhundert der Aufkl\u00e4rung war. Der Vortrag wird ebenfalls die sozialgeschichtlichen Kontexte dieses au\u00dfergew\u00f6hnlichen Ph\u00e4nomens beleuchten.<\/p>","protected":false},"excerpt":{"rendered":"<p>Prof. Dr. Manfred Jakubowski-Tiessen,Universit\u00e4t G\u00f6ttingen Der Vortrag stellt einen M\u00f6rder und einer M\u00f6rderin und die Pfarrer vor, die diese zum Schafott begleiteten. Aufgabe&hellip;<\/p>","protected":false},"author":1,"featured_media":0,"parent":133,"menu_order":52,"comment_status":"closed","ping_status":"closed","template":"","meta":[],"yoast_head":"<!-- This site is optimized with the Yoast SEO plugin v21.2 - https:\/\/yoast.com\/wordpress\/plugins\/seo\/ -->\n<title>SF-2014 Bekehrung unterm Galgen - XLAB Stiftung<\/title>\n<meta name=\"robots\" content=\"index, follow, max-snippet:-1, max-image-preview:large, max-video-preview:-1\" \/>\n<link rel=\"canonical\" href=\"https:\/\/xlab-stiftung.de\/en\/science-festival-2004-2017-2\/sf-2014-bekehrung-unterm-galgen\/\" \/>\n<meta property=\"og:locale\" content=\"en_US\" \/>\n<meta property=\"og:type\" content=\"article\" \/>\n<meta property=\"og:title\" content=\"SF-2014 Bekehrung unterm Galgen - XLAB Stiftung\" \/>\n<meta property=\"og:description\" content=\"Prof. Dr. Manfred Jakubowski-Tiessen,Universit\u00e4t G\u00f6ttingen Der Vortrag stellt einen M\u00f6rder und einer M\u00f6rderin und die Pfarrer vor, die diese zum Schafott begleiteten. Aufgabe&hellip;\" \/>\n<meta property=\"og:url\" content=\"https:\/\/xlab-stiftung.de\/en\/science-festival-2004-2017-2\/sf-2014-bekehrung-unterm-galgen\/\" \/>\n<meta property=\"og:site_name\" content=\"XLAB Stiftung\" \/>\n<meta name=\"twitter:card\" content=\"summary_large_image\" \/>\n<meta name=\"twitter:label1\" content=\"Est. reading time\" \/>\n\t<meta name=\"twitter:data1\" content=\"1 minute\" \/>\n<script type=\"application\/ld+json\" class=\"yoast-schema-graph\">{\"@context\":\"https:\/\/schema.org\",\"@graph\":[{\"@type\":\"WebPage\",\"@id\":\"https:\/\/xlab-stiftung.de\/science-festival-2004-2017-2\/sf-2014-bekehrung-unterm-galgen\/\",\"url\":\"https:\/\/xlab-stiftung.de\/science-festival-2004-2017-2\/sf-2014-bekehrung-unterm-galgen\/\",\"name\":\"SF-2014 Bekehrung unterm Galgen - XLAB Stiftung\",\"isPartOf\":{\"@id\":\"https:\/\/xlab-stiftung.de\/#website\"},\"datePublished\":\"2022-12-21T10:19:09+00:00\",\"dateModified\":\"2022-12-21T10:19:09+00:00\",\"breadcrumb\":{\"@id\":\"https:\/\/xlab-stiftung.de\/science-festival-2004-2017-2\/sf-2014-bekehrung-unterm-galgen\/#breadcrumb\"},\"inLanguage\":\"en-US\",\"potentialAction\":[{\"@type\":\"ReadAction\",\"target\":[\"https:\/\/xlab-stiftung.de\/science-festival-2004-2017-2\/sf-2014-bekehrung-unterm-galgen\/\"]}]},{\"@type\":\"BreadcrumbList\",\"@id\":\"https:\/\/xlab-stiftung.de\/science-festival-2004-2017-2\/sf-2014-bekehrung-unterm-galgen\/#breadcrumb\",\"itemListElement\":[{\"@type\":\"ListItem\",\"position\":1,\"name\":\"Startseite\",\"item\":\"https:\/\/xlab-stiftung.de\/\"},{\"@type\":\"ListItem\",\"position\":2,\"name\":\"Science Festival 2004-2023\",\"item\":\"https:\/\/xlab-stiftung.de\/science-festival-2004-2017-2\/\"},{\"@type\":\"ListItem\",\"position\":3,\"name\":\"SF-2014 Bekehrung unterm Galgen\"}]},{\"@type\":\"WebSite\",\"@id\":\"https:\/\/xlab-stiftung.de\/#website\",\"url\":\"https:\/\/xlab-stiftung.de\/\",\"name\":\"XLAB Stiftung\",\"description\":\"\",\"publisher\":{\"@id\":\"https:\/\/xlab-stiftung.de\/#organization\"},\"potentialAction\":[{\"@type\":\"SearchAction\",\"target\":{\"@type\":\"EntryPoint\",\"urlTemplate\":\"https:\/\/xlab-stiftung.de\/?s={search_term_string}\"},\"query-input\":\"required name=search_term_string\"}],\"inLanguage\":\"en-US\"},{\"@type\":\"Organization\",\"@id\":\"https:\/\/xlab-stiftung.de\/#organization\",\"name\":\"XLAB Stiftung\",\"url\":\"https:\/\/xlab-stiftung.de\/\",\"logo\":{\"@type\":\"ImageObject\",\"inLanguage\":\"en-US\",\"@id\":\"https:\/\/xlab-stiftung.de\/#\/schema\/logo\/image\/\",\"url\":\"https:\/\/xlab-stiftung.de\/wp-content\/uploads\/2023\/01\/ezgif.com-gif-maker-5.gif\",\"contentUrl\":\"https:\/\/xlab-stiftung.de\/wp-content\/uploads\/2023\/01\/ezgif.com-gif-maker-5.gif\",\"width\":2048,\"height\":230,\"caption\":\"XLAB Stiftung\"},\"image\":{\"@id\":\"https:\/\/xlab-stiftung.de\/#\/schema\/logo\/image\/\"}}]}<\/script>\n<!-- \/ Yoast SEO plugin. -->","yoast_head_json":{"title":"SF-2014 Bekehrung unterm Galgen - XLAB Stiftung","robots":{"index":"index","follow":"follow","max-snippet":"max-snippet:-1","max-image-preview":"max-image-preview:large","max-video-preview":"max-video-preview:-1"},"canonical":"https:\/\/xlab-stiftung.de\/en\/science-festival-2004-2017-2\/sf-2014-bekehrung-unterm-galgen\/","og_locale":"en_US","og_type":"article","og_title":"SF-2014 Bekehrung unterm Galgen - XLAB Stiftung","og_description":"Prof. Dr. Manfred Jakubowski-Tiessen,Universit\u00e4t G\u00f6ttingen Der Vortrag stellt einen M\u00f6rder und einer M\u00f6rderin und die Pfarrer vor, die diese zum Schafott begleiteten. Aufgabe&hellip;","og_url":"https:\/\/xlab-stiftung.de\/en\/science-festival-2004-2017-2\/sf-2014-bekehrung-unterm-galgen\/","og_site_name":"XLAB Stiftung","twitter_card":"summary_large_image","twitter_misc":{"Est. reading time":"1 minute"},"schema":{"@context":"https:\/\/schema.org","@graph":[{"@type":"WebPage","@id":"https:\/\/xlab-stiftung.de\/science-festival-2004-2017-2\/sf-2014-bekehrung-unterm-galgen\/","url":"https:\/\/xlab-stiftung.de\/science-festival-2004-2017-2\/sf-2014-bekehrung-unterm-galgen\/","name":"SF-2014 Bekehrung unterm Galgen - XLAB Stiftung","isPartOf":{"@id":"https:\/\/xlab-stiftung.de\/#website"},"datePublished":"2022-12-21T10:19:09+00:00","dateModified":"2022-12-21T10:19:09+00:00","breadcrumb":{"@id":"https:\/\/xlab-stiftung.de\/science-festival-2004-2017-2\/sf-2014-bekehrung-unterm-galgen\/#breadcrumb"},"inLanguage":"en-US","potentialAction":[{"@type":"ReadAction","target":["https:\/\/xlab-stiftung.de\/science-festival-2004-2017-2\/sf-2014-bekehrung-unterm-galgen\/"]}]},{"@type":"BreadcrumbList","@id":"https:\/\/xlab-stiftung.de\/science-festival-2004-2017-2\/sf-2014-bekehrung-unterm-galgen\/#breadcrumb","itemListElement":[{"@type":"ListItem","position":1,"name":"Startseite","item":"https:\/\/xlab-stiftung.de\/"},{"@type":"ListItem","position":2,"name":"Science Festival 2004-2023","item":"https:\/\/xlab-stiftung.de\/science-festival-2004-2017-2\/"},{"@type":"ListItem","position":3,"name":"SF-2014 Bekehrung unterm Galgen"}]},{"@type":"WebSite","@id":"https:\/\/xlab-stiftung.de\/#website","url":"https:\/\/xlab-stiftung.de\/","name":"XLAB Stiftung","description":"","publisher":{"@id":"https:\/\/xlab-stiftung.de\/#organization"},"potentialAction":[{"@type":"SearchAction","target":{"@type":"EntryPoint","urlTemplate":"https:\/\/xlab-stiftung.de\/?s={search_term_string}"},"query-input":"required name=search_term_string"}],"inLanguage":"en-US"},{"@type":"Organization","@id":"https:\/\/xlab-stiftung.de\/#organization","name":"XLAB Stiftung","url":"https:\/\/xlab-stiftung.de\/","logo":{"@type":"ImageObject","inLanguage":"en-US","@id":"https:\/\/xlab-stiftung.de\/#\/schema\/logo\/image\/","url":"https:\/\/xlab-stiftung.de\/wp-content\/uploads\/2023\/01\/ezgif.com-gif-maker-5.gif","contentUrl":"https:\/\/xlab-stiftung.de\/wp-content\/uploads\/2023\/01\/ezgif.com-gif-maker-5.gif","width":2048,"height":230,"caption":"XLAB Stiftung"},"image":{"@id":"https:\/\/xlab-stiftung.de\/#\/schema\/logo\/image\/"}}]}},"_links":{"self":[{"href":"https:\/\/xlab-stiftung.de\/en\/wp-json\/wp\/v2\/pages\/569"}],"collection":[{"href":"https:\/\/xlab-stiftung.de\/en\/wp-json\/wp\/v2\/pages"}],"about":[{"href":"https:\/\/xlab-stiftung.de\/en\/wp-json\/wp\/v2\/types\/page"}],"author":[{"embeddable":true,"href":"https:\/\/xlab-stiftung.de\/en\/wp-json\/wp\/v2\/users\/1"}],"replies":[{"embeddable":true,"href":"https:\/\/xlab-stiftung.de\/en\/wp-json\/wp\/v2\/comments?post=569"}],"version-history":[{"count":1,"href":"https:\/\/xlab-stiftung.de\/en\/wp-json\/wp\/v2\/pages\/569\/revisions"}],"predecessor-version":[{"id":571,"href":"https:\/\/xlab-stiftung.de\/en\/wp-json\/wp\/v2\/pages\/569\/revisions\/571"}],"up":[{"embeddable":true,"href":"https:\/\/xlab-stiftung.de\/en\/wp-json\/wp\/v2\/pages\/133"}],"wp:attachment":[{"href":"https:\/\/xlab-stiftung.de\/en\/wp-json\/wp\/v2\/media?parent=569"}],"curies":[{"name":"wp","href":"https:\/\/api.w.org\/{rel}","templated":true}]}}